{"id":10320,"date":"2024-06-25T18:02:41","date_gmt":"2024-06-25T16:02:41","guid":{"rendered":"https:\/\/www.lastrada-derweg.org\/?page_id=10320"},"modified":"2024-10-28T14:20:49","modified_gmt":"2024-10-28T13:20:49","slug":"explora","status":"publish","type":"page","link":"https:\/\/www.lastrada-derweg.org\/?page_id=10320&lang=de","title":{"rendered":"Explora"},"content":{"rendered":"<div class=\"wpb-content-wrapper\"><p>[vc_row][vc_column width=&#8221;1\/2&#8243;][vc_custom_heading text=&#8221;Wo&#8221; use_theme_fonts=&#8221;yes&#8221;][vc_column_text css=&#8221;&#8221;]<strong>Explora Dienst<\/strong><\/p>\n<p>Europaalle 35\/B Bozen<br \/>\n<a href=\"mailto:explora@lastrada-derweg.org\">explora@lastrada-derweg.org<\/a><\/p>\n<p>Koordinatorin: <strong>Rita Mentzel<\/strong> &#8211; 366 6292595[\/vc_column_text][vc_custom_heading text=&#8221;Wer&#8221; use_theme_fonts=&#8221;yes&#8221;][vc_column_text css=&#8221;&#8221;]Der Dienst Explora, der seit 2022 zum Verein \u201eLa Strada-Der Weg ONLUS\u201c geh\u00f6rt, ist ein Dienst bestehend aus Kunst- und Musiktherapeuten\/innen und Experten\/innen aus verschiedenen psycho-p\u00e4dagogischen Bereichen. Explora bietet Einrichtungen Projekte f\u00fcr Minderj\u00e4hrige und Erwachsene an.<\/p>\n<p>.[\/vc_column_text][\/vc_column][vc_column width=&#8221;1\/2&#8243;][vc_single_image image=&#8221;10556&#8243; img_size=&#8221;full&#8221; css=&#8221;&#8221;][\/vc_column][\/vc_row][vc_row][vc_column][vc_custom_heading text=&#8221;Was&#8221; use_theme_fonts=&#8221;yes&#8221;][vc_column_text css=&#8221;&#8221;]Das Projekt zielt darauf ab, durch individuelle oder Gruppeninterventionen in verschiedenen Situationen eine angemessene Intervention anzubieten:<\/p>\n<p>Kunst-Workshops<\/p>\n<p>Musik-Workshops<\/p>\n<p>Kunsttherapie-Projekte<\/p>\n<p>Musiktherapie-Projekte[\/vc_column_text][\/vc_column][\/vc_row][vc_row][vc_column width=&#8221;1\/3&#8243;][vc_custom_heading text=&#8221;F\u00fcr wen&#8221; use_theme_fonts=&#8221;yes&#8221;][vc_column_text css=&#8221;&#8221;]Schulen, Minderj\u00e4hrige, die Unterst\u00fctztung ben\u00f6tigen, Menschen mit Beeintr\u00e4chtigungen, \u00e4ltere Menschen, Erwachsene mit psychischen Problemen, Lehrer\/innen, Sozial- und Gesundheitsfachkr\u00e4fte, Dienste und Einrichtungen in der Provinz Bozen.[\/vc_column_text][\/vc_column][vc_column width=&#8221;1\/3&#8243;][vc_custom_heading text=&#8221;Warum&#8221; use_theme_fonts=&#8221;yes&#8221;][vc_column_text css=&#8221;&#8221;]Den Menschen werden neue Instrumente zur Verf\u00fcgung gestellt, die das \u00a0Bewusstsein und eine bessere Kommunikation \u00fcber ihre emotionalen Zust\u00e4nde f\u00f6rdern, und gleichzeitig die Kommunikation mit anderen Menschen und ihr Wohlbefinden verbessern.[\/vc_column_text][\/vc_column][vc_column width=&#8221;1\/3&#8243;][vc_custom_heading text=&#8221;Wann&#8221; use_theme_fonts=&#8221;yes&#8221;][vc_column_text css=&#8221;&#8221;]Es werden Treffen und Workshops organisiert, die je nach Ma\u00dfnahme abgestimmt sind. Diese werden je nach den unterschiedlichen Bed\u00fcrfnissen der Zielgruppe oder des\/dereinzelnen Projektnehmers\/in gemeinsam vereinbart. Es werden Planungstreffen mit allen beteiligten Personen abgehalten, um die Projekte zu planen und anschlie\u00dfend eine abschlie\u00dfende R\u00fcckmeldung \u00fcber den Verlauf zu geben.<\/p>\n<p>Die Treffen und Workshops k\u00f6nnen jederzeit angefragt werden, die entweder innerhalb der verschiedenen Strukturen oder in unser Atelier abgehalten werden k\u00f6nnen.<\/p>\n<p>[\/vc_column_text][\/vc_column][\/vc_row]<\/p>\n<\/div>","protected":false},"excerpt":{"rendered":"<p>[vc_row][vc_column width=&#8221;1\/2&#8243;][vc_custom_heading text=&#8221;Wo&#8221; use_theme_fonts=&#8221;yes&#8221;][vc_column_text css=&#8221;&#8221;]Explora Dienst Europaalle 35\/B Bozen explora@lastrada-derweg.org Koordinatorin: Rita Mentzel &#8211; 366 6292595[\/vc_column_text][vc_custom_heading text=&#8221;Wer&#8221; use_theme_fonts=&#8221;yes&#8221;][vc_column_text css=&#8221;&#8221;]Der Dienst Explora, der seit 2022 zum Verein \u201eLa Strada-Der Weg ONLUS\u201c geh\u00f6rt, ist ein Dienst bestehend aus Kunst- und Musiktherapeuten\/innen und Experten\/innen aus verschiedenen psycho-p\u00e4dagogischen Bereichen. Explora bietet Einrichtungen Projekte f\u00fcr Minderj\u00e4hrige und Erwachsene an. .[\/vc_column_text][\/vc_column][vc_column&hellip;<\/p>\n","protected":false},"author":2,"featured_media":0,"parent":1799,"menu_order":0,"comment_status":"closed","ping_status":"closed","template":"","meta":{"footnotes":""},"class_list":["post-10320","page","type-page","status-publish","hentry","description-off"],"_links":{"self":[{"href":"https:\/\/www.lastrada-derweg.org\/index.php?rest_route=\/wp\/v2\/pages\/10320","targetHints":{"allow":["GET"]}}],"collection":[{"href":"https:\/\/www.lastrada-derweg.org\/index.php?rest_route=\/wp\/v2\/pages"}],"about":[{"href":"https:\/\/www.lastrada-derweg.org\/index.php?rest_route=\/wp\/v2\/types\/page"}],"author":[{"embeddable":true,"href":"https:\/\/www.lastrada-derweg.org\/index.php?rest_route=\/wp\/v2\/users\/2"}],"replies":[{"embeddable":true,"href":"https:\/\/www.lastrada-derweg.org\/index.php?rest_route=%2Fwp%2Fv2%2Fcomments&post=10320"}],"version-history":[{"count":6,"href":"https:\/\/www.lastrada-derweg.org\/index.php?rest_route=\/wp\/v2\/pages\/10320\/revisions"}],"predecessor-version":[{"id":11275,"href":"https:\/\/www.lastrada-derweg.org\/index.php?rest_route=\/wp\/v2\/pages\/10320\/revisions\/11275"}],"up":[{"embeddable":true,"href":"https:\/\/www.lastrada-derweg.org\/index.php?rest_route=\/wp\/v2\/pages\/1799"}],"wp:attachment":[{"href":"https:\/\/www.lastrada-derweg.org\/index.php?rest_route=%2Fwp%2Fv2%2Fmedia&parent=10320"}],"curies":[{"name":"wp","href":"https:\/\/api.w.org\/{rel}","templated":true}]}}