{"id":10578,"date":"2024-07-22T16:23:37","date_gmt":"2024-07-22T14:23:37","guid":{"rendered":"https:\/\/www.lastrada-derweg.org\/?page_id=10578"},"modified":"2024-07-22T16:29:43","modified_gmt":"2024-07-22T14:29:43","slug":"ich-du-wir","status":"publish","type":"page","link":"https:\/\/www.lastrada-derweg.org\/?page_id=10578","title":{"rendered":"Ich, Du&#8230;Wir!"},"content":{"rendered":"<div class=\"wpb-content-wrapper\"><p>[vc_row][vc_column][vc_custom_heading text=&#8221;Ich, Du&#8230;Wir! &#8211; ESF2_f2_0009&#8243; use_theme_fonts=&#8221;yes&#8221; css=&#8221;&#8221;][vc_column_text css=&#8221;&#8221;]<\/p>\n<div class=\"et_pb_module et_pb_wc_additional_info et_pb_wc_additional_info_0_tb_body et_pb_bg_layout_light et_pb_text_align_left\">\n<div class=\"et_pb_module_inner\"><strong>Intervento finanziato dall\u2019Unione Europea e dal Programma FSE+ 2021-2027 della Provincia Autonoma di Bolzano.<\/strong><\/div>\n<\/div>\n<div class=\"et_pb_module et_pb_wc_description et_pb_wc_description_0_tb_body et_pb_bg_layout_light et_pb_text_align_left\">\n<div class=\"et_pb_module_inner\">\n<h5><strong><a href=\"https:\/\/www.ci-effe.net\/wp-content\/uploads\/2024\/01\/IO-TU.NOI_.pdf\" data-cmp-ab=\"2\">INFORMATIVA DI PROGETTO ESF2_f2_0009_ICH, DU\u2026WIR!<\/a><\/strong><\/h5>\n<p><strong>Pagina del sito dell\u2019Ufficio FSE dedicata al progetto<\/strong><\/p>\n<p><a href=\"https:\/\/fse-esf.civis.bz.it\/preiscrizioni_2127\/prj\/15\/show\" data-cmp-ab=\"2\">https:\/\/fse-esf.civis.bz.it\/preiscrizioni_2127\/prj\/15\/show<\/a><\/p>\n<p><strong>Sito dell\u2019Ufficio FSE<\/strong><\/p>\n<p><a href=\"https:\/\/europa.provincia.bz.it\/it\/fse-il-fondo-sociale-europeo-plus\" data-cmp-ab=\"2\">https:\/\/europa.provincia.bz.it\/it\/fse-il-fondo-sociale-europeo-plus<\/a><\/p>\n<h5><strong><a href=\"https:\/\/www.ci-effe.net\/wp-content\/uploads\/2024\/04\/ALT_Condizioni_di_partecipazione_agli_interventi_FSE_Rev00.pdf\" data-cmp-ab=\"2\">Condizioni di partecipazione agli interventi FSE+<\/a><\/strong><\/h5>\n<p>Tutte le persone che partecipano o intendono partecipare a interventi e corsi finanziati dal Fondo sociale europeo Plus della Provincia autonoma di Bolzano sono invitate a prendere visione del documento.<\/p>\n<p><em>Il progetto \u00e8 realizzato in partenariato con l&#8217;Associazione &#8220;LA STRADA \u2013 DER WEG&#8221;, la Cooperativa Sociale EOS e le scuole di rete.<\/em><\/p>\n<p>&nbsp;<\/p>\n<h4><strong>Servizio socio-pedagogico<\/strong><\/h4>\n<p>L\u2019attivit\u00e0 educativa-pedagogica svolta nelle scuole si inserisce nell\u2019ambito degli interventi finanziati dal Fondo Sociale Europeo, azione ES04.6.2.\u2013 f.2 a sostegno dei percorsi di contrasto alla dispersione scolastica, facenti parte del programma FSE plus 2021- 2027, finalizzati al sostegno socio-pedagogico e all\u2019 aiuto psicologico degli studenti con fragilit\u00e0 e specifici bisogni educativi.<\/p>\n<h4><strong>Destinatari<\/strong><\/h4>\n<p>Il progetto si rivolge a studenti e studentesse iscritti nei 13 istituti scolastici di lingua tedesca facenti parte della rete di progetto.<br \/>\nCircolo di Scuola Elementare Egna<br \/>\nCircolo di Scuola Elementare Chiusa I<br \/>\nCircolo di Scuola Elementare Chiusa II<br \/>\nIstituto Comprensivo Appiano 2<br \/>\nIstituto Comprensivo Bolzano Europa<br \/>\nIstituto Comprensivo Bolzano Gries<br \/>\nIstituto Comprensivo Brunico I<br \/>\nIstituto Comprensivo Brunico II<br \/>\nIstituto Comprensivo Lagundo<br \/>\nIstituto Comprensivo Laives\/Leifers<br \/>\nIstituto Comprensivo Merano Maia Bassa<br \/>\nIstituto Comprensivo Termeno<br \/>\nScuola Media Tedesca Oswald Von Wolkenstein (Bressanone)<\/p>\n<h4><strong>FINALIT\u00c0 E RISULTATI ATTESI<\/strong><\/h4>\n<ul>\n<li>Prevenire e ridurre il rischio di abbandono scolastico<\/li>\n<li>Accompagnare e supportare nell\u2019attivit\u00e0 didattica studenti e studentesse con bisogni educativi speciali o con particolari fragilit\u00e0 educative e sociali<\/li>\n<li>Potenziare le competenze linguistiche e di base nonch\u00e9 le life skills<\/li>\n<li>Promuovere un\u2019idea di scuola come luogo di apprendimento creativo<\/li>\n<li>Diffondere valori volti al rispetto, al non giudizio e all\u2019accoglienza di tutti<\/li>\n<li>Sensibilizzare e promuovere conoscenza su specifici temi che coinvolgono direttamente ragazze e ragazzi nella loro quotidianit\u00e0, in una prospettiva di prevenzione del disagio sociale.<\/li>\n<\/ul>\n<h4><strong>DESCRIZIONE<\/strong><\/h4>\n<p>Il progetto promosso nelle scuole primarie e secondarie di primo grado in lingua tedesca, si inserisce nella rete tra scuola, famiglia e territorio.<br \/>\nLe diverse tipologie di intervento proposte mettono al centro studentesse e studenti, considerando potenzialit\u00e0 e fragilit\u00e0 di ognuno, aprendosi all\u2019ascolto dei loro bisogni e aspirazioni. L\u2019obiettivo \u00e8 di accompagnarli in un percorso di crescita personale e formativo, integrando e rafforzando l\u2019importante ruolo educativo e pedagogico gi\u00e0 svolto dalla scuola stessa.<br \/>\nA tale fine vengono proposte diverse tipologie di intervento che si contraddistinguono sia per la modalit\u00e0 di realizzazione che per i contenuti rispettivamente trattati.<\/p>\n<h4><strong>Attivit\u00e0 socio-pedagogiche<\/strong><\/h4>\n<p>Interventi rivolti a singoli studenti che manifestano fragilit\u00e0 e difficolt\u00e0 negli apprendimenti e nella quotidianit\u00e0 scolastica, tali da rendere necessario un intervento individualizzato. L\u2019obiettivo \u00e8 fornire loro strumenti e strategie per fronteggiare con successo le sfide scolastiche, in una prospettiva di inclusione e valorizzazione dell\u2019unicit\u00e0 di ognuno.<\/p>\n<h4><strong>Attivit\u00e0 laboratoriali \u2013 workshop<\/strong><\/h4>\n<p>Proposte molto diversificate tra loro in quanto espressione dei bisogni e delle richieste delle singole scuole partner. Le attivit\u00e0 sono realizzate in collaborazione con professionisti di vari settori, pensate e realizzate per sviluppare specifiche aree di competenza, sia in ambito scolastico che personale.<br \/>\nQueste esperienze uniscono l\u2019unicit\u00e0 di ogni studente alla creativit\u00e0 del gruppo, proponendo spazi di apprendimento costruiti per valorizzare le potenzialit\u00e0 di ognuno, le dinamiche relazionali, nonch\u00e9 a stimolare in loro curiosit\u00e0 e interesse verso specifici ambiti di apprendimento.<\/p>\n<h4><strong>Attivit\u00e0 di orientamento<\/strong><\/h4>\n<p>Attivit\u00e0 volte a promuovere occasioni di informazione, confronto, discussione e sensibilizzazione rispetto ad alcune delle tematiche pi\u00f9 delicate che studentesse e studenti si trovano ad affrontare durante la fase pre-adolescenziale e adolescenziale.<br \/>\nTemi come l\u2019affettivit\u00e0 e sessualit\u00e0, la violenza di genere, le dipendenze da sostanze e le new addiction, l\u2019utilizzo dei social network, le diverse forme di discriminazione vengono approfondite grazie all\u2019aiuto di professionisti esperti della prevenzione e del disagio sociale, che mettendosi in ascolto delle domande, curiosit\u00e0 da parte degli studenti stessi, incoraggiano momenti di scambio e condivisione di esperienze in un clima accogliente e non giudicante.<\/p>\n<h4><strong>Testimonianze<\/strong><\/h4>\n<p>Attivit\u00e0 finalizzate a portare nelle scuole esperienze di vita reale, promosse da testimoni privilegiati, per dare la possibilit\u00e0 ai ragazzi di ascoltare, conoscere e approfondire alcune tematiche tipiche della fase adolescenziale, incoraggiando momenti di autoriflessione e conoscenza di s\u00e9.<\/p>\n<\/div>\n<\/div>\n<p>[\/vc_column_text][\/vc_column][\/vc_row]<\/p>\n<\/div>","protected":false},"excerpt":{"rendered":"<p>[vc_row][vc_column][vc_custom_heading text=&#8221;Ich, Du&#8230;Wir! &#8211; ESF2_f2_0009&#8243; use_theme_fonts=&#8221;yes&#8221; css=&#8221;&#8221;][vc_column_text css=&#8221;&#8221;] Intervento finanziato dall\u2019Unione Europea e dal Programma FSE+ 2021-2027 della Provincia Autonoma di Bolzano. INFORMATIVA DI PROGETTO ESF2_f2_0009_ICH, DU\u2026WIR! Pagina del sito dell\u2019Ufficio FSE dedicata al progetto https:\/\/fse-esf.civis.bz.it\/preiscrizioni_2127\/prj\/15\/show Sito dell\u2019Ufficio FSE https:\/\/europa.provincia.bz.it\/it\/fse-il-fondo-sociale-europeo-plus Condizioni di partecipazione agli interventi FSE+ Tutte le persone che partecipano o intendono partecipare a&hellip;<\/p>\n","protected":false},"author":2,"featured_media":0,"parent":3154,"menu_order":0,"comment_status":"closed","ping_status":"closed","template":"","meta":{"footnotes":""},"class_list":["post-10578","page","type-page","status-publish","hentry","description-off"],"_links":{"self":[{"href":"https:\/\/www.lastrada-derweg.org\/index.php?rest_route=\/wp\/v2\/pages\/10578","targetHints":{"allow":["GET"]}}],"collection":[{"href":"https:\/\/www.lastrada-derweg.org\/index.php?rest_route=\/wp\/v2\/pages"}],"about":[{"href":"https:\/\/www.lastrada-derweg.org\/index.php?rest_route=\/wp\/v2\/types\/page"}],"author":[{"embeddable":true,"href":"https:\/\/www.lastrada-derweg.org\/index.php?rest_route=\/wp\/v2\/users\/2"}],"replies":[{"embeddable":true,"href":"https:\/\/www.lastrada-derweg.org\/index.php?rest_route=%2Fwp%2Fv2%2Fcomments&post=10578"}],"version-history":[{"count":5,"href":"https:\/\/www.lastrada-derweg.org\/index.php?rest_route=\/wp\/v2\/pages\/10578\/revisions"}],"predecessor-version":[{"id":10583,"href":"https:\/\/www.lastrada-derweg.org\/index.php?rest_route=\/wp\/v2\/pages\/10578\/revisions\/10583"}],"up":[{"embeddable":true,"href":"https:\/\/www.lastrada-derweg.org\/index.php?rest_route=\/wp\/v2\/pages\/3154"}],"wp:attachment":[{"href":"https:\/\/www.lastrada-derweg.org\/index.php?rest_route=%2Fwp%2Fv2%2Fmedia&parent=10578"}],"curies":[{"name":"wp","href":"https:\/\/api.w.org\/{rel}","templated":true}]}}