{"id":10619,"date":"2024-07-22T17:28:08","date_gmt":"2024-07-22T15:28:08","guid":{"rendered":"https:\/\/www.lastrada-derweg.org\/?page_id=10619"},"modified":"2025-02-18T11:02:20","modified_gmt":"2025-02-18T10:02:20","slug":"oltre-i-ponti-uber-die-brucken","status":"publish","type":"page","link":"https:\/\/www.lastrada-derweg.org\/?page_id=10619&lang=de","title":{"rendered":"Oltre i ponti &#8211; \u00dcber die Br\u00fccken"},"content":{"rendered":"<div class=\"wpb-content-wrapper\"><p>[vc_row][vc_column width=&#8221;1\/2&#8243;][vc_custom_heading text=&#8221;Oltre i ponti &#8211; \u00dcber die Br\u00fccken&#8221; use_theme_fonts=&#8221;yes&#8221; css=&#8221;&#8221;][vc_column_text css=&#8221;&#8221;]Das Projekt <strong>\u201eOltre i Ponti &#8211; \u00dcber die Br\u00fccken\u201c<\/strong> sieht den Einsatz von sozialen Fachkr\u00e4ften im Kindergarten vor. Diese Soziale Fachlaute, angestellte des dritten Sektors, arbeiten eng mit den p\u00e4dagogischen Fachkr\u00e4ften des \u00f6ffentlichen Kindergartens zusammen. Sie begleiten im Rahmen ihres Auftrags Kinder und deren Familien, die sich in belastenden Lebenssituationen befinden. Zudem entwickeln sie pr\u00e4ventive Angebote im Kindergarten und im sozialen Umfeld der Familien. Das aktuelle Projekt baut auf den Erfahrungen des Pilotprojekts \u201eIl Ponte &#8211; Die Br\u00fccke\u201c, das von 2020 bis 2023 in einigen Kinderg\u00e4rten S\u00fcdtirols umgesetzt wurde. In diesem Zeitraum wurden <strong>ca. 900 Kinder und ihre Familien<\/strong> begleitet und unterst\u00fctzt. Das Projekt wird in <strong>f\u00fcnf Kindergartensprengeln der Autonomen Provinz Bozen<\/strong> durchgef\u00fchrt. Es wird sowohl an deutschsprachigen als auch italienischsprachigen Kinderg\u00e4rten umgesetzt. Zielgruppe des Projekts sind Kinder im Vorschulalter (3-6 Jahre) und deren Familien, p\u00e4dagogische Fachkr\u00e4fte, das soziale Umfeld sowie politische und institutionelle Akteure.<\/p>\n<p>&nbsp;<\/p>\n<p>&nbsp;<\/p>\n<p><strong><u>Finanzierung<\/u><\/strong><\/p>\n<p>&nbsp;<\/p>\n<p>Das Projekt <strong>\u201eOltre i Ponti &#8211; \u00dcber die Br\u00fccken\u201c <\/strong>wird zu gleichen Teilen vom Sozialunternehmen \u201eCon i Bambini\u201c \u2014 das sich f\u00fcr die Bek\u00e4mpfung von Bildungsarmut bei Kindern engagiert \u2014 und von privaten Unternehmen (Alperia, Autoindustriale Srl-GmbH, W\u00fcrth Srl) sowie lokalen F\u00f6rderern wie der Stiftung S\u00fcdtiroler Sparkasse und der H. Oberrauch Philanthropischen K\u00f6rperschaft finanziert. Das aktuelle Projekt l\u00e4uft von Februar 2024 bis Februar 2027 und basiert auf einer klar strukturierten Umsetzung des Angebots, regelm\u00e4\u00dfigem Monitoring und einer Wirkungsanalyse.<\/p>\n<p>&nbsp;<\/p>\n<p><strong>\u00a0<\/strong><\/p>\n<p><strong><u>Partner<\/u><\/strong><\/p>\n<p><strong>\u00a0<\/strong><\/p>\n<p><strong>Leitender Partner:<\/strong> Verein La Strada &#8211; Der Weg ONLUS.<\/p>\n<p><strong>Partner:<\/strong> Arciragazzi Bolzano, EOS Sozialgenossenschaft, Forum Pr\u00e4vention, Sozialgenossenschaft S\u00fcdtiroler Kinderdorf.<\/p>\n<p><strong>Evaluation:<\/strong> Freie Universit\u00e4t Bozen &#8211; Fakult\u00e4t f\u00fcr Bildungswissenschaften.<\/p>\n<p>&nbsp;<\/p>\n<p>&nbsp;<\/p>\n<p><strong><u>Ziele des Projekts<\/u><\/strong><\/p>\n<p><strong>\u00a0<\/strong><\/p>\n<p>Ziel ist es, <strong>Kindern und ihren Familien sozialp\u00e4dagogische Unterst\u00fctzung und Begleitung anzubieten und das soziale Umfeld als \u201eerziehende Gemeinschaft\u201c<\/strong> einzubinden.<\/p>\n<ul>\n<li>Die Sozialen Fachkr\u00e4fte arbeiten direkt in den Kinderg\u00e4rten und geben gezielt <strong>Beratung und Hilfe f\u00fcr besonders bed\u00fcrftige Kinder und Familien<\/strong>.<\/li>\n<li>Sie f\u00f6rdern eine bessere <strong>Vernetzung und Zusammenarbeit<\/strong> zwischen den Kinderg\u00e4rten und den Institutionen des Territoriums. Ressourcen, Wissen, Methoden und Best-Practice-Erfahrungen werden ausgetauscht.<\/li>\n<li>Es wird ein <strong>\u00f6ffentliches Bewusstsein<\/strong> f\u00fcr das Problem der <strong>\u201eBildungsarmut\u201c<\/strong> geschaffen. Das Thema wird auf institutioneller und politischer Ebene vorangebracht, unter anderem durch Einrichtung einer \u201ePlattform zur Bek\u00e4mpfung der Bildungsarmut\u201c.<\/li>\n<\/ul>\n<p>&nbsp;<\/p>\n<p>&nbsp;<\/p>\n<p><strong><u>Plattform zur Bek\u00e4mpfung der Bildungsarmut<\/u><\/strong><\/p>\n<p>&nbsp;<\/p>\n<p>Die <strong>Plattform zur Bek\u00e4mpfung der Bildungsarmut<\/strong> hat das Ziel, institutionelle und politische Akteure f\u00fcr dieses wichtige Thema zu sensibilisieren. Die praktische Umsetzung erfolgt durch die Organisation von Treffen, die folgende Ziele verfolgen:<\/p>\n<ul>\n<li>Das Ph\u00e4nomen der <strong>\u201eBildungsarmut\u201c besser zu verstehen und klarer zu definieren<\/strong>.<\/li>\n<li>Einen Austausch \u00fcber <strong>die aktuelle Situation und die spezifischen Bed\u00fcrfnisse<\/strong> an den Kinderg\u00e4rten zu erm\u00f6glichen.<\/li>\n<li>M\u00f6gliche <strong>Ma\u00dfnahmen und zuk\u00fcnftige Entwicklungen<\/strong> zu skizzieren.<\/li>\n<li>Eine <strong>\u201eneue Kultur\u201c <\/strong>zu f\u00f6rdern, in der Dialog und die Entwicklung gemeinsamer Strategien fester Bestandteil des praktischen Handelns werden.<\/li>\n<li>Eine Interessensgruppe zu bilden, die <strong>als \u201eBr\u00fccke\u201c zwischen der Praxis und politischen sowie sozialen Institutionen<\/strong> fungiert. Diese Gruppe soll auch nach Projektende bestehen und <strong>nachhaltige Ver\u00e4nderungen<\/strong> bewirken.<\/li>\n<\/ul>\n<p>[\/vc_column_text][\/vc_column][vc_column width=&#8221;1\/2&#8243;][vc_single_image image=&#8221;6192&#8243; img_size=&#8221;full&#8221;][\/vc_column][\/vc_row][vc_row][vc_column][vc_single_image image=&#8221;11909&#8243; img_size=&#8221;full&#8221; css=&#8221;&#8221;][\/vc_column][\/vc_row][vc_row][vc_column][vc_column_text css=&#8221;&#8221;]<\/p>\n<h6>\u201cIl progetto \u00e8 stato selezionato da Con i Bambini nell\u2019ambito del Fondo per il contrasto della povert\u00e0 educativa minorile minorile e cofinanziato da Alperia SpA, Fondazione Cassa di Risparmio di Bolzano &#8211; Stiftung S\u00fcdtiroler Sparkasse, W\u00fcrth Srl, Stiftung H. Oberrauch e Autoindustriale Srl-GMbh. Il Fondo nasce da un\u2019intesa tra le Fondazioni di origine bancaria rappresentate da Acri, il Forum Nazionale del Terzo Settore e il Governo. Sostiene interventi finalizzati a rimuovere gli ostacoli di natura economica, sociale e culturale che impediscono la piena fruizione dei processi educativi da parte dei minori. Per attuare i programmi del Fondo, a giugno 2016 \u00e8 nata l\u2019impresa sociale Con i Bambini, organizzazione senza scopo di lucro interamente partecipata dalla Fondazione CON IL SUD. <a href=\"http:\/\/www.conibambini.org\">www.conibambini.org<\/a>\u201d.<\/h6>\n<p>[\/vc_column_text][\/vc_column][\/vc_row]<\/p>\n<\/div>","protected":false},"excerpt":{"rendered":"<p>[vc_row][vc_column width=&#8221;1\/2&#8243;][vc_custom_heading text=&#8221;Oltre i ponti &#8211; \u00dcber die Br\u00fccken&#8221; use_theme_fonts=&#8221;yes&#8221; css=&#8221;&#8221;][vc_column_text css=&#8221;&#8221;]Das Projekt \u201eOltre i Ponti &#8211; \u00dcber die Br\u00fccken\u201c sieht den Einsatz von sozialen Fachkr\u00e4ften im Kindergarten vor. Diese Soziale Fachlaute, angestellte des dritten Sektors, arbeiten eng mit den p\u00e4dagogischen Fachkr\u00e4ften des \u00f6ffentlichen Kindergartens zusammen. Sie begleiten im Rahmen ihres Auftrags Kinder und deren&hellip;<\/p>\n","protected":false},"author":2,"featured_media":0,"parent":3142,"menu_order":0,"comment_status":"closed","ping_status":"closed","template":"","meta":{"footnotes":""},"class_list":["post-10619","page","type-page","status-publish","hentry","description-off"],"_links":{"self":[{"href":"https:\/\/www.lastrada-derweg.org\/index.php?rest_route=\/wp\/v2\/pages\/10619","targetHints":{"allow":["GET"]}}],"collection":[{"href":"https:\/\/www.lastrada-derweg.org\/index.php?rest_route=\/wp\/v2\/pages"}],"about":[{"href":"https:\/\/www.lastrada-derweg.org\/index.php?rest_route=\/wp\/v2\/types\/page"}],"author":[{"embeddable":true,"href":"https:\/\/www.lastrada-derweg.org\/index.php?rest_route=\/wp\/v2\/users\/2"}],"replies":[{"embeddable":true,"href":"https:\/\/www.lastrada-derweg.org\/index.php?rest_route=%2Fwp%2Fv2%2Fcomments&post=10619"}],"version-history":[{"count":6,"href":"https:\/\/www.lastrada-derweg.org\/index.php?rest_route=\/wp\/v2\/pages\/10619\/revisions"}],"predecessor-version":[{"id":11910,"href":"https:\/\/www.lastrada-derweg.org\/index.php?rest_route=\/wp\/v2\/pages\/10619\/revisions\/11910"}],"up":[{"embeddable":true,"href":"https:\/\/www.lastrada-derweg.org\/index.php?rest_route=\/wp\/v2\/pages\/3142"}],"wp:attachment":[{"href":"https:\/\/www.lastrada-derweg.org\/index.php?rest_route=%2Fwp%2Fv2%2Fmedia&parent=10619"}],"curies":[{"name":"wp","href":"https:\/\/api.w.org\/{rel}","templated":true}]}}