{"id":11205,"date":"2024-10-22T11:02:57","date_gmt":"2024-10-22T09:02:57","guid":{"rendered":"https:\/\/www.lastrada-derweg.org\/?page_id=11205"},"modified":"2024-10-22T14:17:38","modified_gmt":"2024-10-22T12:17:38","slug":"progetto-v-i-t-e-iii_2024","status":"publish","type":"page","link":"https:\/\/www.lastrada-derweg.org\/?page_id=11205","title":{"rendered":"Progetto V.I.T.E III_2024"},"content":{"rendered":"<div class=\"wpb-content-wrapper\"><p>[vc_row][vc_column][vc_single_image image=&#8221;11208&#8243; img_size=&#8221;full&#8221; alignment=&#8221;center&#8221; css=&#8221;&#8221;][\/vc_column][\/vc_row][vc_row][vc_column width=&#8221;1\/4&#8243;][vc_column_text css=&#8221;&#8221;]<strong>Guarda il video di V.I.T.E. II<br \/>\n<\/strong>[\/vc_column_text][\/vc_column][vc_column width=&#8221;1\/4&#8243;][vc_btn title=&#8221;Download&#8221; style=&#8221;outline&#8221; color=&#8221;juicy-pink&#8221; align=&#8221;left&#8221; i_align=&#8221;right&#8221; i_icon_fontawesome=&#8221;&#8221; css=&#8221;&#8221; add_icon=&#8221;true&#8221; link=&#8221;url:https%3A%2F%2Fwww.youtube.com%2Fwatch%3Fv%3DKNrhrym6NWM|target:_blank&#8221;][\/vc_column][vc_column width=&#8221;1\/4&#8243;][\/vc_column][vc_column width=&#8221;1\/4&#8243;][\/vc_column][\/vc_row][vc_row][vc_column width=&#8221;1\/4&#8243;][vc_column_text css=&#8221;&#8221;]<strong>Volantino<br \/>\n<\/strong>[\/vc_column_text][\/vc_column][vc_column width=&#8221;1\/4&#8243;][vc_btn title=&#8221;Download&#8221; style=&#8221;outline&#8221; color=&#8221;juicy-pink&#8221; align=&#8221;left&#8221; i_align=&#8221;right&#8221; i_icon_fontawesome=&#8221;&#8221; css=&#8221;&#8221; add_icon=&#8221;true&#8221; link=&#8221;url:https%3A%2F%2Fwww.lastrada-derweg.org%2Fwp-content%2Fuploads%2F2024%2F10%2FVITE-III-ITA_.pdf|target:_blank&#8221;][\/vc_column][vc_column width=&#8221;1\/4&#8243;][\/vc_column][vc_column width=&#8221;1\/4&#8243;][\/vc_column][\/vc_row][vc_row][vc_column width=&#8221;1\/4&#8243;][vc_column_text]<strong>Per iscrizione<br \/>\n<\/strong>[\/vc_column_text][\/vc_column][vc_column width=&#8221;1\/4&#8243;][vc_btn title=&#8221;Download&#8221; style=&#8221;outline&#8221; color=&#8221;juicy-pink&#8221; align=&#8221;left&#8221; i_align=&#8221;right&#8221; i_icon_fontawesome=&#8221;&#8221; css=&#8221;&#8221; add_icon=&#8221;true&#8221; link=&#8221;url:https%3A%2F%2Ffse-esf.civis.bz.it%2Fpreiscrizioni_2127%2Fprj%2F98%2Fshow|target:_blank&#8221;][\/vc_column][vc_column width=&#8221;1\/4&#8243;][\/vc_column][vc_column width=&#8221;1\/4&#8243;][\/vc_column][\/vc_row][vc_row][vc_column][vc_column_text css=&#8221;&#8221;]<strong>\u00a0<\/strong><\/p>\n<p><strong>Titolo del progetto<\/strong>: V.I.T.E. III &#8211; Viticulture Integrations Training Empowerment III<\/p>\n<p><strong>Codice del progetto<\/strong>: ESF3_h1_0063<\/p>\n<p><strong>Finanziamento<\/strong>: Il percorso \u00e8 finanziato nell\u2019ambito dell\u2019intervento da parte dell\u2019Unione europea e del Programma FSE+ 2021-2027 della Provincia autonoma di Bolzano<\/p>\n<p><strong>Descrizione del progetto<\/strong><strong>:<\/strong><\/p>\n<p><u>Giunto alla sua terza edizione<\/u>, il progetto \u201c<strong>V.I.T.E. \u2013 Viticulture Integration Training Empowerment III<\/strong>\u201d \u00e8 un percorso formativo di promozione dell\u2019<strong>inclusione sociale<\/strong> e di supporto all\u2019accesso al <strong>mondo del lavoro agricolo<\/strong> e <strong>viti-vinicolo<\/strong>, per persone migranti che vivono in Alto Adige.<\/p>\n<p>Nato da un\u2019esperienza di co-progettazione con alcune aziende agricole locali e finanziato dal <strong>Fondo Sociale Europeo<\/strong>, il progetto mira a far incontrare le esigenze di <strong>integrazione sociale e lavorativa<\/strong> <strong>di 12 persone migranti<\/strong> con il fabbisogno del contesto locale di <strong>incrementare la disponibilit\u00e0 di personale formato in ambito vitivinicolo<\/strong>.<\/p>\n<p><strong>Rete di Progetto<\/strong><\/p>\n<ul>\n<li>Ansitz Dornach<\/li>\n<li>Rielingerhof<\/li>\n<li>Kleinstein<\/li>\n<li>Graw\u00fc<\/li>\n<li>Kranzelhof<\/li>\n<li>Tropftalhof<\/li>\n<li>Hof Gandberg<\/li>\n<li>Scuola professionale per la frutti-viti e orticoltura Laimburg<\/li>\n<li>Istituto per lo sviluppo regionale \u2013 Eurac Research<\/li>\n<li>Bioland<\/li>\n<li>Lageder<\/li>\n<li>Eureka<\/li>\n<li>Xenia<\/li>\n<li>Comunit\u00e0 comprensoriale Burgraviato<\/li>\n<li>Caritas Diocesi Bolzano Bressanone<\/li>\n<li>Volontariurs<\/li>\n<li>Ubuntu<\/li>\n<li>Casa Circondariale<\/li>\n<li>UEPE \u2013 Ufficio Esecuzione Penale Esterna<\/li>\n<\/ul>\n<p><strong>Finalit\u00e0<\/strong><\/p>\n<p>Le finalit\u00e0 dell\u2019intervento riguardano la formazione sociale e lavorativa di persone migranti disoccupate, non occupate o in condizione di inattivit\u00e0. Il risultato atteso \u00e8 non solo migliorare la loro condizione di vita, ma anche le loro chance di occupabilit\u00e0 e di integrazione sociale.<\/p>\n<p><strong>Destinatari<\/strong>:<\/p>\n<ul>\n<li>12 donne o uomini migranti (la cui categoria comprende, oltre a migranti economici, anche i richiedenti e le richiedenti asilo; i beneficiari e le beneficiarie di protezione internazionale e sussidiaria &#8211; protezione internazionale speciale &#8211; protezione temporanea);<\/li>\n<li>Che abbiano raggiunto la maggiore et\u00e0;<\/li>\n<li>Che si trovino in una condizione di vulnerabilit\u00e0 (per es. vittime di violenza);<\/li>\n<li>Che siano disoccupate, non occupate, inattive;<\/li>\n<li>Che si trovino in possesso di un titolo di soggiorno regolare.<\/li>\n<\/ul>\n<p><strong>Contenuti formativi<\/strong><\/p>\n<p>La logica dell\u2019intervento \u00e8 strutturata per incidere su <strong>tre macro-aree<\/strong> fornendo ad ogni partecipante:<\/p>\n<ul>\n<li><strong>competenze di base<\/strong>: linguistiche, informatiche;<\/li>\n<li><strong>competenze trasversali<\/strong>: sviluppo di capacit\u00e0 personali, sociali e d\u2019apprendimento;<\/li>\n<li><strong>competenze tecniche e pratiche<\/strong> legate al lavoro in vigna, dalla potatura alla raccolta.<\/li>\n<\/ul>\n<p>Queste ultime saranno potenziate ed affinate grazie ad uno <strong>stage formativo in vigna<\/strong> e alla pratica di orientamento e accompagnamento collaterale.<\/p>\n<p><strong>Durata<\/strong><\/p>\n<ul>\n<li>Da <strong>Novembre 2024<\/strong> a <strong>Giugno 2025<\/strong><\/li>\n<li><strong>344 ore di formazione<\/strong> in aula e workshop in vigna;<\/li>\n<li>8 ore di visite didattiche;<\/li>\n<li>6 ore di orientamento individuale;<\/li>\n<li><strong>180 ore di stage<\/strong><\/li>\n<\/ul>\n<p><strong>Servizi Aggiuntivi<\/strong><\/p>\n<p>Sono offerti gratuitamente:<\/p>\n<ul>\n<li><strong>Accompagnamento<\/strong> presso enti e strutture del territorio, nonch\u00e9 servizi interni all\u2019Associazione La Strada-Der Weg;<\/li>\n<li><strong>Distribuzione di generi alimentari<\/strong> per persone svantaggiate;<\/li>\n<li><strong>Rimborso dei costi di trasporto e del vitto<\/strong> durante le giornate di aula, stage e visite didattiche (eventualmente e per situazioni specifiche anche per l\u2019alloggio);<\/li>\n<li><strong>Indennit\u00e0 di partecipazione<\/strong> (3,50 \u20ac lordi all\u2019ora per chi frequenta almeno il 50% della durata del progetto formativo)<\/li>\n<\/ul>\n<p><strong>Per iscrizioni<\/strong>: <a href=\"https:\/\/fse-esf.civis.bz.it\/preiscrizioni_2127\/prj\/98\/show\">https:\/\/fse-esf.civis.bz.it\/preiscrizioni_2127\/prj\/98\/show<\/a>[\/vc_column_text][\/vc_column][\/vc_row][vc_row][vc_column width=&#8221;1\/4&#8243;][vc_single_image image=&#8221;11211&#8243; img_size=&#8221;full&#8221; css=&#8221;&#8221;][\/vc_column][vc_column width=&#8221;1\/4&#8243;][vc_single_image image=&#8221;11212&#8243; img_size=&#8221;full&#8221; css=&#8221;&#8221;][\/vc_column][vc_column width=&#8221;1\/4&#8243;][vc_single_image image=&#8221;11213&#8243; img_size=&#8221;full&#8221; css=&#8221;&#8221;][\/vc_column][vc_column width=&#8221;1\/4&#8243;][vc_single_image image=&#8221;11214&#8243; img_size=&#8221;full&#8221; css=&#8221;&#8221;][\/vc_column][\/vc_row]<\/p>\n<\/div>","protected":false},"excerpt":{"rendered":"<p>[vc_row][vc_column][vc_single_image image=&#8221;11208&#8243; img_size=&#8221;full&#8221; alignment=&#8221;center&#8221; css=&#8221;&#8221;][\/vc_column][\/vc_row][vc_row][vc_column width=&#8221;1\/4&#8243;][vc_column_text css=&#8221;&#8221;]Guarda il video di V.I.T.E. II [\/vc_column_text][\/vc_column][vc_column width=&#8221;1\/4&#8243;][vc_btn title=&#8221;Download&#8221; style=&#8221;outline&#8221; color=&#8221;juicy-pink&#8221; align=&#8221;left&#8221; i_align=&#8221;right&#8221; i_icon_fontawesome=&#8221;&#8221; css=&#8221;&#8221; add_icon=&#8221;true&#8221; link=&#8221;url:https%3A%2F%2Fwww.youtube.com%2Fwatch%3Fv%3DKNrhrym6NWM|target:_blank&#8221;][\/vc_column][vc_column width=&#8221;1\/4&#8243;][\/vc_column][vc_column width=&#8221;1\/4&#8243;][\/vc_column][\/vc_row][vc_row][vc_column width=&#8221;1\/4&#8243;][vc_column_text css=&#8221;&#8221;]Volantino [\/vc_column_text][\/vc_column][vc_column width=&#8221;1\/4&#8243;][vc_btn title=&#8221;Download&#8221; style=&#8221;outline&#8221; color=&#8221;juicy-pink&#8221; align=&#8221;left&#8221; i_align=&#8221;right&#8221; i_icon_fontawesome=&#8221;&#8221; css=&#8221;&#8221; add_icon=&#8221;true&#8221; link=&#8221;url:https%3A%2F%2Fwww.lastrada-derweg.org%2Fwp-content%2Fuploads%2F2024%2F10%2FVITE-III-ITA_.pdf|target:_blank&#8221;][\/vc_column][vc_column width=&#8221;1\/4&#8243;][\/vc_column][vc_column width=&#8221;1\/4&#8243;][\/vc_column][\/vc_row][vc_row][vc_column width=&#8221;1\/4&#8243;][vc_column_text]Per iscrizione [\/vc_column_text][\/vc_column][vc_column width=&#8221;1\/4&#8243;][vc_btn title=&#8221;Download&#8221; style=&#8221;outline&#8221; color=&#8221;juicy-pink&#8221; align=&#8221;left&#8221; i_align=&#8221;right&#8221; i_icon_fontawesome=&#8221;&#8221; css=&#8221;&#8221; add_icon=&#8221;true&#8221; link=&#8221;url:https%3A%2F%2Ffse-esf.civis.bz.it%2Fpreiscrizioni_2127%2Fprj%2F98%2Fshow|target:_blank&#8221;][\/vc_column][vc_column width=&#8221;1\/4&#8243;][\/vc_column][vc_column width=&#8221;1\/4&#8243;][\/vc_column][\/vc_row][vc_row][vc_column][vc_column_text&hellip;<\/p>\n","protected":false},"author":2,"featured_media":0,"parent":5304,"menu_order":0,"comment_status":"closed","ping_status":"closed","template":"","meta":{"footnotes":""},"class_list":["post-11205","page","type-page","status-publish","hentry","description-off"],"_links":{"self":[{"href":"https:\/\/www.lastrada-derweg.org\/index.php?rest_route=\/wp\/v2\/pages\/11205","targetHints":{"allow":["GET"]}}],"collection":[{"href":"https:\/\/www.lastrada-derweg.org\/index.php?rest_route=\/wp\/v2\/pages"}],"about":[{"href":"https:\/\/www.lastrada-derweg.org\/index.php?rest_route=\/wp\/v2\/types\/page"}],"author":[{"embeddable":true,"href":"https:\/\/www.lastrada-derweg.org\/index.php?rest_route=\/wp\/v2\/users\/2"}],"replies":[{"embeddable":true,"href":"https:\/\/www.lastrada-derweg.org\/index.php?rest_route=%2Fwp%2Fv2%2Fcomments&post=11205"}],"version-history":[{"count":8,"href":"https:\/\/www.lastrada-derweg.org\/index.php?rest_route=\/wp\/v2\/pages\/11205\/revisions"}],"predecessor-version":[{"id":11233,"href":"https:\/\/www.lastrada-derweg.org\/index.php?rest_route=\/wp\/v2\/pages\/11205\/revisions\/11233"}],"up":[{"embeddable":true,"href":"https:\/\/www.lastrada-derweg.org\/index.php?rest_route=\/wp\/v2\/pages\/5304"}],"wp:attachment":[{"href":"https:\/\/www.lastrada-derweg.org\/index.php?rest_route=%2Fwp%2Fv2%2Fmedia&parent=11205"}],"curies":[{"name":"wp","href":"https:\/\/api.w.org\/{rel}","templated":true}]}}