{"id":11221,"date":"2024-10-22T13:37:12","date_gmt":"2024-10-22T11:37:12","guid":{"rendered":"https:\/\/www.lastrada-derweg.org\/?page_id=11221"},"modified":"2024-10-22T14:24:33","modified_gmt":"2024-10-22T12:24:33","slug":"projekt-v-i-t-e-iii_2024","status":"publish","type":"page","link":"https:\/\/www.lastrada-derweg.org\/?page_id=11221&lang=de","title":{"rendered":"Projekt V.I.T.E. III_2024"},"content":{"rendered":"<div class=\"wpb-content-wrapper\"><p>[vc_row][vc_column][vc_single_image image=&#8221;11223&#8243; img_size=&#8221;full&#8221; alignment=&#8221;center&#8221; css=&#8221;&#8221;][\/vc_column][\/vc_row][vc_row][vc_column width=&#8221;1\/4&#8243;][vc_column_text css=&#8221;&#8221;]<strong>Schaue das Video V.I.T.E. II an<br \/>\n<\/strong>[\/vc_column_text][\/vc_column][vc_column width=&#8221;1\/4&#8243;][vc_btn title=&#8221;Download&#8221; style=&#8221;outline&#8221; color=&#8221;juicy-pink&#8221; align=&#8221;left&#8221; i_align=&#8221;right&#8221; i_icon_fontawesome=&#8221;&#8221; css=&#8221;&#8221; add_icon=&#8221;true&#8221; link=&#8221;url:https%3A%2F%2Fwww.youtube.com%2Fwatch%3Fv%3DbV5Agm9Q-xM|target:_blank&#8221;][\/vc_column][vc_column width=&#8221;1\/4&#8243;][\/vc_column][vc_column width=&#8221;1\/4&#8243;][\/vc_column][\/vc_row][vc_row][vc_column width=&#8221;1\/4&#8243;][vc_column_text css=&#8221;&#8221;]<strong>Flyer<br \/>\n<\/strong>[\/vc_column_text][\/vc_column][vc_column width=&#8221;1\/4&#8243;][vc_btn title=&#8221;Download&#8221; style=&#8221;outline&#8221; color=&#8221;juicy-pink&#8221; align=&#8221;left&#8221; i_align=&#8221;right&#8221; i_icon_fontawesome=&#8221;&#8221; css=&#8221;&#8221; add_icon=&#8221;true&#8221; link=&#8221;url:https%3A%2F%2Fwww.lastrada-derweg.org%2Fwp-content%2Fuploads%2F2024%2F10%2FVITE-III-TED_.pdf|target:_blank&#8221;][\/vc_column][vc_column width=&#8221;1\/4&#8243;][\/vc_column][vc_column width=&#8221;1\/4&#8243;][\/vc_column][\/vc_row][vc_row][vc_column width=&#8221;1\/4&#8243;][vc_column_text]<strong>Einschreibung<br \/>\n<\/strong>[\/vc_column_text][\/vc_column][vc_column width=&#8221;1\/4&#8243;][vc_btn title=&#8221;Download&#8221; style=&#8221;outline&#8221; color=&#8221;juicy-pink&#8221; align=&#8221;left&#8221; i_align=&#8221;right&#8221; i_icon_fontawesome=&#8221;&#8221; css=&#8221;&#8221; add_icon=&#8221;true&#8221; link=&#8221;url:https%3A%2F%2Ffse-esf.civis.bz.it%2Fpreiscrive_2127%2Fprj%2F98%2Fshow|target:_blank&#8221;][\/vc_column][vc_column width=&#8221;1\/4&#8243;][\/vc_column][vc_column width=&#8221;1\/4&#8243;][\/vc_column][\/vc_row][vc_row][vc_column][vc_column_text css=&#8221;&#8221;]<strong>Projekttitel<\/strong><strong>:<\/strong> V.I.T.E. III &#8211; Viticulture Integrations Training Empowerment III<\/p>\n<p><strong>Projektcode<\/strong><strong>:<\/strong> ESF3_h1_0063<\/p>\n<p><strong>Finanzierung<\/strong><strong>:<\/strong> Der Ausbildungskurs wird im Rahmen der Intervention der Europ\u00e4ischen Union und des <strong>ESF+-Programms 2021-2027<\/strong> der <strong>Autonomen Provinz Bozen<\/strong> finanziert<\/p>\n<p><strong>Projektbeschreibung<\/strong><strong>:<\/strong><\/p>\n<p><u>Jetzt in seiner dritten Auflage<\/u>, das Projekt \u201e<strong>V.I.T.E. III &#8211; Viticulture Integrations Training Empowerment III<\/strong>\u201c ist ein Ausbildungskurs, der darauf abzielt, <strong>die soziale Integration<\/strong> und den <strong>Zugang zur Arbeitswelt<\/strong> f\u00fcr 12 Migranten und Migrantinnen mit Wohnsitz in S\u00fcdtirol zu f\u00f6rdern.<\/p>\n<p>Ziel des Projekts, das gemeinsam mit einigen lokalen landwirtschaftlichen Betrieben konzipiert wurde und vom <strong>Europ\u00e4ischen Sozialfonds<\/strong> finanziert wird, ist es, die Bed\u00fcrfnisse der <strong>sozialen und beruflichen Integration<\/strong> von Migranten und Migrantinnen mit dem Bedarf des lokalen Kontexts zusammenzubringen, um die Verf\u00fcgbarkeit von geschultem Personal zu erh\u00f6hen im Weinbereich.<\/p>\n<p><strong>Projektn<\/strong><strong>etzwerk<\/strong><\/p>\n<ul>\n<li>Ansitz Dornach<\/li>\n<li>Rielingerhof<\/li>\n<li>Kleinstein<\/li>\n<li>Graw\u00fc<\/li>\n<li>Kranzelhof<\/li>\n<li>Tropftalhof<\/li>\n<li>Hof Gandberg<\/li>\n<li>Berufsfachschule f\u00fcr Obst-, Wein- und Gartenbau Laimburg<\/li>\n<li>Institut f\u00fcr Regionalentwicklung \u2013 Eurac Research<\/li>\n<li>Bioland<\/li>\n<li>Lageder<\/li>\n<li>Eureka<\/li>\n<li>Xenia<\/li>\n<li>Bezirksgemeinschaft Burggrafenamt<\/li>\n<li>Caritas Di<em><strong>\u00f6<\/strong><\/em>zese Bozen-Brixen<\/li>\n<li>Volontariurs<\/li>\n<li>Ubuntu<\/li>\n<li>Haftanstalt<\/li>\n<li>UEPE &#8211; Ufficio Esecuzione Penale Esterna<\/li>\n<\/ul>\n<p><strong>Ziele<\/strong><\/p>\n<p>Die Ziele der Intervention betreffen die soziale und berufliche Ausbildung arbeitsloser, nicht erwerbst\u00e4tiger oder unbesch\u00e4ftigter Migranten. Das erwartete Ergebnis ist nicht nur eine Verbesserung ihrer Lebensbedingungen, sondern auch ihrer Chancen auf Besch\u00e4ftigungsf\u00e4higkeit und soziale Integration.<\/p>\n<p><strong>Zielgruppe<\/strong><\/p>\n<ul>\n<li>12 Migrantinnen oder Migranten (zu deren Kategorie neben Wirtschaftsmigranten auch Asylbewerber und Asylbewerberinnen; Personen mit Anspruch auf internationalen und subsidi\u00e4ren Schutz \u2013 besonderer internationaler Schutz \u2013 vor\u00fcbergehender Schutz geh\u00f6ren);<\/li>\n<li>Ab 18 Jahren;<\/li>\n<li>Gef\u00e4hrdungszustand (z. B. Opfer von Gewalt);<\/li>\n<li>Besch\u00e4ftigungszustand: arbeitslos, unbesch\u00e4ftigt, nicht erwerbst\u00e4tig;<\/li>\n<li>Im Besitz einer regul\u00e4ren Aufenthaltserlaubnis.<\/li>\n<\/ul>\n<p><strong>Bildungsinhalte<\/strong><\/p>\n<p>Die Logik der Intervention ist so strukturiert, dass sie sich auf drei Makrobereiche auswirkt, indem sie jedem Teilnehmer und jeder Teilnehmerin Folgendes bietet:<\/p>\n<ul>\n<li><strong>Grundkompetenzen<\/strong> in den Bereichen Sprachen und Informatik;<\/li>\n<li><strong>Querschnittkompetenzen<\/strong> (Entwicklung pers\u00f6nlicher, sozialer und Lernkompetenzen);<\/li>\n<li><strong>technische und praktische F\u00e4higkeiten<\/strong> im Zusammenhang mit der Arbeit im Weinberg.<\/li>\n<\/ul>\n<p>Letzteres wird durch ein <strong>Ausbildungspraktikum im Weinberg<\/strong> und eine begleitende Orientierungs- und Betreuungspraxis gest\u00e4rkt und verfeinert.<\/p>\n<p><strong>Dauer<\/strong><\/p>\n<ul>\n<li>Vom <strong>November 2024<\/strong> bis <strong>Juni 2025<\/strong>;<\/li>\n<li><strong>344 Stunden Unterricht<\/strong> und Workshops im Weinberg;<\/li>\n<li>8 Stunden Bildungsbesuche;<\/li>\n<li>6 Stunden individuelle Orientierung;<\/li>\n<li><strong>180 Stunden Praktikum<\/strong><\/li>\n<\/ul>\n<p><strong>Zus\u00e4tzliche Dienstleistungen <\/strong><\/p>\n<p>Folgendes wird kostenlos angeboten:<\/p>\n<ul>\n<li><strong>Begleitung <\/strong>\u00f6rtlicher Beh\u00f6rden und Strukturen sowie interner Dienste bei La Strada-Der Weg;<\/li>\n<li><strong>Verteilung von Nahrungsmitteln<\/strong> f\u00fcr benachteiligte Menschen;<\/li>\n<li><strong>Erstattung der Transport- und Verpflegungskosten<\/strong> w\u00e4hrend Unterrichtstagen, Praktika und Bildungsbesuchen (in bestimmten F\u00e4llen auch f\u00fcr die Unterbringung);<\/li>\n<li><strong>Teilnahmeverg\u00fctung <\/strong>(3,50 \u20ac brutto pro Stunde f\u00fcr diejenigen, die mindestens 50% des Ausbildungskurses besuchen).<\/li>\n<\/ul>\n<p><strong>Anmeldung unter folgendem Link:<\/strong> <a href=\"https:\/\/fse-esf.civis.bz.it\/preiscrive_2127\/prj\/98\/show\">https:\/\/fseesf.civis.bz.it\/preiscrive_2127\/prj\/98\/show<\/a>[\/vc_column_text][vc_row_inner][vc_column_inner width=&#8221;1\/4&#8243;][vc_single_image image=&#8221;11225&#8243; img_size=&#8221;full&#8221; css=&#8221;&#8221;][\/vc_column_inner][vc_column_inner width=&#8221;1\/4&#8243;][vc_single_image image=&#8221;11226&#8243; img_size=&#8221;full&#8221; css=&#8221;&#8221;][\/vc_column_inner][vc_column_inner width=&#8221;1\/4&#8243;][vc_single_image image=&#8221;11227&#8243; img_size=&#8221;full&#8221; css=&#8221;&#8221;][\/vc_column_inner][vc_column_inner width=&#8221;1\/4&#8243;][vc_single_image image=&#8221;11228&#8243; img_size=&#8221;full&#8221; css=&#8221;&#8221;][\/vc_column_inner][\/vc_row_inner][\/vc_column][\/vc_row]<\/p>\n<\/div>","protected":false},"excerpt":{"rendered":"<p>[vc_row][vc_column][vc_single_image image=&#8221;11223&#8243; img_size=&#8221;full&#8221; alignment=&#8221;center&#8221; css=&#8221;&#8221;][\/vc_column][\/vc_row][vc_row][vc_column width=&#8221;1\/4&#8243;][vc_column_text css=&#8221;&#8221;]Schaue das Video V.I.T.E. II an [\/vc_column_text][\/vc_column][vc_column width=&#8221;1\/4&#8243;][vc_btn title=&#8221;Download&#8221; style=&#8221;outline&#8221; color=&#8221;juicy-pink&#8221; align=&#8221;left&#8221; i_align=&#8221;right&#8221; i_icon_fontawesome=&#8221;&#8221; css=&#8221;&#8221; add_icon=&#8221;true&#8221; link=&#8221;url:https%3A%2F%2Fwww.youtube.com%2Fwatch%3Fv%3DbV5Agm9Q-xM|target:_blank&#8221;][\/vc_column][vc_column width=&#8221;1\/4&#8243;][\/vc_column][vc_column width=&#8221;1\/4&#8243;][\/vc_column][\/vc_row][vc_row][vc_column width=&#8221;1\/4&#8243;][vc_column_text css=&#8221;&#8221;]Flyer [\/vc_column_text][\/vc_column][vc_column width=&#8221;1\/4&#8243;][vc_btn title=&#8221;Download&#8221; style=&#8221;outline&#8221; color=&#8221;juicy-pink&#8221; align=&#8221;left&#8221; i_align=&#8221;right&#8221; i_icon_fontawesome=&#8221;&#8221; css=&#8221;&#8221; add_icon=&#8221;true&#8221; link=&#8221;url:https%3A%2F%2Fwww.lastrada-derweg.org%2Fwp-content%2Fuploads%2F2024%2F10%2FVITE-III-TED_.pdf|target:_blank&#8221;][\/vc_column][vc_column width=&#8221;1\/4&#8243;][\/vc_column][vc_column width=&#8221;1\/4&#8243;][\/vc_column][\/vc_row][vc_row][vc_column width=&#8221;1\/4&#8243;][vc_column_text]Einschreibung [\/vc_column_text][\/vc_column][vc_column width=&#8221;1\/4&#8243;][vc_btn title=&#8221;Download&#8221; style=&#8221;outline&#8221; color=&#8221;juicy-pink&#8221; align=&#8221;left&#8221; i_align=&#8221;right&#8221; i_icon_fontawesome=&#8221;&#8221; css=&#8221;&#8221; add_icon=&#8221;true&#8221; link=&#8221;url:https%3A%2F%2Ffse-esf.civis.bz.it%2Fpreiscrive_2127%2Fprj%2F98%2Fshow|target:_blank&#8221;][\/vc_column][vc_column width=&#8221;1\/4&#8243;][\/vc_column][vc_column width=&#8221;1\/4&#8243;][\/vc_column][\/vc_row][vc_row][vc_column][vc_column_text css=&#8221;&#8221;]Projekttitel:&hellip;<\/p>\n","protected":false},"author":2,"featured_media":0,"parent":5314,"menu_order":0,"comment_status":"closed","ping_status":"closed","template":"","meta":{"footnotes":""},"class_list":["post-11221","page","type-page","status-publish","hentry","description-off"],"_links":{"self":[{"href":"https:\/\/www.lastrada-derweg.org\/index.php?rest_route=\/wp\/v2\/pages\/11221","targetHints":{"allow":["GET"]}}],"collection":[{"href":"https:\/\/www.lastrada-derweg.org\/index.php?rest_route=\/wp\/v2\/pages"}],"about":[{"href":"https:\/\/www.lastrada-derweg.org\/index.php?rest_route=\/wp\/v2\/types\/page"}],"author":[{"embeddable":true,"href":"https:\/\/www.lastrada-derweg.org\/index.php?rest_route=\/wp\/v2\/users\/2"}],"replies":[{"embeddable":true,"href":"https:\/\/www.lastrada-derweg.org\/index.php?rest_route=%2Fwp%2Fv2%2Fcomments&post=11221"}],"version-history":[{"count":4,"href":"https:\/\/www.lastrada-derweg.org\/index.php?rest_route=\/wp\/v2\/pages\/11221\/revisions"}],"predecessor-version":[{"id":11232,"href":"https:\/\/www.lastrada-derweg.org\/index.php?rest_route=\/wp\/v2\/pages\/11221\/revisions\/11232"}],"up":[{"embeddable":true,"href":"https:\/\/www.lastrada-derweg.org\/index.php?rest_route=\/wp\/v2\/pages\/5314"}],"wp:attachment":[{"href":"https:\/\/www.lastrada-derweg.org\/index.php?rest_route=%2Fwp%2Fv2%2Fmedia&parent=11221"}],"curies":[{"name":"wp","href":"https:\/\/api.w.org\/{rel}","templated":true}]}}