{"id":11649,"date":"2025-02-01T19:49:51","date_gmt":"2025-02-01T18:49:51","guid":{"rendered":"https:\/\/www.lastrada-derweg.org\/?page_id=11649"},"modified":"2025-02-10T18:08:44","modified_gmt":"2025-02-10T17:08:44","slug":"informazioni-generali-allgemeine-informationen","status":"publish","type":"page","link":"https:\/\/www.lastrada-derweg.org\/?page_id=11649","title":{"rendered":"Informazioni generali &#8211; Allgemeine Informationen"},"content":{"rendered":"<div class=\"wpb-content-wrapper\">[vc_row][vc_column width=&#8221;1\/5&#8243;][vc_single_image image=&#8221;11790&#8243; img_size=&#8221;100&#215;100&#8243; alignment=&#8221;center&#8221; onclick=&#8221;custom_link&#8221; css=&#8221;&#8221; link=&#8221;https:\/\/www.lastrada-derweg.org\/?page_id=11590&#8243;][vc_custom_heading text=&#8221;Presentazione\r\nPr\u00e4sentation&#8221; font_container=&#8221;tag:h6|text_align:center&#8221; use_theme_fonts=&#8221;yes&#8221; css=&#8221;&#8221; link=&#8221;url:https%3A%2F%2Fwww.lastrada-derweg.org%2F%3Fpage_id%3D11590&#8243;][\/vc_column][vc_column width=&#8221;1\/5&#8243;][vc_single_image image=&#8221;11679&#8243; img_size=&#8221;100&#215;100&#8243; alignment=&#8221;center&#8221; onclick=&#8221;custom_link&#8221; css=&#8221;&#8221; link=&#8221;https:\/\/docs.google.com\/forms\/d\/e\/1FAIpQLSdHiy7MGPeP8S9xv2j1s5me6s4zbXR5CWftfTLEQH_OgP38tg\/viewform?usp=header&#8221;][vc_custom_heading text=&#8221;Iscrizione\r\nEinschreibung&#8221; font_container=&#8221;tag:h6|text_align:center&#8221; use_theme_fonts=&#8221;yes&#8221; css=&#8221;&#8221; link=&#8221;url:https%3A%2F%2Fdocs.google.com%2Fforms%2Fd%2Fe%2F1FAIpQLSdHiy7MGPeP8S9xv2j1s5me6s4zbXR5CWftfTLEQH_OgP38tg%2Fviewform%3Fusp%3Dheader&#8221;][\/vc_column][vc_column width=&#8221;1\/5&#8243;][vc_single_image image=&#8221;11692&#8243; img_size=&#8221;100&#215;100&#8243; alignment=&#8221;center&#8221; onclick=&#8221;custom_link&#8221; css=&#8221;&#8221; link=&#8221;https:\/\/www.lastrada-derweg.org\/?page_id=11636&#8243;][vc_custom_heading text=&#8221;Relatori\r\nReferenten&#8221; font_container=&#8221;tag:h6|text_align:center&#8221; use_theme_fonts=&#8221;yes&#8221; css=&#8221;&#8221; link=&#8221;url:https%3A%2F%2Fwww.lastrada-derweg.org%2F%3Fpage_id%3D11636&#8243;][\/vc_column][vc_column width=&#8221;1\/5&#8243;][vc_single_image image=&#8221;11685&#8243; img_size=&#8221;100&#215;100&#8243; alignment=&#8221;center&#8221; onclick=&#8221;custom_link&#8221; css=&#8221;&#8221; link=&#8221;https:\/\/www.lastrada-derweg.org\/?page_id=11607&#8243;][vc_custom_heading text=&#8221;Programma\r\nProgramm&#8221; font_container=&#8221;tag:h6|text_align:center&#8221; use_theme_fonts=&#8221;yes&#8221; css=&#8221;&#8221; link=&#8221;url:https%3A%2F%2Fwww.lastrada-derweg.org%2F%3Fpage_id%3D11607&#8243;][\/vc_column][vc_column width=&#8221;1\/5&#8243;][vc_single_image image=&#8221;11700&#8243; img_size=&#8221;100&#215;100&#8243; alignment=&#8221;center&#8221; onclick=&#8221;custom_link&#8221; css=&#8221;&#8221; link=&#8221;https:\/\/www.lastrada-derweg.org\/?page_id=11704&#8243;][vc_custom_heading text=&#8221;Atti\r\nAkten&#8221; font_container=&#8221;tag:h6|text_align:center&#8221; use_theme_fonts=&#8221;yes&#8221; css=&#8221;&#8221; link=&#8221;url:https%3A%2F%2Fwww.lastrada-derweg.org%2F%3Fpage_id%3D11704&#8243;][\/vc_column][\/vc_row][vc_row][vc_column][vc_separator color=&#8221;black&#8221; border_width=&#8221;3&#8243; css=&#8221;&#8221;][\/vc_column][\/vc_row][vc_row][vc_column][vc_column_text css=&#8221;&#8221;]\r\n\r\n<strong>Sede<\/strong>\r\n18-03-2025: Bolzano, Sala polifunzionale Europa, Via del Ronco 11\r\n19-03-2025: Bressanone, Universit\u00e0, Via Ratisbona 16\r\n20-03-2025: Merano, Istituto superiore Gandhi, School Village Via K. Wolf 38\r\n21-03-2025: Trento, Aula Kessler-Universit\u00e0, Via Verdi 26\r\n\r\n<strong>Sitz<\/strong>\r\n18-03-2025: Bozen, Mehrzwecksaal &#8220;Europa&#8221;, Neubruchweg Nr.11\r\n19-03-2025: Brixen, Universit\u00e4t, Regensburgerstra\u00dfe 16\r\n20-03-2025: Meran, Oberschule Gandhi, School Village K. Wolfstra\u00dfe 38\r\n21-03-2025: Trient, Saal Kessler-Universit\u00e4t, Verdistrasse Nr. 26\r\n\r\n<strong>Destinatari:<\/strong>\r\nVolontari\/e, educatori\/trici, assistenti sociali, insegnanti, psicologi e psicologhe, medici,\r\noperatori e operatrici sociali e tutte le professioni dei settori sanitario e sociale, genitori,\r\ninteressati\/e.\r\n\r\n<strong>Zielgruppe<\/strong>\r\nFreiwillige, P\u00e4dagogen\/innen, Sozialassistenten\/innen, Lehrpersonen, Psychologen\/innen,\r\n\u00c4rzte\/innen, Sozialbetreuer\/innen und alle Berufsgruppen des Sanit\u00e4ts-und Sozialwesens, Eltern, Interessierte.\r\n\r\n<strong>Punti Ecm<\/strong>\r\nPrevisti i punti ECM (professioni sanitarie) e ECS (Assistenti sociali) per ogni singola giornata. Per ricevere i crediti \u00e8 obbligatorio partecipare all&#8217;intera giornata\r\n\r\n<strong>Cme Punkte<\/strong>\r\nCME Punkte (Berufsgruppen des Sanit\u00e4tswesens) und ECS Punkte (Sozialassistenten) f\u00fcr jeden einzelnen Tag vorgesehen. Um die Punkte zu bekommen, mu\u00df man an dem ganzen Tag teilnehmen.\r\n\r\n<strong>Ente organizzatore\/Organisiert von:<\/strong>\r\nAssociazione\/Verein \u201cLa Strada-Der Weg ONLUS\u201d\r\n\r\n<strong>Segreteria\/Sekretariat:<\/strong>\r\nCentro Studi\/Studienzentrum \u201cG. Antonin\u201d &#8211; Ass.\/Verein \u201cLa Strada-Der Weg ONLUS\u201d Via Visitazione\/Mariaheimweg 46 &#8211; 39100 Bolzano\/Bozen &#8211; Tel.: 0471 203111; meeting@lastrada-derweg.org &#8211; www.lastrada-derweg.org\r\n\r\n<strong>Modalit\u00e0 di iscrizione<\/strong>\r\nCompilare la richiesta di iscrizione <a href=\"https:\/\/docs.google.com\/forms\/d\/e\/1FAIpQLSdHiy7MGPeP8S9xv2j1s5me6s4zbXR5CWftfTLEQH_OgP38tg\/viewform?usp=header\">qui<\/a>. E\u2019 necessario iscriversi ad ogni singola giornata (vedi modulo iscrizione). La partecipazione \u00e8 gratuita.\r\n\r\n<strong>Einschreibemodalitaeten<\/strong>\r\nBitte f\u00fcllen Sie das Einschreibeformular, das Sie<a href=\"https:\/\/docs.google.com\/forms\/d\/e\/1FAIpQLSdHiy7MGPeP8S9xv2j1s5me6s4zbXR5CWftfTLEQH_OgP38tg\/viewform?usp=header\"> hier<\/a> finden aus. Es ist notwendig, sich f\u00fcr jeden einzelnen Tag anzumelden (siehe Einschreibeformular). Die Teilnahme ist unentgeltlich\r\n\r\n<strong>Termine iscrizioni<\/strong>\r\n13-03-2025. Si accetteranno iscrizioni fino all\u2019esaurimento dei posti disponibili nelle sale.\r\nNon \u00e8 prevista la traduzione simultanea &#8211; Ogni relatore\/trice parler\u00e0 nella propria\r\nmadrelingua.\r\n\r\n<strong>Eischreibefrist<\/strong>\r\n13-03-2025. Es werden Einschreibungen bis zur Vollauslastung der Kongresss\u00e4le entgegengenommen. Keine Simultan\u00fcbersetzung vorgesehen. Jede\/r Referent\/in spricht in der eigenen Muttersprache.\r\n\r\n<strong>Atti\/Akten:<\/strong>\r\nDownload <a href=\"https:\/\/www.lastrada-derweg.org\/?page_id=11704\">qui<\/a>\r\n<a href=\"https:\/\/www.lastrada-derweg.org\/?page_id=11704\">hier<\/a> herunterladen[\/vc_column_text][\/vc_column][\/vc_row][vc_row][vc_column][vc_column_text]\r\n\r\n[\/vc_column_text][\/vc_column][\/vc_row][vc_row][vc_column][vc_column_text]\r\n\r\n[\/vc_column_text][\/vc_column][\/vc_row][vc_row][vc_column width=&#8221;1\/5&#8243;][vc_single_image image=&#8221;11790&#8243; img_size=&#8221;100&#215;100&#8243; alignment=&#8221;center&#8221; onclick=&#8221;custom_link&#8221; css=&#8221;&#8221; link=&#8221;https:\/\/www.lastrada-derweg.org\/?page_id=11590&#8243;][vc_custom_heading text=&#8221;Presentazione\r\nPr\u00e4sentation&#8221; font_container=&#8221;tag:h6|text_align:center&#8221; use_theme_fonts=&#8221;yes&#8221; css=&#8221;&#8221; link=&#8221;url:https%3A%2F%2Fwww.lastrada-derweg.org%2F%3Fpage_id%3D11590&#8243;][\/vc_column][vc_column width=&#8221;1\/5&#8243;][vc_single_image image=&#8221;11679&#8243; img_size=&#8221;100&#215;100&#8243; alignment=&#8221;center&#8221; onclick=&#8221;custom_link&#8221; css=&#8221;&#8221; link=&#8221;https:\/\/docs.google.com\/forms\/d\/e\/1FAIpQLSdHiy7MGPeP8S9xv2j1s5me6s4zbXR5CWftfTLEQH_OgP38tg\/viewform?usp=header&#8221;][vc_custom_heading text=&#8221;Iscrizione\r\nEinschreibung&#8221; font_container=&#8221;tag:h6|text_align:center&#8221; use_theme_fonts=&#8221;yes&#8221; css=&#8221;&#8221; link=&#8221;url:https%3A%2F%2Fdocs.google.com%2Fforms%2Fd%2Fe%2F1FAIpQLSdHiy7MGPeP8S9xv2j1s5me6s4zbXR5CWftfTLEQH_OgP38tg%2Fviewform%3Fusp%3Dheader&#8221;][\/vc_column][vc_column width=&#8221;1\/5&#8243;][vc_single_image image=&#8221;11692&#8243; img_size=&#8221;100&#215;100&#8243; alignment=&#8221;center&#8221; onclick=&#8221;custom_link&#8221; css=&#8221;&#8221; link=&#8221;https:\/\/www.lastrada-derweg.org\/?page_id=11636&#8243;][vc_custom_heading text=&#8221;Relatori\r\nReferenten&#8221; font_container=&#8221;tag:h6|text_align:center&#8221; use_theme_fonts=&#8221;yes&#8221; css=&#8221;&#8221; link=&#8221;url:https%3A%2F%2Fwww.lastrada-derweg.org%2F%3Fpage_id%3D11636&#8243;][\/vc_column][vc_column width=&#8221;1\/5&#8243;][vc_single_image image=&#8221;11685&#8243; img_size=&#8221;100&#215;100&#8243; alignment=&#8221;center&#8221; onclick=&#8221;custom_link&#8221; css=&#8221;&#8221; link=&#8221;https:\/\/www.lastrada-derweg.org\/?page_id=11607&#8243;][vc_custom_heading text=&#8221;Programma\r\nProgramm&#8221; font_container=&#8221;tag:h6|text_align:center&#8221; use_theme_fonts=&#8221;yes&#8221; css=&#8221;&#8221; link=&#8221;url:https%3A%2F%2Fwww.lastrada-derweg.org%2F%3Fpage_id%3D11607&#8243;][\/vc_column][vc_column width=&#8221;1\/5&#8243;][vc_single_image image=&#8221;11700&#8243; img_size=&#8221;100&#215;100&#8243; alignment=&#8221;center&#8221; onclick=&#8221;custom_link&#8221; css=&#8221;&#8221; link=&#8221;https:\/\/www.lastrada-derweg.org\/?page_id=11704&#8243;][vc_custom_heading text=&#8221;Atti\r\nAkten&#8221; font_container=&#8221;tag:h6|text_align:center&#8221; use_theme_fonts=&#8221;yes&#8221; css=&#8221;&#8221; link=&#8221;url:https%3A%2F%2Fwww.lastrada-derweg.org%2F%3Fpage_id%3D11704&#8243;][\/vc_column][\/vc_row][vc_row][vc_column][vc_separator color=&#8221;black&#8221; border_width=&#8221;3&#8243; css=&#8221;&#8221;][\/vc_column][\/vc_row]<!-- \/wp:post-content --><\/div>","protected":false},"excerpt":{"rendered":"<p>[vc_row][vc_column width=&#8221;1\/5&#8243;][vc_single_image image=&#8221;11790&#8243; img_size=&#8221;100&#215;100&#8243; alignment=&#8221;center&#8221; onclick=&#8221;custom_link&#8221; css=&#8221;&#8221; link=&#8221;https:\/\/www.lastrada-derweg.org\/?page_id=11590&#8243;][vc_custom_heading text=&#8221;Presentazione Pr\u00e4sentation&#8221; font_container=&#8221;tag:h6|text_align:center&#8221; use_theme_fonts=&#8221;yes&#8221; css=&#8221;&#8221; link=&#8221;url:https%3A%2F%2Fwww.lastrada-derweg.org%2F%3Fpage_id%3D11590&#8243;][\/vc_column][vc_column width=&#8221;1\/5&#8243;][vc_single_image image=&#8221;11679&#8243; img_size=&#8221;100&#215;100&#8243; alignment=&#8221;center&#8221; onclick=&#8221;custom_link&#8221; css=&#8221;&#8221; link=&#8221;https:\/\/docs.google.com\/forms\/d\/e\/1FAIpQLSdHiy7MGPeP8S9xv2j1s5me6s4zbXR5CWftfTLEQH_OgP38tg\/viewform?usp=header&#8221;][vc_custom_heading text=&#8221;Iscrizione Einschreibung&#8221; font_container=&#8221;tag:h6|text_align:center&#8221; use_theme_fonts=&#8221;yes&#8221; css=&#8221;&#8221; link=&#8221;url:https%3A%2F%2Fdocs.google.com%2Fforms%2Fd%2Fe%2F1FAIpQLSdHiy7MGPeP8S9xv2j1s5me6s4zbXR5CWftfTLEQH_OgP38tg%2Fviewform%3Fusp%3Dheader&#8221;][\/vc_column][vc_column width=&#8221;1\/5&#8243;][vc_single_image image=&#8221;11692&#8243; img_size=&#8221;100&#215;100&#8243; alignment=&#8221;center&#8221; onclick=&#8221;custom_link&#8221; css=&#8221;&#8221; link=&#8221;https:\/\/www.lastrada-derweg.org\/?page_id=11636&#8243;][vc_custom_heading text=&#8221;Relatori Referenten&#8221; font_container=&#8221;tag:h6|text_align:center&#8221; use_theme_fonts=&#8221;yes&#8221; css=&#8221;&#8221; link=&#8221;url:https%3A%2F%2Fwww.lastrada-derweg.org%2F%3Fpage_id%3D11636&#8243;][\/vc_column][vc_column width=&#8221;1\/5&#8243;][vc_single_image image=&#8221;11685&#8243; img_size=&#8221;100&#215;100&#8243; alignment=&#8221;center&#8221; onclick=&#8221;custom_link&#8221; css=&#8221;&#8221; link=&#8221;https:\/\/www.lastrada-derweg.org\/?page_id=11607&#8243;][vc_custom_heading text=&#8221;Programma Programm&#8221; font_container=&#8221;tag:h6|text_align:center&#8221; use_theme_fonts=&#8221;yes&#8221; css=&#8221;&#8221; link=&#8221;url:https%3A%2F%2Fwww.lastrada-derweg.org%2F%3Fpage_id%3D11607&#8243;][\/vc_column][vc_column width=&#8221;1\/5&#8243;][vc_single_image image=&#8221;11700&#8243;&hellip;<\/p>\n","protected":false},"author":2,"featured_media":0,"parent":11590,"menu_order":0,"comment_status":"closed","ping_status":"closed","template":"","meta":{"footnotes":""},"class_list":["post-11649","page","type-page","status-publish","hentry","description-off"],"_links":{"self":[{"href":"https:\/\/www.lastrada-derweg.org\/index.php?rest_route=\/wp\/v2\/pages\/11649","targetHints":{"allow":["GET"]}}],"collection":[{"href":"https:\/\/www.lastrada-derweg.org\/index.php?rest_route=\/wp\/v2\/pages"}],"about":[{"href":"https:\/\/www.lastrada-derweg.org\/index.php?rest_route=\/wp\/v2\/types\/page"}],"author":[{"embeddable":true,"href":"https:\/\/www.lastrada-derweg.org\/index.php?rest_route=\/wp\/v2\/users\/2"}],"replies":[{"embeddable":true,"href":"https:\/\/www.lastrada-derweg.org\/index.php?rest_route=%2Fwp%2Fv2%2Fcomments&post=11649"}],"version-history":[{"count":17,"href":"https:\/\/www.lastrada-derweg.org\/index.php?rest_route=\/wp\/v2\/pages\/11649\/revisions"}],"predecessor-version":[{"id":11815,"href":"https:\/\/www.lastrada-derweg.org\/index.php?rest_route=\/wp\/v2\/pages\/11649\/revisions\/11815"}],"up":[{"embeddable":true,"href":"https:\/\/www.lastrada-derweg.org\/index.php?rest_route=\/wp\/v2\/pages\/11590"}],"wp:attachment":[{"href":"https:\/\/www.lastrada-derweg.org\/index.php?rest_route=%2Fwp%2Fv2%2Fmedia&parent=11649"}],"curies":[{"name":"wp","href":"https:\/\/api.w.org\/{rel}","templated":true}]}}