{"id":12489,"date":"2026-01-27T15:25:22","date_gmt":"2026-01-27T14:25:22","guid":{"rendered":"https:\/\/www.lastrada-derweg.org\/?page_id=12489"},"modified":"2026-01-27T15:25:22","modified_gmt":"2026-01-27T14:25:22","slug":"skillup","status":"publish","type":"page","link":"https:\/\/www.lastrada-derweg.org\/?page_id=12489&lang=de","title":{"rendered":"SkillUp"},"content":{"rendered":"<div class=\"wpb-content-wrapper\"><p>[vc_row][vc_column][vc_column_text]<strong>ESF_f2_0033 \u2013 SkillUp<\/strong> ist ein Projekt, das mit finanzieller Unterst\u00fctzung der Europ\u00e4ischen Union und des Programmes ESF+ 2021-2027 der Autonomen Provinz Bozen realisiert wurde.<\/p>\n<p>&nbsp;<\/p>\n<p>Es wird vom Verein La Strada \u2013 Der Weg in Zusammenarbeit mit der italienischsprachigen Schulbeh\u00f6rde der Provinz Bozen und den Bildungseinrichtungen durchgef\u00fchrt.<\/p>\n<p>&nbsp;<\/p>\n<p><strong>Ziel des Projekts<\/strong>:<\/p>\n<p>&nbsp;<\/p>\n<p><strong>SKILLUP<\/strong> ist Teil der vom Europ\u00e4ischen Sozialfonds der Provinz Bozen finanzierten Initiativen, deren Ziel es ist, den gleichberechtigten Zugang und den Abschluss einer inklusiven und hochwertigen allgemeinen und beruflichen Bildung zu f\u00f6rdern, insbesondere f\u00fcr benachteiligte Gruppen, von der fr\u00fchkindlichen Bildung und Betreuung \u00fcber die allgemeine und berufliche Bildung bis hin zur terti\u00e4ren Bildung und Erwachsenenbildung, auch durch die Erleichterung der Mobilit\u00e4t zu Lernzwecken f\u00fcr alle und der Zug\u00e4nglichkeit f\u00fcr Menschen mit Behinderungen.<\/p>\n<p>&nbsp;<\/p>\n<p>&nbsp;<\/p>\n<p><strong>Beschreibung des Projekts und der geplanten Aktivit\u00e4ten<\/strong><\/p>\n<p><strong>SKILLUP<\/strong> unterst\u00fctzt das schulische Umfeld dabei, zu einem Ort der Chancen zu werden, an dem alle aktiv an effektiven und qualitativ hochwertigen Lernprozessen teilnehmen, sich frei austauschen, sich einbringen und die Kompetenzen erwerben k\u00f6nnen, um ihre eigene Zukunft zu gestalten. Es richtet sich an Sch\u00fclerinnen und Sch\u00fcler der Grundschulen und der ersten und zweiten Stufe der Sekundarschulen, die Partner des Projekts sind.<\/p>\n<p>&nbsp;<\/p>\n<p>Es bietet Ma\u00dfnahmen zur:<\/p>\n<ul>\n<li>St\u00e4rkung der individuellen und gruppenbezogenen Grundkompetenzen,<\/li>\n<li>thematischen Lehrg\u00e4nge,<\/li>\n<li>Pr\u00e4ventions- und Orientierungsdienste f\u00fcr Gruppen,<\/li>\n<li>sozial-psychologisch-p\u00e4dagogische Unterst\u00fctzungsdienste.<\/li>\n<\/ul>\n<p>&nbsp;<\/p>\n<p>Projektdauer: von September 2025 bis August 2027<\/p>\n<p><strong>Informativa di progetto \/ Informationen zum Projekt:<\/strong><\/p>\n<p><a href=\"https:\/\/assets-eu-01.kc-usercontent.com\/bcebb4a7-48c6-010f-23f5-2a0876a4748e\/f83f32ba-ae2c-43b6-914f-8006309e0953\/ALT_Condizioni_di_partecipazione_agli_interventi_FSE%2B_Rev00.pdf\">https:\/\/assets-eu-01.kc-usercontent.com\/bcebb4a7-48c6-010f-23f5-2a0876a4748e\/f83f32ba-ae2c-43b6-914f-8006309e0953\/ALT_Condizioni_di_partecipazione_agli_interventi_FSE%2B_Rev00.pdf<\/a><\/p>\n<p><strong>Sito dell\u2019Ufficio FSE<\/strong><\/p>\n<p><a href=\"https:\/\/europa.provincia.bz.it\/it\/fse-il-fondo-sociale-europeo-plus\">https:\/\/europa.provincia.bz.it\/it\/fse-il-fondo-sociale-europeo-plus<\/a><\/p>\n<p><strong>Pagina del sito dell\u2019Ufficio FSE dedicata <\/strong><strong>ESF_f2_0033 \u2013<\/strong> <strong>SkillUp:<\/strong><\/p>\n<p><strong>Beneficiario<\/strong> \/<strong> Beg\u00fcnstigter<\/strong>:<\/p>\n<p><strong>SkillUp<\/strong> \u00e8 realizzato da \/ wird durchgef\u00fchrt von:<\/p>\n<p><strong>Associazione La Strada-Der Weg Onlus<\/strong><\/p>\n<p>Via Visitazione 42, 39100 Bolzano<\/p>\n<p>tel. 0471 203111<\/p>\n<p>Responsabile di progetto \/ Projektleiter : Marion Lorenzon, <a href=\"mailto:marion.lorenzon@lastrada-derweg.org\">marion.lorenzon@lastrada-derweg.org<\/a><\/p>\n<p><strong>Le scuole dove si svolge il progetto SKILLUP \/ die Schulen, an denen das Projekt SKILLUP stattfindet:<\/strong><\/p>\n<ul>\n<li>I. C. Bassa Atesina<\/li>\n<li>I. C. Bolzano \u2013 Europa 2<\/li>\n<li>I. C. Laives<\/li>\n<li>I. C. Merano I<\/li>\n<li>I. C. Merano II<\/li>\n<li>I. P. C. Bressanone<\/li>\n<\/ul>\n<p>I. P. C. Brunico \u2013 Val Pusteria[\/vc_column_text][\/vc_column][\/vc_row][vc_row][vc_column][vc_single_image image=&#8221;12378&#8243; img_size=&#8221;full&#8221;][\/vc_column][\/vc_row]<\/p>\n<\/div>","protected":false},"excerpt":{"rendered":"<p>[vc_row][vc_column][vc_column_text]ESF_f2_0033 \u2013 SkillUp ist ein Projekt, das mit finanzieller Unterst\u00fctzung der Europ\u00e4ischen Union und des Programmes ESF+ 2021-2027 der Autonomen Provinz Bozen realisiert wurde. &nbsp; Es wird vom Verein La Strada \u2013 Der Weg in Zusammenarbeit mit der italienischsprachigen Schulbeh\u00f6rde der Provinz Bozen und den Bildungseinrichtungen durchgef\u00fchrt. &nbsp; Ziel des Projekts: &nbsp; SKILLUP ist Teil&hellip;<\/p>\n","protected":false},"author":2,"featured_media":0,"parent":3156,"menu_order":0,"comment_status":"closed","ping_status":"closed","template":"","meta":{"footnotes":""},"class_list":["post-12489","page","type-page","status-publish","hentry","description-off"],"_links":{"self":[{"href":"https:\/\/www.lastrada-derweg.org\/index.php?rest_route=\/wp\/v2\/pages\/12489","targetHints":{"allow":["GET"]}}],"collection":[{"href":"https:\/\/www.lastrada-derweg.org\/index.php?rest_route=\/wp\/v2\/pages"}],"about":[{"href":"https:\/\/www.lastrada-derweg.org\/index.php?rest_route=\/wp\/v2\/types\/page"}],"author":[{"embeddable":true,"href":"https:\/\/www.lastrada-derweg.org\/index.php?rest_route=\/wp\/v2\/users\/2"}],"replies":[{"embeddable":true,"href":"https:\/\/www.lastrada-derweg.org\/index.php?rest_route=%2Fwp%2Fv2%2Fcomments&post=12489"}],"version-history":[{"count":1,"href":"https:\/\/www.lastrada-derweg.org\/index.php?rest_route=\/wp\/v2\/pages\/12489\/revisions"}],"predecessor-version":[{"id":12490,"href":"https:\/\/www.lastrada-derweg.org\/index.php?rest_route=\/wp\/v2\/pages\/12489\/revisions\/12490"}],"up":[{"embeddable":true,"href":"https:\/\/www.lastrada-derweg.org\/index.php?rest_route=\/wp\/v2\/pages\/3156"}],"wp:attachment":[{"href":"https:\/\/www.lastrada-derweg.org\/index.php?rest_route=%2Fwp%2Fv2%2Fmedia&parent=12489"}],"curies":[{"name":"wp","href":"https:\/\/api.w.org\/{rel}","templated":true}]}}