{"id":12493,"date":"2026-01-27T15:32:45","date_gmt":"2026-01-27T14:32:45","guid":{"rendered":"https:\/\/www.lastrada-derweg.org\/?page_id=12493"},"modified":"2026-01-27T15:32:45","modified_gmt":"2026-01-27T14:32:45","slug":"12493-2","status":"publish","type":"page","link":"https:\/\/www.lastrada-derweg.org\/?page_id=12493&lang=de","title":{"rendered":""},"content":{"rendered":"<div class=\"wpb-content-wrapper\"><p>[vc_row][vc_column][vc_column_text]<strong>ESF2_f2_0029 \u2013 WE TOGETHER 2027<\/strong> ist ein Projekt, das mit <strong>Kofinanzierung der Europ\u00e4ischen Union und des ESF+ Programms 2021\u20132027 der Autonomen Provinz Bozen \u2013 S\u00fcdtirol<\/strong> umgesetzt wird.<\/p>\n<p>Das Projekt wird von <strong>Irecoop Alto Adige S\u00fcdtirol<\/strong> in Partnerschaft mit dem Verein <strong>La Strada \u2013 Der Weg<\/strong> und in Zusammenarbeit mit den <strong>teilnehmenden Schulen durchgef\u00fchrt<\/strong>.<\/p>\n<p><strong>Zielsetzungen des Projekts<\/strong><\/p>\n<p><strong>WE TOGETHER 2027 <\/strong>unterst\u00fctzt Schulen dabei, den p\u00e4dagogischen und pers\u00f6nlichen Bed\u00fcrfnissen ihrer Sch\u00fclerinnen und Sch\u00fcler gerecht zu werden. Dabei verkn\u00fcpfen wir projektbasierte Instrumente mit regionalen Netzwerken, um allen Lernenden hochwertige Unterst\u00fctzung sowie neue Chancen und Kompetenzen f\u00fcr ihre Zukunft zu bieten. Unser Angebot richtet sich an Sch\u00fclerinnen und Sch\u00fcler der Primarstufe und Sekundarstufe I in deutscher und italienischer Unterrichtssprache, die als Projektpartner teilnehmen.<\/p>\n<p>Das Projekt bietet:<\/p>\n<ul>\n<li>individualisierte und gruppenbezogene Ma\u00dfnahmen zur St\u00e4rkung der Basiskompetenzen,<\/li>\n<li>thematische Lernpfade,<\/li>\n<li>gruppenbezogene Pr\u00e4ventions- und Orientierungsangebote,<\/li>\n<li>sozial-, psycho- und p\u00e4dagogische Unterst\u00fctzungsdienste.<\/li>\n<\/ul>\n<p><strong>Projektbeschreibung und geplante Aktivit\u00e4ten<\/strong><br \/>\nESF2_f2_0029 \u2013 WE TOGETHER 2027 unterst\u00fctzt den schulischen Kontext dabei, zu einem Ort der<br \/>\nChancen zu werden, an dem alle aktiv an wirksamen und qualitativ hochwertigen Lernprozessen<br \/>\nteilnehmen k\u00f6nnen, sich frei austauschen, mitwirken und die Kompetenzen erwerben, um ihre eigene Zukunft zu gestalten. Es richtet sich an die Sch\u00fclerinnen und Sch\u00fcler der Oberschulen sowie der Berufsbildungseinrichtungen, die Partner des Projekts sind.<br \/>\nEs bietet Ma\u00dfnahmen zur St\u00e4rkung der individuellen und gruppenbezogenen Grundkompetenzen,<br \/>\nthematische Lernpfade, Gruppenangebote zur Pr\u00e4vention und Orientierung sowie sozial-psycho-<br \/>\np\u00e4dagogische Unterst\u00fctzungs- und Begleitdienste.<\/p>\n<p><strong>Informationen zum Projekt:<\/strong><\/p>\n<p><a href=\"https:\/\/assets-eu-01.kc-usercontent.com\/bcebb4a7-48c6-010f-23f5-2a0876a4748e\/83f2a1f5-3d60-4da5-a1f5-059d8dc59d3c\/ALT_DE_Teilnahmebedingungen_zu_ESF%2B-%20Ma%C3%9Fnahmen_Rev00.pdf\">https:\/\/assets-eu-01.kc-usercontent.com\/bcebb4a7-48c6-010f-23f5-2a0876a4748e\/83f2a1f5-3d60-4da5-a1f5-059d8dc59d3c\/ALT_DE_Teilnahmebedingungen_zu_ESF%2B-%20Ma%C3%9Fnahmen_Rev00.pdf<\/a><\/p>\n<p><a href=\"https:\/\/assets-eu-01.kc-usercontent.com\/bcebb4a7-48c6-010f-23f5-2a0876a4748e\/f83f32ba-ae2c-43b6-914f-8006309e0953\/ALT_Condizioni_di_partecipazione_agli_interventi_FSE%2B_Rev00.pdf\">https:\/\/assets-eu-01.kc-usercontent.com\/bcebb4a7-48c6-010f-23f5-2a0876a4748e\/f83f32ba-ae2c-43b6-914f-8006309e0953\/ALT_Condizioni_di_partecipazione_agli_interventi_FSE%2B_Rev00.pdf<\/a><\/p>\n<p><strong>Beg\u00fcnstigter:<\/strong><\/p>\n<p><strong>WE TOGETHER 2027<\/strong> wird durchgef\u00fchrt von :<\/p>\n<p>Irecoop Alto Adige S\u0171dtirol, Via Galilei 2\/e, 39100 Bolzano \u2013 tel. 0471 1535318<\/p>\n<p>In Partnerschaft mit :<\/p>\n<p>La Strada\u2013Der Weg, Via Visitazione 42, 39100 Bolzano \u2013 tel. 0471 203111<\/p>\n<p>Projektleiter : Teresa Pedretti, <a href=\"mailto:teresa.pedretti@irecoopbz.eu\">teresa.pedretti@irecoopbz.eu<\/a><\/p>\n<p><strong>Den Schulen, an denen das Projekt stattfindet:<\/strong><\/p>\n<ul>\n<li>Schulsprengel Algund,<\/li>\n<li>Schulsprengel Bozen\/Europa,<\/li>\n<li>Schulsprengel Bruneck I,<\/li>\n<li>Grundschulsprengel Neumarkt,<\/li>\n<li>Schulsprengel Leifers,<\/li>\n<li>Schulsprengel Meran\/Untermais<\/li>\n<li>Istituto Comprensivo Bolzano 1 \u2013 Centro storico.<\/li>\n<\/ul>\n<p>[\/vc_column_text][\/vc_column][\/vc_row][vc_row][vc_column][vc_single_image image=&#8221;12378&#8243; img_size=&#8221;full&#8221;][\/vc_column][\/vc_row]<\/p>\n<\/div>","protected":false},"excerpt":{"rendered":"<p>[vc_row][vc_column][vc_column_text]ESF2_f2_0029 \u2013 WE TOGETHER 2027 ist ein Projekt, das mit Kofinanzierung der Europ\u00e4ischen Union und des ESF+ Programms 2021\u20132027 der Autonomen Provinz Bozen \u2013 S\u00fcdtirol umgesetzt wird. Das Projekt wird von Irecoop Alto Adige S\u00fcdtirol in Partnerschaft mit dem Verein La Strada \u2013 Der Weg und in Zusammenarbeit mit den teilnehmenden Schulen durchgef\u00fchrt. Zielsetzungen des&hellip;<\/p>\n","protected":false},"author":2,"featured_media":0,"parent":3156,"menu_order":0,"comment_status":"closed","ping_status":"closed","template":"","meta":{"footnotes":""},"class_list":["post-12493","page","type-page","status-publish","hentry","description-off"],"_links":{"self":[{"href":"https:\/\/www.lastrada-derweg.org\/index.php?rest_route=\/wp\/v2\/pages\/12493","targetHints":{"allow":["GET"]}}],"collection":[{"href":"https:\/\/www.lastrada-derweg.org\/index.php?rest_route=\/wp\/v2\/pages"}],"about":[{"href":"https:\/\/www.lastrada-derweg.org\/index.php?rest_route=\/wp\/v2\/types\/page"}],"author":[{"embeddable":true,"href":"https:\/\/www.lastrada-derweg.org\/index.php?rest_route=\/wp\/v2\/users\/2"}],"replies":[{"embeddable":true,"href":"https:\/\/www.lastrada-derweg.org\/index.php?rest_route=%2Fwp%2Fv2%2Fcomments&post=12493"}],"version-history":[{"count":2,"href":"https:\/\/www.lastrada-derweg.org\/index.php?rest_route=\/wp\/v2\/pages\/12493\/revisions"}],"predecessor-version":[{"id":12495,"href":"https:\/\/www.lastrada-derweg.org\/index.php?rest_route=\/wp\/v2\/pages\/12493\/revisions\/12495"}],"up":[{"embeddable":true,"href":"https:\/\/www.lastrada-derweg.org\/index.php?rest_route=\/wp\/v2\/pages\/3156"}],"wp:attachment":[{"href":"https:\/\/www.lastrada-derweg.org\/index.php?rest_route=%2Fwp%2Fv2%2Fmedia&parent=12493"}],"curies":[{"name":"wp","href":"https:\/\/api.w.org\/{rel}","templated":true}]}}