{"id":12500,"date":"2026-02-01T22:02:30","date_gmt":"2026-02-01T21:02:30","guid":{"rendered":"https:\/\/www.lastrada-derweg.org\/?page_id=12500"},"modified":"2026-03-11T09:52:58","modified_gmt":"2026-03-11T08:52:58","slug":"meeting-animare-beseelen-solitudini","status":"publish","type":"page","link":"https:\/\/www.lastrada-derweg.org\/?page_id=12500","title":{"rendered":"Meeting &#8220;Animare -Beseelen: Solitudini\/Formen der Einsamkeit&#8221;"},"content":{"rendered":"<div class=\"wpb-content-wrapper\"><p>[vc_row][vc_column][vc_column_text]<\/p>\n<p>[\/vc_column_text][\/vc_column][\/vc_row][vc_row][vc_column][vc_column_text css=&#8221;.vc_custom_1771102337739{margin-bottom: 100px !important;}&#8221;]<span style=\"color: #ff0000;\">Pagina bilingue, segue testo in lingua tedesca<\/span><\/p>\n<p><span style=\"color: #ff0000;\">Zweisprachige Seite, Text in deutscher Sprache folgt.<\/span><\/p>\n<p>&nbsp;<\/p>\n<h1 style=\"text-align: center;\"><strong>&#8220;Solitudini&#8221;<\/strong><\/h1>\n<p><strong>\u201cSolitudini\u201d<\/strong> \u00e8 il titolo dell\u2019edizione 2026 del meeting \u201cAnimare-Beseelen\u201d, che l\u2019Associazione \u201cLa Strada-Der Weg\u201d organizza annualmente dal 2018.<\/p>\n<p>Si svolger\u00e0 dal <strong>16 al 19 marzo<\/strong>, in diverse sedi, con interventi di relatori esterni, di operatori dell\u2019Associazione, workshop di approfondimento.<\/p>\n<div class=\"relative basis-auto flex-col -mb-(--composer-overlap-px) [--composer-overlap-px:28px] grow flex\">\n<div class=\"flex flex-col text-sm pb-25\">\n<article class=\"text-token-text-primary w-full focus:outline-none [--shadow-height:45px] has-data-writing-block:pointer-events-none has-data-writing-block:-mt-(--shadow-height) has-data-writing-block:pt-(--shadow-height) [&amp;:has([data-writing-block])&gt;*]:pointer-events-auto scroll-mt-[calc(var(--header-height)+min(200px,max(70px,20svh)))]\" dir=\"auto\" tabindex=\"-1\" data-turn-id=\"request-WEB:be5faebc-05d4-456d-8b8c-f2983e89619b-0\" data-testid=\"conversation-turn-4\" data-scroll-anchor=\"true\" data-turn=\"assistant\">\n<div class=\"text-base my-auto mx-auto pb-10 [--thread-content-margin:--spacing(4)] @w-sm\/main:[--thread-content-margin:--spacing(6)] @w-lg\/main:[--thread-content-margin:--spacing(16)] px-(--thread-content-margin)\">\n<div class=\"[--thread-content-max-width:40rem] @w-lg\/main:[--thread-content-max-width:48rem] mx-auto max-w-(--thread-content-max-width) flex-1 group\/turn-messages focus-visible:outline-hidden relative flex w-full min-w-0 flex-col agent-turn\" tabindex=\"-1\">\n<div class=\"flex max-w-full flex-col grow\">\n<div class=\"min-h-8 text-message relative flex w-full flex-col items-end gap-2 text-start break-words whitespace-normal [.text-message+&amp;]:mt-1\" dir=\"auto\" data-message-author-role=\"assistant\" data-message-id=\"94b00f2e-ed57-4d5f-b0ba-bd819615553a\" data-message-model-slug=\"gpt-5-2\">\n<div class=\"flex w-full flex-col gap-1 empty:hidden first:pt-[1px]\">\n<div class=\"markdown prose dark:prose-invert w-full wrap-break-word light markdown-new-styling\">\n<p data-start=\"65\" data-end=\"419\">La solitudine \u00e8 un\u2019esperienza universale e complessa: pu\u00f2 essere ferita e isolamento, ma anche spazio di riflessione e trasformazione. In un tempo di connessioni diffuse e legami fragili, il convegno <em data-start=\"265\" data-end=\"277\">Solitudini<\/em> propone un\u2019occasione di confronto per comprendere come questa condizione attraversi le diverse et\u00e0 della vita e i contesti sociali e di cura.<\/p>\n<p data-start=\"421\" data-end=\"475\">Il percorso si articola in quattro giornate tematiche:<\/p>\n<p data-start=\"477\" data-end=\"668\"><strong data-start=\"477\" data-end=\"502\">Solitudine e comunit\u00e0<\/strong><br data-start=\"502\" data-end=\"505\" \/>Una riflessione sul rapporto tra individuo e collettivit\u00e0, tra isolamento e appartenenza, per interrogare le forme di comunit\u00e0 capaci di generare legami autentici.<\/p>\n<p data-start=\"670\" data-end=\"838\"><strong data-start=\"670\" data-end=\"698\">Adolescenza e solitudine<\/strong><br data-start=\"698\" data-end=\"701\" \/>Un approfondimento sulla solitudine nella fase della costruzione dell\u2019identit\u00e0, tra fragilit\u00e0, ricerca di s\u00e9 e bisogno di riconoscimento.<\/p>\n<p data-start=\"840\" data-end=\"1020\"><strong data-start=\"840\" data-end=\"868\">La solitudine nella cura<\/strong><br data-start=\"868\" data-end=\"871\" \/>Uno sguardo alle diverse solitudini che abitano la relazione di cura \u2014 pazienti, familiari e professionisti \u2014 e alle pratiche che possono sostenerle.<\/p>\n<p data-start=\"1022\" data-end=\"1189\"><strong data-start=\"1022\" data-end=\"1052\">Vulnerabilit\u00e0 e solitudine<\/strong><br data-start=\"1052\" data-end=\"1055\" \/>Una riflessione sulle fragilit\u00e0 individuali e collettive, per comprendere come la solitudine possa essere riconosciuta e accompagnata.<\/p>\n<p data-start=\"1191\" data-end=\"1348\" data-is-last-node=\"\" data-is-only-node=\"\">Il convegno intende offrire uno spazio di dialogo tra saperi ed esperienze, trasformando una condizione spesso silenziosa in occasione di pensiero condiviso.<\/p>\n<\/div>\n<\/div>\n<\/div>\n<\/div>\n<\/div>\n<\/div>\n<\/article>\n<\/div>\n<\/div>\n<p>[\/vc_column_text][\/vc_column][\/vc_row][vc_row][vc_column][vc_column_text css=&#8221;.vc_custom_1771667953818{margin-bottom: 100px !important;}&#8221;]<\/p>\n<h3 style=\"text-align: center;\"><strong>Modalit\u00e0 di iscrizione<\/strong><\/h3>\n<p>\u00c8 possibile iscriversi a pi\u00f9 giornate. Per la giornata di gioved\u00ec 19 marzo dovrai scegliere a quale workshop\u00a0 partecipare. \u00c8 possibile indicare una prima scelta e una seconda scelta per i workshop . I posti nei workshop sono limitati e verranno assegnati in ordine cronologico fino ad esaurimento. Si cercher\u00e0 di tenere conto delle scelte indicate da ognuno, qualora ci\u00f2 non fosse possibile, la\/il partecipante verr\u00e0 iscritta\/o d&#8217;ufficio ad un altro workshop. La ringraziamo per la comprensione. Termine di iscrizione: 12-03-2026.<\/p>\n<p>Verranno assegnati crediti ecm ( per le professioni sanitarie) e ecs (per gli\/le assistenti sociali).<\/p>\n<p><span style=\"color: #ff0000;\"><strong>N.B.: SOLO NELLA GIORNATA DI TRENTO (16-03) NON VENGONO ASSEGNATI CREDITI ALLE PROFESSIONI SANITARIE, MA SOLO AGLI\/<em>ALLE<\/em> ASSISTENTI SOCIALI. NELLE RESTANTI GIORNATE (MERANO, BRESSANONE E BOLZANO) I CREDITI VENGONO ASSEGNATI SIA ALLE PROFESSIONI SANITARIE CHE AGLI\/<em>ALLE<\/em> ASSITENTI SOCIALI<\/strong><\/span><\/p>\n<p>Non \u00e8 prevista la traduzione simultanea. Ogni relatore\/relatrice parler\u00e0 nella propria madrelingua.[\/vc_column_text][\/vc_column][\/vc_row][vc_row][vc_column][vc_column_text css=&#8221;.vc_custom_1771670842804{margin-bottom: 100px !important;}&#8221;]<strong>PRESENTAZIONE MEETING: clicca <a href=\"https:\/\/www.lastrada-derweg.org\/?page_id=12500\"><span style=\"color: #ff0000;\">QUI<\/span><\/a><\/strong><\/p>\n<p><span style=\"color: #000000;\"><strong>MODULO DI ISCRIZIONE: clicca <\/strong><\/span><a href=\"https:\/\/forms.gle\/4C7dVXXcfa1aKPiM7\"><span style=\"color: #ff0000;\"><strong>QUI<\/strong><\/span><\/a><\/p>\n<p><strong>PROGRAMMA DETTAGLIATO: clicca<\/strong> <strong><a href=\"https:\/\/www.lastrada-derweg.org\/?page_id=12505\"><span style=\"color: #ff0000;\">QUI<\/span><\/a>\u00a0<\/strong><\/p>\n<p><span style=\"color: #000000;\"><strong>ELENCO RELATRICI E RELATORI<\/strong>: <strong>clicca<\/strong><\/span> <a href=\"https:\/\/www.lastrada-derweg.org\/?page_id=12559\"><strong><span style=\"color: #ff0000;\">QUI<\/span><\/strong><\/a><\/p>\n<p><strong>SCHEDA TECNICA: <span style=\"color: #000000;\">clicca <a href=\"https:\/\/www.lastrada-derweg.org\/?page_id=12551\"><span style=\"color: #ff0000;\">QUI<\/span><\/a><\/span><\/strong><\/p>\n<p><strong>ATTI: <span style=\"color: #000000;\">clicca <\/span><a href=\"https:\/\/www.lastrada-derweg.org\/?page_id=12545\"><span style=\"color: #000000;\"><span style=\"color: #ff0000;\">QUI<\/span><\/span><\/a><\/strong><\/p>\n<p>&nbsp;<\/p>\n<div id=\"thread-bottom-container\" class=\"sticky bottom-0 group\/thread-bottom-container relative isolate z-10 w-full basis-auto has-data-has-thread-error:pt-2 has-data-has-thread-error:[box-shadow:var(--sharp-edge-bottom-shadow)] md:border-transparent md:pt-0 dark:border-white\/20 md:dark:border-transparent print:hidden content-fade single-line flex flex-col\">\n<div id=\"thread-bottom\">\n<div class=\"text-base mx-auto [--thread-content-margin:--spacing(4)] @w-sm\/main:[--thread-content-margin:--spacing(6)] @w-lg\/main:[--thread-content-margin:--spacing(16)] px-(--thread-content-margin)\">\n<div class=\"[--thread-content-max-width:40rem] @w-lg\/main:[--thread-content-max-width:48rem] mx-auto max-w-(--thread-content-max-width) flex-1 mb-4\">\n<div class=\"pointer-events-auto relative z-1 flex h-(--composer-container-height,100%) max-w-full flex-(--composer-container-flex,1) flex-col\">\n<form class=\"group\/composer w-full\" data-type=\"unified-composer\">\n<div class=\"\">\n<div class=\"bg-token-bg-primary corner-superellipse\/1.1 cursor-text overflow-clip bg-clip-padding p-2.5 contain-inline-size motion-safe:transition-colors motion-safe:duration-200 motion-safe:ease-in-out dark:bg-[#303030] grid grid-cols-[auto_1fr_auto] [grid-template-areas:'header_header_header'_'leading_primary_trailing'_'._footer_.'] group-data-expanded\/composer:[grid-template-areas:'header_header_header'_'primary_primary_primary'_'leading_footer_trailing'] shadow-short\" data-composer-surface=\"true\">\n<div class=\"flex items-center gap-2 [grid-area:trailing]\">\n<div class=\"ms-auto flex items-center gap-1.5\">\n<div>\n<div>\n<div class=\"relative\"><\/div>\n<\/div>\n<\/div>\n<\/div>\n<\/div>\n<\/div>\n<\/div>\n<\/form>\n<\/div>\n<\/div>\n<\/div>\n<\/div>\n<\/div>\n<p>[\/vc_column_text][\/vc_column][\/vc_row][vc_row][vc_column css=&#8221;.vc_custom_1738167740523{margin-top: -50px !important;}&#8221;][vc_column_text css=&#8221;&#8221;]<\/p>\n<div class=\"flex max-w-full flex-col grow\">\n<h1 style=\"text-align: center;\"><strong>&#8220;Formen der Einsamkeit&#8221;<\/strong><\/h1>\n<\/div>\n<div class=\"z-0 flex min-h-[46px] justify-start\">\n<p data-start=\"0\" data-end=\"157\">\u201e<strong>Formen der<\/strong> <strong data-start=\"1\" data-end=\"17\">Einsamkeit<\/strong>\u201c ist der Titel der Ausgabe 2026 des Meetings \u201e<strong data-start=\"64\" data-end=\"84\">Animare-Beseelen<\/strong>\u201c, das der Verein \u201e<strong data-start=\"103\" data-end=\"124\">La Strada-Der Weg<\/strong>\u201c seit 2018 j\u00e4hrlich organisiert.<\/p>\n<p data-start=\"159\" data-end=\"355\" data-is-last-node=\"\" data-is-only-node=\"\">Es findet vom 16. bis 19. M\u00e4rz an verschiedenen Veranstaltungsorten statt und umfasst Beitr\u00e4ge externer Referentinnen und Referenten sowie von Mitarbeitenden des Vereins und vertiefende Workshops.<\/p>\n<p>&nbsp;<\/p>\n<p>Einsamkeit ist eine universelle und vielschichtige Erfahrung: Sie kann Verletzung und Isolation sein, aber auch Raum f\u00fcr Reflexion und Wandlung. In einer Zeit verbreiteter Vernetzungen und zugleich fragiler Beziehungen m\u00f6chte die Tagung <em>Einsamkeiten<\/em> einen Ort des Austauschs schaffen, um zu verstehen, wie diese Erfahrung verschiedene Lebensphasen sowie soziale und f\u00fcrsorgliche Kontexte durchzieht.<\/p>\n<p>Die Tagung gliedert sich in vier thematische Tage:<\/p>\n<p><strong>Sind wir alle ein bisschen einsam?<\/strong><br \/>\nEine Auseinandersetzung mit dem Verh\u00e4ltnis zwischen Individuum und Gemeinschaft, zwischen Isolation und Zugeh\u00f6rigkeit, und mit der Frage, welche Formen von Gemeinschaft tragf\u00e4hige Beziehungen erm\u00f6glichen.<\/p>\n<p><strong>Jugend und Einsamkeit<\/strong><br \/>\nEine Vertiefung der Einsamkeit in der Phase der Identit\u00e4tsbildung \u2013 zwischen Verletzlichkeit, Selbstsuche und dem Bed\u00fcrfnis nach Anerkennung.<\/p>\n<p><strong>Einsamkeit in der Pflege<\/strong><br \/>\nEin Blick auf die unterschiedlichen Formen von Einsamkeit in Sorge- und Pflegebeziehungen \u2013 bei Betroffenen, Angeh\u00f6rigen und Fachpersonen \u2013 sowie auf unterst\u00fctzende Praktiken.<\/p>\n<p><strong>Vulnerabilit\u00e4t und Einsamkeit<\/strong><br \/>\nEine Reflexion \u00fcber individuelle und kollektive Fragilit\u00e4t, um zu verstehen, wie Einsamkeit wahrgenommen und begleitet werden kann.<\/p>\n<p>Die Tagung m\u00f6chte einen Raum des Dialogs zwischen Wissen und Erfahrung er\u00f6ffnen und eine oft stille Erfahrung in gemeinsames Nachdenken verwandeln.<\/p>\n<\/div>\n<div class=\"mt-3 w-full empty:hidden\">\n<div class=\"text-center\"><\/div>\n<\/div>\n<p>[\/vc_column_text][vc_column_text css=&#8221;.vc_custom_1771668061151{margin-bottom: 50px !important;padding-top: 50px !important;}&#8221;]<\/p>\n<h3 style=\"text-align: center;\"><strong>Einschreibemodalit\u00e4ten<\/strong><\/h3>\n<p>Sie k\u00f6nnen w\u00e4hlen, f\u00fcr welche Tage Sie sich anmelden m\u00f6chten. F\u00fcr den Donnerstag 18. M\u00e4rz m\u00fcssen Sie w\u00e4hlen, an welchem Workshop Sie teilnehmen m\u00f6chten. Es ist m\u00f6glich, eine erste und eine zweite Wahl f\u00fcr die Workshops anzugeben. Die Pl\u00e4tze in den Workshops sind begrenzt und werden in chronologischer Reihenfolge vergeben. Es wird versucht, die von jeder Teilnehmerin\/jedem Teilnehmer angegebene Wahl zu ber\u00fccksichtigen; sollte dies nicht m\u00f6glich sein, wird die\/der Teilnehmer\/in automatisch f\u00fcr einen anderen Workshop angemeldet. Wir danken Ihnen f\u00fcr Ihr Verst\u00e4ndnis. Einschreibefrist: 12-03-2026.<\/p>\n<p>Es werden CME-Punkte (f\u00fcr die Berufe des Gesundheitswesens) und ECS-Punkte (f\u00fcr Sozialassistent\/innen) vergeben.<\/p>\n<p><span style=\"color: #ff0000;\"><strong>BITTE MERKEN: NUR AM TAG IN TRIENT (16.03.) WERDEN KEINE FORTBILDUNGSPUNKTE AN BERUFSGRUPPEN DES GESUNDHEITSWESENS VERGEBEN, SONDERN NUR AN SOZIALASSISTENT\/INNEN. AN DEN \u00dcBRIGEN TAGEN (MERAN, BRIXEN UND BOZEN) WERDEN DIE PUNKTE SOWOHL AN DIE BERUFSGRUPPEN DES GESUNDHEITSWESENS ALS AUCH AN DIE SOZIALASSISTENT\/INNEN VERGEBEN.<\/strong><\/span><\/p>\n<p>Eine Simultan\u00fcbersetzung wird nicht angeboten. Jede\/r Redner\/in wird in der eigenen Muttersprache sprechen.[\/vc_column_text][\/vc_column][\/vc_row][vc_row][vc_column][vc_column_text css=&#8221;.vc_custom_1771103208376{margin-bottom: 100px !important;}&#8221;]<strong>PR<strong class=\"Yjhzub\" data-processed=\"true\"><span dir=\"auto\" data-processed=\"true\">\u00c4<\/span><\/strong>SENTATION DES MEETINGS: clicken Sie <a href=\"https:\/\/www.lastrada-derweg.org\/?page_id=12500\"><span style=\"color: #ff0000;\">HIER<\/span><\/a><\/strong><\/p>\n<p><span style=\"color: #000000;\"><strong>EINSCHREIBEFORMULAR: clicken Sie <\/strong><\/span><a href=\"https:\/\/forms.gle\/4C7dVXXcfa1aKPiM7\"><span style=\"color: #ff0000;\"><strong>HIER<\/strong><\/span><\/a><\/p>\n<p><strong>DETALLIERTES PROGRAMM: clicken Sie<\/strong>\u00a0<a href=\"https:\/\/www.lastrada-derweg.org\/?page_id=12505\"><span style=\"color: #ff0000;\"><b>HIER<\/b><\/span><\/a><\/p>\n<p><span style=\"color: #000000;\"><strong>REFERENTEN UND REFERENTINNEN<\/strong>: <strong>clicken Sie<\/strong><\/span>\u00a0<a href=\"https:\/\/www.lastrada-derweg.org\/?page_id=12559\"><strong><span style=\"color: #ff0000;\">HIER<\/span><\/strong><\/a><\/p>\n<p><strong>TECHNISCHE INFORMATIONEN: clicken Sie<span style=\"color: #000000;\">\u00a0<a href=\"https:\/\/www.lastrada-derweg.org\/?page_id=12551\"><span style=\"color: #ff0000;\">HIER<\/span><\/a><\/span><\/strong><\/p>\n<p><strong>AKTEN: clicken Sie<span style=\"color: #000000;\">\u00a0<\/span><a href=\"https:\/\/www.lastrada-derweg.org\/?page_id=12545\"><span style=\"color: #000000;\"><span style=\"color: #ff0000;\">HIER<\/span><\/span><\/a><\/strong><\/p>\n<p>&nbsp;<\/p>\n<div id=\"thread-bottom-container\" class=\"sticky bottom-0 group\/thread-bottom-container relative isolate z-10 w-full basis-auto has-data-has-thread-error:pt-2 has-data-has-thread-error:[box-shadow:var(--sharp-edge-bottom-shadow)] md:border-transparent md:pt-0 dark:border-white\/20 md:dark:border-transparent print:hidden content-fade single-line flex flex-col\">\n<div id=\"thread-bottom\">\n<div class=\"text-base mx-auto [--thread-content-margin:--spacing(4)] @w-sm\/main:[--thread-content-margin:--spacing(6)] @w-lg\/main:[--thread-content-margin:--spacing(16)] px-(--thread-content-margin)\">\n<div class=\"[--thread-content-max-width:40rem] @w-lg\/main:[--thread-content-max-width:48rem] mx-auto max-w-(--thread-content-max-width) flex-1 mb-4\">\n<div class=\"pointer-events-auto relative z-1 flex h-(--composer-container-height,100%) max-w-full flex-(--composer-container-flex,1) flex-col\">\n<form class=\"group\/composer w-full\" data-type=\"unified-composer\">\n<div class=\"\">\n<div class=\"bg-token-bg-primary corner-superellipse\/1.1 cursor-text overflow-clip bg-clip-padding p-2.5 contain-inline-size motion-safe:transition-colors motion-safe:duration-200 motion-safe:ease-in-out dark:bg-[#303030] grid grid-cols-[auto_1fr_auto] [grid-template-areas:'header_header_header'_'leading_primary_trailing'_'._footer_.'] group-data-expanded\/composer:[grid-template-areas:'header_header_header'_'primary_primary_primary'_'leading_footer_trailing'] shadow-short\" data-composer-surface=\"true\">\n<div class=\"flex items-center gap-2 [grid-area:trailing]\">\n<div class=\"ms-auto flex items-center gap-1.5\">\n<div>\n<div>\n<div class=\"relative\"><\/div>\n<\/div>\n<\/div>\n<\/div>\n<\/div>\n<\/div>\n<\/div>\n<\/form>\n<\/div>\n<\/div>\n<\/div>\n<\/div>\n<\/div>\n<p>[\/vc_column_text][\/vc_column][\/vc_row][vc_row][vc_column][vc_single_image image=&#8221;12626&#8243; img_size=&#8221;full&#8221; css=&#8221;&#8221;][\/vc_column][\/vc_row]<\/p>\n<\/div>","protected":false},"excerpt":{"rendered":"<p>[vc_row][vc_column][vc_column_text] [\/vc_column_text][\/vc_column][\/vc_row][vc_row][vc_column][vc_column_text css=&#8221;.vc_custom_1771102337739{margin-bottom: 100px !important;}&#8221;]Pagina bilingue, segue testo in lingua tedesca Zweisprachige Seite, Text in deutscher Sprache folgt. &nbsp; &#8220;Solitudini&#8221; \u201cSolitudini\u201d \u00e8 il titolo dell\u2019edizione 2026 del meeting \u201cAnimare-Beseelen\u201d, che l\u2019Associazione \u201cLa Strada-Der Weg\u201d organizza annualmente dal 2018. Si svolger\u00e0 dal 16 al 19 marzo, in diverse sedi, con interventi di relatori esterni, di operatori&hellip;<\/p>\n","protected":false},"author":2,"featured_media":0,"parent":1378,"menu_order":0,"comment_status":"closed","ping_status":"closed","template":"","meta":{"footnotes":""},"class_list":["post-12500","page","type-page","status-publish","hentry","description-off"],"_links":{"self":[{"href":"https:\/\/www.lastrada-derweg.org\/index.php?rest_route=\/wp\/v2\/pages\/12500","targetHints":{"allow":["GET"]}}],"collection":[{"href":"https:\/\/www.lastrada-derweg.org\/index.php?rest_route=\/wp\/v2\/pages"}],"about":[{"href":"https:\/\/www.lastrada-derweg.org\/index.php?rest_route=\/wp\/v2\/types\/page"}],"author":[{"embeddable":true,"href":"https:\/\/www.lastrada-derweg.org\/index.php?rest_route=\/wp\/v2\/users\/2"}],"replies":[{"embeddable":true,"href":"https:\/\/www.lastrada-derweg.org\/index.php?rest_route=%2Fwp%2Fv2%2Fcomments&post=12500"}],"version-history":[{"count":31,"href":"https:\/\/www.lastrada-derweg.org\/index.php?rest_route=\/wp\/v2\/pages\/12500\/revisions"}],"predecessor-version":[{"id":12627,"href":"https:\/\/www.lastrada-derweg.org\/index.php?rest_route=\/wp\/v2\/pages\/12500\/revisions\/12627"}],"up":[{"embeddable":true,"href":"https:\/\/www.lastrada-derweg.org\/index.php?rest_route=\/wp\/v2\/pages\/1378"}],"wp:attachment":[{"href":"https:\/\/www.lastrada-derweg.org\/index.php?rest_route=%2Fwp%2Fv2%2Fmedia&parent=12500"}],"curies":[{"name":"wp","href":"https:\/\/api.w.org\/{rel}","templated":true}]}}