{"id":1361,"date":"2018-07-31T21:24:43","date_gmt":"2018-07-31T19:24:43","guid":{"rendered":"http:\/\/www.lastrada-derweg.org\/?page_id=1361"},"modified":"2024-07-10T13:14:24","modified_gmt":"2024-07-10T11:14:24","slug":"arbeite-mit-uns","status":"publish","type":"page","link":"https:\/\/www.lastrada-derweg.org\/?page_id=1361&lang=de","title":{"rendered":"Arbeite mit uns"},"content":{"rendered":"<div class=\"wpb-content-wrapper\"><p>[vc_row][vc_column][vc_column_text css=&#8221;&#8221;]Wir arbeiten am h\u00e4ufigsten mit folgenden Berufsbildern:<\/p>\n<p>\u2022 Sozialp\u00e4dagogin \/ Sozialp\u00e4dagoge \u2013 Erzieherin \/ erzieher<br \/>\n\u2022 Technikerin \/ Techniker f\u00fcr die psychiatrische Rehabilitation<br \/>\n\u2022 Ergotherapeutin \/ Ergotherapeut<br \/>\n\u2022 Sozialbetreuerin \/ Sozialbetreuer<br \/>\n\u2022 Pflegehelferin \/ Pflegehelfer<br \/>\n\u2022 Psychologin \/ Psychologe<br \/>\n\u2022 Krankenpflegepersonal<br \/>\n\u2022 Verwaltungspersonal<br \/>\nWenn Du mit uns zusammenarbeiten willst oder mehr Informationen brauchst, sende deinen Lebenslauf an folgende Adresse: jobs@lastrada-derweg.org. F\u00fcge bitte auch die Autorisierung zur Verarbeitung der personenbezogenen Daten hinzu (\u201eIch erm\u00e4chtige die Verarbeitung meiner personenbezogenen Daten gem\u00e4\u00df Art. 13 des Gesetzesdekretes 196 vom 30. Juni 2003 und gem\u00e4\u00df Art. 13 GDPR (Verordnung EU 2016\/679) zum Zweck der Auswahl des Personals im Rahmen der Bewerbungsverfahren\u201c).<\/p>\n<p>&nbsp;<\/p>\n<p><a href=\"https:\/\/www.lastrada-derweg.org\/wp-content\/uploads\/2021\/06\/trattamento-dati_-2021_Datenverarbeitung.pdf\">Lesen Sie die Informationen \u00fcber die Datenverarbeitung. Danke<\/a><\/p>\n<h3><\/h3>\n<h3><\/h3>\n<p>&nbsp;<\/p>\n<h4><\/h4>\n<p>[\/vc_column_text][\/vc_column][\/vc_row]<\/p>\n<\/div>","protected":false},"excerpt":{"rendered":"<p>[vc_row][vc_column][vc_column_text css=&#8221;&#8221;]Wir arbeiten am h\u00e4ufigsten mit folgenden Berufsbildern: \u2022 Sozialp\u00e4dagogin \/ Sozialp\u00e4dagoge \u2013 Erzieherin \/ erzieher \u2022 Technikerin \/ Techniker f\u00fcr die psychiatrische Rehabilitation \u2022 Ergotherapeutin \/ Ergotherapeut \u2022 Sozialbetreuerin \/ Sozialbetreuer \u2022 Pflegehelferin \/ Pflegehelfer \u2022 Psychologin \/ Psychologe \u2022 Krankenpflegepersonal \u2022 Verwaltungspersonal Wenn Du mit uns zusammenarbeiten willst oder mehr Informationen brauchst, sende&hellip;<\/p>\n","protected":false},"author":1,"featured_media":0,"parent":0,"menu_order":0,"comment_status":"closed","ping_status":"closed","template":"","meta":{"footnotes":""},"class_list":["post-1361","page","type-page","status-publish","hentry","description-off"],"_links":{"self":[{"href":"https:\/\/www.lastrada-derweg.org\/index.php?rest_route=\/wp\/v2\/pages\/1361","targetHints":{"allow":["GET"]}}],"collection":[{"href":"https:\/\/www.lastrada-derweg.org\/index.php?rest_route=\/wp\/v2\/pages"}],"about":[{"href":"https:\/\/www.lastrada-derweg.org\/index.php?rest_route=\/wp\/v2\/types\/page"}],"author":[{"embeddable":true,"href":"https:\/\/www.lastrada-derweg.org\/index.php?rest_route=\/wp\/v2\/users\/1"}],"replies":[{"embeddable":true,"href":"https:\/\/www.lastrada-derweg.org\/index.php?rest_route=%2Fwp%2Fv2%2Fcomments&post=1361"}],"version-history":[{"count":45,"href":"https:\/\/www.lastrada-derweg.org\/index.php?rest_route=\/wp\/v2\/pages\/1361\/revisions"}],"predecessor-version":[{"id":10457,"href":"https:\/\/www.lastrada-derweg.org\/index.php?rest_route=\/wp\/v2\/pages\/1361\/revisions\/10457"}],"wp:attachment":[{"href":"https:\/\/www.lastrada-derweg.org\/index.php?rest_route=%2Fwp%2Fv2%2Fmedia&parent=1361"}],"curies":[{"name":"wp","href":"https:\/\/api.w.org\/{rel}","templated":true}]}}