{"id":1391,"date":"2018-08-02T21:29:39","date_gmt":"2018-08-02T19:29:39","guid":{"rendered":"http:\/\/www.lastrada-derweg.org\/?page_id=1391"},"modified":"2026-02-14T22:12:46","modified_gmt":"2026-02-14T21:12:46","slug":"downloads","status":"publish","type":"page","link":"https:\/\/www.lastrada-derweg.org\/?page_id=1391&lang=de","title":{"rendered":"Downloads"},"content":{"rendered":"<div class=\"wpb-content-wrapper\"><p>[vc_row][vc_column width=&#8221;1\/3&#8243;][vc_icon icon_fontawesome=&#8221;&#8221; color=&#8221;custom&#8221; background_style=&#8221;rounded-less&#8221; background_color=&#8221;custom&#8221; size=&#8221;xl&#8221; align=&#8221;center&#8221; css_animation=&#8221;fadeInUp&#8221; css=&#8221;&#8221; custom_color=&#8221;#ffffff&#8221; link=&#8221;url:https%3A%2F%2Fwww.lastrada-derweg.org%2F%3Fpage_id%3D12500&#8243; custom_background_color=&#8221;#cc3333&#8243;][vc_custom_heading text=&#8221;Meeting &#8220;Animare-Beseelen: Formen der Einsamkeit&#8220;&#8221; font_container=&#8221;tag:h3|text_align:center&#8221; use_theme_fonts=&#8221;yes&#8221; css_animation=&#8221;fadeInUp&#8221; css=&#8221;&#8221; link=&#8221;url:https%3A%2F%2Fwww.lastrada-derweg.org%2F%3Fpage_id%3D12500&#8243;][\/vc_column][vc_column width=&#8221;1\/3&#8243;][vc_icon icon_fontawesome=&#8221;fa fa-folder-open&#8221; color=&#8221;custom&#8221; background_style=&#8221;rounded-less&#8221; background_color=&#8221;custom&#8221; size=&#8221;xl&#8221; align=&#8221;center&#8221; css_animation=&#8221;fadeInUp&#8221; custom_color=&#8221;#ffffff&#8221; link=&#8221;url:http%3A%2F%2Fwww.lastrada-derweg.org%2F%3Fpage_id%3D3837%26lang%3Dde|||&#8221; custom_background_color=&#8221;#cc3333&#8243;][vc_custom_heading text=&#8221;Akten, Webinare und Publikationen&#8221; font_container=&#8221;tag:h3|text_align:center&#8221; use_theme_fonts=&#8221;yes&#8221; css_animation=&#8221;fadeInUp&#8221; link=&#8221;url:http%3A%2F%2Fwww.lastrada-derweg.org%2F%3Fpage_id%3D3837%26lang%3Dde|||&#8221;][vc_custom_heading text=&#8221;Akten der Tagungen, Webinare und unsere periodische Zeitschriften&#8221; font_container=&#8221;tag:p|text_align:center&#8221; use_theme_fonts=&#8221;yes&#8221; css_animation=&#8221;fadeInUp&#8221; css=&#8221;.vc_custom_1616659180269{padding-bottom: 30px !important;}&#8221; link=&#8221;url:http%3A%2F%2Fwww.lastrada-derweg.org%2F%3Fpage_id%3D3837%26lang%3Dde|||&#8221;][\/vc_column][vc_column width=&#8221;1\/3&#8243;][vc_icon icon_fontawesome=&#8221;fas fa-landmark&#8221; color=&#8221;custom&#8221; background_style=&#8221;rounded-less&#8221; background_color=&#8221;custom&#8221; size=&#8221;xl&#8221; align=&#8221;center&#8221; css_animation=&#8221;fadeInUp&#8221; custom_color=&#8221;#ffffff&#8221; link=&#8221;url:https%3A%2F%2Fwww.lastrada-derweg.org%2F%3Fpage_id%3D8147%26lang%3Dde|title:Organigramm|target:_blank&#8221; custom_background_color=&#8221;#cc3333&#8243;][vc_custom_heading text=&#8221;Organigramm und Vereinsplan&#8221; font_container=&#8221;tag:h3|text_align:center&#8221; use_theme_fonts=&#8221;yes&#8221; css_animation=&#8221;fadeInUp&#8221; css=&#8221;&#8221; link=&#8221;url:https%3A%2F%2Fwww.lastrada-derweg.org%2F%3Fpage_id%3D8147%26lang%3Dde|title:Organigramm|target:_blank&#8221;][vc_custom_heading text=&#8221;Die Gremien, die vereinsinternen Dienste,<br \/>\ndas angestellte Personal&#8221; font_container=&#8221;tag:p|text_align:center&#8221; use_theme_fonts=&#8221;yes&#8221; css_animation=&#8221;fadeInUp&#8221; css=&#8221;.vc_custom_1764229186589{padding-bottom: 30px !important;}&#8221; link=&#8221;url:https%3A%2F%2Fwww.lastrada-derweg.org%2F%3Fpage_id%3D8147%26lang%3Dde|title:Organigramm|target:_blank&#8221;][\/vc_column][\/vc_row][vc_row][vc_column width=&#8221;1\/3&#8243;][vc_icon icon_fontawesome=&#8221;fa fa-check-square-o&#8221; color=&#8221;custom&#8221; background_style=&#8221;rounded-less&#8221; background_color=&#8221;custom&#8221; size=&#8221;xl&#8221; align=&#8221;center&#8221; css_animation=&#8221;fadeInUp&#8221; custom_color=&#8221;#ffffff&#8221; link=&#8221;url:http%3A%2F%2Fwww.lastrada-derweg.org%2F%3Fpage_id%3D1457%26lang%3Dde|||&#8221; custom_background_color=&#8221;#cc3333&#8243;][vc_custom_heading text=&#8221;Qualit\u00e4tscharta&#8221; font_container=&#8221;tag:h3|text_align:center&#8221; use_theme_fonts=&#8221;yes&#8221; css_animation=&#8221;fadeInUp&#8221; link=&#8221;url:http%3A%2F%2Fwww.lastrada-derweg.org%2F%3Fpage_id%3D1457%26lang%3Dde|||&#8221;][vc_custom_heading text=&#8221;Die Qualit\u00e4tscharta<br \/>\ndes Vereins&#8221; font_container=&#8221;tag:p|text_align:center&#8221; use_theme_fonts=&#8221;yes&#8221; css_animation=&#8221;fadeInUp&#8221; css=&#8221;.vc_custom_1533483547657{padding-bottom: 30px !important;}&#8221; link=&#8221;url:http%3A%2F%2Fwww.lastrada-derweg.org%2F%3Fpage_id%3D1457%26lang%3Dde|||&#8221;][\/vc_column][vc_column width=&#8221;1\/3&#8243;][vc_icon icon_fontawesome=&#8221;fa fa-book&#8221; color=&#8221;custom&#8221; background_style=&#8221;rounded-less&#8221; background_color=&#8221;custom&#8221; size=&#8221;xl&#8221; align=&#8221;center&#8221; css_animation=&#8221;fadeInUp&#8221; custom_color=&#8221;#ffffff&#8221; link=&#8221;url:http%3A%2F%2Fwww.lastrada-derweg.org%2F%3Fpage_id%3D1480%26lang%3Dde|||&#8221; custom_background_color=&#8221;#cc3333&#8243;][vc_custom_heading text=&#8221;Grunddokumente&#8221; font_container=&#8221;tag:h3|text_align:center&#8221; use_theme_fonts=&#8221;yes&#8221; css_animation=&#8221;fadeInUp&#8221; link=&#8221;url:http%3A%2F%2Fwww.lastrada-derweg.org%2F%3Fpage_id%3D1480%26lang%3Dde|||&#8221;][vc_custom_heading text=&#8221;Die anregende Vision, Die Wertecharta,<br \/>\nDas Statut, Die Vision, die Mission&#8221; font_container=&#8221;tag:p|text_align:center&#8221; use_theme_fonts=&#8221;yes&#8221; css_animation=&#8221;fadeInUp&#8221; css=&#8221;.vc_custom_1533483606764{padding-bottom: 30px !important;}&#8221; link=&#8221;url:http%3A%2F%2Fwww.lastrada-derweg.org%2F%3Fpage_id%3D1480%26lang%3Dde|||&#8221;][\/vc_column][vc_column width=&#8221;1\/3&#8243;][vc_icon icon_fontawesome=&#8221;&#8221; color=&#8221;custom&#8221; background_style=&#8221;rounded-less&#8221; background_color=&#8221;custom&#8221; size=&#8221;xl&#8221; align=&#8221;center&#8221; css_animation=&#8221;fadeInUp&#8221; custom_color=&#8221;#ffffff&#8221; link=&#8221;url:https%3A%2F%2Fwww.lastrada-derweg.org%2F%3Fpage_id%3D7674%26lang%3Dde|title:Projekte%20f%C3%BCr%20den%20Landeszivildienst%202022-2023&#8243; custom_background_color=&#8221;#cc3333&#8243;][vc_custom_heading text=&#8221;Projekte f\u00fcr den Landeszivildienst 2023-2024&#8243; font_container=&#8221;tag:h3|text_align:center&#8221; use_theme_fonts=&#8221;yes&#8221; css_animation=&#8221;fadeInUp&#8221; link=&#8221;url:https%3A%2F%2Fwww.lastrada-derweg.org%2F%3Fpage_id%3D8543%26lang%3Dde|title:Projekte%20f%C3%BCr%20den%20Landeszivildienst%202022-2023&#8243;][\/vc_column][\/vc_row][vc_row][vc_column width=&#8221;1\/3&#8243;][vc_icon icon_fontawesome=&#8221;far fa-bell&#8221; color=&#8221;custom&#8221; background_style=&#8221;rounded-less&#8221; background_color=&#8221;custom&#8221; size=&#8221;xl&#8221; align=&#8221;center&#8221; css_animation=&#8221;fadeInUp&#8221; custom_color=&#8221;#ffffff&#8221; link=&#8221;url:https%3A%2F%2Fwww.lastrada-derweg.org%2F%3Fpage_id%3D1503%26lang%3Dde&#8221; custom_background_color=&#8221;#cc3333&#8243;][vc_custom_heading text=&#8221;Sozialbilanzen&#8221; font_container=&#8221;tag:h3|text_align:center&#8221; use_theme_fonts=&#8221;yes&#8221; css_animation=&#8221;fadeInUp&#8221; link=&#8221;url:https%3A%2F%2Fwww.lastrada-derweg.org%2F%3Fpage_id%3D1503%26lang%3Dde|title:Die%20Sozialbilanzen&#8221;][\/vc_column][vc_column width=&#8221;1\/3&#8243;][vc_icon icon_fontawesome=&#8221;fas fa-location-arrow&#8221; color=&#8221;custom&#8221; background_style=&#8221;rounded-less&#8221; background_color=&#8221;custom&#8221; size=&#8221;xl&#8221; align=&#8221;center&#8221; css_animation=&#8221;fadeInUp&#8221; custom_color=&#8221;#ffffff&#8221; link=&#8221;url:https%3A%2F%2Fwww.lastrada-derweg.org%2F%3Fpage_id%3D6851%26lang%3Dde|title:Vorstellung%20der%20Forschung%20%C3%BCber%20den%20sozialen%20R%C3%BCckzug&#8221; custom_background_color=&#8221;#cc3333&#8243;][vc_custom_heading text=&#8221;Forschung \u00fcber den sozialen R\u00fcckzug in S\u00fcdtirol&#8221; font_container=&#8221;tag:h3|text_align:center&#8221; use_theme_fonts=&#8221;yes&#8221; css_animation=&#8221;fadeInUp&#8221; link=&#8221;url:https%3A%2F%2Fwww.lastrada-derweg.org%2F%3Fpage_id%3D6851%26lang%3Dde|title:Vorstellung%20der%20Forschung%20%C3%BCber%20den%20sozialen%20R%C3%BCckzug&#8221;][\/vc_column][vc_column width=&#8221;1\/3&#8243;][\/vc_column][\/vc_row][vc_row disable_element=&#8221;yes&#8221; css=&#8221;.vc_custom_1573817086102{padding-top: 30px !important;}&#8221;][vc_column width=&#8221;1\/3&#8243;][vc_icon icon_fontawesome=&#8221;fa fa-bar-chart&#8221; color=&#8221;custom&#8221; background_style=&#8221;rounded-less&#8221; background_color=&#8221;custom&#8221; size=&#8221;xl&#8221; align=&#8221;center&#8221; css_animation=&#8221;fadeInUp&#8221; custom_color=&#8221;#ffffff&#8221; link=&#8221;url:http%3A%2F%2Fwww.lastrada-derweg.org%2F%3Fpage_id%3D1503%26lang%3Dde|||&#8221; custom_background_color=&#8221;#cc3333&#8243;][vc_custom_heading text=&#8221;Die Sozialbilanzen&#8221; font_container=&#8221;tag:h3|text_align:center&#8221; use_theme_fonts=&#8221;yes&#8221; css_animation=&#8221;fadeInUp&#8221; link=&#8221;url:http%3A%2F%2Fwww.lastrada-derweg.org%2F%3Fpage_id%3D1503%26lang%3Dde|||&#8221;][vc_custom_heading text=&#8221;Die j\u00e4hrlichen Bilanzen<br \/>\nunserer T\u00e4tigkeit&#8221; font_container=&#8221;tag:p|text_align:center&#8221; use_theme_fonts=&#8221;yes&#8221; css_animation=&#8221;fadeInUp&#8221; css=&#8221;.vc_custom_1533484606542{padding-bottom: 30px !important;}&#8221; link=&#8221;url:http%3A%2F%2Fwww.lastrada-derweg.org%2F%3Fpage_id%3D1503%26lang%3Dde|||&#8221;][\/vc_column][vc_column width=&#8221;1\/3&#8243;][vc_icon icon_fontawesome=&#8221;fa fa-futbol-o&#8221; color=&#8221;custom&#8221; background_style=&#8221;rounded-less&#8221; background_color=&#8221;custom&#8221; size=&#8221;xl&#8221; align=&#8221;center&#8221; css_animation=&#8221;fadeInUp&#8221; custom_color=&#8221;#ffffff&#8221; link=&#8221;url:http%3A%2F%2Fwww.lastrada-derweg.org%2F%3Fpage_id%3D1530%26lang%3Dde|||&#8221; custom_background_color=&#8221;#cc3333&#8243;][vc_custom_heading text=&#8221;G.S. Excelsior&#8221; font_container=&#8221;tag:h3|text_align:center&#8221; use_theme_fonts=&#8221;yes&#8221; css_animation=&#8221;fadeInUp&#8221; link=&#8221;url:http%3A%2F%2Fwww.lastrada-derweg.org%2F%3Fpage_id%3D1530%26lang%3Dde|||&#8221;][vc_custom_heading text=&#8221;Unsere alternative<br \/>\nFussballmannschaft&#8221; font_container=&#8221;tag:p|text_align:center&#8221; use_theme_fonts=&#8221;yes&#8221; css_animation=&#8221;fadeInUp&#8221; css=&#8221;.vc_custom_1533499316238{padding-bottom: 30px !important;}&#8221; link=&#8221;url:http%3A%2F%2Fwww.lastrada-derweg.org%2F%3Fpage_id%3D1530%26lang%3Dde|||&#8221;][\/vc_column][vc_column width=&#8221;1\/3&#8243;][vc_icon icon_fontawesome=&#8221;fa fa-file-text-o&#8221; color=&#8221;custom&#8221; background_style=&#8221;rounded-less&#8221; background_color=&#8221;custom&#8221; size=&#8221;xl&#8221; align=&#8221;center&#8221; css_animation=&#8221;fadeInUp&#8221; custom_color=&#8221;#ffffff&#8221; link=&#8221;url:http%3A%2F%2Fwww.lastrada-derweg.org%2F%3Fpage_id%3D1329|||&#8221; custom_background_color=&#8221;#cc3333&#8243;][vc_custom_heading text=&#8221;Akte&#8221; font_container=&#8221;tag:h3|text_align:center&#8221; use_theme_fonts=&#8221;yes&#8221; css_animation=&#8221;fadeInUp&#8221; link=&#8221;url:http%3A%2F%2Fwww.lastrada-derweg.org%2F%3Fpage_id%3D1329|||&#8221;][vc_custom_heading text=&#8221;Die Akte unserer<br \/>\nTagungen&#8221; font_container=&#8221;tag:p|text_align:center&#8221; use_theme_fonts=&#8221;yes&#8221; css_animation=&#8221;fadeInUp&#8221; css=&#8221;.vc_custom_1533483762313{padding-bottom: 30px !important;}&#8221; link=&#8221;url:http%3A%2F%2Fwww.lastrada-derweg.org%2F%3Fpage_id%3D1457%26lang%3Dde|||&#8221;][\/vc_column][\/vc_row]<\/p>\n<\/div>","protected":false},"excerpt":{"rendered":"<p>[vc_row][vc_column width=&#8221;1\/3&#8243;][vc_icon icon_fontawesome=&#8221;&#8221; color=&#8221;custom&#8221; background_style=&#8221;rounded-less&#8221; background_color=&#8221;custom&#8221; size=&#8221;xl&#8221; align=&#8221;center&#8221; css_animation=&#8221;fadeInUp&#8221; css=&#8221;&#8221; custom_color=&#8221;#ffffff&#8221; link=&#8221;url:https%3A%2F%2Fwww.lastrada-derweg.org%2F%3Fpage_id%3D12500&#8243; custom_background_color=&#8221;#cc3333&#8243;][vc_custom_heading text=&#8221;Meeting &#8220;Animare-Beseelen: Formen der Einsamkeit&#8220;&#8221; font_container=&#8221;tag:h3|text_align:center&#8221; use_theme_fonts=&#8221;yes&#8221; css_animation=&#8221;fadeInUp&#8221; css=&#8221;&#8221; link=&#8221;url:https%3A%2F%2Fwww.lastrada-derweg.org%2F%3Fpage_id%3D12500&#8243;][\/vc_column][vc_column width=&#8221;1\/3&#8243;][vc_icon icon_fontawesome=&#8221;fa fa-folder-open&#8221; color=&#8221;custom&#8221; background_style=&#8221;rounded-less&#8221; background_color=&#8221;custom&#8221; size=&#8221;xl&#8221; align=&#8221;center&#8221; css_animation=&#8221;fadeInUp&#8221; custom_color=&#8221;#ffffff&#8221; link=&#8221;url:http%3A%2F%2Fwww.lastrada-derweg.org%2F%3Fpage_id%3D3837%26lang%3Dde|||&#8221; custom_background_color=&#8221;#cc3333&#8243;][vc_custom_heading text=&#8221;Akten, Webinare und Publikationen&#8221; font_container=&#8221;tag:h3|text_align:center&#8221; use_theme_fonts=&#8221;yes&#8221; css_animation=&#8221;fadeInUp&#8221; link=&#8221;url:http%3A%2F%2Fwww.lastrada-derweg.org%2F%3Fpage_id%3D3837%26lang%3Dde|||&#8221;][vc_custom_heading text=&#8221;Akten der Tagungen, Webinare und unsere periodische Zeitschriften&#8221; font_container=&#8221;tag:p|text_align:center&#8221; use_theme_fonts=&#8221;yes&#8221; css_animation=&#8221;fadeInUp&#8221; css=&#8221;.vc_custom_1616659180269{padding-bottom:&hellip;<\/p>\n","protected":false},"author":1,"featured_media":0,"parent":0,"menu_order":0,"comment_status":"closed","ping_status":"closed","template":"","meta":{"footnotes":""},"class_list":["post-1391","page","type-page","status-publish","hentry","description-off"],"_links":{"self":[{"href":"https:\/\/www.lastrada-derweg.org\/index.php?rest_route=\/wp\/v2\/pages\/1391","targetHints":{"allow":["GET"]}}],"collection":[{"href":"https:\/\/www.lastrada-derweg.org\/index.php?rest_route=\/wp\/v2\/pages"}],"about":[{"href":"https:\/\/www.lastrada-derweg.org\/index.php?rest_route=\/wp\/v2\/types\/page"}],"author":[{"embeddable":true,"href":"https:\/\/www.lastrada-derweg.org\/index.php?rest_route=\/wp\/v2\/users\/1"}],"replies":[{"embeddable":true,"href":"https:\/\/www.lastrada-derweg.org\/index.php?rest_route=%2Fwp%2Fv2%2Fcomments&post=1391"}],"version-history":[{"count":74,"href":"https:\/\/www.lastrada-derweg.org\/index.php?rest_route=\/wp\/v2\/pages\/1391\/revisions"}],"predecessor-version":[{"id":12589,"href":"https:\/\/www.lastrada-derweg.org\/index.php?rest_route=\/wp\/v2\/pages\/1391\/revisions\/12589"}],"wp:attachment":[{"href":"https:\/\/www.lastrada-derweg.org\/index.php?rest_route=%2Fwp%2Fv2%2Fmedia&parent=1391"}],"curies":[{"name":"wp","href":"https:\/\/api.w.org\/{rel}","templated":true}]}}