{"id":1577,"date":"2018-08-13T21:19:38","date_gmt":"2018-08-13T19:19:38","guid":{"rendered":"http:\/\/www.lastrada-derweg.org\/?page_id=1577"},"modified":"2024-06-17T12:10:47","modified_gmt":"2024-06-17T10:10:47","slug":"studienzentrum-g-antonin","status":"publish","type":"page","link":"https:\/\/www.lastrada-derweg.org\/?page_id=1577&lang=de","title":{"rendered":"Studienzentrum \u201eGuido Antonin\u201c"},"content":{"rendered":"<div class=\"wpb-content-wrapper\"><p>[vc_row][vc_column width=&#8221;1\/2&#8243;][vc_custom_heading text=&#8221;Wo&#8221; use_theme_fonts=&#8221;yes&#8221;][vc_column_text css=&#8221;&#8221;]Studienzentrum \u201eG. Antonin\u201d<br \/>\nMariaheimweg 42<br \/>\n39100 Bozen<\/p>\n<p><a href=\"mailto:centrostudi@lastrada-derweg.org\"><span class=\"color\">studienzentrum@lastrada-derweg.org<\/span><\/a><\/p>\n<p>Verantwortlicher: <strong>Dario Volani<\/strong>[\/vc_column_text][\/vc_column][vc_column width=&#8221;1\/2&#8243;][vc_single_image image=&#8221;3001&#8243; img_size=&#8221;full&#8221;][\/vc_column][\/vc_row][vc_row][vc_column][vc_custom_heading text=&#8221;Wer&#8221; use_theme_fonts=&#8221;yes&#8221;][vc_column_text css=&#8221;&#8221;]<em>\u201cWissen wird durch das Lesen von B\u00fcchern erworben; Aber was wirklich notwendig ist zu lernen, das Wissen der Welt, kann nur durch das Lesen der Menschen und das Studieren all ihrer verschiedenen Facetten erlangt werden.\u201d<\/em><\/p>\n<p><em>(Lord Chesterfield)<\/em>[\/vc_column_text][vc_custom_heading text=&#8221;Was&#8221; use_theme_fonts=&#8221;yes&#8221;][vc_column_text]Das Studienzentrum ist ein Ort des Denkens und Planens, eine Gelegenheit, Kontemplation, Reflexion und Forschung mit Handeln, Intervention und Aktivit\u00e4t zu verbinden. Das Studienzentrum m\u00f6chte das t\u00e4gliche Engagement der Dienste und die Projekte in den verschiedenen Bereichen des Vereins f\u00f6rdern und verst\u00e4rken und die Erfahrung in Kultur verwandeln. Es unterst\u00fctzt die Mitarbeiter und Mitarbeiterinnen, die Studierenden sowie die Freiwilligen mit Schulungs- und Auffrischungskursen und organisiert Veranstaltungen, Konferenzen, Seminare und Tagungen, die sich vor allem an Fachkr\u00e4fte aus den Bereichen Soziales, Gesundheit, Schule und Kultur richten.<\/p>\n<p>&nbsp;<\/p>\n<p>Die Hauptaufgaben sind:<\/p>\n<ul>\n<li>Organisation von Fortbildungen, Tagungen, Seminaren und Konferenzen<\/li>\n<li>Realisierung von grafischen Projekten f\u00fcr Werbedienstleistungen und Events<\/li>\n<li>Ver\u00f6ffentlichungen (newsletter, internos, Themenhefte, Dossier, Tagungsakten, ecc.)<\/li>\n<li>Providerfunktion f\u00fcr die Akkreditierung von ECM oder ECS \u2013 Kursen im sanit\u00e4ren Bereich<\/li>\n<li>Projektierung (lokale und nationale ESF-Ausschreibungen, neue Dienste und neue Projekte)<\/li>\n<li>Presse- und Kommunikationsmanagement<\/li>\n<li>F\u00fchrung einer Fachbibliothek<\/li>\n<\/ul>\n<p>Begleitung von Praktikanten und Praktikantinnen[\/vc_column_text][\/vc_column][\/vc_row][vc_row][vc_column width=&#8221;1\/3&#8243;][vc_custom_heading text=&#8221;F\u00fcr wen&#8221; use_theme_fonts=&#8221;yes&#8221;][vc_column_text]Das Studienzentrum richtet sich sowohl an alle internen Dienste des Vereins, als auch an externe Fachpersonen im sozialen und sanit\u00e4ren Bereich. Die Bibliothek ist offen f\u00fcr alle, vor allem f\u00fcr Studierende und Mitarbeiter oder Mitarbeiterinnen in den Bereichen Soziales und Gesundheitswesen.[\/vc_column_text][\/vc_column][vc_column width=&#8221;1\/3&#8243;][vc_custom_heading text=&#8221;Warum&#8221; use_theme_fonts=&#8221;yes&#8221;][vc_column_text]Ziel des Studienzentrums ist es, einen Ort des Austauschs und der Vernetzung zwischen den einzelnen Bereichen des Vereins zu bilden. Daher k\u00fcmmert wir uns um aktuelle Belange, Weiterbildung, Recherche und ganz allgemein um die Kommunikation innerhalb und au\u00dferhalb des Vereins.[\/vc_column_text][\/vc_column][vc_column width=&#8221;1\/3&#8243;][vc_custom_heading text=&#8221;Wann&#8221; use_theme_fonts=&#8221;yes&#8221;][vc_column_text]Montag bis Freitag von 9.00 bis 12.00 und 14.00 bis 17.00 Uhr[\/vc_column_text][\/vc_column][\/vc_row]<\/p>\n<\/div>","protected":false},"excerpt":{"rendered":"<p>[vc_row][vc_column width=&#8221;1\/2&#8243;][vc_custom_heading text=&#8221;Wo&#8221; use_theme_fonts=&#8221;yes&#8221;][vc_column_text css=&#8221;&#8221;]Studienzentrum \u201eG. Antonin\u201d Mariaheimweg 42 39100 Bozen studienzentrum@lastrada-derweg.org Verantwortlicher: Dario Volani[\/vc_column_text][\/vc_column][vc_column width=&#8221;1\/2&#8243;][vc_single_image image=&#8221;3001&#8243; img_size=&#8221;full&#8221;][\/vc_column][\/vc_row][vc_row][vc_column][vc_custom_heading text=&#8221;Wer&#8221; use_theme_fonts=&#8221;yes&#8221;][vc_column_text css=&#8221;&#8221;]\u201cWissen wird durch das Lesen von B\u00fcchern erworben; Aber was wirklich notwendig ist zu lernen, das Wissen der Welt, kann nur durch das Lesen der Menschen und das Studieren all ihrer verschiedenen Facetten erlangt werden.\u201d&hellip;<\/p>\n","protected":false},"author":1,"featured_media":0,"parent":1581,"menu_order":0,"comment_status":"closed","ping_status":"closed","template":"","meta":{"footnotes":""},"class_list":["post-1577","page","type-page","status-publish","hentry","description-off"],"_links":{"self":[{"href":"https:\/\/www.lastrada-derweg.org\/index.php?rest_route=\/wp\/v2\/pages\/1577","targetHints":{"allow":["GET"]}}],"collection":[{"href":"https:\/\/www.lastrada-derweg.org\/index.php?rest_route=\/wp\/v2\/pages"}],"about":[{"href":"https:\/\/www.lastrada-derweg.org\/index.php?rest_route=\/wp\/v2\/types\/page"}],"author":[{"embeddable":true,"href":"https:\/\/www.lastrada-derweg.org\/index.php?rest_route=\/wp\/v2\/users\/1"}],"replies":[{"embeddable":true,"href":"https:\/\/www.lastrada-derweg.org\/index.php?rest_route=%2Fwp%2Fv2%2Fcomments&post=1577"}],"version-history":[{"count":14,"href":"https:\/\/www.lastrada-derweg.org\/index.php?rest_route=\/wp\/v2\/pages\/1577\/revisions"}],"predecessor-version":[{"id":10152,"href":"https:\/\/www.lastrada-derweg.org\/index.php?rest_route=\/wp\/v2\/pages\/1577\/revisions\/10152"}],"up":[{"embeddable":true,"href":"https:\/\/www.lastrada-derweg.org\/index.php?rest_route=\/wp\/v2\/pages\/1581"}],"wp:attachment":[{"href":"https:\/\/www.lastrada-derweg.org\/index.php?rest_route=%2Fwp%2Fv2%2Fmedia&parent=1577"}],"curies":[{"name":"wp","href":"https:\/\/api.w.org\/{rel}","templated":true}]}}