{"id":1597,"date":"2018-08-14T11:04:25","date_gmt":"2018-08-14T09:04:25","guid":{"rendered":"http:\/\/www.lastrada-derweg.org\/?page_id=1597"},"modified":"2024-06-07T13:26:01","modified_gmt":"2024-06-07T11:26:01","slug":"pressebereich","status":"publish","type":"page","link":"https:\/\/www.lastrada-derweg.org\/?page_id=1597&lang=de","title":{"rendered":"Pressebereich und Kommunikation"},"content":{"rendered":"<div class=\"wpb-content-wrapper\"><p>[vc_row][vc_column width=&#8221;1\/2&#8243;][vc_custom_heading text=&#8221;Wo&#8221; use_theme_fonts=&#8221;yes&#8221;][vc_column_text css=&#8221;&#8221;]Presse und Kommunikation<br \/>\nVerein La Strada \u2013 Der Weg<br \/>\nMariaheimweg 42<br \/>\n39100 Bozen<\/p>\n<p>Mob. 348 87 09 823<br \/>\n<a href=\"mailto:info@lastrada-derweg.org\">info@lastrada-derweg.org<\/a><\/p>\n<p>Referent f\u00fcr Presse und Kommunikation: <strong>Massimo Antonino<\/strong>[\/vc_column_text][vc_custom_heading text=&#8221;Wer&#8221; use_theme_fonts=&#8221;yes&#8221;][vc_column_text]<em>\u201c<a href=\"https:\/\/quotesss.com\/quote\/123311\">Zwischen dem, was ich denke, was ich sagen m\u00f6chte, was ich glaube, was ich sage, was Sie h\u00f6ren m\u00f6chten, was Sie zu h\u00f6ren glauben, was Sie h\u00f6ren, was Sie verstehen m\u00f6chten, was Sie zu verstehen glauben, was Sie verstehen &#8230; Das sind zehn M\u00f6glichkeiten, mit denen wir Probleme haben k\u00f6nnten, miteinander zu kommunizieren. Aber versuchen wir es trotzdem &#8230;<\/a>\u201d<\/em><\/p>\n<p><em>\u00a0(Bernard Werber)<\/em><\/p>\n<p>Der Dienst wird geleitet von einem Publizisten.[\/vc_column_text][\/vc_column][vc_column width=&#8221;1\/2&#8243;][vc_single_image image=&#8221;2939&#8243; img_size=&#8221;full&#8221;][\/vc_column][\/vc_row][vc_row][vc_column][vc_custom_heading text=&#8221;Was&#8221; use_theme_fonts=&#8221;yes&#8221;][vc_column_text]Die Pressestelle ist zust\u00e4ndig f\u00fcr die Beziehungen zu den Massenmedien (Zeitungen und Internet, Rundfunk- und Fernsehsender) hinsichtlich der Werbung f\u00fcr Initiativen des Vereins La Strada &#8211; Der Weg Onlus<\/p>\n<p>Vorbereitung von Pressemitteilungen und Organisation von \u00a0Pressekonferenzen.[\/vc_column_text][\/vc_column][\/vc_row][vc_row][vc_column width=&#8221;1\/3&#8243;][vc_custom_heading text=&#8221;F\u00fcr wen&#8221; use_theme_fonts=&#8221;yes&#8221;][vc_column_text]Der Verein nutzt f\u00fcr seine eigene Kommunikation die Kompetenz und das Wissen des Kommunikationsb\u00fcros, auch um seine Aktivit\u00e4ten besser bekannt zu machen[\/vc_column_text][\/vc_column][vc_column width=&#8221;1\/3&#8243;][vc_custom_heading text=&#8221;Warum&#8221; use_theme_fonts=&#8221;yes&#8221;][vc_column_text]Wir glauben, dass alles, was mit sozialer Kommunikation zu tun hat, dazu dient, die \u00d6ffentlichkeit und die \u00f6ffentliche Verwaltung f\u00fcr Fragen zu sozialen und gesundheitlichen Themen sowie f\u00fcr Jugendthemen zu sensibilisieren[\/vc_column_text][\/vc_column][vc_column width=&#8221;1\/3&#8243;][vc_custom_heading text=&#8221;Wann&#8221; use_theme_fonts=&#8221;yes&#8221;][vc_column_text]Montag bis Freitag von 09.00 bis 12.00 und von 14.00 bis 17.00 Uhr[\/vc_column_text][\/vc_column][\/vc_row]<\/p>\n<\/div>","protected":false},"excerpt":{"rendered":"<p>[vc_row][vc_column width=&#8221;1\/2&#8243;][vc_custom_heading text=&#8221;Wo&#8221; use_theme_fonts=&#8221;yes&#8221;][vc_column_text css=&#8221;&#8221;]Presse und Kommunikation Verein La Strada \u2013 Der Weg Mariaheimweg 42 39100 Bozen Mob. 348 87 09 823 info@lastrada-derweg.org Referent f\u00fcr Presse und Kommunikation: Massimo Antonino[\/vc_column_text][vc_custom_heading text=&#8221;Wer&#8221; use_theme_fonts=&#8221;yes&#8221;][vc_column_text]\u201cZwischen dem, was ich denke, was ich sagen m\u00f6chte, was ich glaube, was ich sage, was Sie h\u00f6ren m\u00f6chten, was Sie zu h\u00f6ren glauben,&hellip;<\/p>\n","protected":false},"author":1,"featured_media":0,"parent":1581,"menu_order":0,"comment_status":"closed","ping_status":"closed","template":"","meta":{"footnotes":""},"class_list":["post-1597","page","type-page","status-publish","hentry","description-off"],"_links":{"self":[{"href":"https:\/\/www.lastrada-derweg.org\/index.php?rest_route=\/wp\/v2\/pages\/1597","targetHints":{"allow":["GET"]}}],"collection":[{"href":"https:\/\/www.lastrada-derweg.org\/index.php?rest_route=\/wp\/v2\/pages"}],"about":[{"href":"https:\/\/www.lastrada-derweg.org\/index.php?rest_route=\/wp\/v2\/types\/page"}],"author":[{"embeddable":true,"href":"https:\/\/www.lastrada-derweg.org\/index.php?rest_route=\/wp\/v2\/users\/1"}],"replies":[{"embeddable":true,"href":"https:\/\/www.lastrada-derweg.org\/index.php?rest_route=%2Fwp%2Fv2%2Fcomments&post=1597"}],"version-history":[{"count":6,"href":"https:\/\/www.lastrada-derweg.org\/index.php?rest_route=\/wp\/v2\/pages\/1597\/revisions"}],"predecessor-version":[{"id":9961,"href":"https:\/\/www.lastrada-derweg.org\/index.php?rest_route=\/wp\/v2\/pages\/1597\/revisions\/9961"}],"up":[{"embeddable":true,"href":"https:\/\/www.lastrada-derweg.org\/index.php?rest_route=\/wp\/v2\/pages\/1581"}],"wp:attachment":[{"href":"https:\/\/www.lastrada-derweg.org\/index.php?rest_route=%2Fwp%2Fv2%2Fmedia&parent=1597"}],"curies":[{"name":"wp","href":"https:\/\/api.w.org\/{rel}","templated":true}]}}