{"id":1625,"date":"2018-08-14T18:59:46","date_gmt":"2018-08-14T16:59:46","guid":{"rendered":"http:\/\/www.lastrada-derweg.org\/?page_id=1625"},"modified":"2024-06-12T16:55:52","modified_gmt":"2024-06-12T14:55:52","slug":"panta-rhei","status":"publish","type":"page","link":"https:\/\/www.lastrada-derweg.org\/?page_id=1625","title":{"rendered":"Panta Rhei"},"content":{"rendered":"<div class=\"wpb-content-wrapper\"><p>[vc_row][vc_column width=&#8221;1\/2&#8243;][vc_custom_heading text=&#8221;Dove siamo&#8221; use_theme_fonts=&#8221;yes&#8221;][vc_column_text css=&#8221;&#8221;]Comunit\u00e0 sociopedagogica integrata &#8220;Panta Rhei&#8221;<br \/>\nvia Rovereto 5<br \/>\n39100 Bolzano<\/p>\n<p>Tel.: 0471 270429<br \/>\nCell.: 348 2810664<br \/>\n<u><a href=\"mailto:pantarhei@lastrada-derweg.org\">pantarhei@lastrada-derweg.org<\/a><\/u><\/p>\n<p>Coordinatrice: <strong>Tatjana Tiballi<\/strong>[\/vc_column_text][vc_custom_heading text=&#8221;Chi siamo&#8221; use_theme_fonts=&#8221;yes&#8221;][vc_column_text css=&#8221;&#8221;]L\u2019equipe \u00e8 composta da differenti professionalit\u00e0: psicologa\/o, psicoterapeuta, educatore\/trici, pedagogiste\/i, operatori\/trici, terapiste\/i funzionali, cuoca\/o. Un componente ne \u00e8 il coordinatore.[\/vc_column_text][\/vc_column][vc_column width=&#8221;1\/2&#8243;][vc_single_image image=&#8221;2208&#8243; img_size=&#8221;full&#8221;][\/vc_column][\/vc_row][vc_row][vc_column][vc_custom_heading text=&#8221;Cosa facciamo&#8221; use_theme_fonts=&#8221;yes&#8221;][vc_column_text css=&#8221;&#8221;]L\u2019 attivit\u00e0 e l\u2019impegno della struttura residenziale sono l\u2019accoglienza, il sostegno e la cura di bambini\/e e adolescenti che manifestano la necessit\u00e0 di essere accompagnati in un determinato periodo di difficolt\u00e0 e bisogno. La comunit\u00e0 \u00e8 un luogo in cui i minori sono accompagnati in un\u2019esperienza positiva di crescita e aiutati ad acquisire consapevolezza di s\u00e9, della propria storia, a progettare il proprio futuro ed essere autonomi.[\/vc_column_text][\/vc_column][\/vc_row][vc_row][vc_column width=&#8221;1\/3&#8243;][vc_custom_heading text=&#8221;Per chi&#8221; use_theme_fonts=&#8221;yes&#8221;][vc_column_text]La comunit\u00e0 \u00e8 mista e pu\u00f2 accogliere 8 minori in forma residenziale dai 6 fino ai 18 anni (in alcuni casi anche oltre), di ogni estrazione sociale ed etnica, che vivono situazioni problematiche socio-famigliari ed ambientali, e vengono inviati dal Servizio Sociale dei vari Distretti della Provincia, dagli Ambulatori specialistici e dal Reparto di Neuropsichiatria Infantile.[\/vc_column_text][\/vc_column][vc_column width=&#8221;1\/3&#8243;][vc_custom_heading text=&#8221;Perch\u00e9&#8221; use_theme_fonts=&#8221;yes&#8221;][vc_column_text]Lo scopo principale di una comunit\u00e0 residenziale \u00e8 rispondere ad una richiesta di maggiori risorse affettive e relazionali, e di idonei strumenti di accompagnamento educativo e terapeutico individualizzato. La comunit\u00e0 ha compiti di tutela, accoglienza, mantenimento, educazione, istruzione per minori che vivono in situazioni in cui sia necessaria la sostituzione o l\u2019integrazione del nucleo famigliare perch\u00e9 inesistente, impossibilitato o incapace di assolvere il proprio ruolo e qualora non sia opportuno e realizzabile un conveniente affidamento famigliare o a un gruppo famiglia.[\/vc_column_text][\/vc_column][vc_column width=&#8221;1\/3&#8243;][vc_custom_heading text=&#8221;Quando&#8221; use_theme_fonts=&#8221;yes&#8221;][vc_column_text]La struttura \u00e8 aperta 365 giorni all&#8217;anno, 24 ore su 24.[\/vc_column_text][\/vc_column][\/vc_row]<\/p>\n<\/div>","protected":false},"excerpt":{"rendered":"<p>[vc_row][vc_column width=&#8221;1\/2&#8243;][vc_custom_heading text=&#8221;Dove siamo&#8221; use_theme_fonts=&#8221;yes&#8221;][vc_column_text css=&#8221;&#8221;]Comunit\u00e0 sociopedagogica integrata &#8220;Panta Rhei&#8221; via Rovereto 5 39100 Bolzano Tel.: 0471 270429 Cell.: 348 2810664 pantarhei@lastrada-derweg.org Coordinatrice: Tatjana Tiballi[\/vc_column_text][vc_custom_heading text=&#8221;Chi siamo&#8221; use_theme_fonts=&#8221;yes&#8221;][vc_column_text css=&#8221;&#8221;]L\u2019equipe \u00e8 composta da differenti professionalit\u00e0: psicologa\/o, psicoterapeuta, educatore\/trici, pedagogiste\/i, operatori\/trici, terapiste\/i funzionali, cuoca\/o. Un componente ne \u00e8 il coordinatore.[\/vc_column_text][\/vc_column][vc_column width=&#8221;1\/2&#8243;][vc_single_image image=&#8221;2208&#8243; img_size=&#8221;full&#8221;][\/vc_column][\/vc_row][vc_row][vc_column][vc_custom_heading text=&#8221;Cosa facciamo&#8221; use_theme_fonts=&#8221;yes&#8221;][vc_column_text css=&#8221;&#8221;]L\u2019&hellip;<\/p>\n","protected":false},"author":1,"featured_media":0,"parent":1606,"menu_order":0,"comment_status":"closed","ping_status":"closed","template":"","meta":{"footnotes":""},"class_list":["post-1625","page","type-page","status-publish","hentry","description-off"],"_links":{"self":[{"href":"https:\/\/www.lastrada-derweg.org\/index.php?rest_route=\/wp\/v2\/pages\/1625","targetHints":{"allow":["GET"]}}],"collection":[{"href":"https:\/\/www.lastrada-derweg.org\/index.php?rest_route=\/wp\/v2\/pages"}],"about":[{"href":"https:\/\/www.lastrada-derweg.org\/index.php?rest_route=\/wp\/v2\/types\/page"}],"author":[{"embeddable":true,"href":"https:\/\/www.lastrada-derweg.org\/index.php?rest_route=\/wp\/v2\/users\/1"}],"replies":[{"embeddable":true,"href":"https:\/\/www.lastrada-derweg.org\/index.php?rest_route=%2Fwp%2Fv2%2Fcomments&post=1625"}],"version-history":[{"count":14,"href":"https:\/\/www.lastrada-derweg.org\/index.php?rest_route=\/wp\/v2\/pages\/1625\/revisions"}],"predecessor-version":[{"id":10103,"href":"https:\/\/www.lastrada-derweg.org\/index.php?rest_route=\/wp\/v2\/pages\/1625\/revisions\/10103"}],"up":[{"embeddable":true,"href":"https:\/\/www.lastrada-derweg.org\/index.php?rest_route=\/wp\/v2\/pages\/1606"}],"wp:attachment":[{"href":"https:\/\/www.lastrada-derweg.org\/index.php?rest_route=%2Fwp%2Fv2%2Fmedia&parent=1625"}],"curies":[{"name":"wp","href":"https:\/\/api.w.org\/{rel}","templated":true}]}}