{"id":1638,"date":"2018-08-14T22:57:19","date_gmt":"2018-08-14T20:57:19","guid":{"rendered":"http:\/\/www.lastrada-derweg.org\/?page_id=1638"},"modified":"2024-06-13T16:28:39","modified_gmt":"2024-06-13T14:28:39","slug":"j-lanz-merano","status":"publish","type":"page","link":"https:\/\/www.lastrada-derweg.org\/?page_id=1638","title":{"rendered":"Hans Lanz"},"content":{"rendered":"<div class=\"wpb-content-wrapper\"><p>[vc_row][vc_column width=&#8221;1\/2&#8243;][vc_custom_heading text=&#8221;Dove siamo&#8221; use_theme_fonts=&#8221;yes&#8221;][vc_column_text css=&#8221;&#8221;]Centro Diurno &#8220;Hans Lanz&#8221;<br \/>\nVia Vogelweide 13<br \/>\n39012 Merano<\/p>\n<p>Tel.: 0473 440241<br \/>\nCell.: 348 5303358<br \/>\n<a href=\"mailto:hanslanz@lastrada-derweg.org\">hanslanz@lastrada-derweg.org<\/a><\/p>\n<p>Coordinatrice:<strong> Valentina Dallap\u00e8<\/strong>[\/vc_column_text][vc_custom_heading text=&#8221;Chi siamo&#8221; use_theme_fonts=&#8221;yes&#8221;][vc_column_text css=&#8221;&#8221;]Il team \u00e8 composto da diverse professionalit\u00e0: pedagogiste\/i, educatori\/trici, operatori\/trici. Un componente svolge la mansione di coordinamento.[\/vc_column_text][\/vc_column][vc_column width=&#8221;1\/2&#8243;][vc_single_image image=&#8221;2444&#8243; img_size=&#8221;full&#8221;][\/vc_column][\/vc_row][vc_row][vc_column][vc_custom_heading text=&#8221;Cosa facciamo&#8221; use_theme_fonts=&#8221;yes&#8221;][vc_column_text]Sosteniamo bambini, giovani e rispettive famiglie attraverso offerte socio-pedagogiche e progetti educativi individuali. Il lavoro \u00e8 organizzato in collaborazione con gli altri servizi e le istituzioni presenti sul territorio.<\/p>\n<p>Il Centro Diurno offre ai ragazzi la possibilit\u00e0 di confrontarsi con i coetanei e di apprendere nuove competenze comportamentali adeguate ai vari ambiti di vita comune. Alla base del lavoro educativo vi \u00e8 la relazione interpersonale, volta a favorire un clima positivo, che stimoli l&#8217;apprendimento e favorisca lo sviluppo delle risorse personali di ognuno.[\/vc_column_text][\/vc_column][\/vc_row][vc_row][vc_column width=&#8221;1\/3&#8243;][vc_custom_heading text=&#8221;Per chi&#8221; use_theme_fonts=&#8221;yes&#8221;][vc_column_text css=&#8221;&#8221;]Il Centro socio-pedagogico gestisce la presenza diurna accompagnata di 10 bambini in et\u00e0 compresa tra i 7 e i 17 anni.[\/vc_column_text][\/vc_column][vc_column width=&#8221;1\/3&#8243;][vc_custom_heading text=&#8221;Perch\u00e9&#8221; use_theme_fonts=&#8221;yes&#8221;][vc_column_text]Il Centro Diurno si pone l&#8217;obiettivo di offrire alle famiglie la possibilit\u00e0 di alleggerire il carico di lavoro educativo, l\u00ec dove in casa ci sia una situazione impegnativa; di offrire alle famiglie una possibilit\u00e0 di riorientamento nel loro compito educativo, l\u00ec dove esista una situazione familiare tale che pu\u00f2 influenzare negativamente lo sviluppo del bambino; e di offrire ai ragazzi interventi di sostegno, di ascolto, di prevenzione e di supporto, in un\u2019ottica multietnica e multiculturale, volti allo sviluppo di risorse personali, al fine di una crescita pi\u00f9 armonica ed equilibrata.[\/vc_column_text][\/vc_column][vc_column width=&#8221;1\/3&#8243;][vc_custom_heading text=&#8221;Quando&#8221; use_theme_fonts=&#8221;yes&#8221;][vc_column_text]Siamo aperti tutto l&#8217;anno, dal luned\u00ec al venerd\u00ec, dalle ore 12.30 alle 18.00.<br \/>\nL&#8217;orario pu\u00f2 subire variazioni nei periodi di vacanza o a seconda di esigenze particolari delle famiglie.[\/vc_column_text][\/vc_column][\/vc_row]<\/p>\n<\/div>","protected":false},"excerpt":{"rendered":"<p>[vc_row][vc_column width=&#8221;1\/2&#8243;][vc_custom_heading text=&#8221;Dove siamo&#8221; use_theme_fonts=&#8221;yes&#8221;][vc_column_text css=&#8221;&#8221;]Centro Diurno &#8220;Hans Lanz&#8221; Via Vogelweide 13 39012 Merano Tel.: 0473 440241 Cell.: 348 5303358 hanslanz@lastrada-derweg.org Coordinatrice: Valentina Dallap\u00e8[\/vc_column_text][vc_custom_heading text=&#8221;Chi siamo&#8221; use_theme_fonts=&#8221;yes&#8221;][vc_column_text css=&#8221;&#8221;]Il team \u00e8 composto da diverse professionalit\u00e0: pedagogiste\/i, educatori\/trici, operatori\/trici. Un componente svolge la mansione di coordinamento.[\/vc_column_text][\/vc_column][vc_column width=&#8221;1\/2&#8243;][vc_single_image image=&#8221;2444&#8243; img_size=&#8221;full&#8221;][\/vc_column][\/vc_row][vc_row][vc_column][vc_custom_heading text=&#8221;Cosa facciamo&#8221; use_theme_fonts=&#8221;yes&#8221;][vc_column_text]Sosteniamo bambini, giovani e rispettive famiglie&hellip;<\/p>\n","protected":false},"author":1,"featured_media":0,"parent":1606,"menu_order":0,"comment_status":"closed","ping_status":"closed","template":"","meta":{"footnotes":""},"class_list":["post-1638","page","type-page","status-publish","hentry","description-off"],"_links":{"self":[{"href":"https:\/\/www.lastrada-derweg.org\/index.php?rest_route=\/wp\/v2\/pages\/1638","targetHints":{"allow":["GET"]}}],"collection":[{"href":"https:\/\/www.lastrada-derweg.org\/index.php?rest_route=\/wp\/v2\/pages"}],"about":[{"href":"https:\/\/www.lastrada-derweg.org\/index.php?rest_route=\/wp\/v2\/types\/page"}],"author":[{"embeddable":true,"href":"https:\/\/www.lastrada-derweg.org\/index.php?rest_route=\/wp\/v2\/users\/1"}],"replies":[{"embeddable":true,"href":"https:\/\/www.lastrada-derweg.org\/index.php?rest_route=%2Fwp%2Fv2%2Fcomments&post=1638"}],"version-history":[{"count":12,"href":"https:\/\/www.lastrada-derweg.org\/index.php?rest_route=\/wp\/v2\/pages\/1638\/revisions"}],"predecessor-version":[{"id":10127,"href":"https:\/\/www.lastrada-derweg.org\/index.php?rest_route=\/wp\/v2\/pages\/1638\/revisions\/10127"}],"up":[{"embeddable":true,"href":"https:\/\/www.lastrada-derweg.org\/index.php?rest_route=\/wp\/v2\/pages\/1606"}],"wp:attachment":[{"href":"https:\/\/www.lastrada-derweg.org\/index.php?rest_route=%2Fwp%2Fv2%2Fmedia&parent=1638"}],"curies":[{"name":"wp","href":"https:\/\/api.w.org\/{rel}","templated":true}]}}