{"id":1640,"date":"2018-08-14T23:03:48","date_gmt":"2018-08-14T21:03:48","guid":{"rendered":"http:\/\/www.lastrada-derweg.org\/?page_id=1640"},"modified":"2024-06-13T16:30:16","modified_gmt":"2024-06-13T14:30:16","slug":"j-lanz-meran","status":"publish","type":"page","link":"https:\/\/www.lastrada-derweg.org\/?page_id=1640&lang=de","title":{"rendered":"Hans Lanz"},"content":{"rendered":"<div class=\"wpb-content-wrapper\"><p>[vc_row][vc_column width=&#8221;1\/2&#8243;][vc_custom_heading text=&#8221;Wo&#8221; use_theme_fonts=&#8221;yes&#8221;][vc_column_text css=&#8221;&#8221;]Tagesst\u00e4tte &#8220;Hans Lanz&#8221;<br \/>\nW. v. d. Vogelweidestr. 13<br \/>\n39012 Meran<\/p>\n<p>Tel.: 0473 440241<br \/>\nMobil.: 348 5303358<br \/>\n<a class=\"ref\" href=\"mailto:hanslanz@lastrada-derweg.org\"><span class=\"color\">hanslanz@lastrada-derweg.org<\/span><\/a><\/p>\n<p>Koordinatorin: <strong>Valentina Dallap\u00e8<\/strong>[\/vc_column_text][\/vc_column][vc_column width=&#8221;1\/2&#8243;][vc_single_image image=&#8221;2447&#8243; img_size=&#8221;full&#8221;][\/vc_column][\/vc_row][vc_row][vc_column][vc_custom_heading text=&#8221;Wer&#8221; use_theme_fonts=&#8221;yes&#8221;][vc_column_text css=&#8221;&#8221;]Neben dem oder der Hauptkoordinator\/in besteht das Team aus verschiedenen Personen: Erzieher\/in(en), P\u00e4dagoge\/in(en), Fachkr\u00e4fte.[\/vc_column_text][vc_custom_heading text=&#8221;Was&#8221; use_theme_fonts=&#8221;yes&#8221;][vc_column_text]Wir unterst\u00fctzen Kinder, Jugendliche und deren Familien durch sozialp\u00e4dagogische Angebote und Einzelprojekte. Unsere T\u00e4tigkeit baut auf die Zusammenarbeit mit den Diensten und \u00c4mtern des Territoriums auf.<\/p>\n<p>Die Tagesst\u00e4tte bietet den Kindern und Jugendlichen die M\u00f6glichkeit sich mit Gleichaltrigen zu konfrontieren und neue, dem Gemeinschaftsleben angemessene Verhaltenskompetenzen zu erlernen. An der Basis der erzieherischen Arbeit liegt die zwischenmenschliche Beziehung, die dazu dient ein positives Klima zu schaffen, welches seinerseits Lernprozesse anregen und die Entwicklung der pers\u00f6nlichen Ressourcen des Einzelnen f\u00f6rdern soll.<br \/>\n[\/vc_column_text][\/vc_column][\/vc_row][vc_row][vc_column width=&#8221;1\/3&#8243;][vc_custom_heading text=&#8221;F\u00fcr wen&#8221; use_theme_fonts=&#8221;yes&#8221;][vc_column_text css=&#8221;&#8221;]Die Sozialp\u00e4dagogische Tagesst\u00e4tte hat die t\u00e4gliche begleitete Anwesenheit von 10 Kindern im Alter zwischen 7 und 17 Jahren inne.[\/vc_column_text][\/vc_column][vc_column width=&#8221;1\/3&#8243;][vc_custom_heading text=&#8221;Warum&#8221; use_theme_fonts=&#8221;yes&#8221;][vc_column_text]Die Tagesst\u00e4tte setzt sich zum Ziel den Familien in jenen Situationen, in denen es zu Hause zu schwierigen Verh\u00e4ltnissen gekommen ist, die M\u00f6glichkeit einer Entlastung von der erzieherischen Arbeit anzubieten. Des Weiteren m\u00f6chte den Familien in jenen Situationen, in denen die famili\u00e4ren Umst\u00e4nde die Entwicklung des Kindes negativ zu beeinflussen drohen, die M\u00f6glichkeit einer Neuorientierung ihrer erzieherischen Aufgabe angeboten werden; den Kindern wird eine Palette von Interventionen angeboten, welche von der Unterst\u00fctzung und dem Zuh\u00f6ren bis zur Pr\u00e4vention und Hilfestellung reichen, in multiethnischer und multikultureller Hinsicht, auf die Entwicklung der pers\u00f6nlichen Ressourcen zielend, in Hinblick auf ein harmonisches und ausgeglichenes Wachsen.[\/vc_column_text][\/vc_column][vc_column width=&#8221;1\/3&#8243;][vc_custom_heading text=&#8221;Wann&#8221; use_theme_fonts=&#8221;yes&#8221;][vc_column_text]Wir sind ganzj\u00e4hrig offen, von Montag bis Freitag, von 12.00 bis 18.00 Uhr.<\/p>\n<p>Die \u00d6ffnungszeiten k\u00f6nnen \u00c4nderungen unterliegen, im Zusammenhang mit den Schulferien oder wegen besonderer Bed\u00fcrfnisse der Familien.[\/vc_column_text][\/vc_column][\/vc_row]<\/p>\n<\/div>","protected":false},"excerpt":{"rendered":"<p>[vc_row][vc_column width=&#8221;1\/2&#8243;][vc_custom_heading text=&#8221;Wo&#8221; use_theme_fonts=&#8221;yes&#8221;][vc_column_text css=&#8221;&#8221;]Tagesst\u00e4tte &#8220;Hans Lanz&#8221; W. v. d. Vogelweidestr. 13 39012 Meran Tel.: 0473 440241 Mobil.: 348 5303358 hanslanz@lastrada-derweg.org Koordinatorin: Valentina Dallap\u00e8[\/vc_column_text][\/vc_column][vc_column width=&#8221;1\/2&#8243;][vc_single_image image=&#8221;2447&#8243; img_size=&#8221;full&#8221;][\/vc_column][\/vc_row][vc_row][vc_column][vc_custom_heading text=&#8221;Wer&#8221; use_theme_fonts=&#8221;yes&#8221;][vc_column_text css=&#8221;&#8221;]Neben dem oder der Hauptkoordinator\/in besteht das Team aus verschiedenen Personen: Erzieher\/in(en), P\u00e4dagoge\/in(en), Fachkr\u00e4fte.[\/vc_column_text][vc_custom_heading text=&#8221;Was&#8221; use_theme_fonts=&#8221;yes&#8221;][vc_column_text]Wir unterst\u00fctzen Kinder, Jugendliche und deren Familien durch sozialp\u00e4dagogische Angebote und&hellip;<\/p>\n","protected":false},"author":1,"featured_media":0,"parent":1617,"menu_order":0,"comment_status":"closed","ping_status":"closed","template":"","meta":{"footnotes":""},"class_list":["post-1640","page","type-page","status-publish","hentry","description-off"],"_links":{"self":[{"href":"https:\/\/www.lastrada-derweg.org\/index.php?rest_route=\/wp\/v2\/pages\/1640","targetHints":{"allow":["GET"]}}],"collection":[{"href":"https:\/\/www.lastrada-derweg.org\/index.php?rest_route=\/wp\/v2\/pages"}],"about":[{"href":"https:\/\/www.lastrada-derweg.org\/index.php?rest_route=\/wp\/v2\/types\/page"}],"author":[{"embeddable":true,"href":"https:\/\/www.lastrada-derweg.org\/index.php?rest_route=\/wp\/v2\/users\/1"}],"replies":[{"embeddable":true,"href":"https:\/\/www.lastrada-derweg.org\/index.php?rest_route=%2Fwp%2Fv2%2Fcomments&post=1640"}],"version-history":[{"count":11,"href":"https:\/\/www.lastrada-derweg.org\/index.php?rest_route=\/wp\/v2\/pages\/1640\/revisions"}],"predecessor-version":[{"id":10128,"href":"https:\/\/www.lastrada-derweg.org\/index.php?rest_route=\/wp\/v2\/pages\/1640\/revisions\/10128"}],"up":[{"embeddable":true,"href":"https:\/\/www.lastrada-derweg.org\/index.php?rest_route=\/wp\/v2\/pages\/1617"}],"wp:attachment":[{"href":"https:\/\/www.lastrada-derweg.org\/index.php?rest_route=%2Fwp%2Fv2%2Fmedia&parent=1640"}],"curies":[{"name":"wp","href":"https:\/\/api.w.org\/{rel}","templated":true}]}}