{"id":1674,"date":"2018-08-16T16:23:24","date_gmt":"2018-08-16T14:23:24","guid":{"rendered":"http:\/\/www.lastrada-derweg.org\/?page_id=1674"},"modified":"2022-10-18T13:17:38","modified_gmt":"2022-10-18T11:17:38","slug":"st-isidor","status":"publish","type":"page","link":"https:\/\/www.lastrada-derweg.org\/?page_id=1674","title":{"rendered":"Comunit\u00e0 specialistica per Doppia Diagnosi \u201eSt. Isidor\u201d"},"content":{"rendered":"<div class=\"wpb-content-wrapper\"><p>[vc_row][vc_column width=&#8221;1\/2&#8243;][vc_custom_heading text=&#8221;Chi siamo&#8221; use_theme_fonts=&#8221;yes&#8221;][vc_column_text]Il team multidisciplinare \u00e8 composto da una coordinatrice, educatori e educatrici, pedagogisti e pedagogiste, psicologi e psicologhe, infermieri e infermiere, medici \u2013 psichiatri, OSS, Osa, TerP, Assistenti Sociali e un Operatore di Sostegno.[\/vc_column_text][vc_custom_heading text=&#8221;Dove siamo&#8221; use_theme_fonts=&#8221;yes&#8221;][vc_column_text]numero verde 800621606<br \/>\nTel. 0471 203111<br \/>\n<u><a href=\"mailto:s.isidor@lastrada-derweg.org\">s.isidor@lastrada-derweg.org<\/a><\/u><\/p>\n<p>Responsabile di Area: dott.ssa <strong>Manuela Gius<\/strong><\/p>\n<p>Responsabile clinica di Area: dott.ssa <strong>Carlotta Ficco<\/strong><\/p>\n<p>Coordinatrice: Dott.ssa <strong>Morena De Sarro<\/strong>[\/vc_column_text][\/vc_column][vc_column width=&#8221;1\/2&#8243;][vc_single_image image=&#8221;2174&#8243; img_size=&#8221;full&#8221;][\/vc_column][\/vc_row][vc_row][vc_column][vc_custom_heading text=&#8221;Cosa facciamo&#8221; use_theme_fonts=&#8221;yes&#8221;][vc_column_text]<\/p>\n<ul>\n<li>Quotidianit\u00e0 strutturata in un ambiente protetto come strumento d\u2019intervento per il raggiungimento della Riabilitazione.<\/li>\n<\/ul>\n<ul>\n<li>Gruppi motivazionali, terapeutici di auto-aiuto e di confronto finalizzati alla presa di coscienza della propria situazione psico-fisica e a tematiche relazionali e di convivenza.<\/li>\n<li>Colloqui individuali con gli operatori finalizzati ad un approfondimento delle tematiche emergenti e alla verifica e sviluppo del progetto individualizzato.<\/li>\n<li>Colloquio psicologici \/ psicoterapeutici individuale con i nostri psicologi e le nostre psicologhe psicoterapeuti \/ e.<\/li>\n<\/ul>\n<ul>\n<li>Attivit\u00e0 ergoterapica, lavorativa, sportiva, ludica e culturale finalizzata ad una maggiore socializzazione e ad una gestione emotiva e ad un utilizzo costruttivo del tempo libero.<\/li>\n<\/ul>\n<ul>\n<li>laboratori riabilitativi: musicoterapia, arteterapia, creta, vetro, yoga ecc.<\/li>\n<\/ul>\n<ul>\n<li>Seminari inerenti la prevenzione e la promozione alla salute.<\/li>\n<\/ul>\n<ul>\n<li>Per l\u2019assunzione di psicofarmaci e di farmaci sostitutivi si dispone della collaborazione quotidiana di un infermiere in sede<\/li>\n<\/ul>\n<p>[\/vc_column_text][\/vc_column][\/vc_row][vc_row][vc_column width=&#8221;1\/3&#8243;][vc_custom_heading text=&#8221;Per chi&#8221; use_theme_fonts=&#8221;yes&#8221;][vc_column_text]Ci rivolgiamo a persone con problematiche di dipendenza e\/o psichiatriche, che necessitano di un periodo di permanenza protetta in un ambiente strutturato per poter definire in seguito un qualsiasi percorso di sostegno:<br \/>\na persone in trattamento di disassuefazione; a persone \u201cDisorientate\u201d; a persone \u201cRicadute\u201d; a persone che usufruiscono di misure alternative al carcere.<br \/>\nL&#8217;accoglienza avviene tramite colloqui motivazionali con il personale clinico e il servizio territoriale inviante[\/vc_column_text][\/vc_column][vc_column width=&#8221;1\/3&#8243;][vc_custom_heading text=&#8221;Perch\u00e9&#8221; use_theme_fonts=&#8221;yes&#8221;][vc_column_text]Sostegno e accompagnamento della singola persona nel suo percorso riabilitativo con l\u00b4obiettivo di raggiungere uno stato di stabilizzazione tale che le permetta di acquisire strumenti utili nel campo della salute, nel rapporto con se stesso e nel rapporto con gli altri.[\/vc_column_text][\/vc_column][vc_column width=&#8221;1\/3&#8243;][vc_custom_heading text=&#8221;Quando&#8221; use_theme_fonts=&#8221;yes&#8221;][vc_column_text]a comunit\u00e0 riabilitativa S. Isidor \u00e8 aperta tutto l&#8217;anno. Il personale \u00e8 presente 24 ore su 24.[\/vc_column_text][\/vc_column][\/vc_row]<\/p>\n<\/div>","protected":false},"excerpt":{"rendered":"<p>[vc_row][vc_column width=&#8221;1\/2&#8243;][vc_custom_heading text=&#8221;Chi siamo&#8221; use_theme_fonts=&#8221;yes&#8221;][vc_column_text]Il team multidisciplinare \u00e8 composto da una coordinatrice, educatori e educatrici, pedagogisti e pedagogiste, psicologi e psicologhe, infermieri e infermiere, medici \u2013 psichiatri, OSS, Osa, TerP, Assistenti Sociali e un Operatore di Sostegno.[\/vc_column_text][vc_custom_heading text=&#8221;Dove siamo&#8221; use_theme_fonts=&#8221;yes&#8221;][vc_column_text]numero verde 800621606 Tel. 0471 203111 s.isidor@lastrada-derweg.org Responsabile di Area: dott.ssa Manuela Gius Responsabile clinica di&hellip;<\/p>\n","protected":false},"author":1,"featured_media":0,"parent":1665,"menu_order":0,"comment_status":"closed","ping_status":"closed","template":"","meta":{"footnotes":""},"class_list":["post-1674","page","type-page","status-publish","hentry","description-off"],"_links":{"self":[{"href":"https:\/\/www.lastrada-derweg.org\/index.php?rest_route=\/wp\/v2\/pages\/1674","targetHints":{"allow":["GET"]}}],"collection":[{"href":"https:\/\/www.lastrada-derweg.org\/index.php?rest_route=\/wp\/v2\/pages"}],"about":[{"href":"https:\/\/www.lastrada-derweg.org\/index.php?rest_route=\/wp\/v2\/types\/page"}],"author":[{"embeddable":true,"href":"https:\/\/www.lastrada-derweg.org\/index.php?rest_route=\/wp\/v2\/users\/1"}],"replies":[{"embeddable":true,"href":"https:\/\/www.lastrada-derweg.org\/index.php?rest_route=%2Fwp%2Fv2%2Fcomments&post=1674"}],"version-history":[{"count":8,"href":"https:\/\/www.lastrada-derweg.org\/index.php?rest_route=\/wp\/v2\/pages\/1674\/revisions"}],"predecessor-version":[{"id":7931,"href":"https:\/\/www.lastrada-derweg.org\/index.php?rest_route=\/wp\/v2\/pages\/1674\/revisions\/7931"}],"up":[{"embeddable":true,"href":"https:\/\/www.lastrada-derweg.org\/index.php?rest_route=\/wp\/v2\/pages\/1665"}],"wp:attachment":[{"href":"https:\/\/www.lastrada-derweg.org\/index.php?rest_route=%2Fwp%2Fv2%2Fmedia&parent=1674"}],"curies":[{"name":"wp","href":"https:\/\/api.w.org\/{rel}","templated":true}]}}