{"id":1676,"date":"2018-08-16T16:29:46","date_gmt":"2018-08-16T14:29:46","guid":{"rendered":"http:\/\/www.lastrada-derweg.org\/?page_id=1676"},"modified":"2023-07-12T15:33:27","modified_gmt":"2023-07-12T13:33:27","slug":"st-isidor","status":"publish","type":"page","link":"https:\/\/www.lastrada-derweg.org\/?page_id=1676&lang=de","title":{"rendered":"Rehabilitationseinrichtung f\u00fcr Patienten mit Doppeldiagnose \u201eSt. Isidor\u201c"},"content":{"rendered":"<div class=\"wpb-content-wrapper\"><p>[vc_row][vc_column width=&#8221;1\/2&#8243;][vc_custom_heading text=&#8221;Wer&#8221; use_theme_fonts=&#8221;yes&#8221;][vc_column_text]Unser multidisziplin\u00e4res Team besteht aus einer Koordinatorin, Erziehern und Erzieherinnen, P\u00e4dagogen und P\u00e4dagoginnen, Psychologen und Psuchologinnen, Sozialbetreuern und Sozialbetreuerinnen, Psychiaterinnen, TerP, Sozialassistenten und Sozialassistentinnen,\u00a0 einer Krankenpflegerin und einem Hilfsbetreuer.[\/vc_column_text][vc_custom_heading text=&#8221;Wo&#8221; use_theme_fonts=&#8221;yes&#8221;][vc_column_text]Kostenlose Nummer 800621606<br \/>\nTel. 0471 203111<br \/>\n<u><a href=\"mailto:s.isidor@lastrada-derweg.org\">s.isidor@lastrada-derweg.org<\/a><\/u><\/p>\n<p>Verantwortliche des Bereichs: Dr. <strong>Manuela Gius<\/strong><\/p>\n<p>Klinische Bereichsverantwortliche: Dr. <strong>Carlotta Ficco<\/strong><\/p>\n<p>Koordinatorin: Dr. <strong>Morena De Sarro<\/strong>[\/vc_column_text][\/vc_column][vc_column width=&#8221;1\/2&#8243;][vc_single_image image=&#8221;2172&#8243; img_size=&#8221;full&#8221;][\/vc_column][\/vc_row][vc_row][vc_column][vc_custom_heading text=&#8221;Was&#8221; use_theme_fonts=&#8221;yes&#8221;][vc_column_text]\u2022 Strukturierter Alltag in einem gesch\u00fctzten Umfeld, als Interventionsmittel zur Rehabilitation.<br \/>\n\u2022 Motivationale, therapeutische und psycho-edukative Gruppen um Erfahrungen zu teilen und dabei zu helfen, die eigene psychische und k\u00f6rperliche Situation zu erfassen.<br \/>\n\u2022 Einzelgespr\u00e4che mit den Betreuern und Betreuerinnen mit dem Ziel, die aufkommenden Themen zu vertiefen und das individualisierte Projekt zu \u00fcberpr\u00fcfen und weiter zu entwickeln.<br \/>\n\u2022 Psychologische \/ Psychotherapeutische Einzelsitzungen mit den Psychologen und Psychologinnen<br \/>\n\u2022 Ergotherapie, sportliche, spielerische und kulturelle Aktivit\u00e4ten, die darauf abzielen die Sozialisierung und die emotionale Kontrolle zu f\u00f6rdern, sowie die Freizeit auszuf\u00fcllen.<br \/>\n\u2022 Vortr\u00e4ge zur Vorbeugung von Krankheiten und zur F\u00f6rderung der Gesundheit.<br \/>\n\u2022 Rehabilitative T\u00e4tigkeiten: Kunsttherapie, Musiktherapie, Keramikwerkst\u00e4tte, Glaswerkst\u00e4tte, Yoga usw.<br \/>\n\u2022 F\u00fcr die Verabreichung der Medikamente wird t\u00e4glich mit einer Krankenpflegerin zusammengearbeitet.[\/vc_column_text][\/vc_column][\/vc_row][vc_row][vc_column width=&#8221;1\/3&#8243;][vc_custom_heading text=&#8221;F\u00fcr wen&#8221; use_theme_fonts=&#8221;yes&#8221;][vc_column_text]Wir wenden uns an Personen mit mehreren Abh\u00e4ngigkeiten in Komorbidit\u00e4t mit einer psychologischen \/ psychiatrischen Erkrankung, die eine Zeit in einem freundlichen Umfeld ben\u00f6tigen, zur Erarbeitung eines therapeutischen und \/oder sozialen Behandlungsplanes:<br \/>\nf\u00fcr Menschen im Entzug; f\u00fcr Menschen, die eine Neuorientierung brauchen; f\u00fcr Menschen, die r\u00fcckf\u00e4llig geworden sind; f\u00fcr Menschen, die sich in Alternativma\u00dfnahmen zum Gef\u00e4ngnis befinden.<br \/>\nDie Aufnahme erfolgt nach Gespr\u00e4chen mit dem klinischen Personal, dem zuweisenden Dienst des Territoriums und der Person.[\/vc_column_text][\/vc_column][vc_column width=&#8221;1\/3&#8243;][vc_custom_heading text=&#8221;Warum&#8221; use_theme_fonts=&#8221;yes&#8221;][vc_column_text]Die Personen werden auf ihrem rehabilitativen Weg begleitet und unterst\u00fctzt mit dem Ziel, einen stabilen Zustand zu erreichen, der es ihnen erlaubt sich Instrumente f\u00fcr die Erhaltung der eigenen Gesundheit, die Beziehung zu sich selbst und zu den anderen anzueignen.[\/vc_column_text][\/vc_column][vc_column width=&#8221;1\/3&#8243;][vc_custom_heading text=&#8221;Wann&#8221; use_theme_fonts=&#8221;yes&#8221;][vc_column_text]Die Rehabilitationseinrichtung \u201cSt. Isidor\u201d ist ganzj\u00e4hrig ge\u00f6ffnet. Das Personal ist 24 Stunden am Tag anwesend.[\/vc_column_text][\/vc_column][\/vc_row]<\/p>\n<\/div>","protected":false},"excerpt":{"rendered":"<p>[vc_row][vc_column width=&#8221;1\/2&#8243;][vc_custom_heading text=&#8221;Wer&#8221; use_theme_fonts=&#8221;yes&#8221;][vc_column_text]Unser multidisziplin\u00e4res Team besteht aus einer Koordinatorin, Erziehern und Erzieherinnen, P\u00e4dagogen und P\u00e4dagoginnen, Psychologen und Psuchologinnen, Sozialbetreuern und Sozialbetreuerinnen, Psychiaterinnen, TerP, Sozialassistenten und Sozialassistentinnen,\u00a0 einer Krankenpflegerin und einem Hilfsbetreuer.[\/vc_column_text][vc_custom_heading text=&#8221;Wo&#8221; use_theme_fonts=&#8221;yes&#8221;][vc_column_text]Kostenlose Nummer 800621606 Tel. 0471 203111 s.isidor@lastrada-derweg.org Verantwortliche des Bereichs: Dr. Manuela Gius Klinische Bereichsverantwortliche: Dr. Carlotta Ficco Koordinatorin: Dr. Morena De&hellip;<\/p>\n","protected":false},"author":1,"featured_media":0,"parent":1668,"menu_order":0,"comment_status":"closed","ping_status":"closed","template":"","meta":{"footnotes":""},"class_list":["post-1676","page","type-page","status-publish","hentry","description-off"],"_links":{"self":[{"href":"https:\/\/www.lastrada-derweg.org\/index.php?rest_route=\/wp\/v2\/pages\/1676","targetHints":{"allow":["GET"]}}],"collection":[{"href":"https:\/\/www.lastrada-derweg.org\/index.php?rest_route=\/wp\/v2\/pages"}],"about":[{"href":"https:\/\/www.lastrada-derweg.org\/index.php?rest_route=\/wp\/v2\/types\/page"}],"author":[{"embeddable":true,"href":"https:\/\/www.lastrada-derweg.org\/index.php?rest_route=\/wp\/v2\/users\/1"}],"replies":[{"embeddable":true,"href":"https:\/\/www.lastrada-derweg.org\/index.php?rest_route=%2Fwp%2Fv2%2Fcomments&post=1676"}],"version-history":[{"count":10,"href":"https:\/\/www.lastrada-derweg.org\/index.php?rest_route=\/wp\/v2\/pages\/1676\/revisions"}],"predecessor-version":[{"id":7925,"href":"https:\/\/www.lastrada-derweg.org\/index.php?rest_route=\/wp\/v2\/pages\/1676\/revisions\/7925"}],"up":[{"embeddable":true,"href":"https:\/\/www.lastrada-derweg.org\/index.php?rest_route=\/wp\/v2\/pages\/1668"}],"wp:attachment":[{"href":"https:\/\/www.lastrada-derweg.org\/index.php?rest_route=%2Fwp%2Fv2%2Fmedia&parent=1676"}],"curies":[{"name":"wp","href":"https:\/\/api.w.org\/{rel}","templated":true}]}}