{"id":1678,"date":"2018-08-16T16:35:03","date_gmt":"2018-08-16T14:35:03","guid":{"rendered":"http:\/\/www.lastrada-derweg.org\/?page_id=1678"},"modified":"2024-06-25T12:13:15","modified_gmt":"2024-06-25T10:13:15","slug":"naturalmente","status":"publish","type":"page","link":"https:\/\/www.lastrada-derweg.org\/?page_id=1678","title":{"rendered":"Naturalmente"},"content":{"rendered":"<div class=\"wpb-content-wrapper\"><p>[vc_row][vc_column width=&#8221;1\/2&#8243;][vc_custom_heading text=&#8221;Dove siamo&#8221; use_theme_fonts=&#8221;yes&#8221;][vc_column_text css=&#8221;&#8221;]Associazione \u201cLa Strada \u2013 Der Weg\u201d ONLUS<br \/>\nVia Visitazione 46 &#8211; 39100 Bolzano<\/p>\n<p>Tel. 0471 203 111<br \/>\n<a href=\"mailto:naturalmente@lastrada-derweg.org\">naturalmente@lastrada-derweg.org<\/a><\/p>\n<p>Coordinatrice: <strong>Ariele Eccher<\/strong> &#8211; 338 6142839<\/p>\n<p><strong>\u00a0<\/strong>[\/vc_column_text][vc_custom_heading text=&#8221;Chi siamo&#8221; use_theme_fonts=&#8221;yes&#8221;][vc_column_text css=&#8221;&#8221;]Un gruppo di operatori e operatrici, con esperienza pluridecennale nel campo delle dipendenze e nell\u2019inserimento socio-lavorativo, ruotano nello svolgimento delle attivit\u00e0 occupazionali.<\/p>\n<p><strong>\u00a0<\/strong>[\/vc_column_text][\/vc_column][vc_column width=&#8221;1\/2&#8243;][vc_single_image image=&#8221;2177&#8243; img_size=&#8221;full&#8221;][\/vc_column][\/vc_row][vc_row][vc_column][vc_custom_heading text=&#8221;Cosa facciamo&#8221; use_theme_fonts=&#8221;yes&#8221;][vc_column_text]Gestione di un progetto di attivit\u00e0 occupazionale a favore di persone con problematiche di dipendenza. Le persone aderiscono volontariamente e percepiscono un gettone di presenza. Data la presenza di problematiche sociali, il progetto \u00e8 svolto con il sostegno dell\u2019Azienda Servizi Sociali di Bolzano e con la collaborazione del Comando Forestale di Bolzano.<br \/>\nL\u2019 attivit\u00e0 viene svolta sul territorio boschivo del comune di Bolzano.[\/vc_column_text][\/vc_column][\/vc_row][vc_row][vc_column width=&#8221;1\/3&#8243;][vc_custom_heading text=&#8221;Per chi&#8221; use_theme_fonts=&#8221;yes&#8221;][vc_column_text]Persone con problematiche di dipendenza in trattamento presso i servizi specialistici che, per le problematiche sociali inerenti la dipendenza, non svolgono o non sono in grado di svolgere da molto tempo attivit\u00e0 lavorative collocabili nel libero mercato e nella cooperazione sociale.<br \/>\nI posti disponibili sono 7.[\/vc_column_text][\/vc_column][vc_column width=&#8221;1\/3&#8243;][vc_custom_heading text=&#8221;Perch\u00e9&#8221; use_theme_fonts=&#8221;yes&#8221;][vc_column_text]Il servizio ha come obiettivo prioritario la riduzione nella persona, dei danni psicologici fisici e sociali correlati alla dipendenza. La promozione di momenti riconosciuti e remunerati di lavoro strutturato contribuiscono al rafforzamento delle risorse delle persone partecipanti, alle loro capacit\u00e0 e abilit\u00e0 anche in funzione di un possibile reinserimento nel mondo del lavoro. L&#8217;ambiente e la manutenzione di strade forestali e di sentieri assumono cos\u00ec un valore educativo e sociale. Impegnare il proprio tempo in uno spazio all&#8217;aperto, per il ripristino del \u201cverde\u201d, permette una sperimentazione personale di contatto con la natura in una logica ambientale. Le persone si sentono valorizzate e restituiscono e ripagano in parte i servizi ricevuti dalla collettivit\u00e0.[\/vc_column_text][\/vc_column][vc_column width=&#8221;1\/3&#8243;][vc_custom_heading text=&#8221;Quando&#8221; use_theme_fonts=&#8221;yes&#8221;][vc_column_text]Attivo da aprile 2012.<br \/>\nL\u2019attivit\u00e0 si svolge 3 pomeriggi a settimana, solitamente marted\u00ec, mercoled\u00ec e gioved\u00ec dalle 13.00 alle 17.00. L\u2019accesso pu\u00f2 avvenire su invio dei Servizi Sociali, dei Servizi per le\u00a0Dipendenze, dei servizi di Alcologia Territoriale .[\/vc_column_text][\/vc_column][\/vc_row]<\/p>\n<\/div>","protected":false},"excerpt":{"rendered":"<p>[vc_row][vc_column width=&#8221;1\/2&#8243;][vc_custom_heading text=&#8221;Dove siamo&#8221; use_theme_fonts=&#8221;yes&#8221;][vc_column_text css=&#8221;&#8221;]Associazione \u201cLa Strada \u2013 Der Weg\u201d ONLUS Via Visitazione 46 &#8211; 39100 Bolzano Tel. 0471 203 111 naturalmente@lastrada-derweg.org Coordinatrice: Ariele Eccher &#8211; 338 6142839 \u00a0[\/vc_column_text][vc_custom_heading text=&#8221;Chi siamo&#8221; use_theme_fonts=&#8221;yes&#8221;][vc_column_text css=&#8221;&#8221;]Un gruppo di operatori e operatrici, con esperienza pluridecennale nel campo delle dipendenze e nell\u2019inserimento socio-lavorativo, ruotano nello svolgimento delle attivit\u00e0 occupazionali.&hellip;<\/p>\n","protected":false},"author":1,"featured_media":0,"parent":1665,"menu_order":0,"comment_status":"closed","ping_status":"closed","template":"","meta":{"footnotes":""},"class_list":["post-1678","page","type-page","status-publish","hentry","description-off"],"_links":{"self":[{"href":"https:\/\/www.lastrada-derweg.org\/index.php?rest_route=\/wp\/v2\/pages\/1678","targetHints":{"allow":["GET"]}}],"collection":[{"href":"https:\/\/www.lastrada-derweg.org\/index.php?rest_route=\/wp\/v2\/pages"}],"about":[{"href":"https:\/\/www.lastrada-derweg.org\/index.php?rest_route=\/wp\/v2\/types\/page"}],"author":[{"embeddable":true,"href":"https:\/\/www.lastrada-derweg.org\/index.php?rest_route=\/wp\/v2\/users\/1"}],"replies":[{"embeddable":true,"href":"https:\/\/www.lastrada-derweg.org\/index.php?rest_route=%2Fwp%2Fv2%2Fcomments&post=1678"}],"version-history":[{"count":15,"href":"https:\/\/www.lastrada-derweg.org\/index.php?rest_route=\/wp\/v2\/pages\/1678\/revisions"}],"predecessor-version":[{"id":10301,"href":"https:\/\/www.lastrada-derweg.org\/index.php?rest_route=\/wp\/v2\/pages\/1678\/revisions\/10301"}],"up":[{"embeddable":true,"href":"https:\/\/www.lastrada-derweg.org\/index.php?rest_route=\/wp\/v2\/pages\/1665"}],"wp:attachment":[{"href":"https:\/\/www.lastrada-derweg.org\/index.php?rest_route=%2Fwp%2Fv2%2Fmedia&parent=1678"}],"curies":[{"name":"wp","href":"https:\/\/api.w.org\/{rel}","templated":true}]}}