{"id":1681,"date":"2018-08-16T16:39:58","date_gmt":"2018-08-16T14:39:58","guid":{"rendered":"http:\/\/www.lastrada-derweg.org\/?page_id=1681"},"modified":"2024-06-25T12:14:55","modified_gmt":"2024-06-25T10:14:55","slug":"naturalmente","status":"publish","type":"page","link":"https:\/\/www.lastrada-derweg.org\/?page_id=1681&lang=de","title":{"rendered":"Naturalmente"},"content":{"rendered":"<div class=\"wpb-content-wrapper\"><p>[vc_row][vc_column width=&#8221;1\/2&#8243;][vc_custom_heading text=&#8221;Wo&#8221; use_theme_fonts=&#8221;yes&#8221;][vc_column_text css=&#8221;&#8221;]Verein \u201cLa Strada \u2013 Der Weg\u201d ONLUS<br \/>\nMariaheimweg 46 &#8211; 39100 Bozen<\/p>\n<p>Tel. 0471 203 111<br \/>\n<a href=\"mailto:naturalmente@lastrada-derweg.org\">naturalmente@lastrada-derweg.org<\/a><\/p>\n<p>Koordinatorin des Projekts: <strong>Ariele Eccher<\/strong> &#8211; 338 6142839<\/p>\n<p><strong>\u00a0<\/strong>[\/vc_column_text][vc_custom_heading text=&#8221;Wer&#8221; use_theme_fonts=&#8221;yes&#8221;][vc_column_text]Das Team mit langj\u00e4hriger Erfahrung im Bereich Abh\u00e4ngigkeiten und im Bereich der Einf\u00fchrung in die Arbeitswelt besteht aus einem Koordinator und zwei Fachkr\u00e4ften, die abwechselnd f\u00fcr die Abwicklung der Besch\u00e4ftigungstherapie verantwortlich sind.<\/p>\n<p><strong>\u00a0<\/strong>[\/vc_column_text][\/vc_column][vc_column width=&#8221;1\/2&#8243;][vc_single_image image=&#8221;2179&#8243; img_size=&#8221;full&#8221;][\/vc_column][\/vc_row][vc_row][vc_column][vc_custom_heading text=&#8221;Was&#8221; use_theme_fonts=&#8221;yes&#8221;][vc_column_text]Das Projekt ist eine Besch\u00e4ftigungstherapie f\u00fcr Menschen mit Abh\u00e4ngigkeitsproblemen. Die Teilnahme ist freiwillig und der Lohn wird nach verrichteten Arbeitsstunden vergeben. Da soziale Problematiken pr\u00e4sent sind, wird das Projekt mit Unterst\u00fctzung der Sozialdienste Bozen und in Zusammenarbeit mit der Abteilung Forstwirtschaft Bozen geleitet.<br \/>\nDie Aktivit\u00e4t findet in den Waldzonen der Gemeinde Bozen statt.[\/vc_column_text][\/vc_column][\/vc_row][vc_row][vc_column width=&#8221;1\/3&#8243;][vc_custom_heading text=&#8221;F\u00fcr wen&#8221; use_theme_fonts=&#8221;yes&#8221;][vc_column_text]Das Projekt zielt auf Personen mit Abh\u00e4ngigkeitsproblemen, die bei den speziellen Dienststellen in Therapie sind. Aus Gr\u00fcnden, die Teil der Symptomatik der Abh\u00e4ngigkeit sind, k\u00f6nnen die Klienten und Klientinnen (mit den spezifischen sozialen Problematiken) seit l\u00e4ngerem keiner Arbeitsaktivit\u00e4t auf dem freien Arbeitsmarkt und in den Sozialkooperativen nachkommen bzw. sind unf\u00e4hig unter den geltenden Umst\u00e4nden eine Arbeit zu finden.<br \/>\nDas Projekt ist f\u00fcr 7 Personen ausgerichtet.<br \/>\n[\/vc_column_text][\/vc_column][vc_column width=&#8221;1\/3&#8243;][vc_custom_heading text=&#8221;Warum&#8221; use_theme_fonts=&#8221;yes&#8221;][vc_column_text]Der Dienst hat als prim\u00e4res Ziel eine Reduzierung der psychologischen, physischen und sozialen Beeintr\u00e4chtigungen, welche in Zusammenhang mit der Abh\u00e4ngigkeit stehen. Die F\u00f6rderung von Momenten anerkannter, strukturierter Arbeit tragen zur St\u00e4rkung ihrer F\u00e4higkeiten und ihrer Geschicklichkeit bei, auch in Anbetracht einer Wiedereingliederung in die Arbeitswelt.<br \/>\nDie Umgebung und die Arbeit am Erhalt der Forststra\u00dfen und Wege bekommen dadurch einen p\u00e4dagogischen und sozialen Wert.<br \/>\nDie strukturierte Arbeitszeit in der Natur, die Pflege der Landschaft erlaubt ein pers\u00f6nliches Experimentieren im Hintergrund von Umweltthemen. Das gibt den Klienten ein Gef\u00fchl der Wertsch\u00e4tzung und r\u00fcckerstattet bzw. entsch\u00e4digt somit teilweise die erhaltenen Dienstleistungen, die ihnen die Gesellschaft bereit stellt.[\/vc_column_text][\/vc_column][vc_column width=&#8221;1\/3&#8243;][vc_custom_heading text=&#8221;Wann&#8221; use_theme_fonts=&#8221;yes&#8221;][vc_column_text]Das Projekt gibt es seit April 2012.<br \/>\nDie Aktivit\u00e4t findet an 3 Nachmittagen pro Woche statt, normalerweise Dienstag, Mittwoch und Donnerstag von 13.00 bis 17.00 Uhr. Die Aufnahme kann anhand der Sozialdienste, des Dienstes f\u00fcr Abh\u00e4ngigkeitserkrankungen und der territorialen Alkoholdienststellen erfolgen.[\/vc_column_text][\/vc_column][\/vc_row]<\/p>\n<\/div>","protected":false},"excerpt":{"rendered":"<p>[vc_row][vc_column width=&#8221;1\/2&#8243;][vc_custom_heading text=&#8221;Wo&#8221; use_theme_fonts=&#8221;yes&#8221;][vc_column_text css=&#8221;&#8221;]Verein \u201cLa Strada \u2013 Der Weg\u201d ONLUS Mariaheimweg 46 &#8211; 39100 Bozen Tel. 0471 203 111 naturalmente@lastrada-derweg.org Koordinatorin des Projekts: Ariele Eccher &#8211; 338 6142839 \u00a0[\/vc_column_text][vc_custom_heading text=&#8221;Wer&#8221; use_theme_fonts=&#8221;yes&#8221;][vc_column_text]Das Team mit langj\u00e4hriger Erfahrung im Bereich Abh\u00e4ngigkeiten und im Bereich der Einf\u00fchrung in die Arbeitswelt besteht aus einem Koordinator und zwei Fachkr\u00e4ften, die&hellip;<\/p>\n","protected":false},"author":1,"featured_media":0,"parent":1668,"menu_order":0,"comment_status":"closed","ping_status":"closed","template":"","meta":{"footnotes":""},"class_list":["post-1681","page","type-page","status-publish","hentry","description-off"],"_links":{"self":[{"href":"https:\/\/www.lastrada-derweg.org\/index.php?rest_route=\/wp\/v2\/pages\/1681","targetHints":{"allow":["GET"]}}],"collection":[{"href":"https:\/\/www.lastrada-derweg.org\/index.php?rest_route=\/wp\/v2\/pages"}],"about":[{"href":"https:\/\/www.lastrada-derweg.org\/index.php?rest_route=\/wp\/v2\/types\/page"}],"author":[{"embeddable":true,"href":"https:\/\/www.lastrada-derweg.org\/index.php?rest_route=\/wp\/v2\/users\/1"}],"replies":[{"embeddable":true,"href":"https:\/\/www.lastrada-derweg.org\/index.php?rest_route=%2Fwp%2Fv2%2Fcomments&post=1681"}],"version-history":[{"count":16,"href":"https:\/\/www.lastrada-derweg.org\/index.php?rest_route=\/wp\/v2\/pages\/1681\/revisions"}],"predecessor-version":[{"id":10302,"href":"https:\/\/www.lastrada-derweg.org\/index.php?rest_route=\/wp\/v2\/pages\/1681\/revisions\/10302"}],"up":[{"embeddable":true,"href":"https:\/\/www.lastrada-derweg.org\/index.php?rest_route=\/wp\/v2\/pages\/1668"}],"wp:attachment":[{"href":"https:\/\/www.lastrada-derweg.org\/index.php?rest_route=%2Fwp%2Fv2%2Fmedia&parent=1681"}],"curies":[{"name":"wp","href":"https:\/\/api.w.org\/{rel}","templated":true}]}}