{"id":1704,"date":"2018-08-16T23:36:43","date_gmt":"2018-08-16T21:36:43","guid":{"rendered":"http:\/\/www.lastrada-derweg.org\/?page_id=1704"},"modified":"2025-02-05T14:29:15","modified_gmt":"2025-02-05T13:29:15","slug":"tilt","status":"publish","type":"page","link":"https:\/\/www.lastrada-derweg.org\/?page_id=1704","title":{"rendered":"Tilt"},"content":{"rendered":"<div class=\"wpb-content-wrapper\"><p>[vc_row][vc_column width=&#8221;1\/2&#8243;][vc_custom_heading text=&#8221;Dove siamo&#8221; use_theme_fonts=&#8221;yes&#8221;][vc_column_text css=&#8221;&#8221;]Centro Giovani &#8220;Tilt&#8221;<br \/>\nVia Nazionale 58 &#8211; 39012 Sinigo-Merano<br \/>\nTel.: 0473 222371<br \/>\nCell.: 348 8709821<br \/>\n<a href=\"mailto:tilt@lastrada-derweg.org\">tilt@lastrada-derweg.org<\/a><\/p>\n<p>Coordinatrice: <strong>Adele Aderenti <\/strong><strong><br \/>\n<\/strong>[\/vc_column_text][vc_custom_heading text=&#8221;Chi siamo&#8221; use_theme_fonts=&#8221;yes&#8221;][vc_column_text css=&#8221;&#8221;]Il team \u00e8 composto da una coordinatrice, educatrici ed educatori, volontarie e volontari.[\/vc_column_text][\/vc_column][vc_column width=&#8221;1\/2&#8243;][vc_single_image image=&#8221;2523&#8243; img_size=&#8221;full&#8221;][\/vc_column][\/vc_row][vc_row][vc_column][vc_custom_heading text=&#8221;Cosa facciamo&#8221; use_theme_fonts=&#8221;yes&#8221;][vc_column_text]Il centro giovani TILT \u00e8 un luogo d\u2019incontro dove durante l\u2019anno vengono svolte svariate attivit\u00e0 che vanno dalla danza, al teatro di strada, da attivit\u00e0 manuali come il cucito,\u00a0 il bricolage e la creazione di murales, all&#8217;attivit\u00e0 estiva piena di bambini, volontari e giovani collaboratori.<\/p>\n<p>Attraverso l\u2019ascolto dei ragazzi ogni anno nascono e si sviluppano svariati progetti che formano, divertono e intrattengono giovani[\/vc_column_text][\/vc_column][\/vc_row][vc_row][vc_column width=&#8221;1\/3&#8243;][vc_custom_heading text=&#8221;Per chi&#8221; use_theme_fonts=&#8221;yes&#8221;][vc_column_text]Per tutti i ragazzi dai 12 ai 23 anni che hanno voglia di passare il tempo in un luogo che offre cultura, svago ed ascolto.[\/vc_column_text][\/vc_column][vc_column width=&#8221;1\/3&#8243;][vc_custom_heading text=&#8221;Perch\u00e9&#8221; use_theme_fonts=&#8221;yes&#8221;][vc_column_text]Il centro giovani TILT si riconosce nella seguente finalit\u00e0: contribuire a migliorare la qualit\u00e0 della vita dei giovani sul territorio mediante l\u2019attuazione di proposte di animazione culturale, sociale, ludica e sportiva, che tengano presente la facolt\u00e0 e il diritto che le persone hanno di sviluppare positivamente la propria personalit\u00e0.[\/vc_column_text][\/vc_column][vc_column width=&#8221;1\/3&#8243;][vc_custom_heading text=&#8221;Quando&#8221; use_theme_fonts=&#8221;yes&#8221;][vc_column_text]Dal luned\u00ec al venerd\u00ec dalle 15.30 alle 19.00<\/p>\n<p>L&#8217;orario pu\u00f2 subire variazioni nei periodi di vacanza o a seconda di esigenze particolari, come il creare o partecipare ad eventi sul territorio.[\/vc_column_text][\/vc_column][\/vc_row]<\/p>\n<\/div>","protected":false},"excerpt":{"rendered":"<p>[vc_row][vc_column width=&#8221;1\/2&#8243;][vc_custom_heading text=&#8221;Dove siamo&#8221; use_theme_fonts=&#8221;yes&#8221;][vc_column_text css=&#8221;&#8221;]Centro Giovani &#8220;Tilt&#8221; Via Nazionale 58 &#8211; 39012 Sinigo-Merano Tel.: 0473 222371 Cell.: 348 8709821 tilt@lastrada-derweg.org Coordinatrice: Adele Aderenti [\/vc_column_text][vc_custom_heading text=&#8221;Chi siamo&#8221; use_theme_fonts=&#8221;yes&#8221;][vc_column_text css=&#8221;&#8221;]Il team \u00e8 composto da una coordinatrice, educatrici ed educatori, volontarie e volontari.[\/vc_column_text][\/vc_column][vc_column width=&#8221;1\/2&#8243;][vc_single_image image=&#8221;2523&#8243; img_size=&#8221;full&#8221;][\/vc_column][\/vc_row][vc_row][vc_column][vc_custom_heading text=&#8221;Cosa facciamo&#8221; use_theme_fonts=&#8221;yes&#8221;][vc_column_text]Il centro giovani TILT \u00e8 un luogo d\u2019incontro dove&hellip;<\/p>\n","protected":false},"author":1,"featured_media":0,"parent":1688,"menu_order":0,"comment_status":"closed","ping_status":"closed","template":"","meta":{"footnotes":""},"class_list":["post-1704","page","type-page","status-publish","hentry","description-off"],"_links":{"self":[{"href":"https:\/\/www.lastrada-derweg.org\/index.php?rest_route=\/wp\/v2\/pages\/1704","targetHints":{"allow":["GET"]}}],"collection":[{"href":"https:\/\/www.lastrada-derweg.org\/index.php?rest_route=\/wp\/v2\/pages"}],"about":[{"href":"https:\/\/www.lastrada-derweg.org\/index.php?rest_route=\/wp\/v2\/types\/page"}],"author":[{"embeddable":true,"href":"https:\/\/www.lastrada-derweg.org\/index.php?rest_route=\/wp\/v2\/users\/1"}],"replies":[{"embeddable":true,"href":"https:\/\/www.lastrada-derweg.org\/index.php?rest_route=%2Fwp%2Fv2%2Fcomments&post=1704"}],"version-history":[{"count":13,"href":"https:\/\/www.lastrada-derweg.org\/index.php?rest_route=\/wp\/v2\/pages\/1704\/revisions"}],"predecessor-version":[{"id":11669,"href":"https:\/\/www.lastrada-derweg.org\/index.php?rest_route=\/wp\/v2\/pages\/1704\/revisions\/11669"}],"up":[{"embeddable":true,"href":"https:\/\/www.lastrada-derweg.org\/index.php?rest_route=\/wp\/v2\/pages\/1688"}],"wp:attachment":[{"href":"https:\/\/www.lastrada-derweg.org\/index.php?rest_route=%2Fwp%2Fv2%2Fmedia&parent=1704"}],"curies":[{"name":"wp","href":"https:\/\/api.w.org\/{rel}","templated":true}]}}