{"id":1724,"date":"2018-08-17T15:08:25","date_gmt":"2018-08-17T13:08:25","guid":{"rendered":"http:\/\/www.lastrada-derweg.org\/?page_id=1724"},"modified":"2025-07-07T10:31:23","modified_gmt":"2025-07-07T08:31:23","slug":"backstreet","status":"publish","type":"page","link":"https:\/\/www.lastrada-derweg.org\/?page_id=1724&lang=de","title":{"rendered":"StreetworkBZ \/ La Strada &#8211; Der Weg"},"content":{"rendered":"<div class=\"wpb-content-wrapper\"><p>[vc_row][vc_column][vc_custom_heading text=&#8221;STREETWORK BZ \u2013 Mobile Jugendarbeit&#8221; css=&#8221;&#8221;][vc_column_text css=&#8221;&#8221;]<\/p>\n<p data-start=\"155\" data-end=\"546\">StreetworkBz ist ein Streetwork-Angebot, das als Anlauf- und Zuh\u00f6rstelle f\u00fcr Jugendliche in der Stadt Bozen fungiert.<br data-start=\"276\" data-end=\"279\" \/>Das \u00fcbergeordnete Ziel des Dienstes ist es, zur pers\u00f6nlichen Entwicklung von Jugendlichen zwischen 11 und 25 Jahren beizutragen. Dabei wird besonders auf ihre individuellen Ressourcen geachtet, um sie zu aktiven Gestalter*innen ihrer eigenen Lebenswege zu machen.<\/p>\n<p data-start=\"548\" data-end=\"759\">Die angewandte Methode kombiniert klassische Stra\u00dfensozialarbeit mit Aktivit\u00e4ten und Ausdrucksformen aus der Kunst, Kreativit\u00e4t und dem Sport. Zudem werden Gruppen- und Einzelworkshops angeboten.<\/p>\n<p data-start=\"761\" data-end=\"1005\">Durch Aktivit\u00e4ten, die Jugendlichen erm\u00f6glichen, positive Erfahrungen zu teilen, will das Projekt Empowerment-Prozesse f\u00f6rdern \u2013 mit positiven Auswirkungen sowohl auf die Jugendlichen selbst als auch auf die gesamte lokale Gemeinschaft.<\/p>\n<p data-start=\"1007\" data-end=\"1231\">Das langfristige Ziel ist es, riskantes Verhalten zu reduzieren und alternative Lebenswege aufzuzeigen, das gesellschaftliche Zusammenleben zu f\u00f6rdern und das Zugeh\u00f6rigkeitsgef\u00fchl zur Gemeinschaft zu st\u00e4rken.<\/p>\n<p>[\/vc_column_text][\/vc_column][vc_column width=&#8221;1\/2&#8243;][vc_custom_heading text=&#8221;Wo&#8221; use_theme_fonts=&#8221;yes&#8221;][vc_column_text css=&#8221;&#8221;]Via Giuseppe di Vittorio, 29\/c &#8211; Bolzano<br \/>\nKoordinator: Roberto De Lorenzo &#8211; 338 6753572<br \/>\nE-Mail: roberto.delorenzo@lastrada-derweg.org[\/vc_column_text][vc_custom_heading text=&#8221;Wer&#8221; use_theme_fonts=&#8221;yes&#8221;][vc_column_text css=&#8221;&#8221;]<\/p>\n<p data-start=\"1430\" data-end=\"1548\">Das Team besteht aus 13 Fachkr\u00e4ften, die im gesamten Stadtgebiet von Bozen im Einsatz sind.<\/p>\n<p>[\/vc_column_text][\/vc_column][vc_column width=&#8221;1\/2&#8243;][vc_single_image image=&#8221;12198&#8243; img_size=&#8221;full&#8221; css=&#8221;&#8221;][\/vc_column][\/vc_row][vc_row][vc_column][vc_custom_heading text=&#8221;Was&#8221; use_theme_fonts=&#8221;yes&#8221;][vc_column_text css=&#8221;&#8221;]<\/p>\n<p data-start=\"1573\" data-end=\"1823\">StreetworkBz ist ein Angebot der mobilen Jugendarbeit und dient Jugendlichen in Bozen als Anlauf- und Zuh\u00f6rstelle. Ziel ist es, ihre pers\u00f6nliche Entwicklung zu begleiten und sie in ihrer Eigenverantwortung und ihren Ressourcen zu st\u00e4rken.<\/p>\n<p>[\/vc_column_text][\/vc_column][\/vc_row][vc_row][vc_column width=&#8221;1\/3&#8243;][vc_custom_heading text=&#8221;F\u00fcr wen&#8221; use_theme_fonts=&#8221;yes&#8221;][vc_column_text css=&#8221;&#8221;]Direkte Zielgruppe des Projekts sind M\u00e4dchen und Jungen zwischen 11 und 25 Jahren, die in der Stadt Bozen leben.[\/vc_column_text][\/vc_column][vc_column width=&#8221;1\/3&#8243;][vc_custom_heading text=&#8221;Warum&#8221; use_theme_fonts=&#8221;yes&#8221;][vc_column_text css=&#8221;&#8221;]Das Projekt zielt darauf ab, riskantes Verhalten unter Jugendlichen zu verringern und alternative Lebenswege zu f\u00f6rdern. Gleichzeitig sollen gesellschaftliche Regeln vermittelt und das Gemeinschaftsgef\u00fchl gest\u00e4rkt werden.[\/vc_column_text][\/vc_column][vc_column width=&#8221;1\/3&#8243;][vc_custom_heading text=&#8221;Wann&#8221; use_theme_fonts=&#8221;yes&#8221;][vc_column_text css=&#8221;&#8221;]Der Dienst ist 7 Tage die Woche verf\u00fcgbar, mit Rufbereitschaft von zwei Mitarbeitenden an Feiertagen, wie es die Ausschreibung vorsieht.[\/vc_column_text][\/vc_column][\/vc_row]<\/p>\n<\/div>","protected":false},"excerpt":{"rendered":"<p>[vc_row][vc_column][vc_custom_heading text=&#8221;STREETWORK BZ \u2013 Mobile Jugendarbeit&#8221; css=&#8221;&#8221;][vc_column_text css=&#8221;&#8221;] StreetworkBz ist ein Streetwork-Angebot, das als Anlauf- und Zuh\u00f6rstelle f\u00fcr Jugendliche in der Stadt Bozen fungiert.Das \u00fcbergeordnete Ziel des Dienstes ist es, zur pers\u00f6nlichen Entwicklung von Jugendlichen zwischen 11 und 25 Jahren beizutragen. Dabei wird besonders auf ihre individuellen Ressourcen geachtet, um sie zu aktiven Gestalter*innen ihrer&hellip;<\/p>\n","protected":false},"author":1,"featured_media":0,"parent":1690,"menu_order":0,"comment_status":"closed","ping_status":"closed","template":"","meta":{"footnotes":""},"class_list":["post-1724","page","type-page","status-publish","hentry","description-off"],"_links":{"self":[{"href":"https:\/\/www.lastrada-derweg.org\/index.php?rest_route=\/wp\/v2\/pages\/1724","targetHints":{"allow":["GET"]}}],"collection":[{"href":"https:\/\/www.lastrada-derweg.org\/index.php?rest_route=\/wp\/v2\/pages"}],"about":[{"href":"https:\/\/www.lastrada-derweg.org\/index.php?rest_route=\/wp\/v2\/types\/page"}],"author":[{"embeddable":true,"href":"https:\/\/www.lastrada-derweg.org\/index.php?rest_route=\/wp\/v2\/users\/1"}],"replies":[{"embeddable":true,"href":"https:\/\/www.lastrada-derweg.org\/index.php?rest_route=%2Fwp%2Fv2%2Fcomments&post=1724"}],"version-history":[{"count":17,"href":"https:\/\/www.lastrada-derweg.org\/index.php?rest_route=\/wp\/v2\/pages\/1724\/revisions"}],"predecessor-version":[{"id":5241,"href":"https:\/\/www.lastrada-derweg.org\/index.php?rest_route=\/wp\/v2\/pages\/1724\/revisions\/5241"}],"up":[{"embeddable":true,"href":"https:\/\/www.lastrada-derweg.org\/index.php?rest_route=\/wp\/v2\/pages\/1690"}],"wp:attachment":[{"href":"https:\/\/www.lastrada-derweg.org\/index.php?rest_route=%2Fwp%2Fv2%2Fmedia&parent=1724"}],"curies":[{"name":"wp","href":"https:\/\/api.w.org\/{rel}","templated":true}]}}