{"id":1741,"date":"2018-08-17T16:12:14","date_gmt":"2018-08-17T14:12:14","guid":{"rendered":"http:\/\/www.lastrada-derweg.org\/?page_id=1741"},"modified":"2024-07-29T17:28:56","modified_gmt":"2024-07-29T15:28:56","slug":"qui-per-te","status":"publish","type":"page","link":"https:\/\/www.lastrada-derweg.org\/?page_id=1741","title":{"rendered":"Qui per te"},"content":{"rendered":"<div class=\"wpb-content-wrapper\"><p>[vc_row][vc_column width=&#8221;1\/2&#8243;][vc_custom_heading text=&#8221;Dove siamo&#8221; use_theme_fonts=&#8221;yes&#8221;][vc_column_text css=&#8221;&#8221;]Associazione \u201cLa Strada \u2013 Der Weg\u201d<br \/>\n&#8220;Casa Hans Lanz&#8221;, via Vogelweide 13<br \/>\n39012 Merano<\/p>\n<p>Tel.: 334 65 51 586<\/p>\n<p>e-mail\u00a0: <a href=\"mailto:quixte@lastrada-derweg.org\">quixte@lastrada-derweg.org<\/a><\/p>\n<p>Coordinatrice: <strong>Ilse Dia<\/strong> &#8211; 366 7537237[\/vc_column_text][vc_custom_heading text=&#8221;Chi siamo&#8221; use_theme_fonts=&#8221;yes&#8221;][vc_column_text css=&#8221;&#8221;]L\u2019equipe \u00e8 composta da educatori e volontari che aiutano bambine, bambini, adolescenti a svolgere i compiti scolastici e organizzano assieme a loro attivit\u00e0 culturali, ricreative, sportive e laboratoriali.[\/vc_column_text][\/vc_column][vc_column width=&#8221;1\/2&#8243;][vc_single_image image=&#8221;2107&#8243; img_size=&#8221;full&#8221;][\/vc_column][\/vc_row][vc_row][vc_column][vc_custom_heading text=&#8221;Cosa facciamo&#8221; use_theme_fonts=&#8221;yes&#8221;][vc_column_text]Accompagnamento pedagogico pomeridiano attraverso il sostegno nei compiti scolastici e il divertimento (giochi, musica, sport, uscite, etc&#8230;).[\/vc_column_text][\/vc_column][\/vc_row][vc_row][vc_column width=&#8221;1\/3&#8243;][vc_custom_heading text=&#8221;Per chi&#8221; use_theme_fonts=&#8221;yes&#8221;][vc_column_text]Per bambini e adolescenti dai 6 ai 14 anni.[\/vc_column_text][\/vc_column][vc_column width=&#8221;1\/3&#8243;][vc_custom_heading text=&#8221;Perch\u00e9&#8221; use_theme_fonts=&#8221;yes&#8221;][vc_column_text]\u201cQui x te\u201d offre ai bambini e agli adolescenti la possibilit\u00e0 di fare i compiti insieme ai coetanei e con l\u2019aiuto degli educatori. Per garantire una rete di sostegno ai destinatari del progetto il team si avvale della collaborazione delle scuole elementari e medie da loro frequentate e della collaborazione di altri enti che offrono attivit\u00e0 educative destinate all\u2019infanzia e alla giovent\u00f9. Nella parte del divertimento possono scoprire e valorizzare le loro abilit\u00e0 attraverso lo svolgimento di varie attivit\u00e0: laboratori creativi, giochi all\u2019aperto, uscite ricreative.\u00a0 Il progetto educativo ha anche lo scopo di aiutare \u00a0bambini e ragazzi a gestire il proprio tempo con l\u2019adeguato equilibrio tra impegno e divertimento.[\/vc_column_text][\/vc_column][vc_column width=&#8221;1\/3&#8243;][vc_custom_heading text=&#8221;Quando&#8221; use_theme_fonts=&#8221;yes&#8221;][vc_column_text]Dal luned\u00ec al venerd\u00ec: dalle ore 14.00 alle ore 18.00.[\/vc_column_text][\/vc_column][\/vc_row][vc_row][vc_column][vc_column_text]<\/p>\n<p>[\/vc_column_text][\/vc_column][\/vc_row][vc_row css=&#8221;.vc_custom_1613058991392{margin-top: 20px !important;}&#8221;][vc_column][vc_separator][\/vc_column][\/vc_row][vc_row][vc_column][vc_column_text]<\/p>\n<h4 style=\"text-align: center;\">Con il sostegno di:<\/h4>\n<p>[\/vc_column_text][\/vc_column][\/vc_row][vc_row content_placement=&#8221;middle&#8221;][vc_column width=&#8221;1\/3&#8243;][vc_single_image image=&#8221;5709&#8243; img_size=&#8221;500&#215;100&#8243; alignment=&#8221;center&#8221; style=&#8221;vc_box_rounded&#8221; onclick=&#8221;custom_link&#8221; css_animation=&#8221;fadeInUp&#8221;][\/vc_column][vc_column width=&#8221;1\/3&#8243;][vc_single_image image=&#8221;5659&#8243; img_size=&#8221;100&#215;100&#8243; alignment=&#8221;center&#8221; style=&#8221;vc_box_rounded&#8221; onclick=&#8221;custom_link&#8221; css_animation=&#8221;fadeInUp&#8221; link=&#8221;https:\/\/www.lastrada-derweg.org\/?page_id=3980&#8243;][\/vc_column][vc_column width=&#8221;1\/3&#8243;][vc_column_text]<\/p>\n<h5 style=\"text-align: center;\">Agenzia per la Famiglia<\/h5>\n<p>[\/vc_column_text][\/vc_column][\/vc_row]<\/p>\n<\/div>","protected":false},"excerpt":{"rendered":"<p>[vc_row][vc_column width=&#8221;1\/2&#8243;][vc_custom_heading text=&#8221;Dove siamo&#8221; use_theme_fonts=&#8221;yes&#8221;][vc_column_text css=&#8221;&#8221;]Associazione \u201cLa Strada \u2013 Der Weg\u201d &#8220;Casa Hans Lanz&#8221;, via Vogelweide 13 39012 Merano Tel.: 334 65 51 586 e-mail\u00a0: quixte@lastrada-derweg.org Coordinatrice: Ilse Dia &#8211; 366 7537237[\/vc_column_text][vc_custom_heading text=&#8221;Chi siamo&#8221; use_theme_fonts=&#8221;yes&#8221;][vc_column_text css=&#8221;&#8221;]L\u2019equipe \u00e8 composta da educatori e volontari che aiutano bambine, bambini, adolescenti a svolgere i compiti scolastici e organizzano assieme&hellip;<\/p>\n","protected":false},"author":1,"featured_media":0,"parent":1688,"menu_order":0,"comment_status":"closed","ping_status":"closed","template":"","meta":{"footnotes":""},"class_list":["post-1741","page","type-page","status-publish","hentry","description-off"],"_links":{"self":[{"href":"https:\/\/www.lastrada-derweg.org\/index.php?rest_route=\/wp\/v2\/pages\/1741","targetHints":{"allow":["GET"]}}],"collection":[{"href":"https:\/\/www.lastrada-derweg.org\/index.php?rest_route=\/wp\/v2\/pages"}],"about":[{"href":"https:\/\/www.lastrada-derweg.org\/index.php?rest_route=\/wp\/v2\/types\/page"}],"author":[{"embeddable":true,"href":"https:\/\/www.lastrada-derweg.org\/index.php?rest_route=\/wp\/v2\/users\/1"}],"replies":[{"embeddable":true,"href":"https:\/\/www.lastrada-derweg.org\/index.php?rest_route=%2Fwp%2Fv2%2Fcomments&post=1741"}],"version-history":[{"count":7,"href":"https:\/\/www.lastrada-derweg.org\/index.php?rest_route=\/wp\/v2\/pages\/1741\/revisions"}],"predecessor-version":[{"id":10665,"href":"https:\/\/www.lastrada-derweg.org\/index.php?rest_route=\/wp\/v2\/pages\/1741\/revisions\/10665"}],"up":[{"embeddable":true,"href":"https:\/\/www.lastrada-derweg.org\/index.php?rest_route=\/wp\/v2\/pages\/1688"}],"wp:attachment":[{"href":"https:\/\/www.lastrada-derweg.org\/index.php?rest_route=%2Fwp%2Fv2%2Fmedia&parent=1741"}],"curies":[{"name":"wp","href":"https:\/\/api.w.org\/{rel}","templated":true}]}}