{"id":1755,"date":"2018-08-17T16:56:16","date_gmt":"2018-08-17T14:56:16","guid":{"rendered":"http:\/\/www.lastrada-derweg.org\/?page_id=1755"},"modified":"2024-07-12T12:49:34","modified_gmt":"2024-07-12T10:49:34","slug":"cooltour","status":"publish","type":"page","link":"https:\/\/www.lastrada-derweg.org\/?page_id=1755","title":{"rendered":"COOLtour"},"content":{"rendered":"<div class=\"wpb-content-wrapper\"><p>[vc_row][vc_column width=&#8221;1\/2&#8243;][vc_custom_heading text=&#8221;Dove siamo&#8221; use_theme_fonts=&#8221;yes&#8221;][vc_column_text css=&#8221;&#8221;]COOLtour<br \/>\nVia Sassari 13\/B &#8211; 39100 Bolzano<br \/>\nTel.: 0471 095 710<br \/>\n<a class=\"ref\" href=\"mailto:cooltour@lastrada-derweg.org\"><span class=\"color\">cooltour@lastrada-derweg.org<\/span><\/a><\/p>\n<p>Coordinatrice: <strong>Giulia Scippacercola<\/strong> &#8211; 334 6812849[\/vc_column_text][vc_custom_heading text=&#8221;Chi siamo&#8221; use_theme_fonts=&#8221;yes&#8221;][vc_column_text]COOLtour \u00e8 un progetto di comunicazione giovanile ideato e portato avanti dagli educatori dell\u2019Associazione La Strada-Der Weg Onlus. Il progetto ha ridato vita ad un negozio sfitto, sito in via Sassari 13\/B, che gli abitanti del quartiere stesso definivano \u201cun locale fantasma\u201d, dato il lungo periodo di mancato utilizzo. A rianimare il locale e, nelle speranze degli educatori che seguono il progetto, il quartiere intero, una trentina di giovani appassionati a tutti i linguaggi della comunicazione: il negozio si \u00e8 trasformato in una redazione giovanile con videomaker, giornalisti, fotografi e fumettisti che raccolgono e raccontano le storie del quartiere, collaborando con le agenzie educative presenti sul territorio e con le testate giornalistiche e i media locali. COOLtour prevede anche una formazione continua per questi giovani che vogliono accrescere il loro bagaglio di conoscenze e di competenze per seguire un percorso di accompagnamento ed orientamento professionale. COOLtour fa parte della rete di Botteghe di Cultura.[\/vc_column_text][\/vc_column][vc_column width=&#8221;1\/2&#8243;][vc_single_image image=&#8221;3691&#8243; img_size=&#8221;full&#8221;][\/vc_column][\/vc_row][vc_row][vc_column][vc_custom_heading text=&#8221;Cosa facciamo&#8221; use_theme_fonts=&#8221;yes&#8221;][vc_column_text]COOLtour \u00e8 un servizio a porte aperte che offre ai giovani interessati all&#8217;ambito della comunicazione uno spazio e degli strumenti per sviluppare i loro talenti, ma offre al quartiere anche dei servizi di sharing e di welfare generativo, quali la biblioteca di condominio con bookcrossing, un punto informativo condiviso e uno spazio di scambio di buone pratiche.[\/vc_column_text][\/vc_column][\/vc_row][vc_row][vc_column width=&#8221;1\/3&#8243;][vc_custom_heading text=&#8221;Per chi&#8221; use_theme_fonts=&#8221;yes&#8221;][vc_column_text]COOLtour \u00e8 aperto a tutti, dagli 0 ai 99 anni con differenti opportunit\u00e0 di attivit\u00e0 e di percorso educativo in base all&#8217;et\u00e0. I ragazzi dai 14 ai 30 potranno aderire ai nostri percorsi di formazione e di accompagnamento professionalizzante nell&#8217;ambito della comunicazione, con possibilit\u00e0 di essere anche moltiplicatori di buone pratiche sul quartiere.[\/vc_column_text][\/vc_column][vc_column width=&#8221;1\/3&#8243;][vc_custom_heading text=&#8221;Perch\u00e9&#8221; use_theme_fonts=&#8221;yes&#8221;][vc_column_text]Gli obiettivi primari sono quelli di creare un punto di riferimento per i giovani a livello di quartiere e di sviluppare e sostenere le potenzialit\u00e0 di ciascun ragazzo aderente al servizio, in un contesto che fornisca possibilit\u00e0 di crescita personale, di scambio culturale e anche di aggregazione sociale.[\/vc_column_text][\/vc_column][vc_column width=&#8221;1\/3&#8243;][vc_custom_heading text=&#8221;Quando&#8221; use_theme_fonts=&#8221;yes&#8221;][vc_column_text]Dal luned\u00ec al venerd\u00ec dalle 9-12; 15-17.[\/vc_column_text][\/vc_column][\/vc_row]<\/p>\n<\/div>","protected":false},"excerpt":{"rendered":"<p>[vc_row][vc_column width=&#8221;1\/2&#8243;][vc_custom_heading text=&#8221;Dove siamo&#8221; use_theme_fonts=&#8221;yes&#8221;][vc_column_text css=&#8221;&#8221;]COOLtour Via Sassari 13\/B &#8211; 39100 Bolzano Tel.: 0471 095 710 cooltour@lastrada-derweg.org Coordinatrice: Giulia Scippacercola &#8211; 334 6812849[\/vc_column_text][vc_custom_heading text=&#8221;Chi siamo&#8221; use_theme_fonts=&#8221;yes&#8221;][vc_column_text]COOLtour \u00e8 un progetto di comunicazione giovanile ideato e portato avanti dagli educatori dell\u2019Associazione La Strada-Der Weg Onlus. Il progetto ha ridato vita ad un negozio sfitto, sito in via&hellip;<\/p>\n","protected":false},"author":1,"featured_media":0,"parent":1688,"menu_order":0,"comment_status":"closed","ping_status":"closed","template":"","meta":{"footnotes":""},"class_list":["post-1755","page","type-page","status-publish","hentry","description-off"],"_links":{"self":[{"href":"https:\/\/www.lastrada-derweg.org\/index.php?rest_route=\/wp\/v2\/pages\/1755","targetHints":{"allow":["GET"]}}],"collection":[{"href":"https:\/\/www.lastrada-derweg.org\/index.php?rest_route=\/wp\/v2\/pages"}],"about":[{"href":"https:\/\/www.lastrada-derweg.org\/index.php?rest_route=\/wp\/v2\/types\/page"}],"author":[{"embeddable":true,"href":"https:\/\/www.lastrada-derweg.org\/index.php?rest_route=\/wp\/v2\/users\/1"}],"replies":[{"embeddable":true,"href":"https:\/\/www.lastrada-derweg.org\/index.php?rest_route=%2Fwp%2Fv2%2Fcomments&post=1755"}],"version-history":[{"count":9,"href":"https:\/\/www.lastrada-derweg.org\/index.php?rest_route=\/wp\/v2\/pages\/1755\/revisions"}],"predecessor-version":[{"id":10512,"href":"https:\/\/www.lastrada-derweg.org\/index.php?rest_route=\/wp\/v2\/pages\/1755\/revisions\/10512"}],"up":[{"embeddable":true,"href":"https:\/\/www.lastrada-derweg.org\/index.php?rest_route=\/wp\/v2\/pages\/1688"}],"wp:attachment":[{"href":"https:\/\/www.lastrada-derweg.org\/index.php?rest_route=%2Fwp%2Fv2%2Fmedia&parent=1755"}],"curies":[{"name":"wp","href":"https:\/\/api.w.org\/{rel}","templated":true}]}}