{"id":1808,"date":"2018-08-18T15:33:38","date_gmt":"2018-08-18T13:33:38","guid":{"rendered":"http:\/\/www.lastrada-derweg.org\/?page_id=1808"},"modified":"2024-06-17T13:45:30","modified_gmt":"2024-06-17T11:45:30","slug":"crew","status":"publish","type":"page","link":"https:\/\/www.lastrada-derweg.org\/?page_id=1808&lang=de","title":{"rendered":"Crew, Angeleitete Selbsthilfegruppen"},"content":{"rendered":"<div class=\"wpb-content-wrapper\"><p>[vc_row][vc_column width=&#8221;1\/2&#8243;][vc_custom_heading text=&#8221;Wo&#8221; use_theme_fonts=&#8221;yes&#8221;][vc_column_text css=&#8221;&#8221;]Verein \u201eLa Strada \u2013 Der Weg\u201c ONLUS<br \/>\nDrususallee 281b, 2. Stock &#8211; 39100 Bozen<br \/>\nKostenlose Nummer: 800 621 606<br \/>\nTel. 0471 203 111<br \/>\n<a href=\"mailto:crew@lastrada-derweg.org\">crew@lastrada-derweg.org<\/a><\/p>\n<p>Koordinatorin: <strong>Laura Sternbach<\/strong> &#8211; 3357298345[\/vc_column_text][vc_custom_heading text=&#8221;Wer&#8221; use_theme_fonts=&#8221;yes&#8221;][vc_column_text]Ein Team von Psychologen und Psychologinnen, die Experten und Expertinnen f\u00fcr Gruppendynamik sind und sich seit Jahren mit Problemen im Zusammenhang mit Konsum\/Missbrauch und Abh\u00e4ngigkeit von illegalen Substanzen besch\u00e4ftigen.[\/vc_column_text][\/vc_column][vc_column width=&#8221;1\/2&#8243;][vc_single_image image=&#8221;3741&#8243; img_size=&#8221;full&#8221;][\/vc_column][\/vc_row][vc_row][vc_column][vc_custom_heading text=&#8221;Was&#8221; use_theme_fonts=&#8221;yes&#8221;][vc_column_text]Die angeleitete Selbsthilfegruppe will im Dialog den Angeh\u00f6rigen Unterst\u00fctzung mit dem Ziel bieten, Erfahrungen und emotionale Erlebnisse auszutauschen, sich gegenseitig zu unterst\u00fctzen und zu begleiten sowie Informationen \u00fcber die Auswirkungen illegaler psychoaktiver Substanzen zu vermitteln. All dies in einer respektvollen, nicht wertenden und anonymen Umgebung.[\/vc_column_text][\/vc_column][\/vc_row][vc_row][vc_column width=&#8221;1\/3&#8243;][vc_custom_heading text=&#8221;F\u00fcr wen&#8221; use_theme_fonts=&#8221;yes&#8221;][vc_column_text]Das Angebot richtet sich an Familienmitglieder von Minderj\u00e4hrigen und jungen Erwachsenen, die einen problematischen Gebrauch\/Missbrauch und eine Abh\u00e4ngigkeit von illegalen Substanzen aufweisen.[\/vc_column_text][\/vc_column][vc_column width=&#8221;1\/3&#8243;][vc_custom_heading text=&#8221;Warum&#8221; use_theme_fonts=&#8221;yes&#8221;][vc_column_text]Ziel ist die Unterst\u00fctzung von Familienmitgliedern\/Eltern bei der Bew\u00e4ltigung von Beziehungs- und emotionalen Schwierigkeiten mit ihrem Verwandten\/Kind, um konstruktivere Beziehungsperspektiven f\u00fcr beide zu erarbeiten.[\/vc_column_text][\/vc_column][vc_column width=&#8221;1\/3&#8243;][vc_custom_heading text=&#8221;Wann&#8221; use_theme_fonts=&#8221;yes&#8221;][vc_column_text]Die Treffen finden zweimal im Monat, jeweils 90 Minuten lang, am sp\u00e4ten Nachmittag, in italienischer und deutscher Sprache, in Bozen, Meran und Brixen statt.[\/vc_column_text][\/vc_column][\/vc_row]<\/p>\n<\/div>","protected":false},"excerpt":{"rendered":"<p>[vc_row][vc_column width=&#8221;1\/2&#8243;][vc_custom_heading text=&#8221;Wo&#8221; use_theme_fonts=&#8221;yes&#8221;][vc_column_text css=&#8221;&#8221;]Verein \u201eLa Strada \u2013 Der Weg\u201c ONLUS Drususallee 281b, 2. Stock &#8211; 39100 Bozen Kostenlose Nummer: 800 621 606 Tel. 0471 203 111 crew@lastrada-derweg.org Koordinatorin: Laura Sternbach &#8211; 3357298345[\/vc_column_text][vc_custom_heading text=&#8221;Wer&#8221; use_theme_fonts=&#8221;yes&#8221;][vc_column_text]Ein Team von Psychologen und Psychologinnen, die Experten und Expertinnen f\u00fcr Gruppendynamik sind und sich seit Jahren mit Problemen im Zusammenhang&hellip;<\/p>\n","protected":false},"author":1,"featured_media":0,"parent":1799,"menu_order":0,"comment_status":"closed","ping_status":"closed","template":"","meta":{"footnotes":""},"class_list":["post-1808","page","type-page","status-publish","hentry","description-off"],"_links":{"self":[{"href":"https:\/\/www.lastrada-derweg.org\/index.php?rest_route=\/wp\/v2\/pages\/1808","targetHints":{"allow":["GET"]}}],"collection":[{"href":"https:\/\/www.lastrada-derweg.org\/index.php?rest_route=\/wp\/v2\/pages"}],"about":[{"href":"https:\/\/www.lastrada-derweg.org\/index.php?rest_route=\/wp\/v2\/types\/page"}],"author":[{"embeddable":true,"href":"https:\/\/www.lastrada-derweg.org\/index.php?rest_route=\/wp\/v2\/users\/1"}],"replies":[{"embeddable":true,"href":"https:\/\/www.lastrada-derweg.org\/index.php?rest_route=%2Fwp%2Fv2%2Fcomments&post=1808"}],"version-history":[{"count":13,"href":"https:\/\/www.lastrada-derweg.org\/index.php?rest_route=\/wp\/v2\/pages\/1808\/revisions"}],"predecessor-version":[{"id":10176,"href":"https:\/\/www.lastrada-derweg.org\/index.php?rest_route=\/wp\/v2\/pages\/1808\/revisions\/10176"}],"up":[{"embeddable":true,"href":"https:\/\/www.lastrada-derweg.org\/index.php?rest_route=\/wp\/v2\/pages\/1799"}],"wp:attachment":[{"href":"https:\/\/www.lastrada-derweg.org\/index.php?rest_route=%2Fwp%2Fv2%2Fmedia&parent=1808"}],"curies":[{"name":"wp","href":"https:\/\/api.w.org\/{rel}","templated":true}]}}