{"id":1814,"date":"2018-08-18T15:48:39","date_gmt":"2018-08-18T13:48:39","guid":{"rendered":"http:\/\/www.lastrada-derweg.org\/?page_id=1814"},"modified":"2025-11-12T08:58:37","modified_gmt":"2025-11-12T07:58:37","slug":"der-sonnenschein","status":"publish","type":"page","link":"https:\/\/www.lastrada-derweg.org\/?page_id=1814&lang=de","title":{"rendered":"Il Germoglio &#8211; Der Sonnenschein"},"content":{"rendered":"<div class=\"wpb-content-wrapper\"><p>[vc_row][vc_column width=&#8221;1\/2&#8243;][vc_custom_heading text=&#8221;Wo&#8221; use_theme_fonts=&#8221;yes&#8221;][vc_column_text css=&#8221;&#8221;]Il Germoglio \u2013 Der Sonnenschein<br \/>\nDantestra\u00dfe 12\/c &#8211; 39100 Bozen<\/p>\n<p>Kostenlose Nummer: <strong>800 832 842<\/strong><br \/>\nTel. 0471 061 400<br \/>\n<a href=\"mailto:germoglio@lastrada-derweg.org\">sonnenschein@lastrada-derweg.org<\/a><\/p>\n<p>Koordinatorin: <strong>Francesca Larentis<\/strong> &#8211; 3355205039[\/vc_column_text][\/vc_column][vc_column width=&#8221;1\/2&#8243;][vc_single_image image=&#8221;2147&#8243; img_size=&#8221;full&#8221;][\/vc_column][\/vc_row][vc_row][vc_column][vc_custom_heading text=&#8221;Wer&#8221; use_theme_fonts=&#8221;yes&#8221;][vc_column_text]Das Kompetenzzentrum \u201eGermoglio &#8211; Sonnenschein\u201c bietet Pr\u00e4ventionsprojekte gegen Gewalt an Minderj\u00e4hrigen, psychologische Unterst\u00fctzung f\u00fcr Familien in Krisensituationen und f\u00fcr minderj\u00e4hrige Gewalt- und Missbrauchsopfer und deren Familien, sowie Weiter- und Fortbildungen an. Seit dem Jahr 2012 ist der Dienst Teil des Vereins \u201eLa Strada-Der Weg ONLUS\u201c.<br \/>\nDas Kompetenzzentrum wird vom Amt f\u00fcr Kinder- und Jugendschutz und soziale Inklusion der Autonomen Provinz Bozen unterst\u00fctzt.<\/p>\n<p>[\/vc_column_text][vc_custom_heading text=&#8221;Was&#8221; use_theme_fonts=&#8221;yes&#8221;][vc_column_text]<strong>Beratung und Unterst\u00fctzung:<\/strong><\/p>\n<ul>\n<li>Helpline Pollicino: kostenlose und anonyme telefonische Beratung unter der Gr\u00fcnen Nummer 800 832 842<\/li>\n<li>Beratung\/Supervision im Falle von Gewalt an Minderj\u00e4hrigen f\u00fcr Lehrer und Lehrerinnen, Eltern, Sozialdienste, die in diesem Bereich t\u00e4tig sind, sowie f\u00fcr alle Erwachsenen, die mit Minderj\u00e4hrigen arbeiten oder von einer Gewaltsituation an Minderj\u00e4hrigen erfahren.<\/li>\n<li>Gewaltfreie Kindheit: Beratungsdienst zur Gewaltpr\u00e4vention f\u00fcr p\u00e4dagogische Fachkr\u00e4fte und Schulpersonal.<\/li>\n<li>Erziehungsberatung: Unterst\u00fctzung der Elternschaft in schwierigen Situationen und zur F\u00f6rderung der elterlichen Kompetenzen<\/li>\n<\/ul>\n<p><strong>Weiterbildung:<\/strong><\/p>\n<ul>\n<li>\u201eBegegnung&#8221;: zweist\u00fcndige Fortbildung f\u00fcr Eltern und Lehrer in den Schulen zu den Themen \u201eSexuelle Entwicklung im Kindesalter&#8221;, \u201eDie verschiedenen Formen von Gewalt\u201c, \u201ePr\u00e4vention von sexualisierter Gewalt&#8221;.<\/li>\n<li>\u201eW\u00f6lfe im Schafspelz\u201d: Weiterbildung im Ausma\u00df von 12 bis 24 Stunden zum Thema Gewalt an Kindern.<\/li>\n<\/ul>\n<p><strong>Ma\u00dfnahmen f\u00fcr Kinder und Jugendliche:<\/strong><\/p>\n<ul>\n<li>\u201eEin Pinguin namens Leo\u201c: Pr\u00e4vention gegen sexuelle Gewalt an Kindern.<\/li>\n<li>Safe-Sicheres Internet: Wanderausstellung und Konferenzen bzw. Interventionen in den Klassen zur Pr\u00e4vention der Gefahren aus dem Internet f\u00fcr Kinder, Jugendliche, Eltern und Lehrpersonal.<\/li>\n<\/ul>\n<p>[\/vc_column_text][\/vc_column][\/vc_row][vc_row][vc_column width=&#8221;1\/3&#8243;][vc_custom_heading text=&#8221;F\u00fcr wen&#8221; use_theme_fonts=&#8221;yes&#8221;][vc_column_text]M\u00e4dchen und Buben, Heranwachsende, junge Gewaltopfer und deren Familien, Lehrpersonen, Sozialarbeiter und Sozialarbeiterinnen.<br \/>\nDie Pr\u00e4ventionsprojekte und Fortbildungen erfolgen auf Anfrage von Kinderg\u00e4rten, Schulen und den verschiedenen Institutionen, die mit Minderj\u00e4hrigen arbeiten.[\/vc_column_text][\/vc_column][vc_column width=&#8221;1\/3&#8243;][vc_custom_heading text=&#8221;Warum&#8221; use_theme_fonts=&#8221;yes&#8221;][vc_column_text]Wir gehen davon aus, dass kompetentes Wissen, Weiterbildung und Beratung eine notwendige Unterst\u00fctzung f\u00fcr Opfer von Gewalt, deren Familien und der beteiligten Dienste darstellen.[\/vc_column_text][\/vc_column][vc_column width=&#8221;1\/3&#8243;][vc_custom_heading text=&#8221;Wann&#8221; use_theme_fonts=&#8221;yes&#8221;][vc_column_text]Von Montag bis Freitag: 9.00 \u2013 12.00 Uhr und von 14.00 \u2013 18.00 Uhr nach Terminvereinbarung.[\/vc_column_text][\/vc_column][\/vc_row]<\/p>\n<\/div>","protected":false},"excerpt":{"rendered":"<p>[vc_row][vc_column width=&#8221;1\/2&#8243;][vc_custom_heading text=&#8221;Wo&#8221; use_theme_fonts=&#8221;yes&#8221;][vc_column_text css=&#8221;&#8221;]Il Germoglio \u2013 Der Sonnenschein Dantestra\u00dfe 12\/c &#8211; 39100 Bozen Kostenlose Nummer: 800 832 842 Tel. 0471 061 400 sonnenschein@lastrada-derweg.org Koordinatorin: Francesca Larentis &#8211; 3355205039[\/vc_column_text][\/vc_column][vc_column width=&#8221;1\/2&#8243;][vc_single_image image=&#8221;2147&#8243; img_size=&#8221;full&#8221;][\/vc_column][\/vc_row][vc_row][vc_column][vc_custom_heading text=&#8221;Wer&#8221; use_theme_fonts=&#8221;yes&#8221;][vc_column_text]Das Kompetenzzentrum \u201eGermoglio &#8211; Sonnenschein\u201c bietet Pr\u00e4ventionsprojekte gegen Gewalt an Minderj\u00e4hrigen, psychologische Unterst\u00fctzung f\u00fcr Familien in Krisensituationen und f\u00fcr minderj\u00e4hrige Gewalt- und&hellip;<\/p>\n","protected":false},"author":1,"featured_media":0,"parent":1799,"menu_order":0,"comment_status":"closed","ping_status":"closed","template":"","meta":{"footnotes":""},"class_list":["post-1814","page","type-page","status-publish","hentry","description-off"],"_links":{"self":[{"href":"https:\/\/www.lastrada-derweg.org\/index.php?rest_route=\/wp\/v2\/pages\/1814","targetHints":{"allow":["GET"]}}],"collection":[{"href":"https:\/\/www.lastrada-derweg.org\/index.php?rest_route=\/wp\/v2\/pages"}],"about":[{"href":"https:\/\/www.lastrada-derweg.org\/index.php?rest_route=\/wp\/v2\/types\/page"}],"author":[{"embeddable":true,"href":"https:\/\/www.lastrada-derweg.org\/index.php?rest_route=\/wp\/v2\/users\/1"}],"replies":[{"embeddable":true,"href":"https:\/\/www.lastrada-derweg.org\/index.php?rest_route=%2Fwp%2Fv2%2Fcomments&post=1814"}],"version-history":[{"count":16,"href":"https:\/\/www.lastrada-derweg.org\/index.php?rest_route=\/wp\/v2\/pages\/1814\/revisions"}],"predecessor-version":[{"id":12450,"href":"https:\/\/www.lastrada-derweg.org\/index.php?rest_route=\/wp\/v2\/pages\/1814\/revisions\/12450"}],"up":[{"embeddable":true,"href":"https:\/\/www.lastrada-derweg.org\/index.php?rest_route=\/wp\/v2\/pages\/1799"}],"wp:attachment":[{"href":"https:\/\/www.lastrada-derweg.org\/index.php?rest_route=%2Fwp%2Fv2%2Fmedia&parent=1814"}],"curies":[{"name":"wp","href":"https:\/\/api.w.org\/{rel}","templated":true}]}}