{"id":1818,"date":"2018-08-18T15:58:51","date_gmt":"2018-08-18T13:58:51","guid":{"rendered":"http:\/\/www.lastrada-derweg.org\/?page_id=1818"},"modified":"2024-06-18T14:50:32","modified_gmt":"2024-06-18T12:50:32","slug":"mediation-im-jugendstrafbereich","status":"publish","type":"page","link":"https:\/\/www.lastrada-derweg.org\/?page_id=1818&lang=de","title":{"rendered":"Restorative Justice"},"content":{"rendered":"<div class=\"wpb-content-wrapper\"><p>[vc_row][vc_column width=&#8221;1\/2&#8243;][vc_custom_heading text=&#8221;Wo&#8221; use_theme_fonts=&#8221;yes&#8221;][vc_column_text css=&#8221;&#8221;]<strong>Restorative Justice<\/strong><br \/>\nMariaheimweg 46<br \/>\n39100 Bozen<br \/>\nTel. 0471 203 111<\/p>\n<p><a class=\"ref\" href=\"mailto:mediation@lastrada-derweg.org\"><span class=\"color\">mediation@lastrada-derweg.org<\/span><\/a><\/p>\n<p>Koordinatorin: <strong>Ulrike Oberlechner<\/strong> &#8211; 3311900883<\/p>\n<p><a href=\"http:\/\/www.buergernetz.bz.it\/de\/dienste\/dienste-kategorien.asp?bnsvf_svid=1008301\" target=\"_blank\" rel=\"noopener\">Um mehr zu erfahren<\/a><\/p>\n<p>[\/vc_column_text][vc_custom_heading text=&#8221;Wer&#8221; use_theme_fonts=&#8221;yes&#8221;][vc_column_text]Im Dienst ist ein Team von Mediatoren und Mediatorinnen t\u00e4tig. Sie sind Fachkr\u00e4fte mit psychologischen, sozialen und juristischen Kompetenzen. Ziel ist eine au\u00dfergerichtliche Einigung zwischen dem\/der minderj\u00e4hrigen T\u00e4ter\/T\u00e4terin und dem Opfer der Straftat.[\/vc_column_text][\/vc_column][vc_column width=&#8221;1\/2&#8243;][vc_single_image image=&#8221;3703&#8243; img_size=&#8221;full&#8221;][\/vc_column][\/vc_row][vc_row][vc_column][vc_custom_heading text=&#8221;Was&#8221; use_theme_fonts=&#8221;yes&#8221;][vc_column_text]Laut der UN-Resolution \u201eUN Basic Principles on Restorative Justice\u201c versteht man unter Restorative Justice \u201eJegliches Verfahren, in welchem das Opfer, der T\u00e4ter sowie andere Subjekte oder Gemeinschaften, die von einer Straftat betroffen sind, aktiv und gemeinsam an der L\u00f6sung und Bereinigung der Folgen, die sich aufgrund der Straftat ergeben haben, arbeiten; in der Regel mit Unterst\u00fctzung einer au\u00dfenstehenden Fachperson\u201c. Das Konzept der Restorative Justice entzieht sich der Logik von Sanktionen und finanzieller Vergeltung sowie von Bestrafung und Ahndung, um sich der Dimension der Wiedergutmachung des Leids und der negativen Auswirkungen, die durch das kriminelle Ereignis hervorgerufen wurden, zu \u00f6ffnen.<br \/>\nIn der RJ wird das Verbrechen nicht mehr als Versto\u00df gegen eine Regel angesehen, sondern als Versto\u00df gegen eine Person und zwischenmenschliche Beziehungen. Daraus ergibt sich die Verpflichtung, die begangenen Fehler zu beheben.<br \/>\n[\/vc_column_text][\/vc_column][\/vc_row][vc_row][vc_column width=&#8221;1\/3&#8243;][vc_custom_heading text=&#8221;F\u00fcr wen&#8221; use_theme_fonts=&#8221;yes&#8221;][vc_column_text]Es richtet sich an Opfer von Straftaten durch Minderj\u00e4hrige, die einer Straftat beschuldigt werden. Au\u00dferdem richtet sich das Projekt der RJ auch an Kinder unter 14 Jahren, die Verbrechen begehen und jene Mittelschulen besuchen, die Partner der Schulmediation sind. In diesem Fall k\u00f6nnen die Opfer die anderen Sch\u00fcler, Lehrkr\u00e4fte, andere Mitarbeiter und Mitarbeiterinnen der Schule oder die Schule selbst sein.[\/vc_column_text][\/vc_column][vc_column width=&#8221;1\/3&#8243;][vc_custom_heading text=&#8221;Warum&#8221; use_theme_fonts=&#8221;yes&#8221;][vc_column_text]Ziel der Mediation ist es, zwei Konfliktparteien die M\u00f6glichkeit zu bieten, ihre Erfahrungen in Bezug auf die eingetretenen Ereignisse auszudr\u00fccken, die Kommunikation zwischen den beteiligten Personen anzuregen und eine Einigung zu erzielen, mit der alle zufrieden sind. Es zielt auch darauf ab, das Bewusstsein und Verantwortungsgef\u00fchl des\/der minderj\u00e4hrigen T\u00e4ters\/T\u00e4terin zu sch\u00e4rfen und einen Weg der sozialen Wiedergutmachung zu aktivieren.[\/vc_column_text][\/vc_column][vc_column width=&#8221;1\/3&#8243;][vc_custom_heading text=&#8221;Wann&#8221; use_theme_fonts=&#8221;yes&#8221;][vc_column_text]Montag bis Freitag von 9.00 bis 12.00 Uhr und von 15.00 bis 17.00 Uhr.[\/vc_column_text][\/vc_column][\/vc_row]<\/p>\n<\/div>","protected":false},"excerpt":{"rendered":"<p>[vc_row][vc_column width=&#8221;1\/2&#8243;][vc_custom_heading text=&#8221;Wo&#8221; use_theme_fonts=&#8221;yes&#8221;][vc_column_text css=&#8221;&#8221;]Restorative Justice Mariaheimweg 46 39100 Bozen Tel. 0471 203 111 mediation@lastrada-derweg.org Koordinatorin: Ulrike Oberlechner &#8211; 3311900883 Um mehr zu erfahren [\/vc_column_text][vc_custom_heading text=&#8221;Wer&#8221; use_theme_fonts=&#8221;yes&#8221;][vc_column_text]Im Dienst ist ein Team von Mediatoren und Mediatorinnen t\u00e4tig. Sie sind Fachkr\u00e4fte mit psychologischen, sozialen und juristischen Kompetenzen. Ziel ist eine au\u00dfergerichtliche Einigung zwischen dem\/der minderj\u00e4hrigen T\u00e4ter\/T\u00e4terin und&hellip;<\/p>\n","protected":false},"author":1,"featured_media":0,"parent":1799,"menu_order":0,"comment_status":"closed","ping_status":"closed","template":"","meta":{"footnotes":""},"class_list":["post-1818","page","type-page","status-publish","hentry","description-off"],"_links":{"self":[{"href":"https:\/\/www.lastrada-derweg.org\/index.php?rest_route=\/wp\/v2\/pages\/1818","targetHints":{"allow":["GET"]}}],"collection":[{"href":"https:\/\/www.lastrada-derweg.org\/index.php?rest_route=\/wp\/v2\/pages"}],"about":[{"href":"https:\/\/www.lastrada-derweg.org\/index.php?rest_route=\/wp\/v2\/types\/page"}],"author":[{"embeddable":true,"href":"https:\/\/www.lastrada-derweg.org\/index.php?rest_route=\/wp\/v2\/users\/1"}],"replies":[{"embeddable":true,"href":"https:\/\/www.lastrada-derweg.org\/index.php?rest_route=%2Fwp%2Fv2%2Fcomments&post=1818"}],"version-history":[{"count":16,"href":"https:\/\/www.lastrada-derweg.org\/index.php?rest_route=\/wp\/v2\/pages\/1818\/revisions"}],"predecessor-version":[{"id":10220,"href":"https:\/\/www.lastrada-derweg.org\/index.php?rest_route=\/wp\/v2\/pages\/1818\/revisions\/10220"}],"up":[{"embeddable":true,"href":"https:\/\/www.lastrada-derweg.org\/index.php?rest_route=\/wp\/v2\/pages\/1799"}],"wp:attachment":[{"href":"https:\/\/www.lastrada-derweg.org\/index.php?rest_route=%2Fwp%2Fv2%2Fmedia&parent=1818"}],"curies":[{"name":"wp","href":"https:\/\/api.w.org\/{rel}","templated":true}]}}