{"id":1820,"date":"2018-08-18T16:07:59","date_gmt":"2018-08-18T14:07:59","guid":{"rendered":"http:\/\/www.lastrada-derweg.org\/?page_id=1820"},"modified":"2024-06-17T16:21:43","modified_gmt":"2024-06-17T14:21:43","slug":"interventi-di-prevenzione-universale","status":"publish","type":"page","link":"https:\/\/www.lastrada-derweg.org\/?page_id=1820","title":{"rendered":"Azioni di sensibilizzazione"},"content":{"rendered":"<div class=\"wpb-content-wrapper\"><p>[vc_row][vc_column width=&#8221;1\/2&#8243;][vc_custom_heading text=&#8221;Dove siamo&#8221; use_theme_fonts=&#8221;yes&#8221;][vc_column_text css=&#8221;&#8221;]Associazione \u201cLa Strada &#8211; Der Weg\u201d ONLUS<br \/>\nVia Visitazione 46<br \/>\n39100 Bolzano<\/p>\n<p>Tel. 0471 203 111<\/p>\n<p>Responsabile: <strong>Cristina De Paoli<\/strong> &#8211; 334 6679045[\/vc_column_text][vc_custom_heading text=&#8221;Chi siamo&#8221; use_theme_fonts=&#8221;yes&#8221;][vc_column_text]Un team multidisciplinare formato da educatori, psicologi, operatori impegnati nelle varie aree associative e con esperienza pluriennale nel campo dell&#8217;animazione giovanile, delle dipendenze e del disagio psichico, della cultura di genere e dei minori in situazione di difficolt\u00e0.<\/p>\n<p>[\/vc_column_text][\/vc_column][vc_column width=&#8221;1\/2&#8243;][vc_single_image image=&#8221;3007&#8243; img_size=&#8221;full&#8221;][\/vc_column][\/vc_row][vc_row][vc_column][vc_custom_heading text=&#8221;Cosa facciamo&#8221; use_theme_fonts=&#8221;yes&#8221;][vc_column_text]Proponiamo interventi con i giovani nelle scuole o all&#8217;interno di gruppi organizzati. A seconda del bisogno della committenza concordiamo temi e contenuti dell&#8217;intervento tra i quali:<\/p>\n<ul>\n<li>Stili di vita e valori<\/li>\n<li>Appartenenza a gruppi e pressione del gruppo<\/li>\n<li>I comportamenti legati al consumo e al rischio<\/li>\n<li>Educazione alla legalit\u00e0<\/li>\n<li>Sviluppo della personalit\u00e0 (formazione dell\u2019identit\u00e0, sessualit\u00e0, immagine corporea,<br \/>\necc..)<\/li>\n<li>Gestione delle emozioni<\/li>\n<li>Integrazione e convivenza multiculturale<\/li>\n<li>Partecipazione e cittadinanza<\/li>\n<li>Conflitto generazionale (stili educativi e di comunicazione)<\/li>\n<li>Altro<\/li>\n<\/ul>\n<p>[\/vc_column_text][\/vc_column][\/vc_row][vc_row][vc_column width=&#8221;1\/3&#8243;][vc_custom_heading text=&#8221;Per chi&#8221; use_theme_fonts=&#8221;yes&#8221;][vc_column_text]bambini\/e e giovani di tutti i gradi scolastici, anche al di fuori del contesto scolastico[\/vc_column_text][\/vc_column][vc_column width=&#8221;1\/3&#8243;][vc_custom_heading text=&#8221;Perch\u00e9&#8221; use_theme_fonts=&#8221;yes&#8221;][vc_column_text]Crediamo fermamente che la prevenzione sia un intervento utile per la nostra societ\u00e0. La prevenzione universale \u00e8 una parte fondamentale degli interventi nel sociale, in quanto contribuisce a prevenire una serie di disagi e difficolt\u00e0 e al benessere delle persone.[\/vc_column_text][\/vc_column][vc_column width=&#8221;1\/3&#8243;][vc_custom_heading text=&#8221;Quando&#8221; use_theme_fonts=&#8221;yes&#8221;][vc_column_text]I tempi e i luoghi vengono concordati di volta in volta in base alle richeste.[\/vc_column_text][\/vc_column][\/vc_row]<\/p>\n<\/div>","protected":false},"excerpt":{"rendered":"<p>[vc_row][vc_column width=&#8221;1\/2&#8243;][vc_custom_heading text=&#8221;Dove siamo&#8221; use_theme_fonts=&#8221;yes&#8221;][vc_column_text css=&#8221;&#8221;]Associazione \u201cLa Strada &#8211; Der Weg\u201d ONLUS Via Visitazione 46 39100 Bolzano Tel. 0471 203 111 Responsabile: Cristina De Paoli &#8211; 334 6679045[\/vc_column_text][vc_custom_heading text=&#8221;Chi siamo&#8221; use_theme_fonts=&#8221;yes&#8221;][vc_column_text]Un team multidisciplinare formato da educatori, psicologi, operatori impegnati nelle varie aree associative e con esperienza pluriennale nel campo dell&#8217;animazione giovanile, delle dipendenze e del&hellip;<\/p>\n","protected":false},"author":1,"featured_media":0,"parent":1795,"menu_order":0,"comment_status":"closed","ping_status":"closed","template":"","meta":{"footnotes":""},"class_list":["post-1820","page","type-page","status-publish","hentry","description-off"],"_links":{"self":[{"href":"https:\/\/www.lastrada-derweg.org\/index.php?rest_route=\/wp\/v2\/pages\/1820","targetHints":{"allow":["GET"]}}],"collection":[{"href":"https:\/\/www.lastrada-derweg.org\/index.php?rest_route=\/wp\/v2\/pages"}],"about":[{"href":"https:\/\/www.lastrada-derweg.org\/index.php?rest_route=\/wp\/v2\/types\/page"}],"author":[{"embeddable":true,"href":"https:\/\/www.lastrada-derweg.org\/index.php?rest_route=\/wp\/v2\/users\/1"}],"replies":[{"embeddable":true,"href":"https:\/\/www.lastrada-derweg.org\/index.php?rest_route=%2Fwp%2Fv2%2Fcomments&post=1820"}],"version-history":[{"count":13,"href":"https:\/\/www.lastrada-derweg.org\/index.php?rest_route=\/wp\/v2\/pages\/1820\/revisions"}],"predecessor-version":[{"id":10191,"href":"https:\/\/www.lastrada-derweg.org\/index.php?rest_route=\/wp\/v2\/pages\/1820\/revisions\/10191"}],"up":[{"embeddable":true,"href":"https:\/\/www.lastrada-derweg.org\/index.php?rest_route=\/wp\/v2\/pages\/1795"}],"wp:attachment":[{"href":"https:\/\/www.lastrada-derweg.org\/index.php?rest_route=%2Fwp%2Fv2%2Fmedia&parent=1820"}],"curies":[{"name":"wp","href":"https:\/\/api.w.org\/{rel}","templated":true}]}}