{"id":1831,"date":"2018-08-18T16:34:36","date_gmt":"2018-08-18T14:34:36","guid":{"rendered":"http:\/\/www.lastrada-derweg.org\/?page_id=1831"},"modified":"2025-02-07T14:46:24","modified_gmt":"2025-02-07T13:46:24","slug":"bereich-ehrenamt","status":"publish","type":"page","link":"https:\/\/www.lastrada-derweg.org\/?page_id=1831&lang=de","title":{"rendered":"Bereich Freiwillige Dienste"},"content":{"rendered":"<div class=\"wpb-content-wrapper\"><p>[vc_row][vc_column width=&#8221;1\/2&#8243;][vc_custom_heading text=&#8221;Wo&#8221; use_theme_fonts=&#8221;yes&#8221;][vc_column_text css=&#8221;&#8221;]Verein \u201cLa Strada \u2013 Der Weg ONLUS\u201c<br \/>\nMariaheimweg 42 \u2013 39100 Bozen<br \/>\nTel. 0471 203111<br \/>\n<a href=\"mailto:volontariato@lastrada-derweg.org\">ehrenamt@lastrada-derweg.org<\/a><\/p>\n<p>Verantwortlicher des Bereichs: <strong>Dario Volani<\/strong>[\/vc_column_text][vc_custom_heading text=&#8221;Wer&#8221; use_theme_fonts=&#8221;yes&#8221;][vc_column_text]Die Dimension der Freiwilligenarbeit hat in der Geschichte des Vereins seit seiner Gr\u00fcndung von Don Giancarlo Bertagnolli und weiteren 14 Freiwilligen einen hohen Stellenwert.<br \/>\nDie Freiwilligenarbeit bietet die M\u00f6glichkeit, eine Erfahrung von Beziehung, Begegnung, Solidarit\u00e4t, B\u00fcrgerbeteiligung, sozialem Engagement und Sinnsuche zu machen.<br \/>\nIm Jahr 2020 wurden trotz der gesundheitlichen Notlage rund 35.000 Stunden in den verschiedenen Arten der freiwilligen Dienste geleistet. Die Aktivit\u00e4ten, denen die Freiwilligen nachgehen k\u00f6nnen, richten sich nach Zeiten, Methoden und Bereichen, die gemeinsam definiert und vereinbart werden.<\/p>\n<p><a href=\"https:\/\/www.lastrada-derweg.org\/wp-content\/uploads\/2021\/10\/Qualitatskriterien-in-der-Freiwilligenarbeit.pdf\"><img loading=\"lazy\" decoding=\"async\" class=\"alignnone wp-image-6804\" src=\"https:\/\/www.lastrada-derweg.org\/wp-content\/uploads\/2021\/10\/Logo-VolunteeringQuality__-1-300x300.jpg\" alt=\"\" width=\"80\" height=\"80\" srcset=\"https:\/\/www.lastrada-derweg.org\/wp-content\/uploads\/2021\/10\/Logo-VolunteeringQuality__-1-300x300.jpg 300w, https:\/\/www.lastrada-derweg.org\/wp-content\/uploads\/2021\/10\/Logo-VolunteeringQuality__-1-1024x1024.jpg 1024w, https:\/\/www.lastrada-derweg.org\/wp-content\/uploads\/2021\/10\/Logo-VolunteeringQuality__-1-150x150.jpg 150w, https:\/\/www.lastrada-derweg.org\/wp-content\/uploads\/2021\/10\/Logo-VolunteeringQuality__-1-768x768.jpg 768w, https:\/\/www.lastrada-derweg.org\/wp-content\/uploads\/2021\/10\/Logo-VolunteeringQuality__-1.jpg 1322w\" sizes=\"auto, (max-width: 80px) 100vw, 80px\" \/><\/a> <a href=\"https:\/\/www.lastrada-derweg.org\/wp-content\/uploads\/2021\/10\/Qualitatskriterien-in-der-Freiwilligenarbeit.pdf\">ERKL\u00c4RUNG \u00dcBER DIE QUALIT\u00c4TSKRITERIEN IN DER FREIWILLIGENARBEIT<\/a>[\/vc_column_text][\/vc_column][vc_column width=&#8221;1\/2&#8243;][vc_single_image image=&#8221;2921&#8243; img_size=&#8221;full&#8221;][\/vc_column][\/vc_row][vc_row][vc_column][vc_custom_heading text=&#8221;Was&#8221; use_theme_fonts=&#8221;yes&#8221;][vc_column_text]Der Verein k\u00fcmmert sich um die Aufnahme von Freiwilligen, deren Ausbildung und die Einf\u00fchrung in die jeweiligen Dienste und bietet:<br \/>\n\u2022 Momente der Begleitung und Beratung<br \/>\n\u2022 regelm\u00e4\u00dfige Treffen und gemeinsame Programmierung<br \/>\n\u2022 M\u00f6glichkeiten zur Fortbildung und zur Vertiefung bestimmter Themen in Zusammenarbeit mit dem Studienzentrum Guido Antonin<br \/>\nFreiwilliger Zivildienst \/ Freiwilliger Sozialdienst<\/p>\n<p>Es gibt bestimmte strukturierte M\u00f6glichkeiten, die eigene Zeit zur Verf\u00fcgung zu stellen und einen Dienst f\u00fcr die Gesellschaft zu erbringen<\/p>\n<p>[\/vc_column_text][\/vc_column][\/vc_row][vc_row][vc_column width=&#8221;1\/4&#8243;][vc_single_image image=&#8221;7637&#8243; onclick=&#8221;custom_link&#8221; link=&#8221;https:\/\/www.lastrada-derweg.org\/?page_id=7674&amp;lang=de&#8221;][\/vc_column][vc_column width=&#8221;3\/4&#8243;][vc_column_text css=&#8221;.vc_custom_1716459361840{margin-top: 50px !important;}&#8221;]<a href=\"https:\/\/www.lastrada-derweg.org\/?page_id=9815&amp;lang=de\"><strong>Der freiwillige Zivildienst<\/strong> bietet jungen Menschen zwischen 18 und 28 Jahren die M\u00f6glichkeit, f\u00fcr 8 oder 12 Monate seine Dienste anzubieten<\/a>[\/vc_column_text][\/vc_column][\/vc_row][vc_row][vc_column width=&#8221;1\/4&#8243;][vc_single_image image=&#8221;7654&#8243; onclick=&#8221;custom_link&#8221; link=&#8221;http:\/\/www.provinz.bz.it\/familie-soziales-gemeinschaft\/dritter-sektor\/freiwillige-dienste\/freiwilliger-sozialdienst.asp&#8221;][\/vc_column][vc_column width=&#8221;3\/4&#8243;][vc_column_text css=&#8221;.vc_custom_1657874427247{margin-top: 50px !important;}&#8221;]<a href=\"http:\/\/www.provinz.bz.it\/familie-soziales-gemeinschaft\/dritter-sektor\/freiwillige-dienste\/freiwilliger-sozialdienst.asp\">Der <strong>freiwillige Sozialdienst<\/strong> f\u00fcr Personen \u00fcber 29 Jahren<\/a>[\/vc_column_text][\/vc_column][\/vc_row][vc_row][vc_column width=&#8221;1\/4&#8243;][vc_single_image image=&#8221;7650&#8243; onclick=&#8221;custom_link&#8221; img_link_target=&#8221;_blank&#8221; css=&#8221;&#8221; link=&#8221;https:\/\/drive.google.com\/file\/d\/1Lx84uKVzhgwBPN_17-P5LJmRNidbl7pY\/view?pli=1&#8243;][\/vc_column][vc_column width=&#8221;3\/4&#8243;][vc_column_text css=&#8221;.vc_custom_1738937001097{margin-top: 50px !important;}&#8221;]<a href=\"https:\/\/drive.google.com\/file\/d\/1Lx84uKVzhgwBPN_17-P5LJmRNidbl7pY\/view?pli=1\" target=\"_blank\" rel=\"noopener\"><strong>Freiwilliger Ferieneinsatz<\/strong> im Sommer f\u00fcr Sch\u00fcler der Provinz zwischen 15 und 19 Jahren mit der Dauer von 6, 7 oder 8 Wochen<\/a>[\/vc_column_text][\/vc_column][\/vc_row][vc_row][vc_column width=&#8221;1\/4&#8243;][vc_single_image image=&#8221;7652&#8243; onclick=&#8221;custom_link&#8221; link=&#8221;http:\/\/www.erasmusplus.it\/&#8221;][\/vc_column][vc_column width=&#8221;3\/4&#8243;][vc_column_text css=&#8221;.vc_custom_1657875803055{margin-top: 50px !important;}&#8221;]<a href=\"http:\/\/www.erasmusplus.it\/\"><strong>Die internationalen Dienste<\/strong> <strong>von Erasmus +<\/strong> bieten Freiwilligenprojekte im Ausland, den Austausch zwischen jungen Menschen und den Austausch von best practice zwischen Betreuern<\/a>[\/vc_column_text][\/vc_column][\/vc_row][vc_row][vc_column width=&#8221;1\/3&#8243;][vc_custom_heading text=&#8221;F\u00fcr wen&#8221; use_theme_fonts=&#8221;yes&#8221;][vc_column_text]F\u00fcr alle Menschen, Jugendliche sowie Erwachsene, die an einer ehrenamtlichen T\u00e4tigkeit interessiert sind: man kann sich f\u00fcr mehrere Tage in der Woche oder auch nur f\u00fcr wenige Stunden oder f\u00fcr bestimmte T\u00e4tigkeiten engagieren.[\/vc_column_text][\/vc_column][vc_column width=&#8221;1\/3&#8243;][vc_custom_heading text=&#8221;Warum&#8221; use_theme_fonts=&#8221;yes&#8221;][vc_column_text]Freiwilligenarbeit ist in all ihren Formen und Erscheinungsformen Ausdruck bestimmter Werte, wie jener der Beziehung und des Teilens mit den anderen. Sie f\u00f6rdert aktives B\u00fcrgerengagement und soziale Gerechtigkeit.[\/vc_column_text][\/vc_column][vc_column width=&#8221;1\/3&#8243;][vc_custom_heading text=&#8221;Wann&#8221; use_theme_fonts=&#8221;yes&#8221;][vc_column_text]Die Zeiten werden mit den einzelnen Freiwilligen entsprechend ihrer Verf\u00fcgbarkeit, den durchgef\u00fchrten Aufgaben und Bed\u00fcrfnissen vereinbart.[\/vc_column_text][\/vc_column][\/vc_row]<\/p>\n<\/div>","protected":false},"excerpt":{"rendered":"<p>[vc_row][vc_column width=&#8221;1\/2&#8243;][vc_custom_heading text=&#8221;Wo&#8221; use_theme_fonts=&#8221;yes&#8221;][vc_column_text css=&#8221;&#8221;]Verein \u201cLa Strada \u2013 Der Weg ONLUS\u201c Mariaheimweg 42 \u2013 39100 Bozen Tel. 0471 203111 ehrenamt@lastrada-derweg.org Verantwortlicher des Bereichs: Dario Volani[\/vc_column_text][vc_custom_heading text=&#8221;Wer&#8221; use_theme_fonts=&#8221;yes&#8221;][vc_column_text]Die Dimension der Freiwilligenarbeit hat in der Geschichte des Vereins seit seiner Gr\u00fcndung von Don Giancarlo Bertagnolli und weiteren 14 Freiwilligen einen hohen Stellenwert. Die Freiwilligenarbeit bietet die M\u00f6glichkeit,&hellip;<\/p>\n","protected":false},"author":1,"featured_media":0,"parent":1549,"menu_order":0,"comment_status":"closed","ping_status":"closed","template":"","meta":{"footnotes":""},"class_list":["post-1831","page","type-page","status-publish","hentry","description-off"],"_links":{"self":[{"href":"https:\/\/www.lastrada-derweg.org\/index.php?rest_route=\/wp\/v2\/pages\/1831","targetHints":{"allow":["GET"]}}],"collection":[{"href":"https:\/\/www.lastrada-derweg.org\/index.php?rest_route=\/wp\/v2\/pages"}],"about":[{"href":"https:\/\/www.lastrada-derweg.org\/index.php?rest_route=\/wp\/v2\/types\/page"}],"author":[{"embeddable":true,"href":"https:\/\/www.lastrada-derweg.org\/index.php?rest_route=\/wp\/v2\/users\/1"}],"replies":[{"embeddable":true,"href":"https:\/\/www.lastrada-derweg.org\/index.php?rest_route=%2Fwp%2Fv2%2Fcomments&post=1831"}],"version-history":[{"count":30,"href":"https:\/\/www.lastrada-derweg.org\/index.php?rest_route=\/wp\/v2\/pages\/1831\/revisions"}],"predecessor-version":[{"id":11739,"href":"https:\/\/www.lastrada-derweg.org\/index.php?rest_route=\/wp\/v2\/pages\/1831\/revisions\/11739"}],"up":[{"embeddable":true,"href":"https:\/\/www.lastrada-derweg.org\/index.php?rest_route=\/wp\/v2\/pages\/1549"}],"wp:attachment":[{"href":"https:\/\/www.lastrada-derweg.org\/index.php?rest_route=%2Fwp%2Fv2%2Fmedia&parent=1831"}],"curies":[{"name":"wp","href":"https:\/\/api.w.org\/{rel}","templated":true}]}}