{"id":1843,"date":"2018-08-18T17:03:44","date_gmt":"2018-08-18T15:03:44","guid":{"rendered":"http:\/\/www.lastrada-derweg.org\/?page_id=1843"},"modified":"2024-06-25T12:36:59","modified_gmt":"2024-06-25T10:36:59","slug":"direktion","status":"publish","type":"page","link":"https:\/\/www.lastrada-derweg.org\/?page_id=1843&lang=de","title":{"rendered":"Direktion, Verwaltung, Generalsekretariat\/institutionelle Angelegenheiten"},"content":{"rendered":"<div class=\"wpb-content-wrapper\"><p>[vc_row css=&#8221;.vc_custom_1534153942667{padding-bottom: 30px !important;}&#8221;][vc_column][vc_column_text css=&#8221;&#8221;]Generaldirektor: <strong>Paolo Marcato<\/strong><br \/>\n<a href=\"mailto:direzione@lastrada-derweg.org\">direktion@lastrada-derweg.org<\/a><\/p>\n<p>Vizedirektorin: <strong>Alessandra Belvisi<br \/>\n<\/strong><\/p>\n<p>Verantwortliche Bereich Verwaltung: <strong>Alessandra Belvisi<\/strong><br \/>\n<a href=\"mailto:amministrazione@lastrada-derweg.org\">verwaltung@lastrada-derweg.org<\/a><\/p>\n<p>Verantwortliche Bereich Generalsekretariat\/Institutionelle Angelegenheiten: <strong>Alexa Bonfanti<\/strong><br \/>\n<a href=\"mailto:segreteria@lastrada-derweg.org\">sekretariat@lastrada-derweg.org<\/a>[\/vc_column_text][\/vc_column][\/vc_row][vc_row][vc_column width=&#8221;1\/3&#8243;][vc_single_image image=&#8221;3013&#8243; img_size=&#8221;200&#215;200&#8243; alignment=&#8221;center&#8221; style=&#8221;vc_box_rounded&#8221; onclick=&#8221;custom_link&#8221; css_animation=&#8221;fadeInUp&#8221; link=&#8221;\/?page_id=1848&#8243;][vc_custom_heading text=&#8221;Generalsekretariat und institutionelle Angelegenheiten&#8221; font_container=&#8221;tag:h3|text_align:center&#8221; use_theme_fonts=&#8221;yes&#8221; css_animation=&#8221;fadeInUp&#8221; css=&#8221;.vc_custom_1624540743625{padding-bottom: 50px !important;}&#8221; link=&#8221;url:http%3A%2F%2Fwww.lastrada-derweg.org%2F%3Fpage_id%3D1848%26lang%3Dde|||&#8221;][\/vc_column][vc_column width=&#8221;1\/3&#8243;][vc_single_image image=&#8221;3046&#8243; img_size=&#8221;200&#215;200&#8243; alignment=&#8221;center&#8221; style=&#8221;vc_box_rounded&#8221; onclick=&#8221;custom_link&#8221; css_animation=&#8221;fadeInUp&#8221; link=&#8221;https:\/\/www.lastrada-derweg.org\/?page_id=1858&amp;lang=de&#8221;][vc_custom_heading text=&#8221;B\u00fcro f\u00fcr Arbeitssicherheit&#8221; font_container=&#8221;tag:h3|text_align:center&#8221; use_theme_fonts=&#8221;yes&#8221; css_animation=&#8221;fadeInUp&#8221; link=&#8221;url:https%3A%2F%2Fwww.lastrada-derweg.org%2F%3Fpage_id%3D1858%26lang%3Dde&#8221;][\/vc_column][vc_column width=&#8221;1\/3&#8243;][vc_single_image image=&#8221;3015&#8243; img_size=&#8221;200&#215;200&#8243; alignment=&#8221;center&#8221; style=&#8221;vc_box_rounded&#8221; onclick=&#8221;custom_link&#8221; css_animation=&#8221;fadeInUp&#8221; link=&#8221;\/?page_id=1853&#8243;][vc_custom_heading text=&#8221;Telefonzentrale&#8221; font_container=&#8221;tag:h3|text_align:center&#8221; use_theme_fonts=&#8221;yes&#8221; css_animation=&#8221;fadeInUp&#8221; css=&#8221;.vc_custom_1534606740378{padding-bottom: 50px !important;}&#8221; link=&#8221;url:http%3A%2F%2Fwww.lastrada-derweg.org%2F%3Fpage_id%3D1853%26lang%3Dde|||&#8221;][\/vc_column][\/vc_row][vc_row][vc_column width=&#8221;1\/3&#8243;][vc_single_image image=&#8221;6146&#8243; img_size=&#8221;200&#215;200&#8243; alignment=&#8221;center&#8221; style=&#8221;vc_box_rounded&#8221; onclick=&#8221;custom_link&#8221; css_animation=&#8221;fadeInUp&#8221; link=&#8221;https:\/\/www.lastrada-derweg.org\/?page_id=6136&amp;lang=de&#8221;][vc_custom_heading text=&#8221;B\u00fcro f\u00fcr Privacy&#8221; font_container=&#8221;tag:h3|text_align:center&#8221; use_theme_fonts=&#8221;yes&#8221; css_animation=&#8221;fadeInUp&#8221; link=&#8221;url:https%3A%2F%2Fwww.lastrada-derweg.org%2F%3Fpage_id%3D6136%26lang%3Dde|title:B%C3%BCro%20f%C3%BCr%20Privacy&#8221;][\/vc_column][vc_column width=&#8221;1\/3&#8243;][vc_single_image image=&#8221;3022&#8243; img_size=&#8221;200&#215;200&#8243; alignment=&#8221;center&#8221; style=&#8221;vc_box_rounded&#8221; onclick=&#8221;custom_link&#8221; css_animation=&#8221;fadeInUp&#8221; link=&#8221;\/?page_id=1862&#8243;][vc_custom_heading text=&#8221;Datenschutz&#8221; font_container=&#8221;tag:h3|text_align:center&#8221; use_theme_fonts=&#8221;yes&#8221; css_animation=&#8221;fadeInUp&#8221; css=&#8221;.vc_custom_1534606773922{padding-bottom: 50px !important;}&#8221; link=&#8221;url:http%3A%2F%2Fwww.lastrada-derweg.org%2F%3Fpage_id%3D1862%26lang%3Dde|||&#8221;][\/vc_column][vc_column width=&#8221;1\/3&#8243;][vc_single_image image=&#8221;3028&#8243; img_size=&#8221;200&#215;200&#8243; alignment=&#8221;center&#8221; style=&#8221;vc_box_rounded&#8221; onclick=&#8221;custom_link&#8221; css_animation=&#8221;fadeInUp&#8221; link=&#8221;https:\/\/www.lastrada-derweg.org\/?page_id=3065&amp;lang=de&#8221;][vc_custom_heading text=&#8221;B\u00fcro f\u00fcr Personalentwicklung&#8221; font_container=&#8221;tag:h3|text_align:center&#8221; use_theme_fonts=&#8221;yes&#8221; css_animation=&#8221;fadeInUp&#8221; css=&#8221;.vc_custom_1583847771134{padding-bottom: 50px !important;}&#8221; link=&#8221;url:http%3A%2F%2Fwww.lastrada-derweg.org%2F%3Fpage_id%3D3065%26lang%3Dde|||&#8221;][\/vc_column][\/vc_row][vc_row][vc_column width=&#8221;1\/3&#8243;][vc_single_image image=&#8221;4923&#8243; img_size=&#8221;200&#215;200&#8243; alignment=&#8221;center&#8221; style=&#8221;vc_box_rounded&#8221; onclick=&#8221;custom_link&#8221; css_animation=&#8221;fadeInUp&#8221; link=&#8221;https:\/\/www.lastrada-derweg.org\/?page_id=4916&amp;lang=de&#8221;][vc_custom_heading text=&#8221;B\u00fcro f\u00fcr juridische und wirtschaftliche Verwaltung des Personals&#8221; font_container=&#8221;tag:h3|text_align:center&#8221; use_theme_fonts=&#8221;yes&#8221; css_animation=&#8221;fadeInUp&#8221; css=&#8221;.vc_custom_1588934728383{padding-bottom: 50px !important;}&#8221; link=&#8221;url:http%3A%2F%2Fwww.lastrada-derweg.org%2F%3Fpage_id%3D4916%26lang%3Dde|||&#8221;][\/vc_column][vc_column width=&#8221;1\/3&#8243;][vc_single_image image=&#8221;3036&#8243; img_size=&#8221;200&#215;200&#8243; alignment=&#8221;center&#8221; style=&#8221;vc_box_rounded&#8221; onclick=&#8221;custom_link&#8221; css_animation=&#8221;fadeInUp&#8221; link=&#8221;https:\/\/www.lastrada-derweg.org\/?page_id=3071&amp;lang=de&#8221;][vc_custom_heading text=&#8221;B\u00fcro f\u00fcr Verm\u00f6gensverwaltung&#8221; font_container=&#8221;tag:h3|text_align:center&#8221; use_theme_fonts=&#8221;yes&#8221; css_animation=&#8221;fadeInUp&#8221; css=&#8221;.vc_custom_1622800237293{padding-bottom: 50px !important;}&#8221; link=&#8221;url:http%3A%2F%2Fwww.lastrada-derweg.org%2F%3Fpage_id%3D3071%26lang%3Dde|||&#8221;][\/vc_column][vc_column width=&#8221;1\/3&#8243;][vc_single_image image=&#8221;3030&#8243; img_size=&#8221;200&#215;200&#8243; alignment=&#8221;center&#8221; style=&#8221;vc_box_rounded&#8221; onclick=&#8221;custom_link&#8221; css_animation=&#8221;fadeInUp&#8221; link=&#8221;https:\/\/www.lastrada-derweg.org\/?page_id=1837&amp;lang=de&#8221;][vc_custom_heading text=&#8221;Finanz und Buchhaltung&#8221; font_container=&#8221;tag:h3|text_align:center&#8221; use_theme_fonts=&#8221;yes&#8221; css_animation=&#8221;fadeInUp&#8221; css=&#8221;.vc_custom_1573832598366{padding-bottom: 50px !important;}&#8221; link=&#8221;url:http%3A%2F%2Fwww.lastrada-derweg.org%2F%3Fpage_id%3D1837%26lang%3Dde|||&#8221;][\/vc_column][\/vc_row][vc_row][vc_column width=&#8221;1\/3&#8243;][vc_single_image image=&#8221;3044&#8243; img_size=&#8221;200&#215;200&#8243; alignment=&#8221;center&#8221; style=&#8221;vc_box_rounded&#8221; onclick=&#8221;custom_link&#8221; css_animation=&#8221;fadeInUp&#8221; link=&#8221;https:\/\/www.lastrada-derweg.org\/?page_id=3081&amp;lang=de Add link to custom heading.&#8221;][vc_custom_heading text=&#8221;B\u00fcro f\u00fcr Beitr\u00e4ge&#8221; font_container=&#8221;tag:h3|text_align:center&#8221; use_theme_fonts=&#8221;yes&#8221; css_animation=&#8221;fadeInUp&#8221; css=&#8221;.vc_custom_1604082659413{padding-bottom: 50px !important;}&#8221; link=&#8221;url:http%3A%2F%2Fwww.lastrada-derweg.org%2F%3Fpage_id%3D3081%26lang%3Dde|||&#8221;][\/vc_column][vc_column width=&#8221;1\/3&#8243;][\/vc_column][vc_column width=&#8221;1\/3&#8243;][\/vc_column][\/vc_row][vc_row disable_element=&#8221;yes&#8221;][vc_column width=&#8221;1\/3&#8243;][vc_single_image image=&#8221;3040&#8243; img_size=&#8221;200&#215;200&#8243; alignment=&#8221;center&#8221; style=&#8221;vc_box_rounded&#8221; onclick=&#8221;custom_link&#8221; css_animation=&#8221;fadeInUp&#8221; link=&#8221;https:\/\/www.lastrada-derweg.org\/?page_id=3077&amp;lang=de&#8221;][vc_custom_heading text=&#8221;B\u00fcro f\u00fcr Dienstleistungen&#8221; font_container=&#8221;tag:h3|text_align:center&#8221; use_theme_fonts=&#8221;yes&#8221; css_animation=&#8221;fadeInUp&#8221; css=&#8221;.vc_custom_1604082872053{padding-bottom: 50px !important;}&#8221; link=&#8221;url:http%3A%2F%2Fwww.lastrada-derweg.org%2F%3Fpage_id%3D3077%26lang%3Dde|||&#8221;][\/vc_column][vc_column width=&#8221;1\/3&#8243;][\/vc_column][vc_column width=&#8221;1\/3&#8243;][\/vc_column][\/vc_row]<\/p>\n<\/div>","protected":false},"excerpt":{"rendered":"<p>[vc_row css=&#8221;.vc_custom_1534153942667{padding-bottom: 30px !important;}&#8221;][vc_column][vc_column_text css=&#8221;&#8221;]Generaldirektor: Paolo Marcato direktion@lastrada-derweg.org Vizedirektorin: Alessandra Belvisi Verantwortliche Bereich Verwaltung: Alessandra Belvisi verwaltung@lastrada-derweg.org Verantwortliche Bereich Generalsekretariat\/Institutionelle Angelegenheiten: Alexa Bonfanti sekretariat@lastrada-derweg.org[\/vc_column_text][\/vc_column][\/vc_row][vc_row][vc_column width=&#8221;1\/3&#8243;][vc_single_image image=&#8221;3013&#8243; img_size=&#8221;200&#215;200&#8243; alignment=&#8221;center&#8221; style=&#8221;vc_box_rounded&#8221; onclick=&#8221;custom_link&#8221; css_animation=&#8221;fadeInUp&#8221; link=&#8221;\/?page_id=1848&#8243;][vc_custom_heading text=&#8221;Generalsekretariat und institutionelle Angelegenheiten&#8221; font_container=&#8221;tag:h3|text_align:center&#8221; use_theme_fonts=&#8221;yes&#8221; css_animation=&#8221;fadeInUp&#8221; css=&#8221;.vc_custom_1624540743625{padding-bottom: 50px !important;}&#8221; link=&#8221;url:http%3A%2F%2Fwww.lastrada-derweg.org%2F%3Fpage_id%3D1848%26lang%3Dde|||&#8221;][\/vc_column][vc_column width=&#8221;1\/3&#8243;][vc_single_image image=&#8221;3046&#8243; img_size=&#8221;200&#215;200&#8243; alignment=&#8221;center&#8221; style=&#8221;vc_box_rounded&#8221; onclick=&#8221;custom_link&#8221; css_animation=&#8221;fadeInUp&#8221; link=&#8221;https:\/\/www.lastrada-derweg.org\/?page_id=1858&amp;lang=de&#8221;][vc_custom_heading text=&#8221;B\u00fcro f\u00fcr Arbeitssicherheit&#8221; font_container=&#8221;tag:h3|text_align:center&#8221;&hellip;<\/p>\n","protected":false},"author":1,"featured_media":0,"parent":1549,"menu_order":0,"comment_status":"closed","ping_status":"closed","template":"","meta":{"footnotes":""},"class_list":["post-1843","page","type-page","status-publish","hentry","description-off"],"_links":{"self":[{"href":"https:\/\/www.lastrada-derweg.org\/index.php?rest_route=\/wp\/v2\/pages\/1843","targetHints":{"allow":["GET"]}}],"collection":[{"href":"https:\/\/www.lastrada-derweg.org\/index.php?rest_route=\/wp\/v2\/pages"}],"about":[{"href":"https:\/\/www.lastrada-derweg.org\/index.php?rest_route=\/wp\/v2\/types\/page"}],"author":[{"embeddable":true,"href":"https:\/\/www.lastrada-derweg.org\/index.php?rest_route=\/wp\/v2\/users\/1"}],"replies":[{"embeddable":true,"href":"https:\/\/www.lastrada-derweg.org\/index.php?rest_route=%2Fwp%2Fv2%2Fcomments&post=1843"}],"version-history":[{"count":55,"href":"https:\/\/www.lastrada-derweg.org\/index.php?rest_route=\/wp\/v2\/pages\/1843\/revisions"}],"predecessor-version":[{"id":10305,"href":"https:\/\/www.lastrada-derweg.org\/index.php?rest_route=\/wp\/v2\/pages\/1843\/revisions\/10305"}],"up":[{"embeddable":true,"href":"https:\/\/www.lastrada-derweg.org\/index.php?rest_route=\/wp\/v2\/pages\/1549"}],"wp:attachment":[{"href":"https:\/\/www.lastrada-derweg.org\/index.php?rest_route=%2Fwp%2Fv2%2Fmedia&parent=1843"}],"curies":[{"name":"wp","href":"https:\/\/api.w.org\/{rel}","templated":true}]}}