{"id":1853,"date":"2018-08-18T17:22:01","date_gmt":"2018-08-18T15:22:01","guid":{"rendered":"http:\/\/www.lastrada-derweg.org\/?page_id=1853"},"modified":"2024-06-07T16:46:16","modified_gmt":"2024-06-07T14:46:16","slug":"telefonzentrale","status":"publish","type":"page","link":"https:\/\/www.lastrada-derweg.org\/?page_id=1853&lang=de","title":{"rendered":"Telefonzentrale"},"content":{"rendered":"<div class=\"wpb-content-wrapper\"><p>[vc_row][vc_column width=&#8221;1\/2&#8243;][vc_custom_heading text=&#8221;Wer&#8221; use_theme_fonts=&#8221;yes&#8221;][vc_column_text css=&#8221;&#8221;]Das Team besteht aus zwei Mitarbeiter*innen in Teilzeit.[\/vc_column_text][vc_custom_heading text=&#8221;Wo&#8221; use_theme_fonts=&#8221;yes&#8221;][vc_column_text css=&#8221;&#8221;]<strong>Telefonzentrale<\/strong><br \/>\nMariaheimweg 46 &#8211; 39100 Bozen<br \/>\nTel. 0471 203111 &#8211; Fax 0471 201585<\/p>\n<p><a href=\"mailto:centralino@lastrada-derweg.org\">telefonzentrale@lastrada-derweg.org<\/a><\/p>\n<p>Verantwortliche: Alexa Bonfanti<br \/>\nMitarbeiter*innen: Danilo Zanvit, Luisa Bellavere. Die Telefonzentrale kann auch auf Personal des freiwilligen Sozialdienstes zur\u00fcckgreifen.[\/vc_column_text][\/vc_column][vc_column width=&#8221;1\/2&#8243;][vc_single_image image=&#8221;3108&#8243; img_size=&#8221;full&#8221;][\/vc_column][\/vc_row][vc_row][vc_column][vc_custom_heading text=&#8221;Was&#8221; use_theme_fonts=&#8221;yes&#8221;][vc_column_text]In der Telefonzentrale sind wir f\u00fcr den Empfang und das Front Office, die Weiterleitung der eingehenden Telefonate an die jeweiligen Dienste, die Planung der Dienstreisen und der Termine, das Frontoffice bei Tagungen und diversen T\u00e4tigkeiten des Vereins sowie die Verwaltung des Fuhrparks verantwortlich.[\/vc_column_text][\/vc_column][\/vc_row][vc_row][vc_column width=&#8221;1\/3&#8243;][vc_custom_heading text=&#8221;F\u00fcr wen&#8221; use_theme_fonts=&#8221;yes&#8221;][vc_column_text css=&#8221;&#8221;]Wir sind die erste Anlaufstelle f\u00fcr die Kunden und f\u00fcr die \u00d6ffentlichkeit und unterst\u00fctzen alle Dienstleistungen des Vereins.[\/vc_column_text][\/vc_column][vc_column width=&#8221;1\/3&#8243;][vc_custom_heading text=&#8221;Warum&#8221; use_theme_fonts=&#8221;yes&#8221;][vc_column_text]Die Telefonzentrale ist f\u00fcr alle, die sich an den Verein wenden, die erste Anlaufstelle. Sie fungiert daher als erster Ansprechpartner f\u00fcr die verschiedenen Anfragen.[\/vc_column_text][\/vc_column][vc_column width=&#8221;1\/3&#8243;][vc_custom_heading text=&#8221;Wann&#8221; use_theme_fonts=&#8221;yes&#8221;][vc_column_text]Montags bis donnerstags von 8:30 bis 17:00 Uhr und freitags von 8:30 bis 12:30.[\/vc_column_text][\/vc_column][\/vc_row]<\/p>\n<\/div>","protected":false},"excerpt":{"rendered":"<p>[vc_row][vc_column width=&#8221;1\/2&#8243;][vc_custom_heading text=&#8221;Wer&#8221; use_theme_fonts=&#8221;yes&#8221;][vc_column_text css=&#8221;&#8221;]Das Team besteht aus zwei Mitarbeiter*innen in Teilzeit.[\/vc_column_text][vc_custom_heading text=&#8221;Wo&#8221; use_theme_fonts=&#8221;yes&#8221;][vc_column_text css=&#8221;&#8221;]Telefonzentrale Mariaheimweg 46 &#8211; 39100 Bozen Tel. 0471 203111 &#8211; Fax 0471 201585 telefonzentrale@lastrada-derweg.org Verantwortliche: Alexa Bonfanti Mitarbeiter*innen: Danilo Zanvit, Luisa Bellavere. Die Telefonzentrale kann auch auf Personal des freiwilligen Sozialdienstes zur\u00fcckgreifen.[\/vc_column_text][\/vc_column][vc_column width=&#8221;1\/2&#8243;][vc_single_image image=&#8221;3108&#8243; img_size=&#8221;full&#8221;][\/vc_column][\/vc_row][vc_row][vc_column][vc_custom_heading text=&#8221;Was&#8221; use_theme_fonts=&#8221;yes&#8221;][vc_column_text]In der Telefonzentrale sind wir&hellip;<\/p>\n","protected":false},"author":1,"featured_media":0,"parent":1843,"menu_order":0,"comment_status":"closed","ping_status":"closed","template":"","meta":{"footnotes":""},"class_list":["post-1853","page","type-page","status-publish","hentry","description-off"],"_links":{"self":[{"href":"https:\/\/www.lastrada-derweg.org\/index.php?rest_route=\/wp\/v2\/pages\/1853","targetHints":{"allow":["GET"]}}],"collection":[{"href":"https:\/\/www.lastrada-derweg.org\/index.php?rest_route=\/wp\/v2\/pages"}],"about":[{"href":"https:\/\/www.lastrada-derweg.org\/index.php?rest_route=\/wp\/v2\/types\/page"}],"author":[{"embeddable":true,"href":"https:\/\/www.lastrada-derweg.org\/index.php?rest_route=\/wp\/v2\/users\/1"}],"replies":[{"embeddable":true,"href":"https:\/\/www.lastrada-derweg.org\/index.php?rest_route=%2Fwp%2Fv2%2Fcomments&post=1853"}],"version-history":[{"count":12,"href":"https:\/\/www.lastrada-derweg.org\/index.php?rest_route=\/wp\/v2\/pages\/1853\/revisions"}],"predecessor-version":[{"id":10036,"href":"https:\/\/www.lastrada-derweg.org\/index.php?rest_route=\/wp\/v2\/pages\/1853\/revisions\/10036"}],"up":[{"embeddable":true,"href":"https:\/\/www.lastrada-derweg.org\/index.php?rest_route=\/wp\/v2\/pages\/1843"}],"wp:attachment":[{"href":"https:\/\/www.lastrada-derweg.org\/index.php?rest_route=%2Fwp%2Fv2%2Fmedia&parent=1853"}],"curies":[{"name":"wp","href":"https:\/\/api.w.org\/{rel}","templated":true}]}}