{"id":1871,"date":"2018-08-20T14:53:54","date_gmt":"2018-08-20T12:53:54","guid":{"rendered":"http:\/\/www.lastrada-derweg.org\/?page_id=1871"},"modified":"2024-07-12T13:11:25","modified_gmt":"2024-07-12T11:11:25","slug":"contatti","status":"publish","type":"page","link":"https:\/\/www.lastrada-derweg.org\/?page_id=1871","title":{"rendered":"Contatti"},"content":{"rendered":"<div class=\"wpb-content-wrapper\"><p>[vc_row][vc_column width=&#8221;1\/2&#8243;][vc_column_text css=&#8221;&#8221;]Associazione &#8220;La Strada &#8211; Der Weg ONLUS&#8221;<br \/>\nCentralino: via Visitazione 46 &#8211; 39100 Bolzano[\/vc_column_text][vc_column_text css=&#8221;&#8221;]Orario per il pubblico:<br \/>\nda luned\u00ec a gioved\u00ec: 8.00-17.00<br \/>\nvenerd\u00ec: 8.00-12.30[\/vc_column_text][vc_column_text css=&#8221;&#8221;]Tel. 0471 203 111<br \/>\n<a href=\"mailto:info@lastrada-derweg.org\">info@lastrada-derweg.org<\/a><\/p>\n<p><strong>Numero verde per le dipendenze: 800 621 606<\/strong>[\/vc_column_text][\/vc_column][vc_column width=&#8221;1\/2&#8243;][vc_gmaps link=&#8221;#E-8_JTNDaWZyYW1lJTIwc3JjJTNEJTIyaHR0cHMlM0ElMkYlMkZ3d3cuZ29vZ2xlLmNvbSUyRm1hcHMlMkZlbWJlZCUzRnBiJTNEJTIxMW0xOCUyMTFtMTIlMjExbTMlMjExZDIxNzEuMjM1NDQ4MDQ2NzQxJTIxMmQxMS4zMjk3MDI2NzUwMjAyNzclMjEzZDQ2LjQ5MTkzMTk1NzQ4NzY3JTIxMm0zJTIxMWYwJTIxMmYwJTIxM2YwJTIxM20yJTIxMWkxMDI0JTIxMmk3NjglMjE0ZjEzLjElMjEzbTMlMjExbTIlMjExczB4NDc4MjllOWJiMDMyOTM0ZiUyNTNBMHg3ZjI5Y2RjODVmZGI1YTcyJTIxMnNBc3NvY2lhemlvbmUlMkJMYSUyQlN0cmFkYSUyQi0lMkJEZXIlMkJXZWclMjE1ZTAlMjEzbTIlMjExc2l0JTIxMnNpdCUyMTR2MTUzNDc2OTU3MTIwMiUyMiUyMHdpZHRoJTNEJTIyMTAwJTI1JTIyJTIwaGVpZ2h0JTNEJTIyNDUwJTIyJTIwZnJhbWVib3JkZXIlM0QlMjIwJTIyJTIwc3R5bGUlM0QlMjJib3JkZXIlM0EwJTIyJTIwYWxsb3dmdWxsc2NyZWVuJTNFJTNDJTJGaWZyYW1lJTNF&#8221;][\/vc_column][\/vc_row]<\/p>\n<\/div>","protected":false},"excerpt":{"rendered":"<p>[vc_row][vc_column width=&#8221;1\/2&#8243;][vc_column_text css=&#8221;&#8221;]Associazione &#8220;La Strada &#8211; Der Weg ONLUS&#8221; Centralino: via Visitazione 46 &#8211; 39100 Bolzano[\/vc_column_text][vc_column_text css=&#8221;&#8221;]Orario per il pubblico: da luned\u00ec a gioved\u00ec: 8.00-17.00 venerd\u00ec: 8.00-12.30[\/vc_column_text][vc_column_text css=&#8221;&#8221;]Tel. 0471 203 111 info@lastrada-derweg.org Numero verde per le dipendenze: 800 621 606[\/vc_column_text][\/vc_column][vc_column width=&#8221;1\/2&#8243;][vc_gmaps link=&#8221;#E-8_JTNDaWZyYW1lJTIwc3JjJTNEJTIyaHR0cHMlM0ElMkYlMkZ3d3cuZ29vZ2xlLmNvbSUyRm1hcHMlMkZlbWJlZCUzRnBiJTNEJTIxMW0xOCUyMTFtMTIlMjExbTMlMjExZDIxNzEuMjM1NDQ4MDQ2NzQxJTIxMmQxMS4zMjk3MDI2NzUwMjAyNzclMjEzZDQ2LjQ5MTkzMTk1NzQ4NzY3JTIxMm0zJTIxMWYwJTIxMmYwJTIxM2YwJTIxM20yJTIxMWkxMDI0JTIxMmk3NjglMjE0ZjEzLjElMjEzbTMlMjExbTIlMjExczB4NDc4MjllOWJiMDMyOTM0ZiUyNTNBMHg3ZjI5Y2RjODVmZGI1YTcyJTIxMnNBc3NvY2lhemlvbmUlMkJMYSUyQlN0cmFkYSUyQi0lMkJEZXIlMkJXZWclMjE1ZTAlMjEzbTIlMjExc2l0JTIxMnNpdCUyMTR2MTUzNDc2OTU3MTIwMiUyMiUyMHdpZHRoJTNEJTIyMTAwJTI1JTIyJTIwaGVpZ2h0JTNEJTIyNDUwJTIyJTIwZnJhbWVib3JkZXIlM0QlMjIwJTIyJTIwc3R5bGUlM0QlMjJib3JkZXIlM0EwJTIyJTIwYWxsb3dmdWxsc2NyZWVuJTNFJTNDJTJGaWZyYW1lJTNF&#8221;][\/vc_column][\/vc_row]<\/p>\n","protected":false},"author":1,"featured_media":0,"parent":0,"menu_order":0,"comment_status":"closed","ping_status":"closed","template":"","meta":{"footnotes":""},"class_list":["post-1871","page","type-page","status-publish","hentry","description-off"],"_links":{"self":[{"href":"https:\/\/www.lastrada-derweg.org\/index.php?rest_route=\/wp\/v2\/pages\/1871","targetHints":{"allow":["GET"]}}],"collection":[{"href":"https:\/\/www.lastrada-derweg.org\/index.php?rest_route=\/wp\/v2\/pages"}],"about":[{"href":"https:\/\/www.lastrada-derweg.org\/index.php?rest_route=\/wp\/v2\/types\/page"}],"author":[{"embeddable":true,"href":"https:\/\/www.lastrada-derweg.org\/index.php?rest_route=\/wp\/v2\/users\/1"}],"replies":[{"embeddable":true,"href":"https:\/\/www.lastrada-derweg.org\/index.php?rest_route=%2Fwp%2Fv2%2Fcomments&post=1871"}],"version-history":[{"count":8,"href":"https:\/\/www.lastrada-derweg.org\/index.php?rest_route=\/wp\/v2\/pages\/1871\/revisions"}],"predecessor-version":[{"id":10516,"href":"https:\/\/www.lastrada-derweg.org\/index.php?rest_route=\/wp\/v2\/pages\/1871\/revisions\/10516"}],"wp:attachment":[{"href":"https:\/\/www.lastrada-derweg.org\/index.php?rest_route=%2Fwp%2Fv2%2Fmedia&parent=1871"}],"curies":[{"name":"wp","href":"https:\/\/api.w.org\/{rel}","templated":true}]}}