{"id":2411,"date":"2019-07-04T15:34:01","date_gmt":"2019-07-04T13:34:01","guid":{"rendered":"http:\/\/www.lastrada-derweg.org\/?page_id=2411"},"modified":"2024-06-18T15:01:32","modified_gmt":"2024-06-18T13:01:32","slug":"unsichtbare-mitbuerger","status":"publish","type":"page","link":"https:\/\/www.lastrada-derweg.org\/?page_id=2411&lang=de","title":{"rendered":"Die Unsichtbaren"},"content":{"rendered":"<div class=\"wpb-content-wrapper\"><p>[vc_row][vc_column width=&#8221;1\/2&#8243;][vc_custom_heading text=&#8221;Wo&#8221; use_theme_fonts=&#8221;yes&#8221;][vc_column_text css=&#8221;&#8221;]Projekt &#8220;Die Unsichtbaren&#8221;<br \/>\nParmastra\u00dfe 32 &#8211; 39100 Bozen<br \/>\n<a href=\"mailto:invisibili@lastrada-derw.org\">invisibili@lastrada-derw.org<\/a><\/p>\n<p>Koordinator: <strong>Alberto Malfatti<\/strong> &#8211; 335 8409318[\/vc_column_text][vc_custom_heading text=&#8221;Wer&#8221; use_theme_fonts=&#8221;yes&#8221;][vc_column_text]Das Projekt &#8220;Die Unsichtbaren&#8221; will eine Antwort auf verschiedene Formen sozialer Beeintr\u00e4chtigung sein, mit dem Ziel der Aktivierung von Netzwerken im Territorium und der St\u00e4rkung der Ressourcen der Individuen und ihrer Umgebung, die einen Prozess der pro-sozialen Rehabilitation f\u00f6rdern k\u00f6nnen.[\/vc_column_text][\/vc_column][vc_column width=&#8221;1\/2&#8243;][vc_single_image image=&#8221;2459&#8243; img_size=&#8221;full&#8221;][\/vc_column][\/vc_row][vc_row][vc_column][vc_custom_heading text=&#8221;Was&#8221; use_theme_fonts=&#8221;yes&#8221;][vc_column_text]Erarbeitung von individuellen Projekten f\u00fcr verschiedene Grenzsituationen, die junge Menschen in den verschiedenen Lebensphasen und -bereichen begleiten k\u00f6nnen, sowohl auf psychologischer als auch auf p\u00e4dagogischer Ebene.[\/vc_column_text][\/vc_column][\/vc_row][vc_row][vc_column width=&#8221;1\/3&#8243;][vc_custom_heading text=&#8221;F\u00fcr wen&#8221; use_theme_fonts=&#8221;yes&#8221;][vc_column_text]Minderj\u00e4hrige, die von verschiedenen Dienststellen oder direkt von ihren Familien gemeldet werden.[\/vc_column_text][\/vc_column][vc_column width=&#8221;1\/3&#8243;][vc_custom_heading text=&#8221;Warum&#8221; use_theme_fonts=&#8221;yes&#8221;][vc_column_text]F\u00fcr kleinere Projekte, bei denen eine Unterbringung in einer Einrichtung nicht m\u00f6glich oder nicht notwendig ist, wo aber die Jugendlichen Probleme in der Sozialisierung aufweisen.[\/vc_column_text][\/vc_column][vc_column width=&#8221;1\/3&#8243;][vc_custom_heading text=&#8221;Wann&#8221; use_theme_fonts=&#8221;yes&#8221;][vc_column_text]Je nach Bedarf des individuellen Projekts[\/vc_column_text][\/vc_column][\/vc_row]<\/p>\n<\/div>","protected":false},"excerpt":{"rendered":"<p>[vc_row][vc_column width=&#8221;1\/2&#8243;][vc_custom_heading text=&#8221;Wo&#8221; use_theme_fonts=&#8221;yes&#8221;][vc_column_text css=&#8221;&#8221;]Projekt &#8220;Die Unsichtbaren&#8221; Parmastra\u00dfe 32 &#8211; 39100 Bozen invisibili@lastrada-derw.org Koordinator: Alberto Malfatti &#8211; 335 8409318[\/vc_column_text][vc_custom_heading text=&#8221;Wer&#8221; use_theme_fonts=&#8221;yes&#8221;][vc_column_text]Das Projekt &#8220;Die Unsichtbaren&#8221; will eine Antwort auf verschiedene Formen sozialer Beeintr\u00e4chtigung sein, mit dem Ziel der Aktivierung von Netzwerken im Territorium und der St\u00e4rkung der Ressourcen der Individuen und ihrer Umgebung, die einen Prozess&hellip;<\/p>\n","protected":false},"author":2,"featured_media":0,"parent":1617,"menu_order":0,"comment_status":"closed","ping_status":"closed","template":"","meta":{"footnotes":""},"class_list":["post-2411","page","type-page","status-publish","hentry","description-off"],"_links":{"self":[{"href":"https:\/\/www.lastrada-derweg.org\/index.php?rest_route=\/wp\/v2\/pages\/2411","targetHints":{"allow":["GET"]}}],"collection":[{"href":"https:\/\/www.lastrada-derweg.org\/index.php?rest_route=\/wp\/v2\/pages"}],"about":[{"href":"https:\/\/www.lastrada-derweg.org\/index.php?rest_route=\/wp\/v2\/types\/page"}],"author":[{"embeddable":true,"href":"https:\/\/www.lastrada-derweg.org\/index.php?rest_route=\/wp\/v2\/users\/2"}],"replies":[{"embeddable":true,"href":"https:\/\/www.lastrada-derweg.org\/index.php?rest_route=%2Fwp%2Fv2%2Fcomments&post=2411"}],"version-history":[{"count":13,"href":"https:\/\/www.lastrada-derweg.org\/index.php?rest_route=\/wp\/v2\/pages\/2411\/revisions"}],"predecessor-version":[{"id":10222,"href":"https:\/\/www.lastrada-derweg.org\/index.php?rest_route=\/wp\/v2\/pages\/2411\/revisions\/10222"}],"up":[{"embeddable":true,"href":"https:\/\/www.lastrada-derweg.org\/index.php?rest_route=\/wp\/v2\/pages\/1617"}],"wp:attachment":[{"href":"https:\/\/www.lastrada-derweg.org\/index.php?rest_route=%2Fwp%2Fv2%2Fmedia&parent=2411"}],"curies":[{"name":"wp","href":"https:\/\/api.w.org\/{rel}","templated":true}]}}