{"id":2537,"date":"2019-07-16T16:36:04","date_gmt":"2019-07-16T14:36:04","guid":{"rendered":"http:\/\/www.lastrada-derweg.org\/?page_id=2537"},"modified":"2022-02-10T15:16:06","modified_gmt":"2022-02-10T14:16:06","slug":"miniexcelsior","status":"publish","type":"page","link":"https:\/\/www.lastrada-derweg.org\/?page_id=2537&lang=de","title":{"rendered":"Miniexcelsior"},"content":{"rendered":"<div class=\"wpb-content-wrapper\"><p>[vc_row][vc_column width=&#8221;1\/2&#8243;][vc_custom_heading text=&#8221;Wer&#8221; use_theme_fonts=&#8221;yes&#8221;][vc_column_text]Der Dienst wird von einem Erzieher geleitet.<\/p>\n<p><strong>\u00a0<\/strong>[\/vc_column_text][vc_custom_heading text=&#8221;Wo&#8221; use_theme_fonts=&#8221;yes&#8221;][vc_column_text]Jugendzentrum \u201cVilla delle Rose\u201d<br \/>\nPassage der Erinnerung 19 &#8211; 39100 Bozen<br \/>\nTel. 0471 923001<\/p>\n<p><a href=\"mailto:villadellerose@lastrada-derweg.org\">villadellerose@lastrada-derweg.org<\/a><\/p>\n<p>Referent des Projektes Miniexcelsior: Thomas Frendo[\/vc_column_text][\/vc_column][vc_column width=&#8221;1\/2&#8243;][vc_single_image image=&#8221;2553&#8243; img_size=&#8221;full&#8221;][\/vc_column][\/vc_row][vc_row][vc_column][vc_custom_heading text=&#8221;Was&#8221; use_theme_fonts=&#8221;yes&#8221;][vc_column_text]Durch das Fu\u00dfballspiel und eine Reihe von Bildungsma\u00dfnahmen zur F\u00f6rderung von Respekt, Verhalten und Spa\u00df versuchen wir, jungen Menschen und Erwachsenen eine Kultur der Sportlichkeit und des Fairplay zu vermitteln.[\/vc_column_text][\/vc_column][\/vc_row][vc_row][vc_column width=&#8221;1\/3&#8243;][vc_custom_heading text=&#8221;F\u00fcr wen&#8221; use_theme_fonts=&#8221;yes&#8221;][vc_column_text]Wir wenden uns an die Altersgruppe 7 &#8211; 10 und an deren Bezugspersonen (Eltern, Trainer, Fans).[\/vc_column_text][\/vc_column][vc_column width=&#8221;1\/3&#8243;][vc_custom_heading text=&#8221;Warum&#8221; use_theme_fonts=&#8221;yes&#8221;][vc_column_text]Das Ziel dieses Projektes ist es, dem \u201esch\u00f6nsten Spiel der Welt\u201c wieder seine urspr\u00fcngliche Bedeutung zur\u00fcckzugeben, und zwar die Bedeutung des Spiels, des Zusammentreffens, der Unterhaltung und vor allem des Lernens. Ein weiteres Ziel ist es, die Erwachsenen der Sportwelt zu st\u00e4rken und den jungen Sportlern eine gesunde Sportphilosophie zu vermitteln.[\/vc_column_text][\/vc_column][vc_column width=&#8221;1\/3&#8243;][vc_custom_heading text=&#8221;Wann&#8221; use_theme_fonts=&#8221;yes&#8221;][vc_column_text]Training: Dienstag von 16.30 bis 18.00 Uhr<br \/>\nSpiele: Freitag von 16.30 bis 18.00 Uhr<br \/>\nDie Zeiten k\u00f6nnen sich je nach Spielplan \u00e4ndern.<br \/>\n[\/vc_column_text][\/vc_column][\/vc_row]<br \/>\n[vc_row css=&#8221;.vc_custom_1613058991392{margin-top: 20px !important;}&#8221;][vc_column][vc_separator][\/vc_column]<br \/>\n[vc_row][vc_column][vc_column_text]<\/p>\n<h4 style=\"text-align: center;\">Unterst\u00fctzt von:<\/h4>\n<p>[\/vc_column_text][\/vc_column][\/vc_row][vc_row content_placement=&#8221;middle&#8221;][vc_column width=&#8221;1\/3&#8243;][vc_single_image image=&#8221;7086&#8243; img_size=&#8221;500&#215;100&#8243; alignment=&#8221;center&#8221; style=&#8221;vc_box_rounded&#8221; onclick=&#8221;custom_link&#8221; css_animation=&#8221;fadeInUp&#8221;][\/vc_column][vc_column width=&#8221;1\/3&#8243;][vc_single_image image=&#8221;7087&#8243; img_size=&#8221;100&#215;100&#8243; alignment=&#8221;center&#8221; style=&#8221;vc_box_rounded&#8221; onclick=&#8221;custom_link&#8221; css_animation=&#8221;fadeInUp&#8221; link=&#8221;https:\/\/www.lastrada-derweg.org\/?page_id=3980&#8243;][\/vc_column][vc_column width=&#8221;1\/3&#8243;][vc_column_text]<\/p>\n<h5 style=\"text-align: center;\">Familienagentur<\/h5>\n<p>[\/vc_column_text][\/vc_column][\/vc_row]<\/p>\n<\/div>","protected":false},"excerpt":{"rendered":"<p>[vc_row][vc_column width=&#8221;1\/2&#8243;][vc_custom_heading text=&#8221;Wer&#8221; use_theme_fonts=&#8221;yes&#8221;][vc_column_text]Der Dienst wird von einem Erzieher geleitet. \u00a0[\/vc_column_text][vc_custom_heading text=&#8221;Wo&#8221; use_theme_fonts=&#8221;yes&#8221;][vc_column_text]Jugendzentrum \u201cVilla delle Rose\u201d Passage der Erinnerung 19 &#8211; 39100 Bozen Tel. 0471 923001 villadellerose@lastrada-derweg.org Referent des Projektes Miniexcelsior: Thomas Frendo[\/vc_column_text][\/vc_column][vc_column width=&#8221;1\/2&#8243;][vc_single_image image=&#8221;2553&#8243; img_size=&#8221;full&#8221;][\/vc_column][\/vc_row][vc_row][vc_column][vc_custom_heading text=&#8221;Was&#8221; use_theme_fonts=&#8221;yes&#8221;][vc_column_text]Durch das Fu\u00dfballspiel und eine Reihe von Bildungsma\u00dfnahmen zur F\u00f6rderung von Respekt, Verhalten und Spa\u00df versuchen wir, jungen&hellip;<\/p>\n","protected":false},"author":2,"featured_media":0,"parent":1690,"menu_order":0,"comment_status":"closed","ping_status":"closed","template":"","meta":{"footnotes":""},"class_list":["post-2537","page","type-page","status-publish","hentry","description-off"],"_links":{"self":[{"href":"https:\/\/www.lastrada-derweg.org\/index.php?rest_route=\/wp\/v2\/pages\/2537","targetHints":{"allow":["GET"]}}],"collection":[{"href":"https:\/\/www.lastrada-derweg.org\/index.php?rest_route=\/wp\/v2\/pages"}],"about":[{"href":"https:\/\/www.lastrada-derweg.org\/index.php?rest_route=\/wp\/v2\/types\/page"}],"author":[{"embeddable":true,"href":"https:\/\/www.lastrada-derweg.org\/index.php?rest_route=\/wp\/v2\/users\/2"}],"replies":[{"embeddable":true,"href":"https:\/\/www.lastrada-derweg.org\/index.php?rest_route=%2Fwp%2Fv2%2Fcomments&post=2537"}],"version-history":[{"count":8,"href":"https:\/\/www.lastrada-derweg.org\/index.php?rest_route=\/wp\/v2\/pages\/2537\/revisions"}],"predecessor-version":[{"id":7091,"href":"https:\/\/www.lastrada-derweg.org\/index.php?rest_route=\/wp\/v2\/pages\/2537\/revisions\/7091"}],"up":[{"embeddable":true,"href":"https:\/\/www.lastrada-derweg.org\/index.php?rest_route=\/wp\/v2\/pages\/1690"}],"wp:attachment":[{"href":"https:\/\/www.lastrada-derweg.org\/index.php?rest_route=%2Fwp%2Fv2%2Fmedia&parent=2537"}],"curies":[{"name":"wp","href":"https:\/\/api.w.org\/{rel}","templated":true}]}}