{"id":2594,"date":"2019-07-18T13:41:50","date_gmt":"2019-07-18T11:41:50","guid":{"rendered":"http:\/\/www.lastrada-derweg.org\/?page_id=2594"},"modified":"2024-07-03T11:12:36","modified_gmt":"2024-07-03T09:12:36","slug":"hier-fuer-dich-sommer","status":"publish","type":"page","link":"https:\/\/www.lastrada-derweg.org\/?page_id=2594&lang=de","title":{"rendered":"Hier f\u00fcr dich &#8211; Sommer"},"content":{"rendered":"<div class=\"wpb-content-wrapper\"><p>[vc_row][vc_column width=&#8221;1\/2&#8243;][vc_custom_heading text=&#8221;Wer&#8221; use_theme_fonts=&#8221;yes&#8221;][vc_column_text]Hier f\u00fcr Dich \u2013 Sommer ist eine Aktivit\u00e4t, die von der Nachmittagsbetreuung &#8220;Hier f\u00fcr Dich&#8221; organisiert wird. Das Team besteht aus Erzieher*innen und Freiwilligen.[\/vc_column_text][vc_custom_heading text=&#8221;Wo&#8221; use_theme_fonts=&#8221;yes&#8221;][vc_column_text css=&#8221;&#8221;]Verein \u201cLa Strada \u2013 Der Weg\u201d<br \/>\nHaus Lanz, Vogelweidestr. 13<br \/>\n39012 Meran<\/p>\n<p>e-mail: <a href=\"mailto:hierfuerdich@lastrada-derweg.org\">hierfuerdich@lastrada-derweg.org<\/a><\/p>\n<p>Koordinatorin: <strong>Ilse Dia<\/strong><br \/>\nTel.: 366 7537237[\/vc_column_text][\/vc_column][vc_column width=&#8221;1\/2&#8243;][vc_single_image image=&#8221;2608&#8243; img_size=&#8221;full&#8221;][\/vc_column][\/vc_row][vc_row][vc_column][vc_custom_heading text=&#8221;Was&#8221; use_theme_fonts=&#8221;yes&#8221;][vc_column_text]W\u00e4hrend der Sommermonate bieten wir den Kindern und Jugendlichen Aktivit\u00e4ten im Kultur-, Schul-, Freizeit- und Sportbereich, sowie Kreativwerkst\u00e4tten.[\/vc_column_text][\/vc_column][\/vc_row][vc_row][vc_column width=&#8221;1\/3&#8243;][vc_custom_heading text=&#8221;F\u00fcr wen&#8221; use_theme_fonts=&#8221;yes&#8221;][vc_column_text]F\u00fcr Kinder und Jugendliche von 6 bis 14 Jahren.[\/vc_column_text][\/vc_column][vc_column width=&#8221;1\/3&#8243;][vc_custom_heading text=&#8221;Warum&#8221; use_theme_fonts=&#8221;yes&#8221;][vc_column_text]Diese Sommerinitiative hat mehrere Ziele:<br \/>\n\u2022 F\u00f6rderung des Wachstums von Kindern durch das Angebot von Freizeitaktivit\u00e4ten in einer gesunden Umgebung und unter Aufsicht von kompetentem Personal;<br \/>\n\u2022 Kennenlernen der n\u00e4heren Umgebung durch verschiedene Freizeitausfl\u00fcge.<br \/>\n\u2022 F\u00f6rderung des Wissensaustauschs zwischen Kindern und Jugendlichen unterschiedlicher Altersgruppen und unterschiedlicher Herkunft durch Spiele, Austausch und Teilen unter Ber\u00fccksichtigung des gegenseitigen Respekts und Verst\u00e4ndnisses.<br \/>\n\u2022 Unterst\u00fctzung der Kinder und Familien bei der Durchf\u00fchrung der Sommerhausaufgaben.<br \/>\n[\/vc_column_text][\/vc_column][vc_column width=&#8221;1\/3&#8243;][vc_custom_heading text=&#8221;Wann&#8221; use_theme_fonts=&#8221;yes&#8221;][vc_column_text]Montag bis Freitag. F\u00fcr weitere Infos ruft uns bitte an.[\/vc_column_text][\/vc_column][\/vc_row][vc_row][vc_column][vc_column_text]<br \/>\n[\/vc_column_text][\/vc_column][\/vc_row][vc_row css=&#8221;.vc_custom_1613058991392{margin-top: 20px !important;}&#8221;][vc_column][vc_separator][\/vc_column][\/vc_row][vc_row][vc_column][vc_column_text]<\/p>\n<h4 style=\"text-align: center;\">Unterst\u00fctzt von:<\/h4>\n<p>[\/vc_column_text][\/vc_column][\/vc_row][vc_row content_placement=&#8221;middle&#8221;][vc_column width=&#8221;1\/3&#8243;][vc_single_image image=&#8221;5709&#8243; img_size=&#8221;500&#215;100&#8243; alignment=&#8221;center&#8221; style=&#8221;vc_box_rounded&#8221; onclick=&#8221;custom_link&#8221; css_animation=&#8221;fadeInUp&#8221;][\/vc_column][vc_column width=&#8221;1\/3&#8243;][vc_single_image image=&#8221;5659&#8243; img_size=&#8221;100&#215;100&#8243; alignment=&#8221;center&#8221; style=&#8221;vc_box_rounded&#8221; onclick=&#8221;custom_link&#8221; css_animation=&#8221;fadeInUp&#8221; link=&#8221;https:\/\/www.lastrada-derweg.org\/?page_id=3980&#8243;][\/vc_column][vc_column width=&#8221;1\/3&#8243;][vc_column_text]<\/p>\n<h5 style=\"text-align: center;\">Familienagentur<\/h5>\n<p>[\/vc_column_text][\/vc_column][\/vc_row]<\/p>\n<\/div>","protected":false},"excerpt":{"rendered":"<p>[vc_row][vc_column width=&#8221;1\/2&#8243;][vc_custom_heading text=&#8221;Wer&#8221; use_theme_fonts=&#8221;yes&#8221;][vc_column_text]Hier f\u00fcr Dich \u2013 Sommer ist eine Aktivit\u00e4t, die von der Nachmittagsbetreuung &#8220;Hier f\u00fcr Dich&#8221; organisiert wird. Das Team besteht aus Erzieher*innen und Freiwilligen.[\/vc_column_text][vc_custom_heading text=&#8221;Wo&#8221; use_theme_fonts=&#8221;yes&#8221;][vc_column_text css=&#8221;&#8221;]Verein \u201cLa Strada \u2013 Der Weg\u201d Haus Lanz, Vogelweidestr. 13 39012 Meran e-mail: hierfuerdich@lastrada-derweg.org Koordinatorin: Ilse Dia Tel.: 366 7537237[\/vc_column_text][\/vc_column][vc_column width=&#8221;1\/2&#8243;][vc_single_image image=&#8221;2608&#8243; img_size=&#8221;full&#8221;][\/vc_column][\/vc_row][vc_row][vc_column][vc_custom_heading text=&#8221;Was&#8221; use_theme_fonts=&#8221;yes&#8221;][vc_column_text]W\u00e4hrend der&hellip;<\/p>\n","protected":false},"author":2,"featured_media":0,"parent":1690,"menu_order":0,"comment_status":"closed","ping_status":"closed","template":"","meta":{"footnotes":""},"class_list":["post-2594","page","type-page","status-publish","hentry","description-off"],"_links":{"self":[{"href":"https:\/\/www.lastrada-derweg.org\/index.php?rest_route=\/wp\/v2\/pages\/2594","targetHints":{"allow":["GET"]}}],"collection":[{"href":"https:\/\/www.lastrada-derweg.org\/index.php?rest_route=\/wp\/v2\/pages"}],"about":[{"href":"https:\/\/www.lastrada-derweg.org\/index.php?rest_route=\/wp\/v2\/types\/page"}],"author":[{"embeddable":true,"href":"https:\/\/www.lastrada-derweg.org\/index.php?rest_route=\/wp\/v2\/users\/2"}],"replies":[{"embeddable":true,"href":"https:\/\/www.lastrada-derweg.org\/index.php?rest_route=%2Fwp%2Fv2%2Fcomments&post=2594"}],"version-history":[{"count":8,"href":"https:\/\/www.lastrada-derweg.org\/index.php?rest_route=\/wp\/v2\/pages\/2594\/revisions"}],"predecessor-version":[{"id":10422,"href":"https:\/\/www.lastrada-derweg.org\/index.php?rest_route=\/wp\/v2\/pages\/2594\/revisions\/10422"}],"up":[{"embeddable":true,"href":"https:\/\/www.lastrada-derweg.org\/index.php?rest_route=\/wp\/v2\/pages\/1690"}],"wp:attachment":[{"href":"https:\/\/www.lastrada-derweg.org\/index.php?rest_route=%2Fwp%2Fv2%2Fmedia&parent=2594"}],"curies":[{"name":"wp","href":"https:\/\/api.w.org\/{rel}","templated":true}]}}