{"id":2658,"date":"2019-07-19T12:27:48","date_gmt":"2019-07-19T10:27:48","guid":{"rendered":"http:\/\/www.lastrada-derweg.org\/?page_id=2658"},"modified":"2021-09-09T11:45:36","modified_gmt":"2021-09-09T09:45:36","slug":"netzwerk-migranten","status":"publish","type":"page","link":"https:\/\/www.lastrada-derweg.org\/?page_id=2658&lang=de","title":{"rendered":"Netzwerk Migranten"},"content":{"rendered":"<div class=\"wpb-content-wrapper\"><p>[vc_row][vc_column width=&#8221;1\/2&#8243;][vc_custom_heading text=&#8221;Wer&#8221; use_theme_fonts=&#8221;yes&#8221;][vc_column_text]Wir sind die Ansprechpartner\/innen einer Gruppe von Organisationen, die auch im Bereich der Migration t\u00e4tig sind, und zwar im Rahmen des wie folgt bezeichneten Projekts: &#8220;VOM MIGRATIONSPROJEKT ZUR B\u00dcRGERSCHAFT&#8221;, welches darauf abzielt, ein Netzwerk des Denkens und Handelns im Zusammenhang mit Einwanderungsfragen zu schaffen.[\/vc_column_text][vc_custom_heading text=&#8221;Wo&#8221; use_theme_fonts=&#8221;yes&#8221;][vc_column_text]Die Treffen finden am Sitz des Vereins \u201cLa strada-der Weg\u201d im Mariaheimweg 42 in Bozen statt und dienen dem Meinungsaustausch \u00fcber das Ph\u00e4nomen und der Planung \u00f6ffentlicher Aktionen[\/vc_column_text][\/vc_column][vc_column width=&#8221;1\/2&#8243;][vc_single_image image=&#8221;2746&#8243; img_size=&#8221;full&#8221;][\/vc_column][\/vc_row][vc_row][vc_column][vc_custom_heading text=&#8221;Was&#8221; use_theme_fonts=&#8221;yes&#8221;][vc_column_text]1. Aufbau gemeinsamen Wissens<br \/>\n2. Aufbau einer gemeinsamen Sprache<br \/>\n3. Vergleich mit \u00e4hnlichen nationalen und internationalen Erfahrungen<br \/>\n4. Schaffung und Verbreitung von Wissen, Bewu\u00dftsein und Kompetenz in Bezug auf das Ph\u00e4nomen<br \/>\n5. Vorbeugen m\u00f6glicher Risiken f\u00fcr die zweite Generation<br \/>\n6. F\u00f6rderung einer sensiblen und realistischen Medienkommunikation.<br \/>\nUm diese Ziele konkret umzusetzen, organisieren wir j\u00e4hrlich ethnoklinische Konferenzen f\u00fcr Fachleute, die aus verschiedenen Anl\u00e4ssen u. Gr\u00fcnden Kontakt zu Menschen mit Migrationshintergrund haben.<\/p>\n<p>[\/vc_column_text][\/vc_column][\/vc_row][vc_row][vc_column width=&#8221;1\/3&#8243;][vc_custom_heading text=&#8221;F\u00fcr wen&#8221; use_theme_fonts=&#8221;yes&#8221;][vc_column_text]Die Kenntnis &#8220;anderer Kulturen&#8221; hilft, Ph\u00e4nomene besser zu deuten und zu begreifen, und erleichtert daher einen professionellen Ansatz zur L\u00f6sung der verschiedenen Problemfelder von Menschen mit Migrationshintergrund.[\/vc_column_text][\/vc_column][vc_column width=&#8221;1\/3&#8243;][vc_custom_heading text=&#8221;Warum&#8221; use_theme_fonts=&#8221;yes&#8221;][vc_column_text]Auf Anregung unseres unvergessenen Pr\u00e4sidenten, Otto Saurer, sind wir der Meinung, dass Vorurteile und Stigmatisierung weit verbreitete und komplexe Ph\u00e4nomene sind und dass wir Fachleute \u00fcber mehr Instrumente verf\u00fcgen m\u00fcssen, um kulturelle Ph\u00e4nomene zu deuten und zu begreifen. Dies, um jene Ziele erreichen zu k\u00f6nnen, die unsere Rolle und unser berufliches Handeln mit sich bringen.[\/vc_column_text][\/vc_column][vc_column width=&#8221;1\/3&#8243;][vc_custom_heading text=&#8221;Wann&#8221; use_theme_fonts=&#8221;yes&#8221;][vc_column_text]Die Treffen finden st\u00e4ndig statt und die Veranstaltungen j\u00e4hrlich. [\/vc_column_text][\/vc_column][\/vc_row]<\/p>\n<\/div>","protected":false},"excerpt":{"rendered":"<p>[vc_row][vc_column width=&#8221;1\/2&#8243;][vc_custom_heading text=&#8221;Wer&#8221; use_theme_fonts=&#8221;yes&#8221;][vc_column_text]Wir sind die Ansprechpartner\/innen einer Gruppe von Organisationen, die auch im Bereich der Migration t\u00e4tig sind, und zwar im Rahmen des wie folgt bezeichneten Projekts: &#8220;VOM MIGRATIONSPROJEKT ZUR B\u00dcRGERSCHAFT&#8221;, welches darauf abzielt, ein Netzwerk des Denkens und Handelns im Zusammenhang mit Einwanderungsfragen zu schaffen.[\/vc_column_text][vc_custom_heading text=&#8221;Wo&#8221; use_theme_fonts=&#8221;yes&#8221;][vc_column_text]Die Treffen finden am Sitz des Vereins&hellip;<\/p>\n","protected":false},"author":2,"featured_media":0,"parent":1772,"menu_order":0,"comment_status":"closed","ping_status":"closed","template":"","meta":{"footnotes":""},"class_list":["post-2658","page","type-page","status-publish","hentry","description-off"],"_links":{"self":[{"href":"https:\/\/www.lastrada-derweg.org\/index.php?rest_route=\/wp\/v2\/pages\/2658","targetHints":{"allow":["GET"]}}],"collection":[{"href":"https:\/\/www.lastrada-derweg.org\/index.php?rest_route=\/wp\/v2\/pages"}],"about":[{"href":"https:\/\/www.lastrada-derweg.org\/index.php?rest_route=\/wp\/v2\/types\/page"}],"author":[{"embeddable":true,"href":"https:\/\/www.lastrada-derweg.org\/index.php?rest_route=\/wp\/v2\/users\/2"}],"replies":[{"embeddable":true,"href":"https:\/\/www.lastrada-derweg.org\/index.php?rest_route=%2Fwp%2Fv2%2Fcomments&post=2658"}],"version-history":[{"count":5,"href":"https:\/\/www.lastrada-derweg.org\/index.php?rest_route=\/wp\/v2\/pages\/2658\/revisions"}],"predecessor-version":[{"id":6674,"href":"https:\/\/www.lastrada-derweg.org\/index.php?rest_route=\/wp\/v2\/pages\/2658\/revisions\/6674"}],"up":[{"embeddable":true,"href":"https:\/\/www.lastrada-derweg.org\/index.php?rest_route=\/wp\/v2\/pages\/1772"}],"wp:attachment":[{"href":"https:\/\/www.lastrada-derweg.org\/index.php?rest_route=%2Fwp%2Fv2%2Fmedia&parent=2658"}],"curies":[{"name":"wp","href":"https:\/\/api.w.org\/{rel}","templated":true}]}}