{"id":2705,"date":"2019-07-21T11:03:45","date_gmt":"2019-07-21T09:03:45","guid":{"rendered":"http:\/\/www.lastrada-derweg.org\/?page_id=2705"},"modified":"2019-07-21T11:13:03","modified_gmt":"2019-07-21T09:13:03","slug":"impressum-2","status":"publish","type":"page","link":"https:\/\/www.lastrada-derweg.org\/?page_id=2705&lang=de","title":{"rendered":"Impressum"},"content":{"rendered":"<div class=\"wpb-content-wrapper\"><p>[vc_row][vc_column][vc_column_text]<strong>La Strada &#8211; Der Weg<\/strong><br \/>\nMariaheimweg 42 &#8211; 39100 Bozen<br \/>\nTelefon: (+39) 0471 203 111<br \/>\ninfo@lastrada-derweg.org<br \/>\nMwSt-Nr.: 00836620211<\/p>\n<p>Verantwortlicher <strong>Paolo Marcato<\/strong><\/p>\n<p>Redaktion <strong>Massimo Antonino<\/strong><\/p>\n<p>&nbsp;<\/p>\n<p>Verantwortung:\u00a0Wir \u00fcbernehmen keine Haftung f\u00fcr die Inhalte externer Links. F\u00fcr den Inhalt der verlinkten Seiten sind ausschlie\u00dflich deren BetreiberInnen verantwortlich. Diese Website wird mit dem CMS WordPress verwaltet.[\/vc_column_text][\/vc_column][\/vc_row]<\/p>\n<\/div>","protected":false},"excerpt":{"rendered":"<p>[vc_row][vc_column][vc_column_text]La Strada &#8211; Der Weg Mariaheimweg 42 &#8211; 39100 Bozen Telefon: (+39) 0471 203 111 info@lastrada-derweg.org MwSt-Nr.: 00836620211 Verantwortlicher Paolo Marcato Redaktion Massimo Antonino &nbsp; Verantwortung:\u00a0Wir \u00fcbernehmen keine Haftung f\u00fcr die Inhalte externer Links. F\u00fcr den Inhalt der verlinkten Seiten sind ausschlie\u00dflich deren BetreiberInnen verantwortlich. Diese Website wird mit dem CMS WordPress verwaltet.[\/vc_column_text][\/vc_column][\/vc_row]<\/p>\n","protected":false},"author":1,"featured_media":0,"parent":0,"menu_order":0,"comment_status":"closed","ping_status":"closed","template":"","meta":{"footnotes":""},"class_list":["post-2705","page","type-page","status-publish","hentry","description-off"],"_links":{"self":[{"href":"https:\/\/www.lastrada-derweg.org\/index.php?rest_route=\/wp\/v2\/pages\/2705","targetHints":{"allow":["GET"]}}],"collection":[{"href":"https:\/\/www.lastrada-derweg.org\/index.php?rest_route=\/wp\/v2\/pages"}],"about":[{"href":"https:\/\/www.lastrada-derweg.org\/index.php?rest_route=\/wp\/v2\/types\/page"}],"author":[{"embeddable":true,"href":"https:\/\/www.lastrada-derweg.org\/index.php?rest_route=\/wp\/v2\/users\/1"}],"replies":[{"embeddable":true,"href":"https:\/\/www.lastrada-derweg.org\/index.php?rest_route=%2Fwp%2Fv2%2Fcomments&post=2705"}],"version-history":[{"count":4,"href":"https:\/\/www.lastrada-derweg.org\/index.php?rest_route=\/wp\/v2\/pages\/2705\/revisions"}],"predecessor-version":[{"id":2715,"href":"https:\/\/www.lastrada-derweg.org\/index.php?rest_route=\/wp\/v2\/pages\/2705\/revisions\/2715"}],"wp:attachment":[{"href":"https:\/\/www.lastrada-derweg.org\/index.php?rest_route=%2Fwp%2Fv2%2Fmedia&parent=2705"}],"curies":[{"name":"wp","href":"https:\/\/api.w.org\/{rel}","templated":true}]}}