{"id":2711,"date":"2019-07-21T11:10:09","date_gmt":"2019-07-21T09:10:09","guid":{"rendered":"http:\/\/www.lastrada-derweg.org\/?page_id=2711"},"modified":"2020-05-26T10:20:17","modified_gmt":"2020-05-26T08:20:17","slug":"transparente-verwaltung","status":"publish","type":"page","link":"https:\/\/www.lastrada-derweg.org\/?page_id=2711&lang=de","title":{"rendered":"Transparente Verwaltung"},"content":{"rendered":"<p>Mit Artikel 1, Abs\u00e4tze 125 und 127, Gesetz Nr. 124\/2017 (&#8220;Jahreswettbewerbsgesetz&#8221;) wurden f\u00fcr eine Reihe von Rechtssubjekten, die wirtschaftliche Beziehungen zur \u00f6ffentlichen Verwaltung \/ \u00f6ffentlichen wirtschaftliche Einrichtungen \/ Unternehmen mit \u00f6ffentlicher Beteiligung unterhalten, eine Reihe von Ver\u00f6ffentlichungs- und Transparenzverpflichtungen vor-gesehen. Dazu geh\u00f6ren auch Vereine wie \u201cLa Strada-der Weg ONLUS\u201d.<\/p>\n<p>Mit dem Rundschreiben 11.1.2019, Nr. 2, hat das Arbeitsministe-rium k\u00fcrzlich eine Reihe von Klarstellungen zu den folgenden Aspekten formuliert:<\/p>\n<p>\u2022 Empf\u00e4ngersubjekte<br \/>\n\u2022 Gegenstand der betreffenden Verpflichtungen (unter besonderer Ber\u00fccksichtigung der allgemeinen und erweiterten Bedeutung des Begriffs \u201ewirtschaftlicher Vorteil\u201c)<br \/>\n\u2022 Referenzzeitrahmen<br \/>\n\u2022 zu ver\u00f6ffentlichende Informationen \/ Ver\u00f6ffentlichungsmethode<\/p>\n<p>Im Hinblick auf die wirtschaftlichen Vorteile, die beworben werden, gibt die Norm ein breites Kriterium f\u00fcr deren Identifizierung an. In der Tat betrifft die Verpflichtung, gem\u00e4\u00df dem vorgenannten Absatz 125 &#8220;Zusch\u00fcsse, Beitr\u00e4ge, bezahlte Auftr\u00e4ge und in jedem Fall wirtschaftliche Vorteile jeglicher Art&#8221;. Wie im oben erw\u00e4hnten Rundschreiben Nr. 2 ausgef\u00fchrt, gilt es folgende wirtschaftliche Vorteile zu ver\u00f6ffentlichen:<\/p>\n<p>\u2022 Beitr\u00e4ge \/ Zusch\u00fcsse \/ Unterst\u00fctzungen jeglicher Art von Seiten der \u00f6ffentlichen Hand oder gleichgestellter K\u00f6rperschaften;<br \/>\n\u2022 von der \u00f6ffentlichen Hand als Gegenleistung erbrachte wirtschaft-liche Vorteile \u201ed.h. eine Gegenleistung, die eine Verg\u00fctung f\u00fcr die erbrachte Dienstleistung oder f\u00fcr die verkauften Waren darstellt (wie sie in Vertragsverh\u00e4ltnissen vorkommt), die sich aus einem Rechtsverh\u00e4ltnis ergibt, das aus kausaler Sicht durch das Bestehen eines Austausch gekennzeichnet ist\u201c.<\/p>\n<p>In Bezug auf den Referenzzeitrahmen hebt das vorgenannte Rundschreiben Nr. 2 hervor, dass alle im vorangegangenen Kalenderjahr (1.1 \u2013 31.12) tats\u00e4chlich eingegangenen Betr\u00e4ge \u201eunabh\u00e4ngig von dem Jahr, auf das sie sich beziehen\u201c ver\u00f6ffentlicht werden m\u00fcssen (daher ist das Kassa-Prinzip anzuwenden).<\/p>\n<p>Die zu ver\u00f6ffentlichenden Informationen lauten wie folgt: Insbesondere muss angegeben werden:<br \/>\n\u2022 Name und Steuernummer des Empf\u00e4ngers<br \/>\n\u2022 Name des Beitraggebers<br \/>\n\u2022 Summe, die f\u00fcr jedes einzelne zugrunde liegende Rechtsverh\u00e4ltnis erhoben wird<br \/>\n\u2022 Inkasso-Datum<br \/>\n\u2022 Zahlungsgrund<\/p>\n<p><a href=\"https:\/\/www.lastrada-derweg.org\/?page_id=3317&amp;lang=de\">Rechtliche Verpflichtungen zum Gesetz 124\/2017<\/a><\/p>\n","protected":false},"excerpt":{"rendered":"<p>Mit Artikel 1, Abs\u00e4tze 125 und 127, Gesetz Nr. 124\/2017 (&#8220;Jahreswettbewerbsgesetz&#8221;) wurden f\u00fcr eine Reihe von Rechtssubjekten, die wirtschaftliche Beziehungen zur \u00f6ffentlichen Verwaltung \/ \u00f6ffentlichen wirtschaftliche Einrichtungen \/ Unternehmen mit \u00f6ffentlicher Beteiligung unterhalten, eine Reihe von Ver\u00f6ffentlichungs- und Transparenzverpflichtungen vor-gesehen. Dazu geh\u00f6ren auch Vereine wie \u201cLa Strada-der Weg ONLUS\u201d. Mit dem Rundschreiben 11.1.2019, Nr. 2,&hellip;<\/p>\n","protected":false},"author":1,"featured_media":0,"parent":0,"menu_order":0,"comment_status":"closed","ping_status":"closed","template":"","meta":{"footnotes":""},"class_list":["post-2711","page","type-page","status-publish","hentry","description-off"],"_links":{"self":[{"href":"https:\/\/www.lastrada-derweg.org\/index.php?rest_route=\/wp\/v2\/pages\/2711","targetHints":{"allow":["GET"]}}],"collection":[{"href":"https:\/\/www.lastrada-derweg.org\/index.php?rest_route=\/wp\/v2\/pages"}],"about":[{"href":"https:\/\/www.lastrada-derweg.org\/index.php?rest_route=\/wp\/v2\/types\/page"}],"author":[{"embeddable":true,"href":"https:\/\/www.lastrada-derweg.org\/index.php?rest_route=\/wp\/v2\/users\/1"}],"replies":[{"embeddable":true,"href":"https:\/\/www.lastrada-derweg.org\/index.php?rest_route=%2Fwp%2Fv2%2Fcomments&post=2711"}],"version-history":[{"count":6,"href":"https:\/\/www.lastrada-derweg.org\/index.php?rest_route=\/wp\/v2\/pages\/2711\/revisions"}],"predecessor-version":[{"id":5022,"href":"https:\/\/www.lastrada-derweg.org\/index.php?rest_route=\/wp\/v2\/pages\/2711\/revisions\/5022"}],"wp:attachment":[{"href":"https:\/\/www.lastrada-derweg.org\/index.php?rest_route=%2Fwp%2Fv2%2Fmedia&parent=2711"}],"curies":[{"name":"wp","href":"https:\/\/api.w.org\/{rel}","templated":true}]}}