{"id":2783,"date":"2019-07-25T13:10:13","date_gmt":"2019-07-25T11:10:13","guid":{"rendered":"http:\/\/www.lastrada-derweg.org\/?page_id=2783"},"modified":"2022-11-04T11:09:48","modified_gmt":"2022-11-04T10:09:48","slug":"in-memoriam","status":"publish","type":"page","link":"https:\/\/www.lastrada-derweg.org\/?page_id=2783&lang=de","title":{"rendered":"In memoriam"},"content":{"rendered":"<div class=\"wpb-content-wrapper\"><p>[vc_row][vc_column width=&#8221;1\/2&#8243;][vc_custom_heading text=&#8221;Wer&#8221; use_theme_fonts=&#8221;yes&#8221;][vc_column_text]<em>\u201cErinnerung ist nicht das, woran wir uns erinnern, sondern woran sie uns erinnert. Erinnerung ist ein Geschenk, das niemals aufh\u00f6rt zu vergehen.\u201d<\/em><\/p>\n<p>(Octavio Paz)<\/p>\n<p>&nbsp;<\/p>\n<p>In Memoriam ist eine Gruppe von Freiwilligen und Mitarbeitern und Mitarbeiterinnen, die sich regelm\u00e4\u00dfig treffen um die Erinnerung an den Gr\u00fcnder des Vereins, Don Giancarlo Bertagnolli, wach zu halten. Die Gruppe besteht aus Marisa Dallago, Hartwig Seifert, Gianni Turchetti, Giampio Dell\u2019Eva, Fabrizio Mattevi, Roberta Catania und Dario Volani.<\/p>\n<p><strong>\u00a0<\/strong>[\/vc_column_text][vc_custom_heading text=&#8221;Wo&#8221; use_theme_fonts=&#8221;yes&#8221;][vc_column_text]Studienzentrum \u201cG. Antonin\u201d<br \/>\nMariaheimweg 42<br \/>\n39100 Bozen<\/p>\n<p>Tel. 0471 203 111<br \/>\nFax 0471 201 585<br \/>\n<a href=\"mailto:centrostudi@lastrada-derweg.org\">studienzentrum@lastrada-derweg.org<\/a><\/p>\n<p>&nbsp;<\/p>\n<p><strong>\u00a0<\/strong>[\/vc_column_text][\/vc_column][vc_column width=&#8221;1\/2&#8243;][vc_single_image image=&#8221;3005&#8243; img_size=&#8221;full&#8221;][\/vc_column][\/vc_row][vc_row][vc_column][vc_custom_heading text=&#8221;Was&#8221; use_theme_fonts=&#8221;yes&#8221;][vc_column_text]Konzeption, Organisation und Umsetzung verschiedener Initiativen zur Erinnerung und Fortf\u00fchrung des Denkens und Wirkens unseres Gr\u00fcnders Don Giancarlo Bertagnolli[\/vc_column_text][\/vc_column][\/vc_row][vc_row][vc_column width=&#8221;1\/3&#8243;][vc_custom_heading text=&#8221;F\u00fcr wen&#8221; use_theme_fonts=&#8221;yes&#8221;][vc_column_text]F\u00fcr alle Menschen (f\u00fcr diejenigen, die Don Giancarlo Bertagnolli gekannt und gesch\u00e4tzt haben und f\u00fcr diejenigen, die keine Gelegenheit hatten, ihn zu treffen).[\/vc_column_text][\/vc_column][vc_column width=&#8221;1\/3&#8243;][vc_custom_heading text=&#8221;Warum&#8221; use_theme_fonts=&#8221;yes&#8221;][vc_column_text]Don Giancarlo war nicht nur der Gr\u00fcnder des Vereins, sondern auch eine Seele, ein F\u00fchrer, eine Referenz f\u00fcr diejenigen, die ihn trafen. Er war ein bedeutender Zeuge unserer Zeit und eine prophetische Person. Was er begonnen und ins Leben gerufen hat, muss weitergef\u00fchrt werden, indem das urspr\u00fcngliche inspirierende Prinzip befolgt und fortgesetzt wird.[\/vc_column_text][\/vc_column][vc_column width=&#8221;1\/3&#8243;][vc_custom_heading text=&#8221;Wann&#8221; use_theme_fonts=&#8221;yes&#8221;][vc_column_text]Die Gruppe trifft sich in regelm\u00e4\u00dfigen Abst\u00e4nden ohne festen Termin (die Einberufung kann jederzeit \u00fcber die Telefonzentrale des Vereins beantragt werden).[\/vc_column_text][\/vc_column][\/vc_row]<\/p>\n<\/div>","protected":false},"excerpt":{"rendered":"<p>[vc_row][vc_column width=&#8221;1\/2&#8243;][vc_custom_heading text=&#8221;Wer&#8221; use_theme_fonts=&#8221;yes&#8221;][vc_column_text]\u201cErinnerung ist nicht das, woran wir uns erinnern, sondern woran sie uns erinnert. Erinnerung ist ein Geschenk, das niemals aufh\u00f6rt zu vergehen.\u201d (Octavio Paz) &nbsp; In Memoriam ist eine Gruppe von Freiwilligen und Mitarbeitern und Mitarbeiterinnen, die sich regelm\u00e4\u00dfig treffen um die Erinnerung an den Gr\u00fcnder des Vereins, Don Giancarlo Bertagnolli, wach&hellip;<\/p>\n","protected":false},"author":1,"featured_media":0,"parent":1581,"menu_order":0,"comment_status":"closed","ping_status":"closed","template":"","meta":{"footnotes":""},"class_list":["post-2783","page","type-page","status-publish","hentry","description-off"],"_links":{"self":[{"href":"https:\/\/www.lastrada-derweg.org\/index.php?rest_route=\/wp\/v2\/pages\/2783","targetHints":{"allow":["GET"]}}],"collection":[{"href":"https:\/\/www.lastrada-derweg.org\/index.php?rest_route=\/wp\/v2\/pages"}],"about":[{"href":"https:\/\/www.lastrada-derweg.org\/index.php?rest_route=\/wp\/v2\/types\/page"}],"author":[{"embeddable":true,"href":"https:\/\/www.lastrada-derweg.org\/index.php?rest_route=\/wp\/v2\/users\/1"}],"replies":[{"embeddable":true,"href":"https:\/\/www.lastrada-derweg.org\/index.php?rest_route=%2Fwp%2Fv2%2Fcomments&post=2783"}],"version-history":[{"count":9,"href":"https:\/\/www.lastrada-derweg.org\/index.php?rest_route=\/wp\/v2\/pages\/2783\/revisions"}],"predecessor-version":[{"id":7990,"href":"https:\/\/www.lastrada-derweg.org\/index.php?rest_route=\/wp\/v2\/pages\/2783\/revisions\/7990"}],"up":[{"embeddable":true,"href":"https:\/\/www.lastrada-derweg.org\/index.php?rest_route=\/wp\/v2\/pages\/1581"}],"wp:attachment":[{"href":"https:\/\/www.lastrada-derweg.org\/index.php?rest_route=%2Fwp%2Fv2%2Fmedia&parent=2783"}],"curies":[{"name":"wp","href":"https:\/\/api.w.org\/{rel}","templated":true}]}}