{"id":2787,"date":"2019-07-25T13:12:24","date_gmt":"2019-07-25T11:12:24","guid":{"rendered":"http:\/\/www.lastrada-derweg.org\/?page_id=2787"},"modified":"2024-06-07T13:29:35","modified_gmt":"2024-06-07T11:29:35","slug":"animare","status":"publish","type":"page","link":"https:\/\/www.lastrada-derweg.org\/?page_id=2787&lang=de","title":{"rendered":"Beseelen"},"content":{"rendered":"<div class=\"wpb-content-wrapper\"><p>[vc_row][vc_column width=&#8221;1\/2&#8243;][vc_custom_heading text=&#8221;Wo&#8221; use_theme_fonts=&#8221;yes&#8221;][vc_column_text css=&#8221;&#8221;]Verein La Strada \u2013 Der Weg ONLUS<br \/>\nMariaheimweg 42<br \/>\n39100 Bozen<\/p>\n<p>Bereichsleiter: <strong>Dario Volani<\/strong><\/p>\n<p><strong>\u00a0<\/strong>[\/vc_column_text][vc_custom_heading text=&#8221;Wer&#8221; use_theme_fonts=&#8221;yes&#8221;][vc_column_text]<\/p>\n<h2>Wer wir sind<\/h2>\n<p><em>\u201cKommst du mit mir heute Nacht die Seele anzuschauen? Bringe ein einfaches Kleid, klare Worte, ein bisschen Tr\u00e4ume und eine leichte Liebkosung mit.\u201d<\/em><\/p>\n<p>(Fabrizio Caramagna)<\/p>\n<p>Das Meeting \u201eBeseelen\u201c wird vom Studienzentrum mit dem Beitrag aller Freiwilligen, Freunde und Freundinnen sowie der Mitarbeiter und Mitarbeiterinnen und der Mitglieder des Vereins organisiert.<\/p>\n<p><strong>\u00a0<\/strong>[\/vc_column_text][\/vc_column][vc_column width=&#8221;1\/2&#8243;][vc_single_image image=&#8221;2973&#8243; img_size=&#8221;full&#8221;][\/vc_column][\/vc_row][vc_row][vc_column][vc_custom_heading text=&#8221;Was&#8221; use_theme_fonts=&#8221;yes&#8221;][vc_column_text]Der Verein gibt und f\u00f6rdert durch beSEELEn die M\u00f6glichkeit des Austauschs bew\u00e4hrter Praktiken und Erfahrungen. All dies geschieht in Form eines j\u00e4hrlichen Treffens (ANIMAre &#8211; beSEELEn), in vier j\u00e4hrlichen Treffen, die als &#8220;belebende Worte&#8221; bezeichnet werden, und in weiteren Treffen und Aktionen, bei denen die Erfahrungen unserer Dienste in \u201eKultur\u201c umgesetzt wird.[\/vc_column_text][\/vc_column][\/vc_row][vc_row][vc_column width=&#8221;1\/3&#8243;][vc_custom_heading text=&#8221;F\u00fcr wen&#8221; use_theme_fonts=&#8221;yes&#8221;][vc_column_text]F\u00fcr alle Interessierten<\/p>\n<p><strong>\u00a0<\/strong>[\/vc_column_text][\/vc_column][vc_column width=&#8221;1\/3&#8243;][vc_custom_heading text=&#8221;Warum&#8221; use_theme_fonts=&#8221;yes&#8221;][vc_column_text]beSEELEn bezieht sich sowohl auf Animation\/Anstoss in ihren verschiedenen Formen und Ausdr\u00fccken als auch auf die Suche nach einem tieferen Sinn. Mit beSEELEn dr\u00fccken wir auch aus, wie wichtig es ist, einen Beitrag zu Forschung, Dialog, Reflexion, kultureller Bildung, kreativem Denken und Vertiefung zu leisten.<\/p>\n<p><strong>\u00a0<\/strong>[\/vc_column_text][\/vc_column][vc_column width=&#8221;1\/3&#8243;][vc_custom_heading text=&#8221;Wann&#8221; use_theme_fonts=&#8221;yes&#8221;][vc_column_text]Das Meeting \u201ebeSEELEn\u201c findet normalerweise jedes Jahr zwischen M\u00e4rz und April statt.<\/p>\n<p>\u201eBelebende Worte\u201c erfolgt ohne Einhaltung eines festen Kalenders.<\/p>\n<p><strong>\u00a0<\/strong>[\/vc_column_text][\/vc_column][\/vc_row]<\/p>\n<\/div>","protected":false},"excerpt":{"rendered":"<p>[vc_row][vc_column width=&#8221;1\/2&#8243;][vc_custom_heading text=&#8221;Wo&#8221; use_theme_fonts=&#8221;yes&#8221;][vc_column_text css=&#8221;&#8221;]Verein La Strada \u2013 Der Weg ONLUS Mariaheimweg 42 39100 Bozen Bereichsleiter: Dario Volani \u00a0[\/vc_column_text][vc_custom_heading text=&#8221;Wer&#8221; use_theme_fonts=&#8221;yes&#8221;][vc_column_text] Wer wir sind \u201cKommst du mit mir heute Nacht die Seele anzuschauen? Bringe ein einfaches Kleid, klare Worte, ein bisschen Tr\u00e4ume und eine leichte Liebkosung mit.\u201d (Fabrizio Caramagna) Das Meeting \u201eBeseelen\u201c wird vom Studienzentrum&hellip;<\/p>\n","protected":false},"author":1,"featured_media":0,"parent":1581,"menu_order":0,"comment_status":"closed","ping_status":"closed","template":"","meta":{"footnotes":""},"class_list":["post-2787","page","type-page","status-publish","hentry","description-off"],"_links":{"self":[{"href":"https:\/\/www.lastrada-derweg.org\/index.php?rest_route=\/wp\/v2\/pages\/2787","targetHints":{"allow":["GET"]}}],"collection":[{"href":"https:\/\/www.lastrada-derweg.org\/index.php?rest_route=\/wp\/v2\/pages"}],"about":[{"href":"https:\/\/www.lastrada-derweg.org\/index.php?rest_route=\/wp\/v2\/types\/page"}],"author":[{"embeddable":true,"href":"https:\/\/www.lastrada-derweg.org\/index.php?rest_route=\/wp\/v2\/users\/1"}],"replies":[{"embeddable":true,"href":"https:\/\/www.lastrada-derweg.org\/index.php?rest_route=%2Fwp%2Fv2%2Fcomments&post=2787"}],"version-history":[{"count":10,"href":"https:\/\/www.lastrada-derweg.org\/index.php?rest_route=\/wp\/v2\/pages\/2787\/revisions"}],"predecessor-version":[{"id":9966,"href":"https:\/\/www.lastrada-derweg.org\/index.php?rest_route=\/wp\/v2\/pages\/2787\/revisions\/9966"}],"up":[{"embeddable":true,"href":"https:\/\/www.lastrada-derweg.org\/index.php?rest_route=\/wp\/v2\/pages\/1581"}],"wp:attachment":[{"href":"https:\/\/www.lastrada-derweg.org\/index.php?rest_route=%2Fwp%2Fv2%2Fmedia&parent=2787"}],"curies":[{"name":"wp","href":"https:\/\/api.w.org\/{rel}","templated":true}]}}