{"id":2792,"date":"2019-07-25T13:17:54","date_gmt":"2019-07-25T11:17:54","guid":{"rendered":"http:\/\/www.lastrada-derweg.org\/?page_id=2792"},"modified":"2025-03-06T12:34:52","modified_gmt":"2025-03-06T11:34:52","slug":"unita-progettazione-fse","status":"publish","type":"page","link":"https:\/\/www.lastrada-derweg.org\/?page_id=2792&lang=de","title":{"rendered":"B\u00fcro f\u00fcr Projektplanung\/ ESF"},"content":{"rendered":"<div class=\"wpb-content-wrapper\"><p>[vc_row][vc_column width=&#8221;1\/2&#8243;][vc_custom_heading text=&#8221;Wer&#8221; use_theme_fonts=&#8221;yes&#8221;][vc_column_text]<em>\u201cEin Traum ist nur ein Traum. Ein Ziel ist ein Traum mit einem Projekt und einer Frist.\u201d<\/em><\/p>\n<p><em>\u00a0(Harvey B. Mackay)<\/em><\/p>\n<p>Der Verein hat eine koordinierte Planungseinheit eingerichtet, die von einem spezialisierten Projektplaner geleitet wird[\/vc_column_text][vc_custom_heading text=&#8221;Wo&#8221; use_theme_fonts=&#8221;yes&#8221;][vc_column_text css=&#8221;&#8221;]Dienst f\u00fcr Planung<br \/>\nVerein La Strada \u2013 Der Weg<br \/>\nMariaheimweg 42<br \/>\n39100 Bozen<\/p>\n<p>Tel. 0471 203 111<\/p>\n<p><a href=\"mailto:progettazione@lastrada-derweg.org\">planung@lastrada-derweg.org<\/a><\/p>\n<p>Verantwortliche: Elena Faccio \u2013 347 0101724<\/p>\n<p>[\/vc_column_text][\/vc_column][vc_column width=&#8221;1\/2&#8243;][vc_single_image image=&#8221;2991&#8243; img_size=&#8221;full&#8221;][\/vc_column][\/vc_row][vc_row][vc_column][vc_custom_heading text=&#8221;Was&#8221; use_theme_fonts=&#8221;yes&#8221;][vc_column_text]<\/p>\n<ul>\n<li>Planung im sozialen Bereich<\/li>\n<li>Project Management<\/li>\n<\/ul>\n<p>Die Planungseinheit sammelt und verarbeitet Daten, Informationen, Wissen und Erfahrungen der im Verein t\u00e4tigen Personen. Durch eine Analyse der Bed\u00fcrfnisse und Kontexte m\u00f6chte der Verein die stattfindenden Ver\u00e4nderungen, den Wandel der Ausdrucksformen von M\u00fcdigkeit und Unbehagen kennenlernen und verstehen, um neue Kenntnisse, F\u00e4higkeiten und Fertigkeiten entwickeln zu k\u00f6nnen.<\/p>\n<p>Um gut zu funktionieren, ist es notwendig zu lernen, zu lesen und zu interpretieren, was passiert und was wir tun, um dann jene Interventionen zu planen und zu projektieren, die in der Lage sind, gezielt auf alte und neue Bed\u00fcrfnisse einzugehen.<\/p>\n<p>Eine sorgf\u00e4ltige Planung erm\u00f6glicht es, den Dienstleistungen eine h\u00f6here Qualit\u00e4t zu verleihen, auch durch die Beschreibung von Zielen und Indikatoren, anhand derer das eigene Angebot gemessen werden kann.<\/p>\n<p>&nbsp;<\/p>\n<p>T\u00e4tigkeiten:<\/p>\n<ul>\n<li>Sammlung der Daten und Ausarbeitung des Sozialberichtes<\/li>\n<li>Forschung<\/li>\n<li>Studium<\/li>\n<li>Projektausarbeitung<\/li>\n<\/ul>\n<p>[\/vc_column_text][\/vc_column][\/vc_row][vc_row][vc_column width=&#8221;1\/3&#8243;][vc_custom_heading text=&#8221;F\u00fcr wen&#8221; use_theme_fonts=&#8221;yes&#8221;][vc_column_text]F\u00fcr interne Dienste sowie f\u00fcr Organisationen und externe Stellen.[\/vc_column_text][\/vc_column][vc_column width=&#8221;1\/3&#8243;][vc_custom_heading text=&#8221;Warum&#8221; use_theme_fonts=&#8221;yes&#8221;][vc_column_text]Projektierung erm\u00f6glicht:<\/p>\n<ul>\n<li>Genauere Definition der Zielvorstellung<\/li>\n<li>Herbeif\u00fchrung von Ver\u00e4nderungen, um Probleme zu l\u00f6sen oder menschlich und sozial bedeutsame Probleme zu reduzieren<\/li>\n<li>\u00fcber ein methodisches Instrument zu verf\u00fcgen, um Strategien und Ma\u00dfnahmen mit Effektivit\u00e4t, Effizienz und Nachhaltigkeit zu definieren<\/li>\n<li>Zugang zu verschiedenen Finanzierungen<\/li>\n<li>Bewertung und Verbesserung<\/li>\n<\/ul>\n<p>[\/vc_column_text][\/vc_column][vc_column width=&#8221;1\/3&#8243;][vc_custom_heading text=&#8221;Wann&#8221; use_theme_fonts=&#8221;yes&#8221;][vc_column_text]Montag bis Donnerstag von 09.00 bis 12.30 und 14.00 bis 17.00 Uhr<\/p>\n<p>Freitag von 9.00 bis 12.30 Uhr[\/vc_column_text][\/vc_column][\/vc_row]<\/p>\n<\/div>","protected":false},"excerpt":{"rendered":"<p>[vc_row][vc_column width=&#8221;1\/2&#8243;][vc_custom_heading text=&#8221;Wer&#8221; use_theme_fonts=&#8221;yes&#8221;][vc_column_text]\u201cEin Traum ist nur ein Traum. Ein Ziel ist ein Traum mit einem Projekt und einer Frist.\u201d \u00a0(Harvey B. Mackay) Der Verein hat eine koordinierte Planungseinheit eingerichtet, die von einem spezialisierten Projektplaner geleitet wird[\/vc_column_text][vc_custom_heading text=&#8221;Wo&#8221; use_theme_fonts=&#8221;yes&#8221;][vc_column_text css=&#8221;&#8221;]Dienst f\u00fcr Planung Verein La Strada \u2013 Der Weg Mariaheimweg 42 39100 Bozen Tel. 0471 203&hellip;<\/p>\n","protected":false},"author":1,"featured_media":0,"parent":1581,"menu_order":0,"comment_status":"closed","ping_status":"closed","template":"","meta":{"footnotes":""},"class_list":["post-2792","page","type-page","status-publish","hentry","description-off"],"_links":{"self":[{"href":"https:\/\/www.lastrada-derweg.org\/index.php?rest_route=\/wp\/v2\/pages\/2792","targetHints":{"allow":["GET"]}}],"collection":[{"href":"https:\/\/www.lastrada-derweg.org\/index.php?rest_route=\/wp\/v2\/pages"}],"about":[{"href":"https:\/\/www.lastrada-derweg.org\/index.php?rest_route=\/wp\/v2\/types\/page"}],"author":[{"embeddable":true,"href":"https:\/\/www.lastrada-derweg.org\/index.php?rest_route=\/wp\/v2\/users\/1"}],"replies":[{"embeddable":true,"href":"https:\/\/www.lastrada-derweg.org\/index.php?rest_route=%2Fwp%2Fv2%2Fcomments&post=2792"}],"version-history":[{"count":10,"href":"https:\/\/www.lastrada-derweg.org\/index.php?rest_route=\/wp\/v2\/pages\/2792\/revisions"}],"predecessor-version":[{"id":11948,"href":"https:\/\/www.lastrada-derweg.org\/index.php?rest_route=\/wp\/v2\/pages\/2792\/revisions\/11948"}],"up":[{"embeddable":true,"href":"https:\/\/www.lastrada-derweg.org\/index.php?rest_route=\/wp\/v2\/pages\/1581"}],"wp:attachment":[{"href":"https:\/\/www.lastrada-derweg.org\/index.php?rest_route=%2Fwp%2Fv2%2Fmedia&parent=2792"}],"curies":[{"name":"wp","href":"https:\/\/api.w.org\/{rel}","templated":true}]}}