{"id":2795,"date":"2019-07-25T13:20:07","date_gmt":"2019-07-25T11:20:07","guid":{"rendered":"http:\/\/www.lastrada-derweg.org\/?page_id=2795"},"modified":"2019-11-14T18:25:45","modified_gmt":"2019-11-14T17:25:45","slug":"formazione","status":"publish","type":"page","link":"https:\/\/www.lastrada-derweg.org\/?page_id=2795","title":{"rendered":"Formazione"},"content":{"rendered":"<div class=\"wpb-content-wrapper\"><p>[vc_row][vc_column width=&#8221;1\/2&#8243;][vc_custom_heading text=&#8221;Chi siamo&#8221; use_theme_fonts=&#8221;yes&#8221;][vc_column_text]<em>L\u2019apprendimento \u00e8 un tesoro che seguir\u00e0 il suo proprietario ovunque.<\/em><br \/>\n(Proverbio cinese)<\/p>\n<p>Al fine di pianificare, coordinare e organizzare le diverse proposte formative l\u2019Associazione si \u00e8 organizzata istituendo un\u2019unit\u00e0 di formazione composta dal Direttore, da due Responsabili di Area, da due Coordinatori e da un referente del centro Studi (Paolo Marcato, Claudio Ansaloni,\u00a0 Marina Bruccoleri, Cristina De Paoli, Manuela Gius, Francesco Campana).[\/vc_column_text][vc_custom_heading text=&#8221;Dove siamo&#8221; use_theme_fonts=&#8221;yes&#8221;][vc_column_text]Centro Studi &#8220;G. Antonin&#8221;<br \/>\nVia Visitazione 42 \u2013 39100 Bolzano<br \/>\nTel. 0471 203111<br \/>\nFax 0471 201585<\/p>\n<p><a href=\"mailto:formazione@lastrada-derweg.org\">formazione@lastrada-derweg.org<\/a>[\/vc_column_text][\/vc_column][vc_column width=&#8221;1\/2&#8243;][vc_single_image image=&#8221;2980&#8243; img_size=&#8221;full&#8221;][\/vc_column][\/vc_row][vc_row][vc_column][vc_custom_heading text=&#8221;Cosa facciamo&#8221; use_theme_fonts=&#8221;yes&#8221;][vc_column_text]<\/p>\n<ul>\n<li>raccolta dei bisogni e dei desideri formativi<\/li>\n<li>definizione del piano delle proposte formative<\/li>\n<li>organizzazione di percorsi di formazione per operatori e volontari (sia interni sia esterni all\u2019Associazione).<\/li>\n<\/ul>\n<p>[\/vc_column_text][\/vc_column][\/vc_row][vc_row][vc_column width=&#8221;1\/3&#8243;][vc_custom_heading text=&#8221;Per chi&#8221; use_theme_fonts=&#8221;yes&#8221;][vc_column_text]I destinatari dei corsi di formazione sono generalmente professionisti o volontari attivi in ambito sociale e sanitario, oppure animatori e operatori in ambito giovanile, scolastico e culturale.[\/vc_column_text][\/vc_column][vc_column width=&#8221;1\/3&#8243;][vc_custom_heading text=&#8221;Perch\u00e9&#8221; use_theme_fonts=&#8221;yes&#8221;][vc_column_text]La formazione e l\u2019aggiornamento sono indispensabili per riuscire a proporre servizi di qualit\u00e0. Ogni persona ha la possibilit\u00e0 e la necessit\u00e0 di acquisire e migliorare le proprie competenze.[\/vc_column_text][\/vc_column][vc_column width=&#8221;1\/3&#8243;][vc_custom_heading text=&#8221;Quando&#8221; use_theme_fonts=&#8221;yes&#8221;][vc_column_text]Secondo un calendario annuale[\/vc_column_text][\/vc_column][\/vc_row]<\/p>\n<\/div>","protected":false},"excerpt":{"rendered":"<p>[vc_row][vc_column width=&#8221;1\/2&#8243;][vc_custom_heading text=&#8221;Chi siamo&#8221; use_theme_fonts=&#8221;yes&#8221;][vc_column_text]L\u2019apprendimento \u00e8 un tesoro che seguir\u00e0 il suo proprietario ovunque. (Proverbio cinese) Al fine di pianificare, coordinare e organizzare le diverse proposte formative l\u2019Associazione si \u00e8 organizzata istituendo un\u2019unit\u00e0 di formazione composta dal Direttore, da due Responsabili di Area, da due Coordinatori e da un referente del centro Studi (Paolo Marcato,&hellip;<\/p>\n","protected":false},"author":1,"featured_media":0,"parent":1554,"menu_order":0,"comment_status":"closed","ping_status":"closed","template":"","meta":{"footnotes":""},"class_list":["post-2795","page","type-page","status-publish","hentry","description-off"],"_links":{"self":[{"href":"https:\/\/www.lastrada-derweg.org\/index.php?rest_route=\/wp\/v2\/pages\/2795","targetHints":{"allow":["GET"]}}],"collection":[{"href":"https:\/\/www.lastrada-derweg.org\/index.php?rest_route=\/wp\/v2\/pages"}],"about":[{"href":"https:\/\/www.lastrada-derweg.org\/index.php?rest_route=\/wp\/v2\/types\/page"}],"author":[{"embeddable":true,"href":"https:\/\/www.lastrada-derweg.org\/index.php?rest_route=\/wp\/v2\/users\/1"}],"replies":[{"embeddable":true,"href":"https:\/\/www.lastrada-derweg.org\/index.php?rest_route=%2Fwp%2Fv2%2Fcomments&post=2795"}],"version-history":[{"count":4,"href":"https:\/\/www.lastrada-derweg.org\/index.php?rest_route=\/wp\/v2\/pages\/2795\/revisions"}],"predecessor-version":[{"id":3526,"href":"https:\/\/www.lastrada-derweg.org\/index.php?rest_route=\/wp\/v2\/pages\/2795\/revisions\/3526"}],"up":[{"embeddable":true,"href":"https:\/\/www.lastrada-derweg.org\/index.php?rest_route=\/wp\/v2\/pages\/1554"}],"wp:attachment":[{"href":"https:\/\/www.lastrada-derweg.org\/index.php?rest_route=%2Fwp%2Fv2%2Fmedia&parent=2795"}],"curies":[{"name":"wp","href":"https:\/\/api.w.org\/{rel}","templated":true}]}}