{"id":2857,"date":"2019-07-26T14:29:50","date_gmt":"2019-07-26T12:29:50","guid":{"rendered":"http:\/\/www.lastrada-derweg.org\/?page_id=2857"},"modified":"2021-08-17T10:30:25","modified_gmt":"2021-08-17T08:30:25","slug":"fachplan","status":"publish","type":"page","link":"https:\/\/www.lastrada-derweg.org\/?page_id=2857","title":{"rendered":"Piano di settore Donna"},"content":{"rendered":"<div class=\"wpb-content-wrapper\"><p>[vc_row][vc_column width=&#8221;1\/2&#8243;][vc_custom_heading text=&#8221;Chi siamo&#8221; use_theme_fonts=&#8221;yes&#8221;][vc_column_text]L\u2019associazione \u201cLa Strada-Der Weg\u201d attraverso l\u2019area Donna e pari Opportunit\u00e0, partecipa all\u2019intervento inerente il Piano di Settore Donna dell\u2019Azienda Servizi Sociali di Bolzano e del comune di Bolzano, Ufficio Donna, attraverso interventi di prevenzione alla violenza sulle donne, offerti agli istituti scolastici del territorio, in stretta sinergia con l\u2019associazione Gea e la associazione Casa degli alloggi Protetti[\/vc_column_text][vc_custom_heading text=&#8221;Dove siamo&#8221; use_theme_fonts=&#8221;yes&#8221;][vc_column_text]Area Prevenzione e Consulenza<br \/>\nAssociazione \u201cLa Strada \u2013 Der Weg ONLUS&#8221;<br \/>\nVia Visitazione 42 &#8211; 39100 Bolzano<br \/>\n0471 203111<br \/>\nmarina.bruccoleri@lastrada-derweg.org<\/p>\n<p>Responsabile: Dott.ssa Marina Bruccoleri \u2013 348 2810662<br \/>\nCoordinatrice: Dott.ssa Arianna Barbagallo 348 1572304[\/vc_column_text][\/vc_column][vc_column width=&#8221;1\/2&#8243;][vc_single_image image=&#8221;2872&#8243; img_size=&#8221;full&#8221;][\/vc_column][\/vc_row][vc_row][vc_column][vc_custom_heading text=&#8221;Cosa facciamo&#8221; use_theme_fonts=&#8221;yes&#8221;][vc_column_text]All\u2019interno del \u201cpiano settore Donne in situazione di violenza\u201d si evidenzia un obiettivo specifico per la prevenzione della violenza contro le donne : da fiducia, domestica e da sfruttamento. E\u2019 proprio l\u2019ambito della prevenzione alla violenza di genere da tratta e sfruttamento, quello in cui le operatrici dell\u2019area intervengono in ambito scolastico. Il\u201dprogetto di prevenzione della violenza di genere nelle scuole della citt\u00e0 di Bolzano\u201d si inserisce pienamente nella sesta azione prevista nel \u201cPiano per il benessere dello studente\u201d del Ministero della Pubblica Istruzione<br \/>\nVengono offerti e attuati interventi con gli studenti da parte di personale specializzato affinch\u00e9 i\/le ragazze\/i sappiano riconoscere la violenza che vedono, subiscono, agiscono e imparino a reagire correttamente e a sperimentare modelli relazionali non violenti.<br \/>\n[\/vc_column_text][\/vc_column][\/vc_row][vc_row][vc_column width=&#8221;1\/3&#8243;][vc_custom_heading text=&#8221;Per chi&#8221; use_theme_fonts=&#8221;yes&#8221;][vc_column_text]Studentesse e studenti delle scuole secondarie di primo e secondo grado.[\/vc_column_text][\/vc_column][vc_column width=&#8221;1\/3&#8243;][vc_custom_heading text=&#8221;Perch\u00e9&#8221; use_theme_fonts=&#8221;yes&#8221;][vc_column_text]Le finalit\u00e0 del progetto sono di rendere i\/le giovani, a seconda della loro fase di sviluppo, maggiormente consapevoli delle diversit\u00e0 psicologiche, sociali e culturali tra maschi e femmine, in modo da aumentare la conoscenza reciproca ed il rispetto tra i generi. La violenza contro le donne \u00e8 infatti strettamente collegata a modelli culturali fortemente radicati nelle persone. In un\u2019ottica di prevenzione lavorare con i\/le giovani \u00e8 importante per dare loro la possibilit\u00e0 di conoscere il fenomeno della violenza contro le donne, perch\u00e9 sappiano riconoscerlo. E\u2019 soprattutto utile che i giovani ricevano informazioni sui servizi specifici presenti sul territorio.<br \/>\nObiettivi e azioni:<br \/>\n\u2022 sostenere la diversit\u00e0 di genere come valore (sessualit\u00e0, identit\u00e0, comunicazione e relazione);<br \/>\n\u2022 promuovere le pari opportunit\u00e0;<br \/>\n\u2022 educare al rispetto dell\u2019altro e a comportamenti sessuali responsabili \u2013 Piano per il Benessere dello Studente del Ministero della Pubblica Istruzione.<\/p>\n<p>[\/vc_column_text][\/vc_column][vc_column width=&#8221;1\/3&#8243;][vc_custom_heading text=&#8221;Quando&#8221; use_theme_fonts=&#8221;yes&#8221;][vc_column_text]Ci si riferisce alla programmazione annuale con le varie scuole del territorio<\/p>\n<p>[\/vc_column_text][\/vc_column][\/vc_row]<\/p>\n<\/div>","protected":false},"excerpt":{"rendered":"<p>[vc_row][vc_column width=&#8221;1\/2&#8243;][vc_custom_heading text=&#8221;Chi siamo&#8221; use_theme_fonts=&#8221;yes&#8221;][vc_column_text]L\u2019associazione \u201cLa Strada-Der Weg\u201d attraverso l\u2019area Donna e pari Opportunit\u00e0, partecipa all\u2019intervento inerente il Piano di Settore Donna dell\u2019Azienda Servizi Sociali di Bolzano e del comune di Bolzano, Ufficio Donna, attraverso interventi di prevenzione alla violenza sulle donne, offerti agli istituti scolastici del territorio, in stretta sinergia con l\u2019associazione Gea e&hellip;<\/p>\n","protected":false},"author":2,"featured_media":0,"parent":1795,"menu_order":0,"comment_status":"closed","ping_status":"closed","template":"","meta":{"footnotes":""},"class_list":["post-2857","page","type-page","status-publish","hentry","description-off"],"_links":{"self":[{"href":"https:\/\/www.lastrada-derweg.org\/index.php?rest_route=\/wp\/v2\/pages\/2857","targetHints":{"allow":["GET"]}}],"collection":[{"href":"https:\/\/www.lastrada-derweg.org\/index.php?rest_route=\/wp\/v2\/pages"}],"about":[{"href":"https:\/\/www.lastrada-derweg.org\/index.php?rest_route=\/wp\/v2\/types\/page"}],"author":[{"embeddable":true,"href":"https:\/\/www.lastrada-derweg.org\/index.php?rest_route=\/wp\/v2\/users\/2"}],"replies":[{"embeddable":true,"href":"https:\/\/www.lastrada-derweg.org\/index.php?rest_route=%2Fwp%2Fv2%2Fcomments&post=2857"}],"version-history":[{"count":9,"href":"https:\/\/www.lastrada-derweg.org\/index.php?rest_route=\/wp\/v2\/pages\/2857\/revisions"}],"predecessor-version":[{"id":6604,"href":"https:\/\/www.lastrada-derweg.org\/index.php?rest_route=\/wp\/v2\/pages\/2857\/revisions\/6604"}],"up":[{"embeddable":true,"href":"https:\/\/www.lastrada-derweg.org\/index.php?rest_route=\/wp\/v2\/pages\/1795"}],"wp:attachment":[{"href":"https:\/\/www.lastrada-derweg.org\/index.php?rest_route=%2Fwp%2Fv2%2Fmedia&parent=2857"}],"curies":[{"name":"wp","href":"https:\/\/api.w.org\/{rel}","templated":true}]}}