{"id":2860,"date":"2019-07-26T14:31:12","date_gmt":"2019-07-26T12:31:12","guid":{"rendered":"http:\/\/www.lastrada-derweg.org\/?page_id=2860"},"modified":"2022-11-03T11:35:15","modified_gmt":"2022-11-03T10:35:15","slug":"2860-2","status":"publish","type":"page","link":"https:\/\/www.lastrada-derweg.org\/?page_id=2860&lang=de","title":{"rendered":"Fachplan f\u00fcr Frauen in Gewaltsituationen"},"content":{"rendered":"<div class=\"wpb-content-wrapper\"><p>[vc_row][vc_column width=&#8221;1\/2&#8243;][vc_custom_heading text=&#8221;Wer&#8221; use_theme_fonts=&#8221;yes&#8221;][vc_column_text]Im Rahmen des Bereichs Frau und Chancengleichheit nimmt der Verein \u201cLa Strada \u2013 Der Weg\u201d an den Aktivit\u00e4ten des \u201eFachplans f\u00fcr Frauen in Gewaltsituationen\u201c des Betriebes f\u00fcr Sozialdienste Bozen und des Frauenb\u00fcros der Gemeinde Bozen teil. In Zusammenarbeit mit den Vereinen Gea und Haus der gesch\u00fctzten Wohnungen werden den verschiedenen Schulsprengeln des Territoriums Aktivit\u00e4ten zur Pr\u00e4vention von Gewalt gegen Frauen angeboten.[\/vc_column_text][vc_custom_heading text=&#8221;Wo&#8221; use_theme_fonts=&#8221;yes&#8221;][vc_column_text]Bereich Pr\u00e4vention und Beratung<br \/>\nVerein \u201cLa Strada \u2013 Der Weg ONLUS&#8221;<br \/>\nMariaheimweg 42 &#8211;\u00a0 39100 Bozen<br \/>\nTel. 0471 203111<br \/>\nemail: marina.bruccoleri@lastrada-derweg.org<br \/>\nBereichsverantwortliche: Dr.in Marina Bruccoleri 348 2810662<br \/>\nKoordinatorin: Dr.in Arianna Barbagallo 348 1572304[\/vc_column_text][\/vc_column][vc_column width=&#8221;1\/2&#8243;][vc_single_image image=&#8221;2870&#8243; img_size=&#8221;full&#8221;][\/vc_column][\/vc_row][vc_row][vc_column][vc_custom_heading text=&#8221;Was&#8221; use_theme_fonts=&#8221;yes&#8221;][vc_column_text]Innerhalb des &#8220;Fachplans f\u00fcr Frauen in Gewaltsituationen&#8221; gibt es ein spezifisches Ziel f\u00fcr die Pr\u00e4vention von Gewalt gegen Frauen: von Vertrauen, h\u00e4uslicher Gewalt und Ausbeutung. Die Mitarbeiter*innen dieses Bereiches leisten in den Schulen Pr\u00e4ventionsarbeit im Bereich der Vorbeugung geschlechtsspezifischer Gewalt bei Menschenhandel und Ausbeutung.<br \/>\nDas &#8220;Projekt zur Pr\u00e4vention geschlechtsspezifischer Gewalt in den Schulen der Stadt Bozen&#8221; ist Teil der sechsten Aktion, die im &#8220;Plan f\u00fcr das Wohlergehen der Sch\u00fcler&#8221; des Bildungsministeriums vorgesehen ist.<br \/>\nFachpersonen bieten Interventionen mit Sch\u00fclern und Sch\u00fclerinnen an, damit die M\u00e4dchen und Buben die Gewalt, die sie sehen, erleiden, ausf\u00fchren, als solche erkennen und lernen, richtig zu reagieren und gewaltfreie Beziehungsmodelle umzusetzen.[\/vc_column_text][\/vc_column][\/vc_row][vc_row][vc_column width=&#8221;1\/3&#8243;][vc_custom_heading text=&#8221;F\u00fcr wen&#8221; use_theme_fonts=&#8221;yes&#8221;][vc_column_text]Sch\u00fclerinnen und Sch\u00fcler der Mittel- und Oberschulen.[\/vc_column_text][\/vc_column][vc_column width=&#8221;1\/3&#8243;][vc_custom_heading text=&#8221;Warum&#8221; use_theme_fonts=&#8221;yes&#8221;][vc_column_text]Ziel des Projekts ist es, junge Menschen entsprechend ihrer Entwicklungsphase f\u00fcr die psychologischen, sozialen und kulturellen Unterschiede zwischen M\u00e4nnern und Frauen zu sensibilisieren, mit dem Ziel das gegenseitige Wissen und den Respekt zwischen den Geschlechtern zu verbessern.<br \/>\nGewalt gegen Frauen ist in der Tat eng mit kulturellen Modellen verbunden, die tief in den Menschen verwurzelt sind. Im Hinblick auf die Pr\u00e4vention ist die Arbeit mit jungen Menschen wichtig, um ihnen die M\u00f6glichkeit zu geben, das Ph\u00e4nomen der Gewalt gegen Frauen kennenzulernen, damit sie wissen, wie sie es erkennen k\u00f6nnen.<br \/>\nEs ist vor allem wichtig, dass junge Menschen Informationen \u00fcber die spezifischen Angebote in ihrem Umfeld erhalten.<br \/>\nZiele und Aktionen:<br \/>\n\u2022 Unterst\u00fctzung der geschlechtsspezifischen Vielfalt als Wert (Sexualit\u00e4t, Identit\u00e4t, Kommunikation und Beziehung);<br \/>\n\u2022 F\u00f6rderung der Chancengleichheit;<br \/>\n\u2022 Erziehen zu einem respektvollen Miteinander und zu einem verantwortungsbewussten Sexualverhalten \u2013 \u201ePlan f\u00fcr das Wohlergehen der Sch\u00fcler\u201c des Bildungsministeriums.<br \/>\n[\/vc_column_text][\/vc_column][vc_column width=&#8221;1\/3&#8243;][vc_custom_heading text=&#8221;Wann&#8221; use_theme_fonts=&#8221;yes&#8221;][vc_column_text]Abh\u00e4ngig vom jeweiligen Jahresprogramm der verschiedenen Schulen auf dem Territorium<\/p>\n<p>[\/vc_column_text][\/vc_column][\/vc_row]<\/p>\n<\/div>","protected":false},"excerpt":{"rendered":"<p>[vc_row][vc_column width=&#8221;1\/2&#8243;][vc_custom_heading text=&#8221;Wer&#8221; use_theme_fonts=&#8221;yes&#8221;][vc_column_text]Im Rahmen des Bereichs Frau und Chancengleichheit nimmt der Verein \u201cLa Strada \u2013 Der Weg\u201d an den Aktivit\u00e4ten des \u201eFachplans f\u00fcr Frauen in Gewaltsituationen\u201c des Betriebes f\u00fcr Sozialdienste Bozen und des Frauenb\u00fcros der Gemeinde Bozen teil. In Zusammenarbeit mit den Vereinen Gea und Haus der gesch\u00fctzten Wohnungen werden den verschiedenen Schulsprengeln des&hellip;<\/p>\n","protected":false},"author":2,"featured_media":0,"parent":1799,"menu_order":0,"comment_status":"closed","ping_status":"closed","template":"","meta":{"footnotes":""},"class_list":["post-2860","page","type-page","status-publish","hentry","description-off"],"_links":{"self":[{"href":"https:\/\/www.lastrada-derweg.org\/index.php?rest_route=\/wp\/v2\/pages\/2860","targetHints":{"allow":["GET"]}}],"collection":[{"href":"https:\/\/www.lastrada-derweg.org\/index.php?rest_route=\/wp\/v2\/pages"}],"about":[{"href":"https:\/\/www.lastrada-derweg.org\/index.php?rest_route=\/wp\/v2\/types\/page"}],"author":[{"embeddable":true,"href":"https:\/\/www.lastrada-derweg.org\/index.php?rest_route=\/wp\/v2\/users\/2"}],"replies":[{"embeddable":true,"href":"https:\/\/www.lastrada-derweg.org\/index.php?rest_route=%2Fwp%2Fv2%2Fcomments&post=2860"}],"version-history":[{"count":10,"href":"https:\/\/www.lastrada-derweg.org\/index.php?rest_route=\/wp\/v2\/pages\/2860\/revisions"}],"predecessor-version":[{"id":7970,"href":"https:\/\/www.lastrada-derweg.org\/index.php?rest_route=\/wp\/v2\/pages\/2860\/revisions\/7970"}],"up":[{"embeddable":true,"href":"https:\/\/www.lastrada-derweg.org\/index.php?rest_route=\/wp\/v2\/pages\/1799"}],"wp:attachment":[{"href":"https:\/\/www.lastrada-derweg.org\/index.php?rest_route=%2Fwp%2Fv2%2Fmedia&parent=2860"}],"curies":[{"name":"wp","href":"https:\/\/api.w.org\/{rel}","templated":true}]}}