{"id":3051,"date":"2019-08-08T12:32:16","date_gmt":"2019-08-08T10:32:16","guid":{"rendered":"http:\/\/www.lastrada-derweg.org\/?page_id=3051"},"modified":"2021-06-18T11:35:13","modified_gmt":"2021-06-18T09:35:13","slug":"ufficio-manutenzione","status":"publish","type":"page","link":"https:\/\/www.lastrada-derweg.org\/?page_id=3051","title":{"rendered":"Manutenzione"},"content":{"rendered":"<div class=\"wpb-content-wrapper\"><p>[vc_row][vc_column width=&#8221;1\/2&#8243;][vc_custom_heading text=&#8221;Chi siamo&#8221; use_theme_fonts=&#8221;yes&#8221;][vc_column_text]L&#8217;ufficio \u00e8 gestito dal coordinatore della manutenzione da una operatrice e da un gruppo di servizi sociali volontari, volontari e lavoratori di utilit\u00e0 sociale.[\/vc_column_text][vc_custom_heading text=&#8221;Dove siamo&#8221; use_theme_fonts=&#8221;yes&#8221;][vc_column_text]Associazione &#8220;La Strada &#8211; Der Weg ONLUS&#8221;<br \/>\nVia Visitazione 42 &#8211; 39100 Bolzano<br \/>\ntel.: 0471 203111<br \/>\nfax: 0471 201585<\/p>\n<p><a href=\"mailto:manutenzione@lastrada-derweg.org\">manutenzione@lastrada-derweg.org<\/a><\/p>\n<p>coordinatore Marco Fasson (340 8587142)<\/p>\n<p>operatrice: Luana Agosta (331 6858893)[\/vc_column_text][\/vc_column][vc_column width=&#8221;1\/2&#8243;][vc_single_image image=&#8221;3110&#8243; img_size=&#8221;full&#8221;][\/vc_column][\/vc_row][vc_row][vc_column][vc_custom_heading text=&#8221;Cosa facciamo&#8221; use_theme_fonts=&#8221;yes&#8221;][vc_column_text]<\/p>\n<ul>\n<li>Aiutiamo i servizi nelle attivit\u00e0 di manutenzione degli immobili<\/li>\n<li>Aiutiamo i servizi nella gestione degli spazi all\u2019aperto (giardini)<\/li>\n<\/ul>\n<p>[\/vc_column_text][\/vc_column][\/vc_row][vc_row][vc_column width=&#8221;1\/3&#8243;][vc_custom_heading text=&#8221;Per chi&#8221; use_theme_fonts=&#8221;yes&#8221;][vc_column_text]Lavoriamo per tutto il personale stipendiato e volontario, per gli utenti e tutte le persone che in qualche modo svolgono attivit\u00e0 all\u2019interno dell\u2019associazione.[\/vc_column_text][\/vc_column][vc_column width=&#8221;1\/3&#8243;][vc_custom_heading text=&#8221;Perch\u00e9&#8221; use_theme_fonts=&#8221;yes&#8221;][vc_column_text]L&#8217;obiettivo primario \u00e8 di poter garantire un luogo di lavoro sicuro, adatto alle esigenze e particolarit\u00e0 di tutte le persone che dedicano tempo e risorse.[\/vc_column_text][\/vc_column][vc_column width=&#8221;1\/3&#8243;][vc_custom_heading text=&#8221;Quando&#8221; use_theme_fonts=&#8221;yes&#8221;][vc_column_text]dal luned\u00ec al venerd\u00ec: 08.00 &#8211; 12.00[\/vc_column_text][\/vc_column][\/vc_row]<\/p>\n<\/div>","protected":false},"excerpt":{"rendered":"<p>[vc_row][vc_column width=&#8221;1\/2&#8243;][vc_custom_heading text=&#8221;Chi siamo&#8221; use_theme_fonts=&#8221;yes&#8221;][vc_column_text]L&#8217;ufficio \u00e8 gestito dal coordinatore della manutenzione da una operatrice e da un gruppo di servizi sociali volontari, volontari e lavoratori di utilit\u00e0 sociale.[\/vc_column_text][vc_custom_heading text=&#8221;Dove siamo&#8221; use_theme_fonts=&#8221;yes&#8221;][vc_column_text]Associazione &#8220;La Strada &#8211; Der Weg ONLUS&#8221; Via Visitazione 42 &#8211; 39100 Bolzano tel.: 0471 203111 fax: 0471 201585 manutenzione@lastrada-derweg.org coordinatore Marco Fasson (340 8587142)&hellip;<\/p>\n","protected":false},"author":2,"featured_media":0,"parent":1841,"menu_order":0,"comment_status":"closed","ping_status":"closed","template":"","meta":{"footnotes":""},"class_list":["post-3051","page","type-page","status-publish","hentry","description-off"],"_links":{"self":[{"href":"https:\/\/www.lastrada-derweg.org\/index.php?rest_route=\/wp\/v2\/pages\/3051","targetHints":{"allow":["GET"]}}],"collection":[{"href":"https:\/\/www.lastrada-derweg.org\/index.php?rest_route=\/wp\/v2\/pages"}],"about":[{"href":"https:\/\/www.lastrada-derweg.org\/index.php?rest_route=\/wp\/v2\/types\/page"}],"author":[{"embeddable":true,"href":"https:\/\/www.lastrada-derweg.org\/index.php?rest_route=\/wp\/v2\/users\/2"}],"replies":[{"embeddable":true,"href":"https:\/\/www.lastrada-derweg.org\/index.php?rest_route=%2Fwp%2Fv2%2Fcomments&post=3051"}],"version-history":[{"count":7,"href":"https:\/\/www.lastrada-derweg.org\/index.php?rest_route=\/wp\/v2\/pages\/3051\/revisions"}],"predecessor-version":[{"id":6050,"href":"https:\/\/www.lastrada-derweg.org\/index.php?rest_route=\/wp\/v2\/pages\/3051\/revisions\/6050"}],"up":[{"embeddable":true,"href":"https:\/\/www.lastrada-derweg.org\/index.php?rest_route=\/wp\/v2\/pages\/1841"}],"wp:attachment":[{"href":"https:\/\/www.lastrada-derweg.org\/index.php?rest_route=%2Fwp%2Fv2%2Fmedia&parent=3051"}],"curies":[{"name":"wp","href":"https:\/\/api.w.org\/{rel}","templated":true}]}}