{"id":3053,"date":"2019-08-08T12:34:33","date_gmt":"2019-08-08T10:34:33","guid":{"rendered":"http:\/\/www.lastrada-derweg.org\/?page_id=3053"},"modified":"2021-06-18T11:35:34","modified_gmt":"2021-06-18T09:35:34","slug":"buero-fuer-instandhaltung","status":"publish","type":"page","link":"https:\/\/www.lastrada-derweg.org\/?page_id=3053&lang=de","title":{"rendered":"Instandhaltung"},"content":{"rendered":"<div class=\"wpb-content-wrapper\"><p>[vc_row][vc_column width=&#8221;1\/2&#8243;][vc_custom_heading text=&#8221;Wer&#8221; use_theme_fonts=&#8221;yes&#8221;][vc_column_text]Das Team besteht aus einem Koordinator und einer Mitarbeiterin sowie einer Gruppe freiwilliger Sozialdienstleistender, Freiwilliger und Personen, die gemeinnn\u00fctzige Arbeit verrichten.[\/vc_column_text][vc_custom_heading text=&#8221;Wo&#8221; use_theme_fonts=&#8221;yes&#8221;][vc_column_text]Verein \u201cLa Strada \u2013 Der Weg ONLUS\u201d<br \/>\nMariaheimweg 46 \u2013 39100 Bozen<br \/>\ntel.: 0471 203111<br \/>\nfax: 0471 201585<\/p>\n<p><a href=\"mailto:wartung@lastrada-derweg.org\">wartung@lastrada-derweg.org<\/a><\/p>\n<p>Koordinator: Marco Fasson (340 8587142)<\/p>\n<p>Technikerin: Luana Agosta (331 6858893)[\/vc_column_text][\/vc_column][vc_column width=&#8221;1\/2&#8243;][vc_single_image image=&#8221;3112&#8243; img_size=&#8221;full&#8221;][\/vc_column][\/vc_row][vc_row][vc_column][vc_custom_heading text=&#8221;Was&#8221; use_theme_fonts=&#8221;yes&#8221;][vc_column_text]<\/p>\n<ul>\n<li>Wir helfen bei der Instandhaltung der Immobilien<\/li>\n<li>Wir helfen bei der Verwaltung und Instandhaltung der Au\u00dfenbereiche (G\u00e4rten)<\/li>\n<\/ul>\n<p>[\/vc_column_text][\/vc_column][\/vc_row][vc_row][vc_column width=&#8221;1\/3&#8243;][vc_custom_heading text=&#8221;F\u00fcr wen&#8221; use_theme_fonts=&#8221;yes&#8221;][vc_column_text]Wir arbeiten f\u00fcr alle Angestellten und freiwilligen Mitarbeiter, f\u00fcr die Klienten und alle Menschen, die irgendeine Art von Aktivit\u00e4t innerhalb des Vereins ausf\u00fchren.[\/vc_column_text][\/vc_column][vc_column width=&#8221;1\/3&#8243;][vc_custom_heading text=&#8221;Warum&#8221; use_theme_fonts=&#8221;yes&#8221;][vc_column_text]Prim\u00e4res Ziel ist es, einen sicheren Arbeitsplatz zu gew\u00e4hrleisten, der den Bed\u00fcrfnissen und Besonderheiten aller Menschen entspricht, die Zeit und Ressourcen investieren.<\/p>\n<p>[\/vc_column_text][\/vc_column][vc_column width=&#8221;1\/3&#8243;][vc_custom_heading text=&#8221;Wann&#8221; use_theme_fonts=&#8221;yes&#8221;][vc_column_text]Montag bis Freitag von 8.00 bis 12.00 Uhr<\/p>\n<p>[\/vc_column_text][\/vc_column][\/vc_row]<\/p>\n<\/div>","protected":false},"excerpt":{"rendered":"<p>[vc_row][vc_column width=&#8221;1\/2&#8243;][vc_custom_heading text=&#8221;Wer&#8221; use_theme_fonts=&#8221;yes&#8221;][vc_column_text]Das Team besteht aus einem Koordinator und einer Mitarbeiterin sowie einer Gruppe freiwilliger Sozialdienstleistender, Freiwilliger und Personen, die gemeinnn\u00fctzige Arbeit verrichten.[\/vc_column_text][vc_custom_heading text=&#8221;Wo&#8221; use_theme_fonts=&#8221;yes&#8221;][vc_column_text]Verein \u201cLa Strada \u2013 Der Weg ONLUS\u201d Mariaheimweg 46 \u2013 39100 Bozen tel.: 0471 203111 fax: 0471 201585 wartung@lastrada-derweg.org Koordinator: Marco Fasson (340 8587142) Technikerin: Luana Agosta (331 6858893)[\/vc_column_text][\/vc_column][vc_column width=&#8221;1\/2&#8243;][vc_single_image&hellip;<\/p>\n","protected":false},"author":2,"featured_media":0,"parent":1843,"menu_order":0,"comment_status":"closed","ping_status":"closed","template":"","meta":{"footnotes":""},"class_list":["post-3053","page","type-page","status-publish","hentry","description-off"],"_links":{"self":[{"href":"https:\/\/www.lastrada-derweg.org\/index.php?rest_route=\/wp\/v2\/pages\/3053","targetHints":{"allow":["GET"]}}],"collection":[{"href":"https:\/\/www.lastrada-derweg.org\/index.php?rest_route=\/wp\/v2\/pages"}],"about":[{"href":"https:\/\/www.lastrada-derweg.org\/index.php?rest_route=\/wp\/v2\/types\/page"}],"author":[{"embeddable":true,"href":"https:\/\/www.lastrada-derweg.org\/index.php?rest_route=\/wp\/v2\/users\/2"}],"replies":[{"embeddable":true,"href":"https:\/\/www.lastrada-derweg.org\/index.php?rest_route=%2Fwp%2Fv2%2Fcomments&post=3053"}],"version-history":[{"count":10,"href":"https:\/\/www.lastrada-derweg.org\/index.php?rest_route=\/wp\/v2\/pages\/3053\/revisions"}],"predecessor-version":[{"id":6051,"href":"https:\/\/www.lastrada-derweg.org\/index.php?rest_route=\/wp\/v2\/pages\/3053\/revisions\/6051"}],"up":[{"embeddable":true,"href":"https:\/\/www.lastrada-derweg.org\/index.php?rest_route=\/wp\/v2\/pages\/1843"}],"wp:attachment":[{"href":"https:\/\/www.lastrada-derweg.org\/index.php?rest_route=%2Fwp%2Fv2%2Fmedia&parent=3053"}],"curies":[{"name":"wp","href":"https:\/\/api.w.org\/{rel}","templated":true}]}}