{"id":3077,"date":"2019-08-08T13:04:03","date_gmt":"2019-08-08T11:04:03","guid":{"rendered":"http:\/\/www.lastrada-derweg.org\/?page_id=3077"},"modified":"2021-02-26T10:09:13","modified_gmt":"2021-02-26T09:09:13","slug":"dienst-fuer-beschaeftigungen","status":"publish","type":"page","link":"https:\/\/www.lastrada-derweg.org\/?page_id=3077&lang=de","title":{"rendered":"Amt f\u00fcr Dienstleistungen"},"content":{"rendered":"<div class=\"wpb-content-wrapper\"><p>[vc_row][vc_column width=&#8221;1\/2&#8243;][vc_custom_heading text=&#8221;Wer&#8221; use_theme_fonts=&#8221;yes&#8221;][vc_column_text]Ein flexibles und dynamisches Team von Experten f\u00fcr die Verwaltung der Betreuten.<\/p>\n<p><strong>\u00a0<\/strong>[\/vc_column_text][vc_custom_heading text=&#8221;Wo&#8221; use_theme_fonts=&#8221;yes&#8221;][vc_column_text]Verein \u201cLa Strada \u2013 Der Weg\u201d ONLUS<br \/>\nMariaheimweg 46<br \/>\n39100 Bozen<\/p>\n<p>Tel. 0471 203 111<br \/>\nFax 0471 201 585<\/p>\n<p><a href=\"mailto:utenze@lastrada-derweg.org\">utenze@lastrada-derweg.org<\/a><\/p>\n<p><strong>Verantwortliche<\/strong>: Frau Dr. Alessandra Belvisi<br \/>\nMitarbeiterinnen: Karin Franzelin[\/vc_column_text][\/vc_column][vc_column width=&#8221;1\/2&#8243;][vc_single_image image=&#8221;3697&#8243; img_size=&#8221;full&#8221;][\/vc_column][\/vc_row][vc_row][vc_column][vc_custom_heading text=&#8221;Was&#8221; use_theme_fonts=&#8221;yes&#8221;][vc_column_text]Wir k\u00fcmmern uns um die Verwaltungsverfahren im Zusammenhang mit der Aufnahme und Entlassung von Betreuten in unseren Diensten, wir f\u00fchren Korrespondenz mit den \u00f6ffentlichen Gesundheits- und Sozialdiensten, wir stellen Antr\u00e4ge auf finanzielle Unterst\u00fctzung und wir verarbeiten Statistiken.[\/vc_column_text][\/vc_column][\/vc_row][vc_row][vc_column width=&#8221;1\/3&#8243;][vc_custom_heading text=&#8221;F\u00fcr wen&#8221; use_theme_fonts=&#8221;yes&#8221;][vc_column_text]Unsere internen Kunden sind Kollegen, aber die Endkunden sind alle Anwender del Dienstleistungen[\/vc_column_text][\/vc_column][vc_column width=&#8221;1\/3&#8243;][vc_custom_heading text=&#8221;Warum&#8221; use_theme_fonts=&#8221;yes&#8221;][vc_column_text]Eine systematische und organisierte Verwaltung der Betreuten erleichtert die Arbeit des sozialp\u00e4dagogischen Personals, das sich so mehr Zeit f\u00fcr die Beziehung zum Betreuten nehmen kann.[\/vc_column_text][\/vc_column][vc_column width=&#8221;1\/3&#8243;][vc_custom_heading text=&#8221;Wann&#8221; use_theme_fonts=&#8221;yes&#8221;][vc_column_text]Montag bis Freitag von 08:00 Uhr bis 12:30 Uhr.[\/vc_column_text][\/vc_column][\/vc_row]<\/p>\n<\/div>","protected":false},"excerpt":{"rendered":"<p>[vc_row][vc_column width=&#8221;1\/2&#8243;][vc_custom_heading text=&#8221;Wer&#8221; use_theme_fonts=&#8221;yes&#8221;][vc_column_text]Ein flexibles und dynamisches Team von Experten f\u00fcr die Verwaltung der Betreuten. \u00a0[\/vc_column_text][vc_custom_heading text=&#8221;Wo&#8221; use_theme_fonts=&#8221;yes&#8221;][vc_column_text]Verein \u201cLa Strada \u2013 Der Weg\u201d ONLUS Mariaheimweg 46 39100 Bozen Tel. 0471 203 111 Fax 0471 201 585 utenze@lastrada-derweg.org Verantwortliche: Frau Dr. Alessandra Belvisi Mitarbeiterinnen: Karin Franzelin[\/vc_column_text][\/vc_column][vc_column width=&#8221;1\/2&#8243;][vc_single_image image=&#8221;3697&#8243; img_size=&#8221;full&#8221;][\/vc_column][\/vc_row][vc_row][vc_column][vc_custom_heading text=&#8221;Was&#8221; use_theme_fonts=&#8221;yes&#8221;][vc_column_text]Wir k\u00fcmmern uns um die Verwaltungsverfahren&hellip;<\/p>\n","protected":false},"author":2,"featured_media":0,"parent":1843,"menu_order":0,"comment_status":"closed","ping_status":"closed","template":"","meta":{"footnotes":""},"class_list":["post-3077","page","type-page","status-publish","hentry","description-off"],"_links":{"self":[{"href":"https:\/\/www.lastrada-derweg.org\/index.php?rest_route=\/wp\/v2\/pages\/3077","targetHints":{"allow":["GET"]}}],"collection":[{"href":"https:\/\/www.lastrada-derweg.org\/index.php?rest_route=\/wp\/v2\/pages"}],"about":[{"href":"https:\/\/www.lastrada-derweg.org\/index.php?rest_route=\/wp\/v2\/types\/page"}],"author":[{"embeddable":true,"href":"https:\/\/www.lastrada-derweg.org\/index.php?rest_route=\/wp\/v2\/users\/2"}],"replies":[{"embeddable":true,"href":"https:\/\/www.lastrada-derweg.org\/index.php?rest_route=%2Fwp%2Fv2%2Fcomments&post=3077"}],"version-history":[{"count":6,"href":"https:\/\/www.lastrada-derweg.org\/index.php?rest_route=\/wp\/v2\/pages\/3077\/revisions"}],"predecessor-version":[{"id":5846,"href":"https:\/\/www.lastrada-derweg.org\/index.php?rest_route=\/wp\/v2\/pages\/3077\/revisions\/5846"}],"up":[{"embeddable":true,"href":"https:\/\/www.lastrada-derweg.org\/index.php?rest_route=\/wp\/v2\/pages\/1843"}],"wp:attachment":[{"href":"https:\/\/www.lastrada-derweg.org\/index.php?rest_route=%2Fwp%2Fv2%2Fmedia&parent=3077"}],"curies":[{"name":"wp","href":"https:\/\/api.w.org\/{rel}","templated":true}]}}