{"id":3081,"date":"2019-08-08T13:07:06","date_gmt":"2019-08-08T11:07:06","guid":{"rendered":"http:\/\/www.lastrada-derweg.org\/?page_id=3081"},"modified":"2024-06-12T15:17:20","modified_gmt":"2024-06-12T13:17:20","slug":"dienst-fuer-beitraege","status":"publish","type":"page","link":"https:\/\/www.lastrada-derweg.org\/?page_id=3081&lang=de","title":{"rendered":"B\u00fcro f\u00fcr Beitr\u00e4ge"},"content":{"rendered":"<div class=\"wpb-content-wrapper\"><p>[vc_row][vc_column width=&#8221;1\/2&#8243;][vc_custom_heading text=&#8221;Wo&#8221; use_theme_fonts=&#8221;yes&#8221;][vc_column_text css=&#8221;&#8221;]Verein \u201cLa Strada \u2013 Der Weg\u201d ONLUS<br \/>\nMariaheimweg 46<br \/>\n39100 Bozen<\/p>\n<p>Tel. 0471 203 111<\/p>\n<p><a href=\"mailto:verwaltung@lastrada-derweg.org\">verwaltung@lastrada-derweg.org<\/a><\/p>\n<p>Verantwortliche: <strong>Alessandra Belvisi<\/strong><br \/>\nKoordinator: <strong>Tiziano Gilli<\/strong><br \/>\nMitarbeiterinnen: <strong>Elena Bettini<\/strong>, <strong>Ghita El Hamoudi<\/strong>, <strong>Ilaria Poch<\/strong>,<strong> Isabel Turri<\/strong>[\/vc_column_text][vc_custom_heading text=&#8221;Wer&#8221; use_theme_fonts=&#8221;yes&#8221;][vc_column_text]Ein flexibles und dynamisches Team von Experten f\u00fcr Finanzen, Buchhaltung, Budgetierung und Reporting.[\/vc_column_text][\/vc_column][vc_column width=&#8221;1\/2&#8243;][vc_single_image image=&#8221;3130&#8243; img_size=&#8221;full&#8221;][\/vc_column][\/vc_row][vc_row][vc_column][vc_custom_heading text=&#8221;Was&#8221; use_theme_fonts=&#8221;yes&#8221;][vc_column_text]Das B\u00fcro verfolgt den wirtschaftlich-finanziellen Teil aller Projekte des Vereins:<\/p>\n<p>&#8211; Budgetplanung &#8211; Planung<\/p>\n<p>&#8211; Beitraganfragen<\/p>\n<p>&#8211; \u00dcberpr\u00fcfung der Ausgaben \/Kontrolle<\/p>\n<p>&#8211; Finanzberichterstattung von Dienstleistungen\/Projekten<\/p>\n<p><strong>\u00a0<\/strong>[\/vc_column_text][\/vc_column][\/vc_row][vc_row][vc_column width=&#8221;1\/3&#8243;][vc_custom_heading text=&#8221;F\u00fcr wen&#8221; use_theme_fonts=&#8221;yes&#8221;][vc_column_text]Das B\u00fcro arbeitet eng mit dem Diektor und den Bereichsleitern zusammen, um die Ausgabenbudgets zu planen.[\/vc_column_text][\/vc_column][vc_column width=&#8221;1\/3&#8243;][vc_custom_heading text=&#8221;Warum&#8221; use_theme_fonts=&#8221;yes&#8221;][vc_column_text]Um den wirtschaftlichen Teil der zahlreichen Projekte des Vereins besser verwalten zu k\u00f6nnen, ist es notwendig und unerl\u00e4sslich, \u00fcber eine einzige Kontrollstelle mit einer globalen Funktion f\u00fcr die Verwaltung und Kontrolle der Ein- und Ausg\u00e4nge zu verf\u00fcgen.<\/p>\n<p><strong>\u00a0<\/strong>[\/vc_column_text][\/vc_column][vc_column width=&#8221;1\/3&#8243;][vc_custom_heading text=&#8221;Wann&#8221; use_theme_fonts=&#8221;yes&#8221;][vc_column_text]Montag bis Freitag von 8.00 bis 12.30 Uhr.[\/vc_column_text][\/vc_column][\/vc_row]<\/p>\n<\/div>","protected":false},"excerpt":{"rendered":"<p>[vc_row][vc_column width=&#8221;1\/2&#8243;][vc_custom_heading text=&#8221;Wo&#8221; use_theme_fonts=&#8221;yes&#8221;][vc_column_text css=&#8221;&#8221;]Verein \u201cLa Strada \u2013 Der Weg\u201d ONLUS Mariaheimweg 46 39100 Bozen Tel. 0471 203 111 verwaltung@lastrada-derweg.org Verantwortliche: Alessandra Belvisi Koordinator: Tiziano Gilli Mitarbeiterinnen: Elena Bettini, Ghita El Hamoudi, Ilaria Poch, Isabel Turri[\/vc_column_text][vc_custom_heading text=&#8221;Wer&#8221; use_theme_fonts=&#8221;yes&#8221;][vc_column_text]Ein flexibles und dynamisches Team von Experten f\u00fcr Finanzen, Buchhaltung, Budgetierung und Reporting.[\/vc_column_text][\/vc_column][vc_column width=&#8221;1\/2&#8243;][vc_single_image image=&#8221;3130&#8243; img_size=&#8221;full&#8221;][\/vc_column][\/vc_row][vc_row][vc_column][vc_custom_heading text=&#8221;Was&#8221; use_theme_fonts=&#8221;yes&#8221;][vc_column_text]Das&hellip;<\/p>\n","protected":false},"author":2,"featured_media":0,"parent":1843,"menu_order":0,"comment_status":"closed","ping_status":"closed","template":"","meta":{"footnotes":""},"class_list":["post-3081","page","type-page","status-publish","hentry","description-off"],"_links":{"self":[{"href":"https:\/\/www.lastrada-derweg.org\/index.php?rest_route=\/wp\/v2\/pages\/3081","targetHints":{"allow":["GET"]}}],"collection":[{"href":"https:\/\/www.lastrada-derweg.org\/index.php?rest_route=\/wp\/v2\/pages"}],"about":[{"href":"https:\/\/www.lastrada-derweg.org\/index.php?rest_route=\/wp\/v2\/types\/page"}],"author":[{"embeddable":true,"href":"https:\/\/www.lastrada-derweg.org\/index.php?rest_route=\/wp\/v2\/users\/2"}],"replies":[{"embeddable":true,"href":"https:\/\/www.lastrada-derweg.org\/index.php?rest_route=%2Fwp%2Fv2%2Fcomments&post=3081"}],"version-history":[{"count":10,"href":"https:\/\/www.lastrada-derweg.org\/index.php?rest_route=\/wp\/v2\/pages\/3081\/revisions"}],"predecessor-version":[{"id":10096,"href":"https:\/\/www.lastrada-derweg.org\/index.php?rest_route=\/wp\/v2\/pages\/3081\/revisions\/10096"}],"up":[{"embeddable":true,"href":"https:\/\/www.lastrada-derweg.org\/index.php?rest_route=\/wp\/v2\/pages\/1843"}],"wp:attachment":[{"href":"https:\/\/www.lastrada-derweg.org\/index.php?rest_route=%2Fwp%2Fv2%2Fmedia&parent=3081"}],"curies":[{"name":"wp","href":"https:\/\/api.w.org\/{rel}","templated":true}]}}