{"id":3208,"date":"2019-08-09T14:53:55","date_gmt":"2019-08-09T12:53:55","guid":{"rendered":"http:\/\/www.lastrada-derweg.org\/?page_id=3208"},"modified":"2024-10-28T14:24:07","modified_gmt":"2024-10-28T13:24:07","slug":"laboratori","status":"publish","type":"page","link":"https:\/\/www.lastrada-derweg.org\/?page_id=3208","title":{"rendered":"Youth Lab &#8211; Laboratori per giovani"},"content":{"rendered":"<div class=\"wpb-content-wrapper\"><p>[vc_row][vc_column width=&#8221;1\/2&#8243;][vc_custom_heading text=&#8221;Dove siamo&#8221; use_theme_fonts=&#8221;yes&#8221;][vc_column_text css=&#8221;&#8221;]Youth Lab &#8211; Laboratori per giovani<br \/>\nVia Keplero 7<br \/>\n39100 Bolzano<\/p>\n<p>Tel.: 0471 203111<br \/>\n<a href=\"mailto:laboratori@lastrada-derweg.org\"><u>laboratori@lastrada-derweg.org<\/u><\/a><\/p>\n<p>Coordinatrice: <strong>Roberto De Lorenzo Noto<\/strong> &#8211; 338 6753572[\/vc_column_text][vc_custom_heading text=&#8221;Chi siamo&#8221; use_theme_fonts=&#8221;yes&#8221;][vc_column_text css=&#8221;&#8221;]Il team \u00e8 composto da un coordinatore, educatrici ed educatori.<\/p>\n<p>[\/vc_column_text][\/vc_column][vc_column width=&#8221;1\/2&#8243;][vc_single_image image=&#8221;3261&#8243; img_size=&#8221;full&#8221;][\/vc_column][\/vc_row][vc_row][vc_column][vc_custom_heading text=&#8221;Cosa facciamo&#8221; use_theme_fonts=&#8221;yes&#8221;][vc_column_text]\u201cYouth Lab\u201d \u00e8 un progetto mirato, che offre a ragazzi in difficolt\u00e0, un\u2019opportunit\u00e0 di inclusione sociale e lavorativa, attraverso un\u2019offerta laboratoriale specifica e adeguata alle singole attitudini. Il laboratorio viene considerato come uno strumento atto a mettere in gioco competenze sociali e lavorative, per preparare i ragazzi al mondo del lavoro e della vita autonoma futura.<br \/>\nAttualmente proponiamo i seguenti laboratori:<br \/>\n\u2022 falegnameria<br \/>\n\u2022 cucina<br \/>\n\u2022 animazione<br \/>\n\u2022 sport<br \/>\n\u2022 dinamiche di gruppo<br \/>\n\u2022 riparazione biciclette<br \/>\n\u2022 manutenzione sentieri e cura del bosco ( progetto &#8220;Naturalmente Young&#8221;)[\/vc_column_text][\/vc_column][\/vc_row][vc_row][vc_column width=&#8221;1\/3&#8243;][vc_custom_heading text=&#8221;Per chi&#8221; use_theme_fonts=&#8221;yes&#8221;][vc_column_text]Il progetto \u201cYouth Lab\u201d, prevede la partecipazione di ragazzi in situazione di difficolt\u00e0 sociale, relazionale e scolastica. Ragazzi che faticano a comprendere l\u2019importanza del percorso scolastico e, spesso, non trovano l\u2019adeguato sostegno in famiglia o nel gruppo dei pari.[\/vc_column_text][\/vc_column][vc_column width=&#8221;1\/3&#8243;][vc_custom_heading text=&#8221;Perch\u00e9&#8221; use_theme_fonts=&#8221;yes&#8221;][vc_column_text]Il progetto cerca di raggiungere i seguenti obiettivi:<\/p>\n<ul>\n<li>sviluppare la capacit\u00e0 di scelta attraverso la sperimentazione delle attivit\u00e0 e le proposte<\/li>\n<li>sviluppare le autonomie e la responsabilit\u00e0 attraverso lo svolgimento di compiti assegnati<\/li>\n<li>sviluppo dell\u2019autostima<\/li>\n<\/ul>\n<p>[\/vc_column_text][\/vc_column][vc_column width=&#8221;1\/3&#8243;][vc_custom_heading text=&#8221;Quando&#8221; use_theme_fonts=&#8221;yes&#8221;][vc_column_text]I laboratori sono attivi tutto l&#8217;anno dal luned\u00ec al venerd\u00ec dalle ore 9.00 alle 12.00, ma, in base alle caratteristiche dei diversi progetti educativi, \u00e8 possibile estendere l\u2019orario anche al pomeriggio.[\/vc_column_text][\/vc_column][\/vc_row]<\/p>\n<\/div>","protected":false},"excerpt":{"rendered":"<p>[vc_row][vc_column width=&#8221;1\/2&#8243;][vc_custom_heading text=&#8221;Dove siamo&#8221; use_theme_fonts=&#8221;yes&#8221;][vc_column_text css=&#8221;&#8221;]Youth Lab &#8211; Laboratori per giovani Via Keplero 7 39100 Bolzano Tel.: 0471 203111 laboratori@lastrada-derweg.org Coordinatrice: Roberto De Lorenzo Noto &#8211; 338 6753572[\/vc_column_text][vc_custom_heading text=&#8221;Chi siamo&#8221; use_theme_fonts=&#8221;yes&#8221;][vc_column_text css=&#8221;&#8221;]Il team \u00e8 composto da un coordinatore, educatrici ed educatori. [\/vc_column_text][\/vc_column][vc_column width=&#8221;1\/2&#8243;][vc_single_image image=&#8221;3261&#8243; img_size=&#8221;full&#8221;][\/vc_column][\/vc_row][vc_row][vc_column][vc_custom_heading text=&#8221;Cosa facciamo&#8221; use_theme_fonts=&#8221;yes&#8221;][vc_column_text]\u201cYouth Lab\u201d \u00e8 un progetto mirato, che offre&hellip;<\/p>\n","protected":false},"author":2,"featured_media":0,"parent":3229,"menu_order":0,"comment_status":"closed","ping_status":"closed","template":"","meta":{"footnotes":""},"class_list":["post-3208","page","type-page","status-publish","hentry","description-off"],"_links":{"self":[{"href":"https:\/\/www.lastrada-derweg.org\/index.php?rest_route=\/wp\/v2\/pages\/3208","targetHints":{"allow":["GET"]}}],"collection":[{"href":"https:\/\/www.lastrada-derweg.org\/index.php?rest_route=\/wp\/v2\/pages"}],"about":[{"href":"https:\/\/www.lastrada-derweg.org\/index.php?rest_route=\/wp\/v2\/types\/page"}],"author":[{"embeddable":true,"href":"https:\/\/www.lastrada-derweg.org\/index.php?rest_route=\/wp\/v2\/users\/2"}],"replies":[{"embeddable":true,"href":"https:\/\/www.lastrada-derweg.org\/index.php?rest_route=%2Fwp%2Fv2%2Fcomments&post=3208"}],"version-history":[{"count":12,"href":"https:\/\/www.lastrada-derweg.org\/index.php?rest_route=\/wp\/v2\/pages\/3208\/revisions"}],"predecessor-version":[{"id":11278,"href":"https:\/\/www.lastrada-derweg.org\/index.php?rest_route=\/wp\/v2\/pages\/3208\/revisions\/11278"}],"up":[{"embeddable":true,"href":"https:\/\/www.lastrada-derweg.org\/index.php?rest_route=\/wp\/v2\/pages\/3229"}],"wp:attachment":[{"href":"https:\/\/www.lastrada-derweg.org\/index.php?rest_route=%2Fwp%2Fv2%2Fmedia&parent=3208"}],"curies":[{"name":"wp","href":"https:\/\/api.w.org\/{rel}","templated":true}]}}