{"id":3317,"date":"2019-08-15T20:42:13","date_gmt":"2019-08-15T18:42:13","guid":{"rendered":"http:\/\/www.lastrada-derweg.org\/?page_id=3317"},"modified":"2025-09-03T12:32:05","modified_gmt":"2025-09-03T10:32:05","slug":"legge-124-del-2017","status":"publish","type":"page","link":"https:\/\/www.lastrada-derweg.org\/?page_id=3317&lang=de","title":{"rendered":"Gesetzliche Verpflichtungen (ehemaliges Gesetz 124 &#8211; 2017)"},"content":{"rendered":"<div class=\"wpb-content-wrapper\"><p>[vc_row][vc_column][vc_column_text]&#8221;Die Einnahmen, die der Verein \u201cLa Strada der Weg Onlus\u201c von der \u00f6ffentlichen Hand erh\u00e4lt, stammen aus der Erbringung von Dienstleistungen, die auf vertraglichen Beziehungen beruhen, haupts\u00e4chlich mit dem S\u00fcdtiroler Sanit\u00e4tsbetrieb, mit den Bezirks-gemeinschaften S\u00fcdtirols, mit dem Betrieb f\u00fcr Sozialdienste Bozen und den Schulsprengeln (Nachtr\u00e4gliche Vereinbarungen nach Akkreditierung, nach Direktvergaben oder nach Ausschreibungen) und Beitr\u00e4gen des Staates, der Autonomen Provinz Bozen und der Gemeinden f\u00fcr soziale Projekte auf dem Territorium.&#8221;[\/vc_column_text][\/vc_column][\/vc_row][vc_row][vc_column][vc_separator][\/vc_column][\/vc_row][vc_row][vc_column width=&#8221;1\/4&#8243;][vc_column_text]Rundschreiben des Generalsekretariats der Autonomen Provinz Bozen Nr. 4 vom 7. November 2019[\/vc_column_text][\/vc_column][vc_column width=&#8221;1\/4&#8243;][vc_btn title=&#8221;Download&#8221; style=&#8221;outline&#8221; color=&#8221;juicy-pink&#8221; align=&#8221;left&#8221; i_align=&#8221;right&#8221; i_icon_fontawesome=&#8221;&#8221; css=&#8221;&#8221; add_icon=&#8221;true&#8221; link=&#8221;url:https%3A%2F%2Fwww.lastrada-derweg.org%2Fwp-content%2Fuploads%2F2020%2F06%2F519130_rundschreiben_nr_4-2019_-_circolare_nr_4-2019_compressed.pdf|target:_blank&#8221;][\/vc_column][vc_column width=&#8221;1\/4&#8243;][\/vc_column][vc_column width=&#8221;1\/4&#8243;][\/vc_column][\/vc_row][vc_row][vc_column width=&#8221;1\/4&#8243;][vc_column_text css=&#8221;&#8221;]Jahr 2024[\/vc_column_text][\/vc_column][vc_column width=&#8221;1\/4&#8243;][vc_btn title=&#8221;Download&#8221; style=&#8221;outline&#8221; color=&#8221;juicy-pink&#8221; align=&#8221;left&#8221; i_align=&#8221;right&#8221; i_icon_fontawesome=&#8221;&#8221; css=&#8221;&#8221; add_icon=&#8221;true&#8221; link=&#8221;url:https%3A%2F%2Fwww.lastrada-derweg.org%2Fwp-content%2Fuploads%2F2025%2F09%2FPubblicazione-trasparenza-2024-_-_-_.pdf|target:_blank&#8221;][\/vc_column][vc_column width=&#8221;1\/4&#8243;][\/vc_column][vc_column width=&#8221;1\/4&#8243;][\/vc_column][\/vc_row][vc_row][vc_column width=&#8221;1\/4&#8243;][vc_column_text css=&#8221;&#8221;]Jahr 2023[\/vc_column_text][\/vc_column][vc_column width=&#8221;1\/4&#8243;][vc_btn title=&#8221;Download&#8221; style=&#8221;outline&#8221; color=&#8221;juicy-pink&#8221; align=&#8221;left&#8221; i_align=&#8221;right&#8221; i_icon_fontawesome=&#8221;&#8221; css=&#8221;&#8221; add_icon=&#8221;true&#8221; link=&#8221;url:https%3A%2F%2Fwww.lastrada-derweg.org%2Fwp-content%2Fuploads%2F2024%2F06%2FPubblicazione-tras-2023.pdf|target:_blank&#8221;][\/vc_column][vc_column width=&#8221;1\/4&#8243;][\/vc_column][vc_column width=&#8221;1\/4&#8243;][\/vc_column][\/vc_row][vc_row][vc_column width=&#8221;1\/4&#8243;][vc_column_text]Jahr 2022[\/vc_column_text][\/vc_column][vc_column width=&#8221;1\/4&#8243;][vc_btn title=&#8221;Download&#8221; style=&#8221;outline&#8221; color=&#8221;juicy-pink&#8221; align=&#8221;left&#8221; i_align=&#8221;right&#8221; i_icon_fontawesome=&#8221;&#8221; css=&#8221;&#8221; add_icon=&#8221;true&#8221; link=&#8221;url:https%3A%2F%2Fwww.lastrada-derweg.org%2Fwp-content%2Fuploads%2F2024%2F06%2FCONTRIBUTI-2022-04_06_24.pdf|target:_blank&#8221;][\/vc_column][vc_column width=&#8221;1\/4&#8243;][\/vc_column][vc_column width=&#8221;1\/4&#8243;][\/vc_column][\/vc_row][vc_row][vc_column width=&#8221;1\/4&#8243;][vc_column_text]Jahr 2021[\/vc_column_text][\/vc_column][vc_column width=&#8221;1\/4&#8243;][vc_btn title=&#8221;Download&#8221; style=&#8221;outline&#8221; color=&#8221;juicy-pink&#8221; align=&#8221;left&#8221; i_align=&#8221;right&#8221; i_icon_fontawesome=&#8221;&#8221; add_icon=&#8221;true&#8221; link=&#8221;url:https%3A%2F%2Fwww.lastrada-derweg.org%2Fwp-content%2Fuploads%2F2022%2F09%2FContributi-2021_.pdf|target:_blank&#8221;][\/vc_column][vc_column width=&#8221;1\/4&#8243;][\/vc_column][vc_column width=&#8221;1\/4&#8243;][\/vc_column][\/vc_row][vc_row][vc_column width=&#8221;1\/4&#8243;][vc_column_text]Jahr 2020[\/vc_column_text][\/vc_column][vc_column width=&#8221;1\/4&#8243;][vc_btn title=&#8221;Download&#8221; style=&#8221;outline&#8221; color=&#8221;juicy-pink&#8221; align=&#8221;left&#8221; i_align=&#8221;right&#8221; i_icon_fontawesome=&#8221;&#8221; add_icon=&#8221;true&#8221; link=&#8221;url:https%3A%2F%2Fwww.lastrada-derweg.org%2Fwp-content%2Fuploads%2F2023%2F05%2FContributi_2020__.pdf|target:_blank&#8221;][\/vc_column][vc_column width=&#8221;1\/4&#8243;][\/vc_column][vc_column width=&#8221;1\/4&#8243;][\/vc_column][\/vc_row][vc_row][vc_column width=&#8221;1\/4&#8243;][vc_column_text]Jahr 2019[\/vc_column_text][\/vc_column][vc_column width=&#8221;1\/4&#8243;][vc_btn title=&#8221;Download&#8221; style=&#8221;outline&#8221; color=&#8221;juicy-pink&#8221; align=&#8221;left&#8221; i_align=&#8221;right&#8221; i_icon_fontawesome=&#8221;fa fa-download&#8221; add_icon=&#8221;true&#8221; link=&#8221;url:http%3A%2F%2Fwww.lastrada-derweg.org%2Fwp-content%2Fuploads%2F2020%2F06%2Fcontributi-2019-1_compressed.pdf||target:%20_blank|&#8221;][\/vc_column][vc_column width=&#8221;1\/4&#8243;][\/vc_column][vc_column width=&#8221;1\/4&#8243;][\/vc_column][\/vc_row][vc_row][vc_column width=&#8221;1\/4&#8243;][vc_column_text]Jahr 2018[\/vc_column_text][\/vc_column][vc_column width=&#8221;1\/4&#8243;][vc_btn title=&#8221;Download&#8221; style=&#8221;outline&#8221; color=&#8221;juicy-pink&#8221; align=&#8221;left&#8221; i_align=&#8221;right&#8221; i_icon_fontawesome=&#8221;fa fa-download&#8221; add_icon=&#8221;true&#8221; link=&#8221;url:%2Fwp-content%2Fuploads%2F2019%2F08%2FLegge_124_2017.pdf||target:%20_blank|&#8221;][\/vc_column][vc_column width=&#8221;1\/4&#8243;][\/vc_column][vc_column width=&#8221;1\/4&#8243;][\/vc_column][\/vc_row][vc_row][vc_column][vc_separator][\/vc_column][\/vc_row]<\/p>\n<\/div>","protected":false},"excerpt":{"rendered":"<p>[vc_row][vc_column][vc_column_text]&#8221;Die Einnahmen, die der Verein \u201cLa Strada der Weg Onlus\u201c von der \u00f6ffentlichen Hand erh\u00e4lt, stammen aus der Erbringung von Dienstleistungen, die auf vertraglichen Beziehungen beruhen, haupts\u00e4chlich mit dem S\u00fcdtiroler Sanit\u00e4tsbetrieb, mit den Bezirks-gemeinschaften S\u00fcdtirols, mit dem Betrieb f\u00fcr Sozialdienste Bozen und den Schulsprengeln (Nachtr\u00e4gliche Vereinbarungen nach Akkreditierung, nach Direktvergaben oder nach Ausschreibungen) und Beitr\u00e4gen&hellip;<\/p>\n","protected":false},"author":1,"featured_media":0,"parent":2711,"menu_order":0,"comment_status":"closed","ping_status":"closed","template":"","meta":{"footnotes":""},"class_list":["post-3317","page","type-page","status-publish","hentry","description-off"],"_links":{"self":[{"href":"https:\/\/www.lastrada-derweg.org\/index.php?rest_route=\/wp\/v2\/pages\/3317","targetHints":{"allow":["GET"]}}],"collection":[{"href":"https:\/\/www.lastrada-derweg.org\/index.php?rest_route=\/wp\/v2\/pages"}],"about":[{"href":"https:\/\/www.lastrada-derweg.org\/index.php?rest_route=\/wp\/v2\/types\/page"}],"author":[{"embeddable":true,"href":"https:\/\/www.lastrada-derweg.org\/index.php?rest_route=\/wp\/v2\/users\/1"}],"replies":[{"embeddable":true,"href":"https:\/\/www.lastrada-derweg.org\/index.php?rest_route=%2Fwp%2Fv2%2Fcomments&post=3317"}],"version-history":[{"count":30,"href":"https:\/\/www.lastrada-derweg.org\/index.php?rest_route=\/wp\/v2\/pages\/3317\/revisions"}],"predecessor-version":[{"id":12352,"href":"https:\/\/www.lastrada-derweg.org\/index.php?rest_route=\/wp\/v2\/pages\/3317\/revisions\/12352"}],"up":[{"embeddable":true,"href":"https:\/\/www.lastrada-derweg.org\/index.php?rest_route=\/wp\/v2\/pages\/2711"}],"wp:attachment":[{"href":"https:\/\/www.lastrada-derweg.org\/index.php?rest_route=%2Fwp%2Fv2%2Fmedia&parent=3317"}],"curies":[{"name":"wp","href":"https:\/\/api.w.org\/{rel}","templated":true}]}}